{"id":9757,"date":"2022-04-16T09:14:35","date_gmt":"2022-04-16T06:14:35","guid":{"rendered":"http:\/\/zetaskimya.com.tr\/?page_id=3"},"modified":"2022-04-16T09:14:35","modified_gmt":"2022-04-16T06:14:35","slug":"gizlilik-politikasi","status":"publish","type":"page","link":"https:\/\/zetaskimya.com.tr\/index.php\/gizlilik-politikasi\/","title":{"rendered":"Garanti  Kapsam\u0131 ve \u0130ade"},"content":{"rendered":"<p>Firmam\u0131zda sat\u0131lan t\u00fcm \u00fcr\u00fcnler, orijinal olup \u00fcretici ve ithalat\u00e7\u0131 firmalar\u0131n garantisi alt\u0131ndad\u0131r. Sipari\u015fleriniz g\u00f6nderilmeden \u00f6nce kontrol edilerek kargoya teslim edilir. G\u00f6nderileriniz sigortal\u0131 olarak size ula\u015f\u0131r. Teslimat an\u0131nda \u00fcr\u00fcnde herhangi bir y\u0131rt\u0131lma, k\u0131r\u0131lma veya benzer sorun g\u00f6r\u00fcrseniz \u00fcr\u00fcn\u00fc teslim almayarak kargo sorumlusuna iade ederek tutanak tutturunuz.<\/p><p><strong>\u00dcr\u00fcn Teslimat\u0131<\/strong><\/p><p>\u00dcr\u00fcn teslimatlar\u0131 sto\u011fa ba\u011fl\u0131 \u201c5\u201d i\u015f g\u00fcn\u00fc i\u00e7erisinde kargoya verilir ve ortalama \u201c3\u201d i\u015f g\u00fcn\u00fc i\u00e7erisinde kargo ile teslimat\u0131 ger\u00e7ekle\u015ftirilir.<\/p><p>Genel iade \u015fartlar\u0131 a\u015fa\u011f\u0131daki gibidir;<\/p><p>* \u0130adeler, \u00fcr\u00fcn teslim tarihinden itibaren 7 i\u015f g\u00fcn\u00fc i\u00e7erisinde yap\u0131lmal\u0131d\u0131r.&nbsp;<\/p><p>* \u0130adeler mutlak surette orijinal kutu veya ambalaj\u0131 ile birlikte yap\u0131lmal\u0131d\u0131r.&nbsp;<\/p><p>* Orijinal kutusu\/ambalaj\u0131 bozulmu\u015f, tekrar sat\u0131labilirlik \u00f6zelli\u011fini kaybetmi\u015f, ba\u015fka bir m\u00fc\u015fteri taraf\u0131ndan sat\u0131n al\u0131namayacak durumda olan \u00fcr\u00fcnlerin iadesi kabul edilmemektedir. (Lisans kayd\u0131 yap\u0131lm\u0131\u015f \u00fcr\u00fcnler iade al\u0131nmaz)&nbsp;<\/p><p>* \u0130ade etmek istedi\u011finiz \u00fcr\u00fcn ile birlikte orijinal fatura (sizdeki b\u00fct\u00fcn kopyalar\u0131) ve iade sebebini i\u00e7eren bir dilek\u00e7e g\u00f6ndermeniz gerekmektedir.<\/p><p><strong>\u0130ademi hangi adrese g\u00f6nderece\u011fim?<\/strong><\/p><p>Ostim, 1230\/1. Sk. NO:7, 06374 Ostim Osb\/Yenimahalle\/Ankara &#8211;&nbsp;Zeta\u015f Kimya Sanayi Ltd. \u015eti.<\/p><p><strong>&nbsp;\u0130ade etti\u011fim \u00fcr\u00fcn\u00fcn \u00f6demesi ne zaman yap\u0131lacak?<\/strong><\/p><p>M\u00fc\u015fteri hizmetleri departman\u0131m\u0131za gelen \u00fcr\u00fcnlerin, iade \u015fartlar\u0131na uygun ula\u015ft\u0131r\u0131lmas\u0131 durumunda \u00fcr\u00fcn tutarlar\u0131n\u0131n iadesi, \u00fcr\u00fcn\u00fcn taraf\u0131m\u0131za ula\u015ft\u0131\u011f\u0131 g\u00fcn i\u015fleme al\u0131n\u0131r. \u0130adenin hesab\u0131n\u0131za yans\u0131ma s\u00fcresi, bankan\u0131z\u0131n insiyatifindedir. Kredi kart\u0131na yap\u0131lan iadeler 30 i\u015f g\u00fcn\u00fc i\u00e7erisinde, havale ile yap\u0131lan \u00f6demeler ise en ge\u00e7&nbsp; 2 &#8211; 3 i\u015f g\u00fcn\u00fc i\u00e7erisinde hesaba yans\u0131maktad\u0131r.<\/p><p><strong>Tutar iadem neden taksit taksit yap\u0131l\u0131yor?<\/strong><\/p><p>Taksitli olarak sat\u0131n alm\u0131\u015f oldu\u011funuz \u00fcr\u00fcne ait bedelin, tamam\u0131 kredi kart\u0131n\u0131za iade edilmekte ancak bankan\u0131z taraf\u0131ndan iadenin kredi kart\u0131n\u0131za geri \u00f6demesi, taksitli olarak kart\u0131n\u0131za yans\u0131t\u0131lmaktad\u0131r.<\/p>","protected":false},"excerpt":{"rendered":"<p>Firmam\u0131zda sat\u0131lan t\u00fcm \u00fcr\u00fcnler, orijinal olup \u00fcretici ve ithalat\u00e7\u0131 firmalar\u0131n garantisi alt\u0131ndad\u0131r. Sipari\u015fleriniz g\u00f6nderilmeden \u00f6nce kontrol edilerek kargoya teslim edilir. G\u00f6nderileriniz sigortal\u0131 olarak size ula\u015f\u0131r. Teslimat an\u0131nda \u00fcr\u00fcnde herhangi bir y\u0131rt\u0131lma, k\u0131r\u0131lma veya benzer sorun g\u00f6r\u00fcrseniz \u00fcr\u00fcn\u00fc teslim almayarak kargo sorumlusuna iade ederek tutanak tutturunuz. \u00dcr\u00fcn Teslimat\u0131 \u00dcr\u00fcn teslimatlar\u0131 sto\u011fa ba\u011fl\u0131 \u201c5\u201d i\u015f g\u00fcn\u00fc i\u00e7erisinde &hellip; <a href=\"https:\/\/zetaskimya.com.tr\/index.php\/gizlilik-politikasi\/\" class=\"more-link\">Continue reading <span class=\"screen-reader-text\">Garanti  Kapsam\u0131 ve \u0130ade<\/span><\/a><\/p>\n","protected":false},"author":1,"featured_media":0,"parent":0,"menu_order":0,"comment_status":"closed","ping_status":"open","template":"","meta":{"footnotes":""},"class_list":["post-9757","page","type-page","status-publish","hentry"],"jetpack_sharing_enabled":true,"_links":{"self":[{"href":"https:\/\/zetaskimya.com.tr\/index.php\/wp-json\/wp\/v2\/pages\/9757","targetHints":{"allow":["GET"]}}],"collection":[{"href":"https:\/\/zetaskimya.com.tr\/index.php\/wp-json\/wp\/v2\/pages"}],"about":[{"href":"https:\/\/zetaskimya.com.tr\/index.php\/wp-json\/wp\/v2\/types\/page"}],"author":[{"embeddable":true,"href":"https:\/\/zetaskimya.com.tr\/index.php\/wp-json\/wp\/v2\/users\/1"}],"replies":[{"embeddable":true,"href":"https:\/\/zetaskimya.com.tr\/index.php\/wp-json\/wp\/v2\/comments?post=9757"}],"version-history":[{"count":0,"href":"https:\/\/zetaskimya.com.tr\/index.php\/wp-json\/wp\/v2\/pages\/9757\/revisions"}],"wp:attachment":[{"href":"https:\/\/zetaskimya.com.tr\/index.php\/wp-json\/wp\/v2\/media?parent=9757"}],"curies":[{"name":"wp","href":"https:\/\/api.w.org\/{rel}","templated":true}]}}