{"id":9764,"date":"2022-05-10T15:12:39","date_gmt":"2022-05-10T12:12:39","guid":{"rendered":"http:\/\/zetaskimya.com.tr\/?page_id=8795"},"modified":"2022-05-10T15:12:39","modified_gmt":"2022-05-10T12:12:39","slug":"guvenli-odeme","status":"publish","type":"page","link":"https:\/\/zetaskimya.com.tr\/index.php\/guvenli-odeme\/","title":{"rendered":"G\u00fcvenli \u00d6deme"},"content":{"rendered":"<p>Web sitemizden kredi kart\u0131n\u0131zla yapt\u0131\u011f\u0131n\u0131z al\u0131\u015fveri\u015fleriniz son derece g\u00fcvenli bir sistem \u00fczerinden ger\u00e7ekle\u015fmektedir.<\/p>\n<p>\u0130nternet&#8217;te g\u00fcvenlik temelde iki ba\u015fl\u0131k alt\u0131nda incelenebilir:<\/p>\n<p>Birincisi bu hizmeti vermekte kulland\u0131\u011f\u0131m\u0131z donan\u0131m\u0131n, yaz\u0131l\u0131m\u0131n ve network alt yap\u0131s\u0131n\u0131n g\u00fcvenli\u011fi.<\/p>\n<p>\u0130kincisi ise m\u00fc\u015fterilerimiz bu servisten yararlan\u0131rken olu\u015fan veri trafi\u011finin g\u00fcvenli\u011fi. Veri trafi\u011finin g\u00fcvenli\u011fi d\u00f6rt temel bile\u015fenden olu\u015fur.<\/p>\n<p><strong>1-<\/strong>Tan\u0131ma<\/p>\n<p><strong>2-<\/strong>Yetki kontrol\u00fc<\/p>\n<p><strong>3-<\/strong>Sorumluluk<\/p>\n<p><strong>4-<\/strong>Bilginin b\u00fct\u00fcnl\u00fc\u011f\u00fc ve gizlili\u011fi<\/p>\n<p>Al\u0131\u015fveri\u015flerinizde g\u00fcvenli\u011fi sa\u011flama temeline dayanan bilginin b\u00fct\u00fcnl\u00fc\u011f\u00fc ve gizlili\u011fi i\u00e7in , internet \u00fczerinde iki taraf aras\u0131nda olu\u015fan trafi\u011fin \u015fifrelenerek , gizlili\u011finin ve b\u00fct\u00fcnl\u00fc\u011f\u00fcn\u00fcn korunmas\u0131n\u0131 sa\u011flayan\u00a0<strong>SSL<\/strong>\u00a0protokol\u00fc kullan\u0131lmaktad\u0131r. SSL Protokol\u00fc b\u00fct\u00fcn yayg\u0131n web sunucular\u0131 ve taray\u0131c\u0131lar\u0131 taraf\u0131ndan desteklenen bir protokold\u00fcr.<\/p>\n<p><strong>SSL\u00a0<\/strong>g\u00f6nderilen bilginin kesinlikle ve sadece do\u011fru adreste de\u015fifre edilebilmesini sa\u011flar. Bilgi g\u00f6nderilmeden \u00f6nce otomatik olarak \u015fifrelenir ve sadece do\u011fru al\u0131c\u0131 taraf\u0131ndan de\u015fifre edilebilir. Her iki tarafta da do\u011frulama yap\u0131larak i\u015flemin ve bilginin gizlili\u011fi ve b\u00fct\u00fcnl\u00fc\u011f\u00fc korunur.<\/p>\n<p>Veri ak\u0131\u015f\u0131nda kullan\u0131lan \u015fifreleme y\u00f6nteminin g\u00fcc\u00fc kullan\u0131lan anahtar uzunlu\u011funa ba\u011fl\u0131d\u0131r. Anahtar uzunlu\u011fu bilginin korunmas\u0131 i\u00e7in \u00e7ok \u00f6nemlidir.\u00a0<strong>SSL<\/strong>\u00a0protokol\u00fcnde\u00a0<strong>128<\/strong>\u00a0bit \u015fifreleme kullan\u0131lmaktad\u0131r.\u00a0<strong>128<\/strong>\u00a0bit \u015fifrelemede 2128 de\u011fi\u015fik anahtar vard\u0131r ve bu \u015fifrenin \u00e7\u00f6z\u00fclebilmesi \u00e7ok b\u00fcy\u00fck bir maliyet ve zaman gerektirir.<\/p>\n","protected":false},"excerpt":{"rendered":"<p>Web sitemizden kredi kart\u0131n\u0131zla yapt\u0131\u011f\u0131n\u0131z al\u0131\u015fveri\u015fleriniz son derece g\u00fcvenli bir sistem \u00fczerinden ger\u00e7ekle\u015fmektedir. \u0130nternet&#8217;te g\u00fcvenlik temelde iki ba\u015fl\u0131k alt\u0131nda incelenebilir: Birincisi bu hizmeti vermekte kulland\u0131\u011f\u0131m\u0131z donan\u0131m\u0131n, yaz\u0131l\u0131m\u0131n ve network alt yap\u0131s\u0131n\u0131n g\u00fcvenli\u011fi. \u0130kincisi ise m\u00fc\u015fterilerimiz bu servisten yararlan\u0131rken olu\u015fan veri trafi\u011finin g\u00fcvenli\u011fi. Veri trafi\u011finin g\u00fcvenli\u011fi d\u00f6rt temel bile\u015fenden olu\u015fur. 1-Tan\u0131ma 2-Yetki kontrol\u00fc 3-Sorumluluk 4-Bilginin b\u00fct\u00fcnl\u00fc\u011f\u00fc &hellip; <a href=\"https:\/\/zetaskimya.com.tr\/index.php\/guvenli-odeme\/\" class=\"more-link\">Continue reading <span class=\"screen-reader-text\">G\u00fcvenli \u00d6deme<\/span><\/a><\/p>\n","protected":false},"author":1,"featured_media":0,"parent":0,"menu_order":0,"comment_status":"closed","ping_status":"closed","template":"","meta":{"footnotes":""},"class_list":["post-9764","page","type-page","status-publish","hentry"],"jetpack_sharing_enabled":true,"_links":{"self":[{"href":"https:\/\/zetaskimya.com.tr\/index.php\/wp-json\/wp\/v2\/pages\/9764","targetHints":{"allow":["GET"]}}],"collection":[{"href":"https:\/\/zetaskimya.com.tr\/index.php\/wp-json\/wp\/v2\/pages"}],"about":[{"href":"https:\/\/zetaskimya.com.tr\/index.php\/wp-json\/wp\/v2\/types\/page"}],"author":[{"embeddable":true,"href":"https:\/\/zetaskimya.com.tr\/index.php\/wp-json\/wp\/v2\/users\/1"}],"replies":[{"embeddable":true,"href":"https:\/\/zetaskimya.com.tr\/index.php\/wp-json\/wp\/v2\/comments?post=9764"}],"version-history":[{"count":0,"href":"https:\/\/zetaskimya.com.tr\/index.php\/wp-json\/wp\/v2\/pages\/9764\/revisions"}],"wp:attachment":[{"href":"https:\/\/zetaskimya.com.tr\/index.php\/wp-json\/wp\/v2\/media?parent=9764"}],"curies":[{"name":"wp","href":"https:\/\/api.w.org\/{rel}","templated":true}]}}