{"id":9765,"date":"2022-05-10T15:13:04","date_gmt":"2022-05-10T12:13:04","guid":{"rendered":"http:\/\/zetaskimya.com.tr\/?page_id=8797"},"modified":"2022-05-10T15:13:04","modified_gmt":"2022-05-10T12:13:04","slug":"kvkk-sozlesmesi","status":"publish","type":"page","link":"https:\/\/zetaskimya.com.tr\/index.php\/kvkk-sozlesmesi\/","title":{"rendered":"KVKK S\u00f6zle\u015fmesi"},"content":{"rendered":"<p><b>KVKK S\u00d6ZLE\u015eMES\u0130<\/b><\/p>\n<p>\u0130\u015fbu 6698 Say\u0131l\u0131 Ki\u015fisel Verilerin Korunmas\u0131 Kanunu ile y\u00fcr\u00fcrl\u00fckteki yasal mevzuata uygun olarak ve 6698 say\u0131l\u0131 Ki\u015fisel Verilerin Korunmas\u0131 Kanunu (&#8216;Kanun&#8217;) kapsam\u0131nda &#8216;Veri Sorumlusu&#8217; s\u0131fat\u0131yla Zeta\u015f Kimya Sanayi Ltd. \u015eti. (&#8216;\u015eirket&#8217;) ait www.zetaskimya.com alan adl\u0131 internet sitesinin kullanmas\u0131 ile ba\u011flant\u0131l\u0131 olarak elde edilen ve taraf\u0131m\u0131zca sa\u011flanan verilerin toplanmas\u0131, i\u015flenmesi ve kullan\u0131m t\u00fcr\u00fc, derecesi ve amac\u0131 ile ilgili olarak siz kullan\u0131c\u0131lar\u0131m\u0131za bilgilendirme yap\u0131lmas\u0131 ama\u00e7lanmaktad\u0131r.<\/p>\n<p>www.zetaskimya.com alan adl\u0131 internet sitesi Zeta\u015f Kimya Sanayi Ltd. \u015eti. taraf\u0131ndan i\u015fletilmektedir. \u015eirket kullan\u0131c\u0131lar\u0131n ki\u015fisel verilerinin y\u00f6netilmesinde sorumlu kurulu\u015ftur. \u0130\u015fbu madde kapsam\u0131ndaki bilgilendirme 6698 say\u0131l\u0131 &#8216;Ki\u015fisel Verilerin Korunmas\u0131 Kanunu&#8217; kapsam\u0131nda yap\u0131lmaktad\u0131r.<\/p>\n<p>Ki\u015fisel verilerinizinin, gizli bilgilerinizin korunmas\u0131n\u0131 ve gizli tutulmas\u0131n\u0131 ciddiye almaktay\u0131z. Kanun ve ilgili mevzuat h\u00fck\u00fcmlerine taraf\u0131m\u0131zca, \u00e7al\u0131\u015fanlar\u0131m\u0131zca ve servis sa\u011flay\u0131c\u0131lar\u0131m\u0131zca g\u00f6revlerini yerlerine getirirlerken gizliliklerine mutlaka dikkat edilmesini ve yaln\u0131zca sizlere bildirdi\u011fimiz ama\u00e7larla kullan\u0131lmas\u0131n\u0131 sa\u011flamak \u00fczere teknik ve idari \u00f6nlemleri almaktay\u0131z.<\/p>\n<p>Ki\u015fisel verilerin i\u015flenmesi, ki\u015fisel verilerin tamamen ve k\u0131smen otomatik olan (\u00e7erezler) ya da herhangi bir veri kay\u0131t sisteminin par\u00e7as\u0131 olmak kayd\u0131yla otomatik olmayan yollarla elde edilmesi, kaydedilmesi, depolanmas\u0131, muhafaza edilmesi, de\u011fi\u015ftirilmesi, yeniden d\u00fczenlenmesi, a\u00e7\u0131klanmas\u0131, aktar\u0131lmas\u0131, devral\u0131nmas\u0131, elde edilebilir hale getirilmesi, s\u0131n\u0131fland\u0131r\u0131lmas\u0131 ya da kullan\u0131lmas\u0131n\u0131n engellenmesi gibi ki\u015filere ait veriler \u00fczerinde ger\u00e7ekle\u015ftirilen her t\u00fcrl\u00fc i\u015flemi ifade etmektedir.<\/p>\n<p>\u0130nternet sitesine \u00fcyeli\u011fi kapsam\u0131nda bizlere sa\u011flad\u0131\u011f\u0131n\u0131z bilgileriniz, buna ek olarak mal ve hizmet al\u0131mlar\u0131n\u0131z s\u0131ras\u0131nda \u00e7erezler ve benzeri y\u00f6ntemler arac\u0131l\u0131\u011f\u0131 edinilen bilgiler; bizim taraf\u0131m\u0131zdan, mevcut ve ilerideki i\u015ftiraklerimiz, ba\u011fl\u0131 \u015firketlerimiz, hissedarlar\u0131m\u0131z, i\u015f ortaklar\u0131m\u0131z, haleflerimiz, hizmet ve faaliyetlerimiz ile yan hizmetlerimizi y\u00fcr\u00fctmek \u00fczere hizmet ald\u0131\u011f\u0131m\u0131z, i\u015fbirli\u011fi yapt\u0131\u011f\u0131m\u0131z, yurt i\u00e7inde ve\/veya yurtd\u0131\u015f\u0131nda faaliyet g\u00f6steren program orta\u011f\u0131 kurulu\u015flar ve di\u011fer \u00fc\u00e7\u00fcnc\u00fc ki\u015filer (hukuk ve vergi dan\u0131\u015fmanlar\u0131m\u0131z, bankalar, ba\u011f\u0131ms\u0131z denet\u00e7iler dahil ve fakat bunlarla s\u0131n\u0131rl\u0131 olmamak \u00fczere, sizlere hizmet sunabilmemiz i\u00e7in i\u015fbirli\u011fi yapt\u0131\u011f\u0131m\u0131z veya yapabilece\u011fimiz hizmet tedarik\u00e7ileri) ve\/veya bunlar\u0131n belirleyecekleri \u00fc\u00e7\u00fcnc\u00fc ki\u015filer\/kurulu\u015flar taraf\u0131ndan muhtelif mal ve hizmetlerin sa\u011flanmas\u0131 ve her t\u00fcrl\u00fc bilgilendirme, reklam-tan\u0131t\u0131m, promosyon, sat\u0131\u015f, pazarlama ve \u00fcyelik uygulamalar\u0131 ama\u00e7l\u0131 yap\u0131lacak elektronik ve di\u011fer ticari-sosyal ileti\u015fimler i\u00e7in, belirtilenler ve halefleri nezdinde s\u00fcresiz olarak veya \u00f6ng\u00f6recekleri s\u00fcre ile kayda al\u0131nabilecek, bas\u0131l\u0131\/manyetik ar\u015fivlerde saklanabilecek, gerekli g\u00f6r\u00fclen hallerde g\u00fcncellenebilecek, payla\u015f\u0131labilecek, aktar\u0131labilecek, transfer edilebilecek, kullan\u0131labilecek ve Kanun&#8217;un 5. ve 6. maddelerinde belirtilen ki\u015fisel veri i\u015fleme \u015fartlar\u0131 ve ama\u00e7lar\u0131 dahilinde i\u015flenebilecektir. Buna ek olarak Kanun dahil ilgili mevzuat h\u00fck\u00fcmleri dahilinde zorunlu olmas\u0131 durumunda baz\u0131 uygulamalar ve i\u015flemler i\u00e7in ayr\u0131ca ilave izniniz de gerekebilecektir. Bu durumlarda sizlerle ileti\u015fime ge\u00e7ilecek ve sizlerin a\u00e7\u0131k r\u0131zalar\u0131 rica edilecektir. Bu verilere ek olarak bizlere iletmi\u015f oldu\u011funuz ki\u015fisel verileriniz hukukun gerekli k\u0131ld\u0131\u011f\u0131 durumlarda resmi kurum\/kurulu\u015flar, mahkemeler taraf\u0131ndan talep edilmesi halinde ilgili merci ve mahkemelere iletilebilecektir.<\/p>\n<p>Ki\u015fisel verileriniz internet sitemizde siz kullan\u0131c\u0131lar\u0131m\u0131za daha iyi hizmet sunabilmesi, hizmetlerimizin iyile\u015ftirebilmesi, ayr\u0131ca bu konuda izin vermi\u015f olman\u0131z durumunda pazarlama faaliyetlerinde kullan\u0131labilmesi, \u00fcr\u00fcn\/hizmet teklifi, her t\u00fcrl\u00fc bilgilendirme, reklam-tan\u0131t\u0131m, promosyon, sat\u0131\u015f, pazarlama, ma\u011faza kart\u0131, kredi kart\u0131 ve \u00fcyelik uygulamalar\u0131, modelleme, raporlama, skorlama, internet sitesinin kullan\u0131m\u0131n\u0131 kolayla\u015ft\u0131r\u0131lmas\u0131, kullan\u0131c\u0131lar\u0131n\u0131n ilgi alanlar\u0131na ve tercihlerine y\u00f6nelik taraf\u0131m\u0131zca veya i\u015ftiraklerimiz taraf\u0131ndan yap\u0131lacak geli\u015ftirme \u00e7al\u0131\u015fmalarda kullan\u0131labilecektir. \u0130nternet sitesi \u00fczerinde yapt\u0131\u011f\u0131n\u0131z hareketlerin \u00e7erezler ve benzeri y\u00f6ntemlerle izlenebilece\u011fini, kayd\u0131n\u0131n tutulabilece\u011fini, istatistiki veya yukar\u0131da bahsedilen ama\u00e7larla kullan\u0131labilecektir. Ancak buna ek olarak \u00f6nemle belirtmek isteriz ki internet sitemize \u00fcyelik, \u00fcr\u00fcn veya hizmetlerimizin sat\u0131n al\u0131nmas\u0131 ve bilgi g\u00fcncelleme ama\u00e7l\u0131 girilen bilgiler, kredi kart\u0131 ve banka kartlar\u0131na ait gizli bilgiler di\u011fer internet kullan\u0131c\u0131lar\u0131 taraf\u0131ndan g\u00f6r\u00fcnt\u00fclenemez.<\/p>\n<p>Ebeveyninin veya velisinin izni olmadan k\u00fc\u00e7\u00fcklerin ki\u015fisel verilerini g\u00f6ndermemeleri gerekmektedir.<\/p>\n<p>\u015eirket&#8217;e ait internet sitesinin, durumun niteli\u011fine g\u00f6re di\u011fer internet sitelerine ba\u011flant\u0131lar i\u00e7ermesi halinde bu sitelerin operat\u00f6rlerinin veri koruma h\u00fck\u00fcmlerine uygun olup olmamalar\u0131 hususunda hi\u00e7bir taahh\u00fctte bulunmamaktay\u0131z. \u015eirket, link veya benzeri ba\u015fka y\u00f6ntemlerle ba\u011flant\u0131 verdi\u011fi sitelerin i\u00e7eriklerinden hi\u00e7bir zaman sorumlu de\u011fildir.<\/p>\n<p>6698 Say\u0131l\u0131 Ki\u015fisel Verilerin Korunmas\u0131 Kanunu&#8217;nun 11. maddesi uyar\u0131nca; ki\u015fisel verilerinizin i\u015flenip i\u015flenmedi\u011fini \u00f6\u011frenme, ki\u015fisel verileriniz i\u015flenmi\u015fse buna ili\u015fkin bilgi talep etme, ki\u015fisel verilerinizin i\u015flenme amac\u0131n\u0131 ve bunlar\u0131n amac\u0131na uygun kullan\u0131l\u0131p kullan\u0131lmad\u0131\u011f\u0131n\u0131 \u00f6\u011frenme, yurt i\u00e7inde veya yurt d\u0131\u015f\u0131nda ki\u015fisel verilerinizin aktar\u0131ld\u0131\u011f\u0131 \u00fc\u00e7\u00fcnc\u00fc ki\u015fileri bilme, ki\u015fisel verilerinizin eksik veya yanl\u0131\u015f i\u015flenmi\u015f olmas\u0131 halinde bunlar\u0131n d\u00fczeltilmesini isteme ve bu kapsamda yap\u0131lan i\u015fleme ili\u015fkin olarak ki\u015fisel verilerinizin aktar\u0131ld\u0131\u011f\u0131 \u00fc\u00e7\u00fcnc\u00fc ki\u015filere bildirilmesini isteme, Kanun&#8217;un ve ilgili sair mevzuat h\u00fck\u00fcmlerine uygun olarak i\u015flenmi\u015f olmas\u0131na ra\u011fmen, i\u015flenmesini gerektiren sebeplerin ortadan kalkmas\u0131 halinde ki\u015fisel verilerin silinmesini veya yok edilmesini isteme ve bu kapsamda yap\u0131lan i\u015flemin ki\u015fisel verilerinizin aktar\u0131ld\u0131\u011f\u0131 \u00fc\u00e7\u00fcnc\u00fc ki\u015filere bildirilmesini isteme, i\u015flenen verilerin m\u00fcnhas\u0131ran otomatik sistemler vas\u0131tas\u0131yla analiz edilmesi suretiyle aleyhinize bir sonucun ortaya \u00e7\u0131kmas\u0131na itiraz etme, ki\u015fisel verilerinizin Kanun&#8217;a ayk\u0131r\u0131 olarak i\u015flenmesi sebebiyle zarara u\u011framan\u0131z halinde zarar\u0131n giderilmesini talep etme haklar\u0131na sahipsiniz. Ki\u015fisel veri sahipleri olarak, az \u00f6nce saym\u0131\u015f oldu\u011fumuz haklar\u0131n\u0131za ili\u015fkin taleplerinizi, s\u00f6z konusu y\u00f6ntemlerle \u015eirket&#8217;e iletmeniz durumunda \u015eirketimiz talebin niteli\u011fine g\u00f6re en k\u0131sa s\u00fcrede ve en ge\u00e7 otuz g\u00fcn i\u00e7inde \u00fccretsiz olarak sonu\u00e7land\u0131racakt\u0131r. Ancak, i\u015flemin ayr\u0131ca bir maliyeti gerektirmesi halinde Ki\u015fisel Verileri Koruma Kurulunca belirlenen tarifedeki \u00fccret al\u0131nabilir.<\/p>\n<p>Kanun&#8217;un 13. maddesinin 1. f\u0131kras\u0131 gere\u011fince, yukar\u0131da belirtilen haklar\u0131n\u0131z\u0131 kullanmak ile ilgili talebinizi, yaz\u0131l\u0131 olarak veya Ki\u015fisel Verileri Koruma Kurulu&#8217;nun belirledi\u011fi di\u011fer y\u00f6ntemlerle \u015eirket&#8217;e iletebilirsiniz. Ki\u015fisel Verileri Koruma Kurulu taraf\u0131ndan \u015fu a\u015famada ilgili haklar\u0131n\u0131z\u0131n kullan\u0131m\u0131na ili\u015fkin herhangi bir y\u00f6ntem belirlemedi\u011fi i\u00e7in, ba\u015fvurunuzu Kanun gere\u011fince, yaz\u0131l\u0131 olarak \u015eirket&#8217;e iletmeniz gerekmektedir.<\/p>\n<p><b>\u00c7erezler<\/b><\/p>\n<p>\u0130nternet sitemizde; IP adresi, kullan\u0131lan taray\u0131c\u0131, bilgisayar\u0131n\u0131zdaki i\u015fletim sistemi, internet ba\u011flant\u0131n\u0131z, site kullan\u0131mlar\u0131 hakk\u0131ndaki bilgiler gibi belirli verileri otomatik olarak elde etmemize yard\u0131mc\u0131 olan \u00e7erezler (cookie) bulunmaktad\u0131r. S\u00f6z konusu \u00e7erezler bir internet sayfas\u0131 sunucusu taraf\u0131ndan sabit s\u00fcr\u00fcc\u00fcn\u00fcze iletilen k\u00fc\u00e7\u00fck metin dosyalar\u0131d\u0131r ve sitemizde bulunan \u00e7erezler, bilgisayar\u0131n\u0131z i\u00e7in zararl\u0131 say\u0131labilecek vir\u00fcsler g\u00f6ndermek i\u00e7in kullan\u0131lmamaktad\u0131r.<\/p>\n<p>\u00c7erezler genellikle bilgisayar\u0131n\u0131zda saklanarak, internet sitemizde yapm\u0131\u015f oldu\u011funuz i\u015flemler, gezintileriniz esnas\u0131ndaki t\u0131klamalar\u0131n\u0131z\u0131n kaydedilmesi yolu ile internet sitesini hangi zaman dilimi i\u00e7erisinde, ne kadar s\u00fcre ile ka\u00e7 ki\u015finin kulland\u0131\u011f\u0131, bir ki\u015finin internet sitesini hangi ama\u00e7larla, ka\u00e7 kez ziyaret etti\u011fi ve site \u00fczerinde ne kadar vakit harcad\u0131\u011f\u0131 hakk\u0131nda istatistiksel bilgileri elde etmek ve kullan\u0131c\u0131 sayfalar\u0131ndan dinamik olarak reklam ve i\u00e7erik \u00fcretilmesine yard\u0131mc\u0131 olmak amac\u0131 ile sa\u011flanmaktad\u0131r. \u0130nternet sitemizi kullanarak kullan\u0131lan \u00e7erezleri onaylam\u0131\u015f olursunuz. \u015eirket, s\u00f6z konusu \u00e7erezler arac\u0131l\u0131\u011f\u0131 ile verilerinizi i\u015fleyebilir ve elde edilen bilgileri analiz etme amac\u0131 ile bu kapsamda yurti\u00e7inde ve yurtd\u0131\u015f\u0131nda \u00fc\u00e7\u00fcnc\u00fc ki\u015filere aktarabilir.<\/p>\n<p>\u00c7erezler taraf\u0131ndan verileriniz toplanmadan internet sitemizi g\u00f6r\u00fcnt\u00fclemek istiyorsan\u0131z se\u00e7iminizi cihaz\u0131n\u0131z\u0131n\/taray\u0131c\u0131n\u0131z\u0131n ayarlar\u0131ndan her zaman de\u011fi\u015ftirebilirsiniz. \u00c7erezlerin kullan\u0131m\u0131n\u0131 durdurdu\u011funuzda internet sitemizde her t\u00fcrl\u00fc i\u015flemi belirli \u00f6zelliklerinin \u00e7al\u0131\u015fmayabilece\u011fini l\u00fctfen unutmay\u0131n\u0131z.<\/p>\n<p><b>A\u00e7\u0131k R\u0131za<\/b><\/p>\n<p>Sizler, internet sitemize girerek taraf\u0131m\u0131za sa\u011flam\u0131\u015f oldu\u011funuz ki\u015fisel verilerinizin Kanun&#8217;a ve i\u015fbu 6698 Say\u0131l\u0131 Ki\u015fisel Verilerin Korunmas\u0131 Kanunu&#8217;na uygun bir \u015fekilde ve belirtilen ama\u00e7larla i\u015flenebilece\u011fini bilmekte, kabul etmekte ve ayr\u0131ca i\u015fbu 6698 Say\u0131l\u0131 Ki\u015fisel Verilerin Korunmas\u0131 Kanunu ile Kanun kapsam\u0131nda yap\u0131lmas\u0131 gereken ayd\u0131nlatma y\u00fck\u00fcml\u00fcl\u00fc\u011f\u00fc yerine getirildi\u011fini, S\u00f6zle\u015fme&#8217;yi okudu\u011funuzu, anlad\u0131\u011f\u0131n\u0131z\u0131, haklar\u0131n\u0131z\u0131n ve y\u00fck\u00fcml\u00fcl\u00fcklerinin bilincinde oldu\u011funuzu beyan etmektesiniz.<\/p>\n","protected":false},"excerpt":{"rendered":"<p>KVKK S\u00d6ZLE\u015eMES\u0130 \u0130\u015fbu 6698 Say\u0131l\u0131 Ki\u015fisel Verilerin Korunmas\u0131 Kanunu ile y\u00fcr\u00fcrl\u00fckteki yasal mevzuata uygun olarak ve 6698 say\u0131l\u0131 Ki\u015fisel Verilerin Korunmas\u0131 Kanunu (&#8216;Kanun&#8217;) kapsam\u0131nda &#8216;Veri Sorumlusu&#8217; s\u0131fat\u0131yla Zeta\u015f Kimya Sanayi Ltd. \u015eti. (&#8216;\u015eirket&#8217;) ait www.zetaskimya.com alan adl\u0131 internet sitesinin kullanmas\u0131 ile ba\u011flant\u0131l\u0131 olarak elde edilen ve taraf\u0131m\u0131zca sa\u011flanan verilerin toplanmas\u0131, i\u015flenmesi ve kullan\u0131m t\u00fcr\u00fc, derecesi &hellip; <a href=\"https:\/\/zetaskimya.com.tr\/index.php\/kvkk-sozlesmesi\/\" class=\"more-link\">Continue reading <span class=\"screen-reader-text\">KVKK S\u00f6zle\u015fmesi<\/span><\/a><\/p>\n","protected":false},"author":1,"featured_media":0,"parent":0,"menu_order":0,"comment_status":"closed","ping_status":"closed","template":"","meta":{"footnotes":""},"class_list":["post-9765","page","type-page","status-publish","hentry"],"jetpack_sharing_enabled":true,"_links":{"self":[{"href":"https:\/\/zetaskimya.com.tr\/index.php\/wp-json\/wp\/v2\/pages\/9765","targetHints":{"allow":["GET"]}}],"collection":[{"href":"https:\/\/zetaskimya.com.tr\/index.php\/wp-json\/wp\/v2\/pages"}],"about":[{"href":"https:\/\/zetaskimya.com.tr\/index.php\/wp-json\/wp\/v2\/types\/page"}],"author":[{"embeddable":true,"href":"https:\/\/zetaskimya.com.tr\/index.php\/wp-json\/wp\/v2\/users\/1"}],"replies":[{"embeddable":true,"href":"https:\/\/zetaskimya.com.tr\/index.php\/wp-json\/wp\/v2\/comments?post=9765"}],"version-history":[{"count":0,"href":"https:\/\/zetaskimya.com.tr\/index.php\/wp-json\/wp\/v2\/pages\/9765\/revisions"}],"wp:attachment":[{"href":"https:\/\/zetaskimya.com.tr\/index.php\/wp-json\/wp\/v2\/media?parent=9765"}],"curies":[{"name":"wp","href":"https:\/\/api.w.org\/{rel}","templated":true}]}}