{"id":9766,"date":"2022-05-10T15:13:26","date_gmt":"2022-05-10T12:13:26","guid":{"rendered":"http:\/\/zetaskimya.com.tr\/?page_id=8799"},"modified":"2022-05-10T15:13:26","modified_gmt":"2022-05-10T12:13:26","slug":"mesafeli-satis-sozlesmesi","status":"publish","type":"page","link":"https:\/\/zetaskimya.com.tr\/index.php\/mesafeli-satis-sozlesmesi\/","title":{"rendered":"Mesafeli Sat\u0131\u015f S\u00f6zle\u015fmesi"},"content":{"rendered":"<p><b>Madde 1 &#8211; S\u00d6ZLE\u015eMEN\u0130N TARAFLARI<\/b><\/p>\n<p>\u0130\u015f Bu S\u00f6zle\u015fmenin Bir Taraftan;<\/p>\n<p>SATICI: Zeta\u015f Kimya Sanayi Ltd. \u015eti.<\/p>\n<p>Ostim, 1230\/1. Sk. NO:7, 06374 Ostim Osb\/Yenimahalle\/Ankara &#8211; T\u00fcrkiye<\/p>\n<p>Gsm : 0544 414 09 85<\/p>\n<p>Di\u011fer Taraftan;<\/p>\n<p>ALICI: Son Kullan\u0131c\u0131 (M\u00fc\u015fteri)<\/p>\n<p><b>Madde 2: KONU<\/b><\/p>\n<p>\u0130\u015fbu s\u00f6zle\u015fmenin konusu, ALICI`n\u0131n SATICI`ya ait\u00a0 www.zetaskimya.com internet sitesinden elektronik ortamda sipari\u015f verdi\u011fi, s\u00f6zle\u015fmede bahsi ge\u00e7en nitelikleri haiz, s\u00f6zle\u015fmenin madde 1.3 ve 1.4 te i\u00e7eri\u011fi ve sat\u0131\u015f fiyat\u0131 belirtilen \u00fcr\u00fcnlerin sat\u0131\u015f\u0131 ve teslimi ile ilgili olarak 4077 say\u0131l\u0131 T\u00fcketicilerin Korunmas\u0131 Hakk\u0131ndaki Kanun ve Mesafeli S\u00f6zle\u015fmeler Uygulama Esas ve Usulleri Hakk\u0131nda Y\u00f6netmelik h\u00fck\u00fcmleri gere\u011fince taraflar\u0131n hak ve y\u00fck\u00fcml\u00fcl\u00fcklerinin saptanmas\u0131d\u0131r. ALICI, sat\u0131\u015fa konu \u00fcr\u00fcnlerin temel nitelikleri, sat\u0131\u015f fiyat\u0131, \u00f6deme \u015fekli, teslimat ko\u015fullar\u0131 vs. sat\u0131\u015fa konu \u00fcr\u00fcn ile ilgili t\u00fcm \u00f6n bilgiler ve cayma hakk\u0131 konusunda bilgi sahibi oldu\u011funu, bu \u00f6n bilgileri elektronik ortamda teyit etti\u011fini ve sonras\u0131nda \u00fcr\u00fcn\u00fc sipari\u015f verdi\u011fini, i\u015fbu s\u00f6zle\u015fme h\u00fck\u00fcmlerince kabul ve beyan eder. www.zetaskimya.com sitesinde yer alan \u00f6n bilgilendirme ve fatura i\u015fbu s\u00f6zle\u015fmenin ayr\u0131lmaz par\u00e7alar\u0131d\u0131r. Sipari\u015f ger\u00e7ekle\u015fti\u011fi anda ALICI bu s\u00f6zle\u015fmenin t\u00fcm ko\u015fullar\u0131n\u0131 kabul etmi\u015f say\u0131l\u0131r.<\/p>\n<p><b>Madde 3: \u00dcR\u00dcN\u00dcN TESL\u0130M\u0130, S\u00d6ZLE\u015eMEN\u0130N \u0130FA YER\u0130 VE TESL\u0130M \u015eEKL\u0130<\/b><\/p>\n<p>\u00dcr\u00fcn, ALICI`n\u0131n teslimini talep etmi\u015f oldu\u011fu \u2026\u2026\u2026\u2026 adresinde kargo \u015firketi yetkilisi marifetiyle, \u2026\u2026\u2026.\u2026 isimli ki\u015fiye teslim edilecektir.<\/p>\n<p>&nbsp;<\/p>\n<p><b>Madde 4: TESL\u0130MAT MASRAFLARI VE \u0130FASI<\/b><\/p>\n<p>SATICI, g\u00f6nderece\u011fi \u00fcr\u00fcn veya \u00fcr\u00fcnler i\u00e7in teslimat masraf\u0131 kargo firmas\u0131 taraf\u0131ndan belirlenir ve kargo \u00fccreti ALICI`ya aittir. Teslim an\u0131nda ALICI`n\u0131n adresinde bulunmamas\u0131 durumunda dahi SATICI, g\u00f6revini tam ve eksiksiz olarak yerine getirmi\u015f olarak kabul edilecektir. Bu nedenle, ALICI`n\u0131n \u00fcr\u00fcn\u00fc ge\u00e7 teslim almas\u0131ndan kaynaklanan her t\u00fcrl\u00fc zarar ile \u00fcr\u00fcn\u00fcn kargo \u015firketinde beklemi\u015f olmas\u0131 ve\/veya kargonun sat\u0131c\u0131ya iade edilmesinden dolay\u0131 da olu\u015fan giderler de ALICI ya aittir. Teslimat, stokun m\u00fcsait olmas\u0131 ve \u00fcr\u00fcn bedelinin SATICI`n\u0131n hesab\u0131na ge\u00e7mesinden sonra en k\u0131sa s\u00fcrede yap\u0131l\u0131r. SATICI, \u00fcr\u00fcn\u00fc sipari\u015finden itibaren 30 (Otuz) g\u00fcn i\u00e7inde teslim eder ve bu s\u00fcre i\u00e7inde yaz\u0131l\u0131 bildirimle ek 10 (on) g\u00fcnl\u00fck s\u00fcre uzat\u0131m hakk\u0131n\u0131 sakl\u0131 tutar. SATICI, stok t\u00fckenmesi ve benzeri ticari imk\u00e2ns\u0131zl\u0131k halleri, beklenmeyen haller, m\u00fccbir sebepler veya nakliyeyi engelleyen hava muhalefeti, ula\u015f\u0131m\u0131n kesilmesi gibi ola\u011fan\u00fcst\u00fc durumlar nedeni ile s\u00f6zle\u015fme konusu \u00fcr\u00fcn\u00fc s\u00fcresi i\u00e7inde teslim edemez ise, durumu ALICI`ya bildirmekle y\u00fck\u00fcml\u00fcd\u00fcr. S\u00f6zle\u015fme konusu \u00fcr\u00fcn\u00fcn teslimat\u0131 i\u00e7in i\u015fbu s\u00f6zle\u015fmenin imzal\u0131 bir n\u00fcshas\u0131n\u0131n SATICI`ya ula\u015ft\u0131r\u0131lm\u0131\u015f olmas\u0131 ve bedelinin ALICI n\u0131n tercih etti\u011fi \u00f6deme \u015fekli ile \u00f6denmi\u015f olmas\u0131 \u015fartt\u0131r. Herhangi bir nedenle \u00fcr\u00fcn bedeli \u00f6denmez veya banka kay\u0131tlar\u0131nda iptal edilir ise, SATICI \u00fcr\u00fcn\u00fcn teslimi y\u00fck\u00fcml\u00fcl\u00fc\u011f\u00fcnden kurtulmu\u015f kabul edilir.<\/p>\n<p><b>Madde 5: ALICININ BEYAN VE TAAHH\u00dcTLER\u0130<\/b><\/p>\n<p>ALICI, s\u00f6zle\u015fme konusu \u00fcr\u00fcn\u00fc teslim almadan \u00f6nce muayene edecek ezik, k\u0131r\u0131k, ambalaj\u0131 y\u0131rt\u0131lm\u0131\u015f vb. hasarl\u0131 ve ay\u0131pl\u0131 \u00fcr\u00fcn\u00fc kargo \u015firketinden teslim almayacakt\u0131r. Teslim al\u0131nan \u00fcr\u00fcn\u00fcn hasars\u0131z ve sa\u011flam oldu\u011fu kabul edilecektir. Teslimden sonra \u00fcr\u00fcn\u00fcn \u00f6zenle korunmas\u0131 borcu, ALICI ya aittir. Cayma hakk\u0131 kullan\u0131lacaksa \u00fcr\u00fcn kullan\u0131lmamal\u0131d\u0131r, fatura iade edilmelidir. Fatura asl\u0131 g\u00f6nderilmezse ALICI ya KDV ve varsa di\u011fer yasal y\u00fck\u00fcml\u00fcl\u00fckler iade edilemez. Cayma hakk\u0131 nedeni ile iade edilen \u00fcr\u00fcn teslimat bedeli ALICI taraf\u0131ndan kar\u015f\u0131lan\u0131r. \u00dcr\u00fcn\u00fcn tesliminden sonra ALICIya ait kredi kart\u0131n\u0131n ALICI n\u0131n kusurundan kaynaklanmayan bir \u015fekilde yetkisiz ki\u015filerce haks\u0131z veya hukuka ayk\u0131r\u0131 olarak kullan\u0131lmas\u0131 nedeni ile ilgili banka veya finans kurulu\u015funun \u00fcr\u00fcn bedelini Sat\u0131c\u0131ya \u00f6dememesi halinde, ALICI kendisine teslim edilmi\u015f olmas\u0131 kayd\u0131yla \u00fcr\u00fcn\u00fc 3 (\u00fc\u00e7) g\u00fcn i\u00e7inde Sat\u0131c\u0131ya g\u00f6ndermekle y\u00fck\u00fcml\u00fcd\u00fcr. Bu takdirde teslimat giderleri ALICIya aittir. Ayr\u0131ca ALICI, ALICI &#8216;n\u0131n g\u00f6sterdi\u011fi adrese ve bu adreste teslim s\u0131ras\u0131nda bulunan ki\u015fiye yap\u0131lan teslimat\u0131n, ALICIya yap\u0131lm\u0131\u015f teslimat say\u0131laca\u011f\u0131n\u0131 kabul etmektedir.<\/p>\n<p><b>Madde 6: SATICININ BEYAN VE TAAHH\u00dcTLER\u0130<\/b><\/p>\n<p>Sat\u0131c\u0131, s\u00f6zle\u015fme konusu \u00fcr\u00fcn\u00fc sa\u011flam, eksiksiz, sipari\u015fte belirtilen niteliklere uygun ve varsa garanti belgeleri ve kullan\u0131m k\u0131lavuzlar\u0131 ile teslim edilmesinden sorumludur. S\u00f6zle\u015fme konusu \u00fcr\u00fcn, ALICI dan ba\u015fka bir ki\u015fi\/kurulu\u015fa teslim edilecek ise, teslim edilecek ki\u015fi\/kurulu\u015fun teslimat\u0131 kabul etmemesinden Sat\u0131c\u0131 sorumlu tutulamaz. Sat\u0131c\u0131, ALICI n\u0131n hi\u00e7bir hukuki ve cezai sorumluluk \u00fcstlenmeksizin ve hi\u00e7bir gerek\u00e7e g\u00f6stermeksizin \u00fcr\u00fcn\u00fc teslim ald\u0131\u011f\u0131 veya s\u00f6zle\u015fmenin imzaland\u0131\u011f\u0131 tarihten itibaren 7 (yedi) g\u00fcn i\u00e7erisinde \u00fcr\u00fcn\u00fc reddederek s\u00f6zle\u015fmeden cayma hakk\u0131n\u0131n var oldu\u011funu ve cayma bildiriminin sat\u0131c\u0131 veya sa\u011flay\u0131c\u0131ya ula\u015fmas\u0131 tarihinden itibaren \u00fcr\u00fcn\u00fc geri almay\u0131 taahh\u00fct etmektedir. Sat\u0131c\u0131, cayma beyan\u0131n\u0131n kendisine ula\u015fmas\u0131ndan sonra 7 (yedi) g\u00fcn i\u00e7inde \u00fcr\u00fcn bedelini, varsa k\u0131ymetli evrak\u0131 iade eder. \u00dcr\u00fcn\u00fc 7 (yedi) g\u00fcn i\u00e7inde iade al\u0131r. Sat\u0131c\u0131, hakl\u0131 gerek\u00e7elerle, s\u00f6zle\u015fmedeki ifa s\u00fcresi dolmadan ALICIya e\u015fit kalite ve fiyatta \u00fcr\u00fcn\u00fc tedarik edebilir. Sat\u0131c\u0131 \u00fcr\u00fcn\u00fcn teslimi ifas\u0131n\u0131n imk\u00e2ns\u0131zla\u015ft\u0131\u011f\u0131n\u0131 d\u00fc\u015f\u00fcn\u00fcyorsa, s\u00f6zle\u015fmenin ifa s\u00fcresi dolmadan ALICIya bildirir. Bu takdirde ALICI sipari\u015fin iptal edilmesini, s\u00f6zle\u015fme konusu \u00fcr\u00fcn\u00fcn varsa emsali ile de\u011fi\u015ftirilmesini ve\/veya teslimat s\u00fcresinin engelleyici durumun ortadan kalkmas\u0131na kadar ertelenmesi haklar\u0131ndan birini kullanabilir. ALICI`n\u0131n sipari\u015fi iptal etmesi halinde \u00d6denen bedel ve varsa belgeler 7 (yedi) g\u00fcn i\u00e7inde iade edilir. Garanti belgesi ile sat\u0131lan \u00fcr\u00fcnlerden olan veya olmayan \u00fcr\u00fcnlerden, ar\u0131zal\u0131 veya bozuk olan \u00fcr\u00fcnlar, garanti \u015fartlar\u0131 i\u00e7inde gerekli onar\u0131m\u0131n yap\u0131lmas\u0131 i\u00e7in Sat\u0131c\u0131ya g\u00f6nderilebilir, bu takdirde teslimat giderleri Sat\u0131c\u0131 taraf\u0131ndan kar\u015f\u0131lanacakt\u0131r.<\/p>\n<p><b>Madde 7: S\u00d6ZLE\u015eMEYE KONU \u00dcR\u00dcN\u00dcN \u00d6ZELL\u0130KLER\u0130<\/b><\/p>\n<p>\u00dcr\u00fcn\u00fcn Cinsi ve t\u00fcr\u00fc, Miktar\u0131, Marka\/Modeli, Rengi ve T\u00fcm Vergiler D\u00e2hil Sat\u0131\u015f Bedeli www.zetaskimya.com adl\u0131 web sitesindeki \u00fcr\u00fcn\u00fcn tan\u0131t\u0131m sayfas\u0131nda yer alan bilgilerde ve i\u015fbu s\u00f6zle\u015fmenin ayr\u0131lmaz par\u00e7as\u0131 say\u0131lan faturada belirtildi\u011fi gibidir. Sat\u0131c\u0131 teknik nedenlerden kaynaklanan fiyat g\u00fcncelleme hatalar\u0131ndan sorumlu de\u011fildir.<\/p>\n<p><b>Madde 8: \u00dcR\u00dcN\u00dcN PE\u015e\u0130N F\u0130YATI<\/b><\/p>\n<p>\u00dcr\u00fcn\u00fcn pe\u015fin fiyat\u0131 fatura i\u00e7eri\u011finde mevcuttur.<\/p>\n<p><b>Madde 9: VADEL\u0130 F\u0130YAT<\/b><\/p>\n<p>\u00dcr\u00fcn\u00fcn sat\u0131\u015f fiyat\u0131na yap\u0131lan vadeye g\u00f6re fiyat\u0131, fatura i\u00e7eri\u011finde mevcuttur.<\/p>\n<p><b>Madde 10: FA\u0130Z<\/b><\/p>\n<p>Al\u0131c\u0131n\u0131n, kredi kart\u0131 ile ve taksitle al\u0131\u015fveri\u015f yapmas\u0131 durumunda taksit say\u0131s\u0131 &#8221;4&#8221;\u00fcn \u00fczerinde olan al\u0131\u015fveri\u015flerde ayl\u0131k\u00a0 vade fark\u0131 uygulanarak sat\u0131\u015f fiyat\u0131 belirlenmektedir. ALICI, \u00e7al\u0131\u015ft\u0131\u011f\u0131 bankaya kar\u015f\u0131 12. madde h\u00fckm\u00fcnce sorumludur.<\/p>\n<p><b>Madde 11: PE\u015e\u0130NAT TUTARI<\/b><\/p>\n<p>\u00dcr\u00fcn\u00fcn pe\u015finat tutar\u0131, fatura i\u00e7eri\u011finde mevcuttur.<\/p>\n<p><b>Madde 12: \u00d6DEME PLANI<\/b><\/p>\n<p>Vadeli sat\u0131\u015flar\u0131n sadece Bankalara ait kredi kartlar\u0131 ile yap\u0131lmas\u0131 nedeniyle, ALICI, ilgili faiz oranlar\u0131n\u0131 ve temerr\u00fct faizi ile ilgili bilgileri bankas\u0131ndan ayr\u0131ca teyit edece\u011fini, y\u00fcr\u00fcrl\u00fckte bulunan mevzuat h\u00fck\u00fcmleri gere\u011fince faiz ve temerr\u00fct faizi ile ilgili h\u00fck\u00fcmlerin Banka ve ALICI aras\u0131ndaki kredi kart\u0131 s\u00f6zle\u015fmesi kapsam\u0131nda uygulanaca\u011f\u0131n\u0131 kabul, beyan ve taahh\u00fct eder. Taksitlendirme i\u015flemlerinde, ALICI ile kart sahibi banka aras\u0131nda imzalam\u0131\u015f bulunan s\u00f6zle\u015fmenin ilgili h\u00fck\u00fcmleri ge\u00e7erlidir. Kredi kart\u0131 \u00f6deme tarihi banka ile ALICI aras\u0131ndaki s\u00f6zle\u015fme h\u00fck\u00fcmlerince belirlenir. ALICI, ayr\u0131ca bankan\u0131n g\u00f6nderdi\u011fi hesap \u00f6zetinden taksit say\u0131s\u0131n\u0131 ve \u00f6demelerini takip edebilir.<\/p>\n<p><b>Madde 13: CAYMA HAKKI<\/b><\/p>\n<p>ALICI, s\u00f6zle\u015fme konusu \u00fcr\u00fcn\u00fcn kendisine veya g\u00f6sterdi\u011fi adresteki ki\u015fi\/kurulu\u015fa tesliminden itibaren 7 (yedi) g\u00fcn i\u00e7inde cayma hakk\u0131n\u0131 kullanabilir. Cayma hakk\u0131n\u0131n kullan\u0131lmas\u0131 i\u00e7in ayn\u0131 s\u00fcre i\u00e7inde Sat\u0131c\u0131ya faks, e-posta veya telefon ile bildirimde bulunulmas\u0131 ve \u00fcr\u00fcn, 14. md. h\u00fck\u00fcmleri \u00e7er\u00e7evesinde ve i\u015fbu s\u00f6zle\u015fmenin ayr\u0131lmaz par\u00e7as\u0131 olan ve www.zetaskimya.com web sitesinde ALICI taraf\u0131ndan kabul edilmi\u015f olan \u00f6nbilgiler gere\u011fince, kullan\u0131lmam\u0131\u015f olmas\u0131 \u015fartt\u0131r. Bu hakk\u0131n kullan\u0131lmas\u0131 halinde, 3. ki\u015fiye veya ALICIya teslim edilen \u00fcr\u00fcne ili\u015fkin fatura asl\u0131n\u0131n iadesi zorunludur. Cayma hakk\u0131na ili\u015fkin ihbar\u0131n ula\u015fmas\u0131n\u0131 takip eden 7 (yedi) g\u00fcn i\u00e7inde \u00fcr\u00fcn bedeli ALICIya iade edilir ve 7 (yedi) g\u00fcnl\u00fck s\u00fcre i\u00e7inde \u00fcr\u00fcn iade al\u0131n\u0131r. Fatura asl\u0131 g\u00f6nderilmezse, ALICIya KDV ve varsa di\u011fer yasal y\u00fck\u00fcml\u00fcl\u00fckler iade edilemez. Cayma hakk\u0131 nedeni ile iade edilen \u00fcr\u00fcn\u00fcn, teslimat bedeli Sat\u0131c\u0131 taraf\u0131ndan kar\u015f\u0131lan\u0131r.<\/p>\n<p><b>Madde 14: CAYMA HAKKI KULLANILAMAYACAK \u00dcR\u00dcNLER<\/b><\/p>\n<p>Niteli\u011fi itibariyle iade edilemeyecek \u00fcr\u00fcnler, h\u0131zl\u0131 bozulan ve son kullanma tarihi ge\u00e7en \u00fcr\u00fcnler; i\u00e7 giyim \u00fcr\u00fcnleri,ambalaj\u0131 bozulmu\u015f y\u0131pranm\u0131\u015f \u00fcr\u00fcnler.\u00dcr\u00fcnlerinin cayma hakk\u0131 \u00e7er\u00e7evesinde iade edilebilmesi i\u00e7in ambalaj\u0131n\u0131n hi\u00e7 a\u00e7\u0131lmam\u0131\u015f, bozulmam\u0131\u015f ve kullan\u0131lmam\u0131\u015f olmas\u0131 \u015fartt\u0131r.<\/p>\n<p><b>Madde 15: TEMERR\u00dcT HAL\u0130 VE HUKUK\u0130 SONU\u00c7LARI<\/b><\/p>\n<p>ALICI, kredi kart\u0131 ile yapm\u0131\u015f oldu\u011fu i\u015flemlerinde temerr\u00fcde d\u00fc\u015fmesi halinde kart sahibi bankan\u0131n kendisi ile yapm\u0131\u015f oldu\u011fu kredi kart\u0131 s\u00f6zle\u015fmesi \u00e7er\u00e7evesinde faiz \u00f6deyecek ve bankaya kar\u015f\u0131 sorumlu olacakt\u0131r. Bu durumda ilgili banka hukuki yollara ba\u015fvurabilir; do\u011facak masraflar\u0131 ve vek\u00e2let \u00fccretini ALICI dan talep edebilir ve her ko\u015fulda ALICIn\u0131n borcundan dolay\u0131 temerr\u00fcde d\u00fc\u015fmesi halinde, ALICI, borcun gecikmeli ifas\u0131ndan dolay\u0131 Sat\u0131c\u0131n\u0131n olu\u015fan zarar ve ziyan\u0131n\u0131 \u00f6demeyi kabul eder.<\/p>\n<p><b>Madde 16: YETK\u0130L\u0130 MAHKEME<\/b><\/p>\n<p>\u0130\u015fbu s\u00f6zle\u015fmeden kaynaklanabilecek ihtilaflarda, Sanayi ve Ticaret Bakanl\u0131\u011f\u0131nca ilan edilen de\u011fere kadar T\u00fcketici Hakem Heyetleri ile ALICI n\u0131n ve Sat\u0131c\u0131n\u0131n Yerle\u015fim yerlerindeki T\u00fcketici Mahkemeleri t\u00fcketici mahkemesi bulunamayan yerlerde Asliye Hukuk Mahkemeleri yetkilidir.<\/p>\n<p><b>Madde 17: Y\u00dcR\u00dcRL\u00dcK<\/b><\/p>\n<p>Site \u00fczerinden verilen sipari\u015fe ait \u00f6demenin ger\u00e7ekle\u015fmesi durumunda ALICI i\u015fbu s\u00f6zle\u015fmenin t\u00fcm ko\u015fullar\u0131n\u0131 kabul etmi\u015f say\u0131lacakt\u0131r. SATICI, s\u00f6z konusu s\u00f6zle\u015fmenin site \u00fczerinde, ALICI taraf\u0131ndan okundu\u011funa ve kabul edildi\u011fine dair onay almaks\u0131z\u0131n sipari\u015f verilememesini sa\u011flayacak yaz\u0131l\u0131msal d\u00fczenlemeleri yapmakla y\u00fck\u00fcml\u00fcd\u00fcr.<\/p>\n","protected":false},"excerpt":{"rendered":"<p>Madde 1 &#8211; S\u00d6ZLE\u015eMEN\u0130N TARAFLARI \u0130\u015f Bu S\u00f6zle\u015fmenin Bir Taraftan; SATICI: Zeta\u015f Kimya Sanayi Ltd. \u015eti. Ostim, 1230\/1. Sk. NO:7, 06374 Ostim Osb\/Yenimahalle\/Ankara &#8211; T\u00fcrkiye Gsm : 0544 414 09 85 Di\u011fer Taraftan; ALICI: Son Kullan\u0131c\u0131 (M\u00fc\u015fteri) Madde 2: KONU \u0130\u015fbu s\u00f6zle\u015fmenin konusu, ALICI`n\u0131n SATICI`ya ait\u00a0 www.zetaskimya.com internet sitesinden elektronik ortamda sipari\u015f verdi\u011fi, s\u00f6zle\u015fmede bahsi &hellip; <a href=\"https:\/\/zetaskimya.com.tr\/index.php\/mesafeli-satis-sozlesmesi\/\" class=\"more-link\">Continue reading <span class=\"screen-reader-text\">Mesafeli Sat\u0131\u015f S\u00f6zle\u015fmesi<\/span><\/a><\/p>\n","protected":false},"author":1,"featured_media":0,"parent":0,"menu_order":0,"comment_status":"closed","ping_status":"closed","template":"","meta":{"footnotes":""},"class_list":["post-9766","page","type-page","status-publish","hentry"],"jetpack_sharing_enabled":true,"_links":{"self":[{"href":"https:\/\/zetaskimya.com.tr\/index.php\/wp-json\/wp\/v2\/pages\/9766","targetHints":{"allow":["GET"]}}],"collection":[{"href":"https:\/\/zetaskimya.com.tr\/index.php\/wp-json\/wp\/v2\/pages"}],"about":[{"href":"https:\/\/zetaskimya.com.tr\/index.php\/wp-json\/wp\/v2\/types\/page"}],"author":[{"embeddable":true,"href":"https:\/\/zetaskimya.com.tr\/index.php\/wp-json\/wp\/v2\/users\/1"}],"replies":[{"embeddable":true,"href":"https:\/\/zetaskimya.com.tr\/index.php\/wp-json\/wp\/v2\/comments?post=9766"}],"version-history":[{"count":0,"href":"https:\/\/zetaskimya.com.tr\/index.php\/wp-json\/wp\/v2\/pages\/9766\/revisions"}],"wp:attachment":[{"href":"https:\/\/zetaskimya.com.tr\/index.php\/wp-json\/wp\/v2\/media?parent=9766"}],"curies":[{"name":"wp","href":"https:\/\/api.w.org\/{rel}","templated":true}]}}