{"id":8610,"date":"2024-09-28T16:18:37","date_gmt":"2024-09-28T13:18:37","guid":{"rendered":"https:\/\/zetaskimya.com.tr\/?post_type=product&#038;p=8610"},"modified":"2026-05-04T06:15:47","modified_gmt":"2026-05-04T03:15:47","slug":"silindirik-su-deposu","status":"publish","type":"product","link":"https:\/\/zetaskimya.com.tr\/index.php\/product\/silindirik-su-deposu\/","title":{"rendered":"Silindirik Su Deposu"},"content":{"rendered":"<p><b>S\u0130L\u0130ND\u0130R\u0130K MOD\u00dcLER SU DEPOLARI<\/b><\/p>\n<p>Silindirik su depolar\u0131n\u0131n yap\u0131s\u0131n\u0131n \u00e7ok dayan\u0131kl\u0131 olmas\u0131ndan dolay\u0131 ileride sorun yaratabilecek gergi ve takviye ihtiva etmez. B\u00fcy\u00fck kapasiteli depolar i\u00e7in en iyi alternatiflerden biridir. Ba\u011flant\u0131lar\u0131nda c\u0131vata, somun ve epidien conta kullan\u0131larak imalat\u0131 yap\u0131l\u0131r. Kullan\u0131lan t\u00fcm par\u00e7alar ayn\u0131 oldu\u011fundan yedek par\u00e7a sorunu yoktur. Silindirik mod\u00fcler su deposu kullanma suyu, yang\u0131n suyu, i\u00e7me suyu depolamakta ve de \u00e7ok yayg\u0131n tar\u0131msal sulamalarda kullan\u0131labilir. Montaj\u0131 kolayd\u0131r ve istenilen yere ta\u015f\u0131nabilir veya kapasitesi art\u0131r\u0131labilir. Silindirik mod\u00fcler su depolar\u0131 istenilen kapasiteye g\u00f6re paslanmaz \u00e7elik (304-430), galvanizli veya f\u0131r\u0131n boyal\u0131 olarak yap\u0131lmaktad\u0131r.<\/p>\n<ul>\n<li>Mod\u00fcler depo ve aksesuarlar\u0131<\/li>\n<li>Su giri\u015f ve \u00e7\u0131k\u0131\u015f a\u011fz\u0131<\/li>\n<li>Seviye g\u00f6stergesi ve vanalar\u0131<\/li>\n<li>Hidrofor ba\u011flant\u0131s\u0131<\/li>\n<li>Ta\u015fma borusu<\/li>\n<li>Flat\u00f6r ba\u011flant\u0131s\u0131<\/li>\n<li>\u00dcst ve alt bak\u0131m kapaklar\u0131<\/li>\n<li>Mod\u00fcl plaka<\/li>\n<li>Bo\u015faltma a\u011fz\u0131<\/li>\n<\/ul>\n","protected":false},"excerpt":{"rendered":"<p>Su Tank\u0131<\/p>\n","protected":false},"featured_media":8640,"comment_status":"open","ping_status":"closed","template":"","meta":[],"product_cat":[154],"product_tag":[],"class_list":{"0":"post-8610","1":"product","2":"type-product","3":"status-publish","4":"has-post-thumbnail","6":"product_cat-moduler-su-deposu","7":"pa_boy-mm-252","8":"pa_boy-mm-253","9":"pa_boy-mm-254","10":"pa_boy-mm-255","11":"pa_boy-mm-256","12":"pa_boy-mm-257","13":"pa_boy-mm-258","14":"pa_boy-mm-259","15":"pa_boy-mm-260","16":"pa_boy-mm-261","17":"pa_boy-mm-262","18":"pa_boy-mm-263","19":"pa_cap-mm-249","20":"pa_cap-mm-250","21":"pa_cap-mm-251","22":"pa_kapasite-lt-234","23":"pa_kapasite-lt-235","24":"pa_kapasite-lt-236","25":"pa_kapasite-lt-237","26":"pa_kapasite-lt-238","27":"pa_kapasite-lt-239","28":"pa_kapasite-lt-240","29":"pa_kapasite-lt-241","30":"pa_kapasite-lt-242","31":"pa_kapasite-lt-243","32":"pa_kapasite-lt-244","33":"pa_kapasite-lt-245","34":"pa_kapasite-lt-246","35":"pa_kapasite-lt-247","36":"pa_kapasite-lt-248","37":"pa_modul-sayisi-264","38":"pa_modul-sayisi-265","39":"pa_modul-sayisi-266","40":"pa_modul-sayisi-267","41":"pa_modul-sayisi-268","44":"instock","45":"shipping-taxable","46":"product-type-variable"},"jetpack_sharing_enabled":true,"_links":{"self":[{"href":"https:\/\/zetaskimya.com.tr\/index.php\/wp-json\/wp\/v2\/product\/8610","targetHints":{"allow":["GET"]}}],"collection":[{"href":"https:\/\/zetaskimya.com.tr\/index.php\/wp-json\/wp\/v2\/product"}],"about":[{"href":"https:\/\/zetaskimya.com.tr\/index.php\/wp-json\/wp\/v2\/types\/product"}],"replies":[{"embeddable":true,"href":"https:\/\/zetaskimya.com.tr\/index.php\/wp-json\/wp\/v2\/comments?post=8610"}],"version-history":[{"count":0,"href":"https:\/\/zetaskimya.com.tr\/index.php\/wp-json\/wp\/v2\/product\/8610\/revisions"}],"wp:featuredmedia":[{"embeddable":true,"href":"https:\/\/zetaskimya.com.tr\/index.php\/wp-json\/wp\/v2\/media\/8640"}],"wp:attachment":[{"href":"https:\/\/zetaskimya.com.tr\/index.php\/wp-json\/wp\/v2\/media?parent=8610"}],"wp:term":[{"taxonomy":"product_cat","embeddable":true,"href":"https:\/\/zetaskimya.com.tr\/index.php\/wp-json\/wp\/v2\/product_cat?post=8610"},{"taxonomy":"product_tag","embeddable":true,"href":"https:\/\/zetaskimya.com.tr\/index.php\/wp-json\/wp\/v2\/product_tag?post=8610"}],"curies":[{"name":"wp","href":"https:\/\/api.w.org\/{rel}","templated":true}]}}