{"id":8740,"date":"2024-09-28T16:19:45","date_gmt":"2024-09-28T13:19:45","guid":{"rendered":"https:\/\/zetaskimya.com.tr\/?post_type=product&#038;p=8740"},"modified":"2024-09-28T16:20:02","modified_gmt":"2024-09-28T13:20:02","slug":"20-komur-bazli-blok-karbon-filtre","status":"publish","type":"product","link":"https:\/\/zetaskimya.com.tr\/index.php\/product\/20-komur-bazli-blok-karbon-filtre\/","title":{"rendered":"20&#8243; K\u00f6m\u00fcr Bazl\u0131 Blok Karbon Filtre"},"content":{"rendered":"","protected":false},"excerpt":{"rendered":"","protected":false},"featured_media":8776,"comment_status":"open","ping_status":"closed","template":"","meta":[],"product_cat":[151,152,157],"product_tag":[155],"class_list":{"0":"post-8740","1":"product","2":"type-product","3":"status-publish","4":"has-post-thumbnail","6":"product_cat-ev-tipi-su-aritma","7":"product_cat-filtreler-ve-kaplar","8":"product_cat-karbon-kartus-filtreler","9":"product_tag-karbon-kartus-filtreler","12":"instock","13":"shipping-taxable","14":"purchasable","15":"product-type-simple"},"jetpack_sharing_enabled":true,"_links":{"self":[{"href":"https:\/\/zetaskimya.com.tr\/index.php\/wp-json\/wp\/v2\/product\/8740","targetHints":{"allow":["GET"]}}],"collection":[{"href":"https:\/\/zetaskimya.com.tr\/index.php\/wp-json\/wp\/v2\/product"}],"about":[{"href":"https:\/\/zetaskimya.com.tr\/index.php\/wp-json\/wp\/v2\/types\/product"}],"replies":[{"embeddable":true,"href":"https:\/\/zetaskimya.com.tr\/index.php\/wp-json\/wp\/v2\/comments?post=8740"}],"version-history":[{"count":0,"href":"https:\/\/zetaskimya.com.tr\/index.php\/wp-json\/wp\/v2\/product\/8740\/revisions"}],"wp:featuredmedia":[{"embeddable":true,"href":"https:\/\/zetaskimya.com.tr\/index.php\/wp-json\/wp\/v2\/media\/8776"}],"wp:attachment":[{"href":"https:\/\/zetaskimya.com.tr\/index.php\/wp-json\/wp\/v2\/media?parent=8740"}],"wp:term":[{"taxonomy":"product_cat","embeddable":true,"href":"https:\/\/zetaskimya.com.tr\/index.php\/wp-json\/wp\/v2\/product_cat?post=8740"},{"taxonomy":"product_tag","embeddable":true,"href":"https:\/\/zetaskimya.com.tr\/index.php\/wp-json\/wp\/v2\/product_tag?post=8740"}],"curies":[{"name":"wp","href":"https:\/\/api.w.org\/{rel}","templated":true}]}}