{"id":8741,"date":"2024-09-28T16:19:45","date_gmt":"2024-09-28T13:19:45","guid":{"rendered":"https:\/\/zetaskimya.com.tr\/?post_type=product&#038;p=8741"},"modified":"2024-09-28T16:20:02","modified_gmt":"2024-09-28T13:20:02","slug":"acik-cihaz-filtre-3lu-set","status":"publish","type":"product","link":"https:\/\/zetaskimya.com.tr\/index.php\/product\/acik-cihaz-filtre-3lu-set\/","title":{"rendered":"A\u00e7\u0131k Cihaz Filtre 3&#8217;l\u00fc Set"},"content":{"rendered":"","protected":false},"excerpt":{"rendered":"","protected":false},"featured_media":8779,"comment_status":"open","ping_status":"closed","template":"","meta":[],"product_cat":[151,152,160],"product_tag":[161],"class_list":{"0":"post-8741","1":"product","2":"type-product","3":"status-publish","4":"has-post-thumbnail","6":"product_cat-ev-tipi-su-aritma","7":"product_cat-filtreler-ve-kaplar","8":"product_cat-mineral-filtreler","9":"product_tag-mineral-filtreler","12":"instock","13":"shipping-taxable","14":"purchasable","15":"product-type-simple"},"jetpack_sharing_enabled":true,"_links":{"self":[{"href":"https:\/\/zetaskimya.com.tr\/index.php\/wp-json\/wp\/v2\/product\/8741","targetHints":{"allow":["GET"]}}],"collection":[{"href":"https:\/\/zetaskimya.com.tr\/index.php\/wp-json\/wp\/v2\/product"}],"about":[{"href":"https:\/\/zetaskimya.com.tr\/index.php\/wp-json\/wp\/v2\/types\/product"}],"replies":[{"embeddable":true,"href":"https:\/\/zetaskimya.com.tr\/index.php\/wp-json\/wp\/v2\/comments?post=8741"}],"version-history":[{"count":0,"href":"https:\/\/zetaskimya.com.tr\/index.php\/wp-json\/wp\/v2\/product\/8741\/revisions"}],"wp:featuredmedia":[{"embeddable":true,"href":"https:\/\/zetaskimya.com.tr\/index.php\/wp-json\/wp\/v2\/media\/8779"}],"wp:attachment":[{"href":"https:\/\/zetaskimya.com.tr\/index.php\/wp-json\/wp\/v2\/media?parent=8741"}],"wp:term":[{"taxonomy":"product_cat","embeddable":true,"href":"https:\/\/zetaskimya.com.tr\/index.php\/wp-json\/wp\/v2\/product_cat?post=8741"},{"taxonomy":"product_tag","embeddable":true,"href":"https:\/\/zetaskimya.com.tr\/index.php\/wp-json\/wp\/v2\/product_tag?post=8741"}],"curies":[{"name":"wp","href":"https:\/\/api.w.org\/{rel}","templated":true}]}}