{"id":8809,"date":"2024-09-28T16:20:14","date_gmt":"2024-09-28T13:20:14","guid":{"rendered":"https:\/\/zetaskimya.com.tr\/?post_type=product&#038;p=8809"},"modified":"2026-03-26T23:03:44","modified_gmt":"2026-03-26T20:03:44","slug":"aqua-mini-su-aritma-sebili-4a-ks07","status":"publish","type":"product","link":"https:\/\/zetaskimya.com.tr\/index.php\/product\/aqua-mini-su-aritma-sebili-4a-ks07\/","title":{"rendered":"Aqua Mini Su Ar\u0131tma Sebili ( 4A-KS07 )"},"content":{"rendered":"<p><b>Aqua Mini Su Ar\u0131tma Sebili ( 4A-KS07 )<\/b><\/p>\n<ul>\n<li>12&#8243; HSF Inline 5 Mikron Spun ( Sediment ) Filtre<\/li>\n<li>12&#8243; HSF Inline Blok Karbon Filtre ( CTO )<\/li>\n<li>10&#8243; HND Inline Coconat Post Karbon Filtre<\/li>\n<li>80 GPD Membran \/ Kaps\u00fcl Membran<\/li>\n<li>Daewoo Kompres\u00f6r<\/li>\n<li>Otomatik Shut-Off Valf<\/li>\n<li>So\u011fuk Su Tank\u0131: 3,6 Litre<\/li>\n<li>S\u0131cak Su Tank\u0131: 1,2 Litre<\/li>\n<li>60 PSI Bas\u0131n\u00e7 D\u00fc\u015f\u00fcr\u00fcc\u00fc<\/li>\n<\/ul>\n","protected":false},"excerpt":{"rendered":"<p>Aqua Mini Su Ar\u0131tma Sebili ( 4A-KS07 ) 12&#8243; HSF Inline 5 Mikron Spun ( Sediment ) Filtre 12&#8243; HSF Inline Blok Karbon Filtre ( CTO ) 10&#8243; HND Inline Coconat Post Karbon Filtre 80 GPD Membran \/ Kaps\u00fcl Membran Daewoo Kompres\u00f6r Otomatik Shut-Off Valf So\u011fuk Su Tank\u0131: 3,6 Litre S\u0131cak Su Tank\u0131: 1,2 Litre &hellip; <a href=\"https:\/\/zetaskimya.com.tr\/index.php\/product\/aqua-mini-su-aritma-sebili-4a-ks07\/\" class=\"more-link\">Continue reading <span class=\"screen-reader-text\">Aqua Mini Su Ar\u0131tma Sebili ( 4A-KS07 )<\/span><\/a><\/p>\n","protected":false},"featured_media":8826,"comment_status":"open","ping_status":"closed","template":"","meta":[],"product_cat":[176,175,151],"product_tag":[],"class_list":{"0":"post-8809","1":"product","2":"type-product","3":"status-publish","4":"has-post-thumbnail","6":"product_cat-aritmali-su-sebili","7":"product_cat-cihazlar","8":"product_cat-ev-tipi-su-aritma","9":"pa_renk-beyaz","10":"pa_renk-siyah","13":"instock","14":"shipping-taxable","15":"purchasable","16":"product-type-variable"},"jetpack_sharing_enabled":true,"_links":{"self":[{"href":"https:\/\/zetaskimya.com.tr\/index.php\/wp-json\/wp\/v2\/product\/8809","targetHints":{"allow":["GET"]}}],"collection":[{"href":"https:\/\/zetaskimya.com.tr\/index.php\/wp-json\/wp\/v2\/product"}],"about":[{"href":"https:\/\/zetaskimya.com.tr\/index.php\/wp-json\/wp\/v2\/types\/product"}],"replies":[{"embeddable":true,"href":"https:\/\/zetaskimya.com.tr\/index.php\/wp-json\/wp\/v2\/comments?post=8809"}],"version-history":[{"count":0,"href":"https:\/\/zetaskimya.com.tr\/index.php\/wp-json\/wp\/v2\/product\/8809\/revisions"}],"wp:featuredmedia":[{"embeddable":true,"href":"https:\/\/zetaskimya.com.tr\/index.php\/wp-json\/wp\/v2\/media\/8826"}],"wp:attachment":[{"href":"https:\/\/zetaskimya.com.tr\/index.php\/wp-json\/wp\/v2\/media?parent=8809"}],"wp:term":[{"taxonomy":"product_cat","embeddable":true,"href":"https:\/\/zetaskimya.com.tr\/index.php\/wp-json\/wp\/v2\/product_cat?post=8809"},{"taxonomy":"product_tag","embeddable":true,"href":"https:\/\/zetaskimya.com.tr\/index.php\/wp-json\/wp\/v2\/product_tag?post=8809"}],"curies":[{"name":"wp","href":"https:\/\/api.w.org\/{rel}","templated":true}]}}