{"id":8847,"date":"2024-09-28T16:20:29","date_gmt":"2024-09-28T13:20:29","guid":{"rendered":"https:\/\/zetaskimya.com.tr\/?post_type=product&#038;p=8847"},"modified":"2026-05-01T07:18:27","modified_gmt":"2026-05-01T04:18:27","slug":"aquabir-6-asamali-su-aritma-cihazi","status":"publish","type":"product","link":"https:\/\/zetaskimya.com.tr\/index.php\/product\/aquabir-6-asamali-su-aritma-cihazi\/","title":{"rendered":"Aquabir 6 A\u015famal\u0131 Su Ar\u0131tma Cihaz\u0131"},"content":{"rendered":"<div class=\"col-sm-6 col-xs-12\" style=\"width: 560.263px;\">\n<p><b>Aquabir 6 A\u015famal\u0131 Pompal\u0131 Su Ar\u0131tma Cihaz\u0131<\/b><\/p>\n<ul>\n<li>10&#8243; \u015eeffaf Housing ( \u00c7ift O-Ring, NSF Companent )<\/li>\n<li>10&#8243; Beyaz Mat Housing ( \u00c7ift O-Ring, NSF Component )<\/li>\n<li>10&#8243; 5 Mikron Spun ( Sediment ) Filtre<\/li>\n<li>10&#8243; GAC Karbon Kartu\u015f Filtre ( UDF )<\/li>\n<li>10&#8243; Blok Karbon Kartu\u015f Filtre ( CTO )<\/li>\n<li>10&#8243; Inline Coconat Post Karbon Filtre<\/li>\n<li>10&#8243; Inline Mineral Filtre<\/li>\n<li>\u00a080 GPD Membran<\/li>\n<li>3.2 Galon Metal Bas\u0131n\u00e7 Denge Tank\u0131<\/li>\n<li>L\u00fcks Musluk<\/li>\n<li>24V Pompa<\/li>\n<li>60 PSI Bas\u0131n\u00e7 D\u00fc\u015f\u00fcr\u00fcc\u00fc<\/li>\n<\/ul>\n<p><b>Aquabir 6 A\u015famal\u0131 Pompal\u0131 Standl\u0131 Manometreli Su Ar\u0131tma Cihaz\u0131<\/b><\/p>\n<ul>\n<li>10&#8243; \u015eeffaf Housing ( \u00c7ift O-Ring, NSF Companent )<\/li>\n<li>10&#8243; Beyaz Mat Housing ( \u00c7ift O-Ring, NSF Component )<\/li>\n<li>10&#8243; 5 Mikron Spun ( Sediment ) Filtre<\/li>\n<li>10&#8243; GAC Karbon Kartu\u015f Filtre ( UDF )<\/li>\n<li>10&#8243; Blok Karbon Kartu\u015f Filtre ( CTO )<\/li>\n<li>10&#8243; Inline Coconat Post Karbon Filtre<\/li>\n<li>10&#8243; Inline Mineral Filtre<\/li>\n<li>80 GPD Membran<\/li>\n<li>3.2 Galon Metal Bas\u0131n\u00e7 Denge Tank\u0131<\/li>\n<li>L\u00fcks Musluk<\/li>\n<li>Manometre ( 0-10 Bar )<\/li>\n<li>24V Pompa<\/li>\n<li>60 PSI Bas\u0131n\u00e7 D\u00fc\u015f\u00fcr\u00fcc\u00fc<\/li>\n<\/ul>\n<\/div>\n<div class=\"col-sm-6 col-xs-12\" style=\"width: 560.263px;\">\n<p><b>Aquabir 6 A\u015famal\u0131 Pompas\u0131z Su Ar\u0131tma Cihaz\u0131<\/b><\/p>\n<ul>\n<li>10&#8243; \u015eeffaf Housing ( \u00c7ift O-Ring, NSF Companent )<\/li>\n<li>10&#8243; Beyaz Mat Housing ( \u00c7ift O-Ring, NSF Component )<\/li>\n<li>10&#8243; 5 Mikron Spun ( Sediment ) Filtre<\/li>\n<li>10&#8243; GAC Karbon Kartu\u015f Filtre ( UDF )<\/li>\n<li>10&#8243; Blok Karbon Kartu\u015f Filtre ( CTO )<\/li>\n<li>10&#8243; Inline Coconat Post Karbon Filtre<\/li>\n<li>10&#8243; Inline Mineral Filtre<\/li>\n<li>80 GPD Membran<\/li>\n<li>3.2 Galon Metal Bas\u0131n\u00e7 Denge Tank\u0131<\/li>\n<li>L\u00fcks Musluk<\/li>\n<li>60 PSI Bas\u0131n\u00e7 D\u00fc\u015f\u00fcr\u00fcc\u00fc<\/li>\n<\/ul>\n<p><b>Aquabir 6 A\u015famal\u0131 Pompas\u0131z Standl\u0131 Manometreli Su Ar\u0131tma Cihaz\u0131<\/b><\/p>\n<\/div>\n<div class=\"col-sm-6 col-xs-12\" style=\"width: 560.263px;\">\n<ul>\n<li>10&#8243; \u015eeffaf Housing ( \u00c7ift O-Ring, NSF Companent )<\/li>\n<li>10&#8243; Beyaz Mat Housing ( \u00c7ift O-Ring, NSF Component )<\/li>\n<li>10&#8243; 5 Mikron Spun ( Sediment ) Filtre<\/li>\n<li>10&#8243; GAC Karbon Kartu\u015f Filtre ( UDF )<\/li>\n<li>10&#8243; Blok Karbon Kartu\u015f Filtre ( CTO )<\/li>\n<li>10&#8243; Inline Coconat Post Karbon Filtre<\/li>\n<li>10&#8243; Inline Mineral Filtre<\/li>\n<li>80 GPD Membran<\/li>\n<li>3.2 Galon Metal Bas\u0131n\u00e7 Denge Tank\u0131<\/li>\n<li>L\u00fcks Musluk<\/li>\n<li>Manometre ( 0-10 Bar )<\/li>\n<li>60 PSI Bas\u0131n\u00e7 D\u00fc\u015f\u00fcr\u00fcc\u00fc<\/li>\n<\/ul>\n<\/div>\n","protected":false},"excerpt":{"rendered":"<p>Aquabir 6 A\u015famal\u0131 Pompal\u0131 Su Ar\u0131tma Cihaz\u0131 10&#8243; \u015eeffaf Housing ( \u00c7ift O-Ring, NSF Companent ) 10&#8243; Beyaz Mat Housing ( \u00c7ift O-Ring, NSF Component ) 10&#8243; 5 Mikron Spun ( Sediment ) Filtre 10&#8243; GAC Karbon Kartu\u015f Filtre ( UDF ) 10&#8243; Blok Karbon Kartu\u015f Filtre ( CTO ) 10&#8243; Inline Coconat Post Karbon &hellip; <a href=\"https:\/\/zetaskimya.com.tr\/index.php\/product\/aquabir-6-asamali-su-aritma-cihazi\/\" class=\"more-link\">Continue reading <span class=\"screen-reader-text\">Aquabir 6 A\u015famal\u0131 Su Ar\u0131tma Cihaz\u0131<\/span><\/a><\/p>\n","protected":false},"featured_media":8870,"comment_status":"open","ping_status":"closed","template":"","meta":[],"product_cat":[180,175,151],"product_tag":[182],"class_list":{"0":"post-8847","1":"product","2":"type-product","3":"status-publish","4":"has-post-thumbnail","6":"product_cat-acik-kasa-su-aritma","7":"product_cat-cihazlar","8":"product_cat-ev-tipi-su-aritma","9":"product_tag-acik-kasa-su-aritma","10":"pa_ozellik-pompali","11":"pa_ozellik-pompali-standli-ve-manametreli","12":"pa_ozellik-pompasiz","13":"pa_ozellik-pompasiz-standli-ve-manametreli","16":"instock","17":"shipping-taxable","18":"purchasable","19":"product-type-variable"},"jetpack_sharing_enabled":true,"_links":{"self":[{"href":"https:\/\/zetaskimya.com.tr\/index.php\/wp-json\/wp\/v2\/product\/8847","targetHints":{"allow":["GET"]}}],"collection":[{"href":"https:\/\/zetaskimya.com.tr\/index.php\/wp-json\/wp\/v2\/product"}],"about":[{"href":"https:\/\/zetaskimya.com.tr\/index.php\/wp-json\/wp\/v2\/types\/product"}],"replies":[{"embeddable":true,"href":"https:\/\/zetaskimya.com.tr\/index.php\/wp-json\/wp\/v2\/comments?post=8847"}],"version-history":[{"count":0,"href":"https:\/\/zetaskimya.com.tr\/index.php\/wp-json\/wp\/v2\/product\/8847\/revisions"}],"wp:featuredmedia":[{"embeddable":true,"href":"https:\/\/zetaskimya.com.tr\/index.php\/wp-json\/wp\/v2\/media\/8870"}],"wp:attachment":[{"href":"https:\/\/zetaskimya.com.tr\/index.php\/wp-json\/wp\/v2\/media?parent=8847"}],"wp:term":[{"taxonomy":"product_cat","embeddable":true,"href":"https:\/\/zetaskimya.com.tr\/index.php\/wp-json\/wp\/v2\/product_cat?post=8847"},{"taxonomy":"product_tag","embeddable":true,"href":"https:\/\/zetaskimya.com.tr\/index.php\/wp-json\/wp\/v2\/product_tag?post=8847"}],"curies":[{"name":"wp","href":"https:\/\/api.w.org\/{rel}","templated":true}]}}