{"id":8858,"date":"2024-09-28T16:20:30","date_gmt":"2024-09-28T13:20:30","guid":{"rendered":"https:\/\/zetaskimya.com.tr\/?post_type=product&#038;p=8858"},"modified":"2026-03-26T23:06:31","modified_gmt":"2026-03-26T20:06:31","slug":"aquabir-mini-aritmali-su-sebili","status":"publish","type":"product","link":"https:\/\/zetaskimya.com.tr\/index.php\/product\/aquabir-mini-aritmali-su-sebili\/","title":{"rendered":"Aquabir Mini Ar\u0131tmal\u0131 Su Sebili"},"content":{"rendered":"<div class=\"col-sm-6 col-xs-12\">\n<p><b>Aquabir Mini Ar\u0131tmal\u0131 Su Sebili Pompal\u0131 ( CS07 )<\/b><\/p>\n<ul>\n<li>12&#8243; Inline HND Mikron Spun Filtre<\/li>\n<li>12&#8243; Inline HND Blok Coconat Karbon Filtre<\/li>\n<li>10&#8243; Inline Coconat Post Karbon Filtre<\/li>\n<li>80 GPD Membran<\/li>\n<li>Shut-Off Valve<\/li>\n<li>Is\u0131tma Kapasitesi 5L\/h<\/li>\n<li>So\u011futma Kapasitesi 2L\/h<\/li>\n<li>2,7 Litre So\u011fuk Tank Kapasitesi<\/li>\n<li>1,0 Litre S\u0131cak Su Tank Kapasitesi<\/li>\n<li>60 PSI Bas\u0131n\u00e7 D\u00fc\u015f\u00fcr\u00fcc\u00fc<\/li>\n<li>24V Pompa<\/li>\n<\/ul>\n<p style=\"text-align: center;\">\u00a0 \u00a0 \u00a0 \u00a0 \u00a0 \u00a0 \u00a0 \u00a0 \u00a0 \u00a0 \u00a0 \u00a0 \u00a0 \u00a0 \u00a0 \u00a0 \u00a0 \u00a0 \u00a0 \u00a0 \u00a0 \u00a0 \u00a0 \u00a0 \u00a0 \u00a0 \u00a0 \u00a0 \u00a0 \u00a0 \u00a0 \u00a0 \u00a0 \u00a0 \u00a0 \u00a0 \u00a0 \u00a0 \u00a0 \u00a0 \u00a0 \u00a0 \u00a0 \u00a0 \u00a0 \u00a0 \u00a0 \u00a0 \u00a0 \u00a0 \u00a0 \u00a0 \u00a0 Not: 5. A\u015fama opsiyoneldir.<\/p>\n<\/div>\n<div class=\"col-sm-6 col-xs-12\">\n<p><b>Aquabir Mini Ar\u0131tmal\u0131 Su Sebili Pompas\u0131z ( CS07 )<\/b><\/p>\n<ul>\n<li>12&#8243; Inline HND Mikron Spun Filtre<\/li>\n<li>12&#8243; Inline HND Blok Coconat Karbon Filtre<\/li>\n<li>10&#8243; Inline Coconat Post Karbon Filtre<\/li>\n<li>80 GPD Membran<\/li>\n<li>Shut-Off Valve<\/li>\n<li>Is\u0131tma Kapasitesi 5L\/h<\/li>\n<li>So\u011futma Kapasitesi 2L\/h<\/li>\n<li>2,7 Litre So\u011fuk Tank Kapasitesi<\/li>\n<li>1,0 Litre S\u0131cak Su Tank Kapasitesi<\/li>\n<li>60 PSI Bas\u0131n\u00e7 D\u00fc\u015f\u00fcr\u00fcc\u00fc<\/li>\n<\/ul>\n<\/div>\n","protected":false},"excerpt":{"rendered":"<p>Aquabir Mini Ar\u0131tmal\u0131 Su Sebili Pompal\u0131 ( CS07 ) 12&#8243; Inline HND Mikron Spun Filtre 12&#8243; Inline HND Blok Coconat Karbon Filtre 10&#8243; Inline Coconat Post Karbon Filtre 80 GPD Membran Shut-Off Valve Is\u0131tma Kapasitesi 5L\/h So\u011futma Kapasitesi 2L\/h 2,7 Litre So\u011fuk Tank Kapasitesi 1,0 Litre S\u0131cak Su Tank Kapasitesi 60 PSI Bas\u0131n\u00e7 D\u00fc\u015f\u00fcr\u00fcc\u00fc 24V &hellip; <a href=\"https:\/\/zetaskimya.com.tr\/index.php\/product\/aquabir-mini-aritmali-su-sebili\/\" class=\"more-link\">Continue reading <span class=\"screen-reader-text\">Aquabir Mini Ar\u0131tmal\u0131 Su Sebili<\/span><\/a><\/p>\n","protected":false},"featured_media":8881,"comment_status":"open","ping_status":"closed","template":"","meta":[],"product_cat":[176,175,151],"product_tag":[],"class_list":{"0":"post-8858","1":"product","2":"type-product","3":"status-publish","4":"has-post-thumbnail","6":"product_cat-aritmali-su-sebili","7":"product_cat-cihazlar","8":"product_cat-ev-tipi-su-aritma","9":"pa_ozellik-pompali","10":"pa_ozellik-pompasiz","13":"instock","14":"shipping-taxable","15":"purchasable","16":"product-type-variable"},"jetpack_sharing_enabled":true,"_links":{"self":[{"href":"https:\/\/zetaskimya.com.tr\/index.php\/wp-json\/wp\/v2\/product\/8858","targetHints":{"allow":["GET"]}}],"collection":[{"href":"https:\/\/zetaskimya.com.tr\/index.php\/wp-json\/wp\/v2\/product"}],"about":[{"href":"https:\/\/zetaskimya.com.tr\/index.php\/wp-json\/wp\/v2\/types\/product"}],"replies":[{"embeddable":true,"href":"https:\/\/zetaskimya.com.tr\/index.php\/wp-json\/wp\/v2\/comments?post=8858"}],"version-history":[{"count":0,"href":"https:\/\/zetaskimya.com.tr\/index.php\/wp-json\/wp\/v2\/product\/8858\/revisions"}],"wp:featuredmedia":[{"embeddable":true,"href":"https:\/\/zetaskimya.com.tr\/index.php\/wp-json\/wp\/v2\/media\/8881"}],"wp:attachment":[{"href":"https:\/\/zetaskimya.com.tr\/index.php\/wp-json\/wp\/v2\/media?parent=8858"}],"wp:term":[{"taxonomy":"product_cat","embeddable":true,"href":"https:\/\/zetaskimya.com.tr\/index.php\/wp-json\/wp\/v2\/product_cat?post=8858"},{"taxonomy":"product_tag","embeddable":true,"href":"https:\/\/zetaskimya.com.tr\/index.php\/wp-json\/wp\/v2\/product_tag?post=8858"}],"curies":[{"name":"wp","href":"https:\/\/api.w.org\/{rel}","templated":true}]}}