{"id":8861,"date":"2024-09-28T16:20:32","date_gmt":"2024-09-28T13:20:32","guid":{"rendered":"https:\/\/zetaskimya.com.tr\/?post_type=product&#038;p=8861"},"modified":"2024-09-28T16:20:57","modified_gmt":"2024-09-28T13:20:57","slug":"aqualine-big-blue","status":"publish","type":"product","link":"https:\/\/zetaskimya.com.tr\/index.php\/product\/aqualine-big-blue\/","title":{"rendered":"Aqualine Big Blue"},"content":{"rendered":"<p><b><strong>Aqualine Big Blue<\/strong><\/b><\/p>\n<p>Evsel su ar\u0131tma filtrelerinden olan Aqualine Big Blue su ar\u0131tma cihazlar\u0131nda kullan\u0131lmaktad\u0131r. Suda bulunan kir, \u00e7amur vb partik\u00fclleri hapsederek sudaki bulan\u0131kl\u0131\u011f\u0131 al\u0131r. B\u00f6ylece suyun renginin berrakla\u015ft\u0131r\u0131lmas\u0131n\u0131 sa\u011flayarak bir sonraki kademe i\u00e7in suyu ar\u0131nd\u0131r\u0131r.<\/p>\n<p>\u00c7e\u015fitli model ve ihtiyaca uygun \u00e7ap \u00f6l\u00e7\u00fcleriyle Aqualine Big Blue, g\u00fcvenilir su ar\u0131tma filtreleri aras\u0131nda g\u00f6sterilmektedir.<\/p>\n","protected":false},"excerpt":{"rendered":"<p>Aqualine Big Blue Evsel su ar\u0131tma filtrelerinden olan Aqualine Big Blue su ar\u0131tma cihazlar\u0131nda kullan\u0131lmaktad\u0131r. Suda bulunan kir, \u00e7amur vb partik\u00fclleri hapsederek sudaki bulan\u0131kl\u0131\u011f\u0131 al\u0131r. B\u00f6ylece suyun renginin berrakla\u015ft\u0131r\u0131lmas\u0131n\u0131 sa\u011flayarak bir sonraki kademe i\u00e7in suyu ar\u0131nd\u0131r\u0131r. \u00c7e\u015fitli model ve ihtiyaca uygun \u00e7ap \u00f6l\u00e7\u00fcleriyle Aqualine Big Blue, g\u00fcvenilir su ar\u0131tma filtreleri aras\u0131nda g\u00f6sterilmektedir.<\/p>\n","protected":false},"featured_media":8883,"comment_status":"open","ping_status":"closed","template":"","meta":[],"product_cat":[179],"product_tag":[],"class_list":{"0":"post-8861","1":"product","2":"type-product","3":"status-publish","4":"has-post-thumbnail","6":"product_cat-tum-urunler","7":"pa_aqualine-filtreler-aqualine-big-blue","8":"pa_aqualine-model-bb-karbon-cto","9":"pa_aqualine-model-bb-karbon-gac","10":"pa_aqualine-model-bb-spun","11":"pa_cihaz-baglanti-caplari-inch-353","12":"pa_cihaz-baglanti-caplari-inch-354","15":"instock","16":"sale","17":"shipping-taxable","18":"purchasable","19":"product-type-variable"},"jetpack_sharing_enabled":true,"_links":{"self":[{"href":"https:\/\/zetaskimya.com.tr\/index.php\/wp-json\/wp\/v2\/product\/8861","targetHints":{"allow":["GET"]}}],"collection":[{"href":"https:\/\/zetaskimya.com.tr\/index.php\/wp-json\/wp\/v2\/product"}],"about":[{"href":"https:\/\/zetaskimya.com.tr\/index.php\/wp-json\/wp\/v2\/types\/product"}],"replies":[{"embeddable":true,"href":"https:\/\/zetaskimya.com.tr\/index.php\/wp-json\/wp\/v2\/comments?post=8861"}],"version-history":[{"count":0,"href":"https:\/\/zetaskimya.com.tr\/index.php\/wp-json\/wp\/v2\/product\/8861\/revisions"}],"wp:featuredmedia":[{"embeddable":true,"href":"https:\/\/zetaskimya.com.tr\/index.php\/wp-json\/wp\/v2\/media\/8883"}],"wp:attachment":[{"href":"https:\/\/zetaskimya.com.tr\/index.php\/wp-json\/wp\/v2\/media?parent=8861"}],"wp:term":[{"taxonomy":"product_cat","embeddable":true,"href":"https:\/\/zetaskimya.com.tr\/index.php\/wp-json\/wp\/v2\/product_cat?post=8861"},{"taxonomy":"product_tag","embeddable":true,"href":"https:\/\/zetaskimya.com.tr\/index.php\/wp-json\/wp\/v2\/product_tag?post=8861"}],"curies":[{"name":"wp","href":"https:\/\/api.w.org\/{rel}","templated":true}]}}