{"id":8888,"date":"2024-09-28T16:20:46","date_gmt":"2024-09-28T13:20:46","guid":{"rendered":"https:\/\/zetaskimya.com.tr\/?post_type=product&#038;p=8888"},"modified":"2026-05-01T07:19:43","modified_gmt":"2026-05-01T04:19:43","slug":"aqualine-endkapli-spun-filtre","status":"publish","type":"product","link":"https:\/\/zetaskimya.com.tr\/index.php\/product\/aqualine-endkapli-spun-filtre\/","title":{"rendered":"Aqualine Endkapl\u0131 Spun Filtre"},"content":{"rendered":"<p><strong>Aqualine Endkapl\u0131 Spun Filtre<\/strong><\/p>\n<p>Aqualine Endkapl\u0131 Spun Filtre, ayr\u0131\u015ft\u0131r\u0131lmam\u0131\u015f suda yer alan kat\u0131 maddeleri, tortuyu, partik\u00fclleri ve kumu filtreleyerek suyu kullan\u0131labilir hale getirmek ile g\u00f6revlidir. Geli\u015fmi\u015f filtrelizasyon ile ka\u00e7aklara imk\u00e2n tan\u0131mayan Aqualine Endkapl\u0131 Spun Filtre, belirli aral\u0131klar ile yenilenmelidir. Bu s\u00fcre kullan\u0131ma ba\u011fl\u0131 olarak 4-12 ay aras\u0131nda de\u011fi\u015fmektedir. \u00c7e\u015fitli model ve ihtiyaca uygun \u00e7ap \u00f6l\u00e7\u00fcleri bulunmaktad\u0131r.<\/p>\n","protected":false},"excerpt":{"rendered":"<p>Aqualine Endkapl\u0131 Spun Filtre Aqualine Endkapl\u0131 Spun Filtre, ayr\u0131\u015ft\u0131r\u0131lmam\u0131\u015f suda yer alan kat\u0131 maddeleri, tortuyu, partik\u00fclleri ve kumu filtreleyerek suyu kullan\u0131labilir hale getirmek ile g\u00f6revlidir. Geli\u015fmi\u015f filtrelizasyon ile ka\u00e7aklara imk\u00e2n tan\u0131mayan Aqualine Endkapl\u0131 Spun Filtre, belirli aral\u0131klar ile yenilenmelidir. Bu s\u00fcre kullan\u0131ma ba\u011fl\u0131 olarak 4-12 ay aras\u0131nda de\u011fi\u015fmektedir. \u00c7e\u015fitli model ve ihtiyaca uygun \u00e7ap \u00f6l\u00e7\u00fcleri &hellip; <a href=\"https:\/\/zetaskimya.com.tr\/index.php\/product\/aqualine-endkapli-spun-filtre\/\" class=\"more-link\">Continue reading <span class=\"screen-reader-text\">Aqualine Endkapl\u0131 Spun Filtre<\/span><\/a><\/p>\n","protected":false},"featured_media":8916,"comment_status":"open","ping_status":"closed","template":"","meta":[],"product_cat":[171,186],"product_tag":[187],"class_list":{"0":"post-8888","1":"product","2":"type-product","3":"status-publish","4":"has-post-thumbnail","6":"product_cat-sanayi-tipi-su-aritma","7":"product_cat-su-aritma-ekipmanlari","8":"product_tag-su-aritma-ekipmanlari","9":"pa_aqualine-filtreler-aqualine-endkapli-spun-filtre","10":"pa_aqualine-model-1-5-10-25-mikron","11":"pa_cihaz-baglanti-caplari-inch-353","12":"pa_cihaz-baglanti-caplari-inch-354","13":"pa_cihaz-baglanti-caplari-inch-359","14":"pa_cihaz-baglanti-caplari-inch-360","17":"instock","18":"shipping-taxable","19":"purchasable","20":"product-type-variable","21":"has-default-attributes"},"jetpack_sharing_enabled":true,"_links":{"self":[{"href":"https:\/\/zetaskimya.com.tr\/index.php\/wp-json\/wp\/v2\/product\/8888","targetHints":{"allow":["GET"]}}],"collection":[{"href":"https:\/\/zetaskimya.com.tr\/index.php\/wp-json\/wp\/v2\/product"}],"about":[{"href":"https:\/\/zetaskimya.com.tr\/index.php\/wp-json\/wp\/v2\/types\/product"}],"replies":[{"embeddable":true,"href":"https:\/\/zetaskimya.com.tr\/index.php\/wp-json\/wp\/v2\/comments?post=8888"}],"version-history":[{"count":0,"href":"https:\/\/zetaskimya.com.tr\/index.php\/wp-json\/wp\/v2\/product\/8888\/revisions"}],"wp:featuredmedia":[{"embeddable":true,"href":"https:\/\/zetaskimya.com.tr\/index.php\/wp-json\/wp\/v2\/media\/8916"}],"wp:attachment":[{"href":"https:\/\/zetaskimya.com.tr\/index.php\/wp-json\/wp\/v2\/media?parent=8888"}],"wp:term":[{"taxonomy":"product_cat","embeddable":true,"href":"https:\/\/zetaskimya.com.tr\/index.php\/wp-json\/wp\/v2\/product_cat?post=8888"},{"taxonomy":"product_tag","embeddable":true,"href":"https:\/\/zetaskimya.com.tr\/index.php\/wp-json\/wp\/v2\/product_tag?post=8888"}],"curies":[{"name":"wp","href":"https:\/\/api.w.org\/{rel}","templated":true}]}}