{"id":8893,"date":"2024-09-28T16:20:46","date_gmt":"2024-09-28T13:20:46","guid":{"rendered":"https:\/\/zetaskimya.com.tr\/?post_type=product&#038;p=8893"},"modified":"2026-03-26T23:07:59","modified_gmt":"2026-03-26T20:07:59","slug":"aqualine-housing","status":"publish","type":"product","link":"https:\/\/zetaskimya.com.tr\/index.php\/product\/aqualine-housing\/","title":{"rendered":"Aqualine Housing"},"content":{"rendered":"<p><b><strong>Aqualine Housing<\/strong><\/b><\/p>\n<p>Aqualine Housing, isminden de anla\u015f\u0131laca\u011f\u0131 \u00fczere bir \u00e7e\u015fit ev, yuva g\u00f6revi g\u00f6rmektedir. Filtre kaplar\u0131 olarak da anlamland\u0131rabilece\u011fimiz Aqualine Housing, filtrelerin konuldu\u011fu kap olarak kullan\u0131l\u0131r ve temiz suya ula\u015fman\u0131n en g\u00fcvenilir y\u00f6ntemidir. Housing\u2019i di\u011fer filtrelerden ay\u0131ran en temel \u00f6zellik, her filtrenin sisteme uygun olmamas\u0131d\u0131r. Bundan dolay\u0131 Housing\u2019li sistemlere uygun filtre almaya \u00f6nem g\u00f6stermelisiniz.<\/p>\n<div><\/div>\n","protected":false},"excerpt":{"rendered":"<p>Aqualine Housing Aqualine Housing, isminden de anla\u015f\u0131laca\u011f\u0131 \u00fczere bir \u00e7e\u015fit ev, yuva g\u00f6revi g\u00f6rmektedir. Filtre kaplar\u0131 olarak da anlamland\u0131rabilece\u011fimiz Aqualine Housing, filtrelerin konuldu\u011fu kap olarak kullan\u0131l\u0131r ve temiz suya ula\u015fman\u0131n en g\u00fcvenilir y\u00f6ntemidir. Housing\u2019i di\u011fer filtrelerden ay\u0131ran en temel \u00f6zellik, her filtrenin sisteme uygun olmamas\u0131d\u0131r. Bundan dolay\u0131 Housing\u2019li sistemlere uygun filtre almaya \u00f6nem g\u00f6stermelisiniz.<\/p>\n","protected":false},"featured_media":8918,"comment_status":"open","ping_status":"closed","template":"","meta":[],"product_cat":[171,186],"product_tag":[],"class_list":{"0":"post-8893","1":"product","2":"type-product","3":"status-publish","4":"has-post-thumbnail","6":"product_cat-sanayi-tipi-su-aritma","7":"product_cat-su-aritma-ekipmanlari","8":"pa_aqualine-model-big-blue-mat-housing","9":"pa_cihaz-baglanti-caplari-inch-10-1","10":"pa_cihaz-baglanti-caplari-inch-20-1","13":"instock","14":"shipping-taxable","15":"purchasable","16":"product-type-variable"},"jetpack_sharing_enabled":true,"_links":{"self":[{"href":"https:\/\/zetaskimya.com.tr\/index.php\/wp-json\/wp\/v2\/product\/8893","targetHints":{"allow":["GET"]}}],"collection":[{"href":"https:\/\/zetaskimya.com.tr\/index.php\/wp-json\/wp\/v2\/product"}],"about":[{"href":"https:\/\/zetaskimya.com.tr\/index.php\/wp-json\/wp\/v2\/types\/product"}],"replies":[{"embeddable":true,"href":"https:\/\/zetaskimya.com.tr\/index.php\/wp-json\/wp\/v2\/comments?post=8893"}],"version-history":[{"count":0,"href":"https:\/\/zetaskimya.com.tr\/index.php\/wp-json\/wp\/v2\/product\/8893\/revisions"}],"wp:featuredmedia":[{"embeddable":true,"href":"https:\/\/zetaskimya.com.tr\/index.php\/wp-json\/wp\/v2\/media\/8918"}],"wp:attachment":[{"href":"https:\/\/zetaskimya.com.tr\/index.php\/wp-json\/wp\/v2\/media?parent=8893"}],"wp:term":[{"taxonomy":"product_cat","embeddable":true,"href":"https:\/\/zetaskimya.com.tr\/index.php\/wp-json\/wp\/v2\/product_cat?post=8893"},{"taxonomy":"product_tag","embeddable":true,"href":"https:\/\/zetaskimya.com.tr\/index.php\/wp-json\/wp\/v2\/product_tag?post=8893"}],"curies":[{"name":"wp","href":"https:\/\/api.w.org\/{rel}","templated":true}]}}