{"id":8896,"date":"2024-09-28T16:20:47","date_gmt":"2024-09-28T13:20:47","guid":{"rendered":"https:\/\/zetaskimya.com.tr\/?post_type=product&#038;p=8896"},"modified":"2026-04-27T18:30:26","modified_gmt":"2026-04-27T15:30:26","slug":"aqualine-iplik-filtreler","status":"publish","type":"product","link":"https:\/\/zetaskimya.com.tr\/index.php\/product\/aqualine-iplik-filtreler\/","title":{"rendered":"Aqualine \u0130plik Filtreler"},"content":{"rendered":"<p><strong>Aqualine \u0130plik Filtreler<\/strong><\/p>\n<p>Aqualine \u0130plik Filtre, tortu filtrasyonunda kullan\u0131l\u0131r. \u0130plik filtreler 100% poliproplen oldu\u011fundan dolay\u0131 sa\u011fl\u0131kl\u0131d\u0131r ve tutarl\u0131l\u0131k verimi de olduk\u00e7a y\u00fcksektir. Evlerde ve end\u00fcstriyel alanlarda kullan\u0131lan Aqualine \u0130plik Filtre ba\u011flant\u0131 \u00e7ap\u0131na g\u00f6re sipari\u015f verilmelidir. \u00c7e\u015fitli model ve ihtiyaca uygun \u00e7ap \u00f6l\u00e7\u00fcleri bulunmaktad\u0131r.<\/p>\n<div><\/div>\n","protected":false},"excerpt":{"rendered":"<p>Aqualine \u0130plik Filtreler Aqualine \u0130plik Filtre, tortu filtrasyonunda kullan\u0131l\u0131r. \u0130plik filtreler 100% poliproplen oldu\u011fundan dolay\u0131 sa\u011fl\u0131kl\u0131d\u0131r ve tutarl\u0131l\u0131k verimi de olduk\u00e7a y\u00fcksektir. Evlerde ve end\u00fcstriyel alanlarda kullan\u0131lan Aqualine \u0130plik Filtre ba\u011flant\u0131 \u00e7ap\u0131na g\u00f6re sipari\u015f verilmelidir. \u00c7e\u015fitli model ve ihtiyaca uygun \u00e7ap \u00f6l\u00e7\u00fcleri bulunmaktad\u0131r.<\/p>\n","protected":false},"featured_media":8920,"comment_status":"open","ping_status":"closed","template":"","meta":[],"product_cat":[171,186],"product_tag":[187],"class_list":{"0":"post-8896","1":"product","2":"type-product","3":"status-publish","4":"has-post-thumbnail","6":"product_cat-sanayi-tipi-su-aritma","7":"product_cat-su-aritma-ekipmanlari","8":"product_tag-su-aritma-ekipmanlari","9":"pa_aqualine-filtreler-aqualine-iplik-filtre","10":"pa_aqualine-model-1-5-10-25-mikron","11":"pa_cihaz-baglanti-caplari-inch-353","12":"pa_cihaz-baglanti-caplari-inch-354","13":"pa_cihaz-baglanti-caplari-inch-359","14":"pa_cihaz-baglanti-caplari-inch-360","17":"instock","18":"shipping-taxable","19":"purchasable","20":"product-type-variable"},"jetpack_sharing_enabled":true,"_links":{"self":[{"href":"https:\/\/zetaskimya.com.tr\/index.php\/wp-json\/wp\/v2\/product\/8896","targetHints":{"allow":["GET"]}}],"collection":[{"href":"https:\/\/zetaskimya.com.tr\/index.php\/wp-json\/wp\/v2\/product"}],"about":[{"href":"https:\/\/zetaskimya.com.tr\/index.php\/wp-json\/wp\/v2\/types\/product"}],"replies":[{"embeddable":true,"href":"https:\/\/zetaskimya.com.tr\/index.php\/wp-json\/wp\/v2\/comments?post=8896"}],"version-history":[{"count":0,"href":"https:\/\/zetaskimya.com.tr\/index.php\/wp-json\/wp\/v2\/product\/8896\/revisions"}],"wp:featuredmedia":[{"embeddable":true,"href":"https:\/\/zetaskimya.com.tr\/index.php\/wp-json\/wp\/v2\/media\/8920"}],"wp:attachment":[{"href":"https:\/\/zetaskimya.com.tr\/index.php\/wp-json\/wp\/v2\/media?parent=8896"}],"wp:term":[{"taxonomy":"product_cat","embeddable":true,"href":"https:\/\/zetaskimya.com.tr\/index.php\/wp-json\/wp\/v2\/product_cat?post=8896"},{"taxonomy":"product_tag","embeddable":true,"href":"https:\/\/zetaskimya.com.tr\/index.php\/wp-json\/wp\/v2\/product_tag?post=8896"}],"curies":[{"name":"wp","href":"https:\/\/api.w.org\/{rel}","templated":true}]}}