{"id":8903,"date":"2024-09-28T16:20:47","date_gmt":"2024-09-28T13:20:47","guid":{"rendered":"https:\/\/zetaskimya.com.tr\/?post_type=product&#038;p=8903"},"modified":"2026-03-26T23:15:50","modified_gmt":"2026-03-26T20:15:50","slug":"torba-filtre","status":"publish","type":"product","link":"https:\/\/zetaskimya.com.tr\/index.php\/product\/torba-filtre\/","title":{"rendered":"Torba Filtre"},"content":{"rendered":"<p>2&#8243; (DN50) Ba\u011flant\u0131 &#8211; 10 m3\u00a0\/ saat kapasiteli &#8211; 400*420*1180 boyut (mm) &#8211; 18 kg a\u011f\u0131rl\u0131k<\/p>\n<p><b>Max \u00c7al\u0131\u015fma Bas\u0131nc\u0131:<\/b>\u00a05 Bar<\/p>\n<p><b>Filtrasyon Aral\u0131\u011f\u0131:<\/b>\u00a01-200 mikron<\/p>\n<p><b>Not:<\/b>\u00a0Fiyatlara torba filtre dahil de\u011fildir. Torba filtre debileri 5-10 mikron filtreler i\u00e7in yaz\u0131lm\u0131\u015ft\u0131r<\/p>\n","protected":false},"excerpt":{"rendered":"<p>2&#8243; (DN50) Ba\u011flant\u0131 &#8211; 10 m3\u00a0\/ saat kapasiteli &#8211; 400*420*1180 boyut (mm) &#8211; 18 kg a\u011f\u0131rl\u0131k<\/p>\n<p><b>Max \u00c7al\u0131\u015fma Bas\u0131nc\u0131:<\/b>\u00a05 Bar<\/p>\n<p><b>Filtrasyon Aral\u0131\u011f\u0131:<\/b>\u00a01-200 mikron<\/p>\n<p><b>Not:<\/b>\u00a0Fiyatlara torba filtre dahil de\u011fildir. Torba filtre debileri 5-10 mikron filtreler i\u00e7in yaz\u0131lm\u0131\u015ft\u0131r<\/p>\n","protected":false},"featured_media":8926,"comment_status":"open","ping_status":"closed","template":"","meta":[],"product_cat":[191,171,192],"product_tag":[193],"class_list":{"0":"post-8903","1":"product","2":"type-product","3":"status-publish","4":"has-post-thumbnail","6":"product_cat-filtrasyon-sistemleri","7":"product_cat-sanayi-tipi-su-aritma","8":"product_cat-torba-filtre-ve-cihazlari","9":"product_tag-torba-filtre-ve-cihazlari","12":"instock","13":"shipping-taxable","14":"purchasable","15":"product-type-simple"},"jetpack_sharing_enabled":true,"_links":{"self":[{"href":"https:\/\/zetaskimya.com.tr\/index.php\/wp-json\/wp\/v2\/product\/8903","targetHints":{"allow":["GET"]}}],"collection":[{"href":"https:\/\/zetaskimya.com.tr\/index.php\/wp-json\/wp\/v2\/product"}],"about":[{"href":"https:\/\/zetaskimya.com.tr\/index.php\/wp-json\/wp\/v2\/types\/product"}],"replies":[{"embeddable":true,"href":"https:\/\/zetaskimya.com.tr\/index.php\/wp-json\/wp\/v2\/comments?post=8903"}],"version-history":[{"count":0,"href":"https:\/\/zetaskimya.com.tr\/index.php\/wp-json\/wp\/v2\/product\/8903\/revisions"}],"wp:featuredmedia":[{"embeddable":true,"href":"https:\/\/zetaskimya.com.tr\/index.php\/wp-json\/wp\/v2\/media\/8926"}],"wp:attachment":[{"href":"https:\/\/zetaskimya.com.tr\/index.php\/wp-json\/wp\/v2\/media?parent=8903"}],"wp:term":[{"taxonomy":"product_cat","embeddable":true,"href":"https:\/\/zetaskimya.com.tr\/index.php\/wp-json\/wp\/v2\/product_cat?post=8903"},{"taxonomy":"product_tag","embeddable":true,"href":"https:\/\/zetaskimya.com.tr\/index.php\/wp-json\/wp\/v2\/product_tag?post=8903"}],"curies":[{"name":"wp","href":"https:\/\/api.w.org\/{rel}","templated":true}]}}