{"id":8998,"date":"2024-09-28T16:21:13","date_gmt":"2024-09-28T13:21:13","guid":{"rendered":"https:\/\/zetaskimya.com.tr\/?post_type=product&#038;p=8998"},"modified":"2026-04-20T04:08:56","modified_gmt":"2026-04-20T01:08:56","slug":"caritas-paslanmaz-okul-tipi-su-sebili","status":"publish","type":"product","link":"https:\/\/zetaskimya.com.tr\/index.php\/product\/caritas-paslanmaz-okul-tipi-su-sebili\/","title":{"rendered":"Caritas Paslanmaz Okul Tipi Su Sebili"},"content":{"rendered":"<p><b>Caritas Paslanmaz Okul Tipi Su Sebili<\/b><\/p>\n<ul>\n<li>12&#8243; Inline 5 Mikron Spun Filtre<\/li>\n<li>12&#8243; Inline GAC Coconat Karbon Filtre<\/li>\n<li>12&#8243; Inline Blok Coconat Karbon Filtre<\/li>\n<li>10&#8243; Inline Coconat Post Karbon Filtre<\/li>\n<li>80 GPD PALLAS Membran<\/li>\n<li>So\u011fuk Su Tank Kapasitesi 2,5 Litre<\/li>\n<li>So\u011fuk ve Normal Musluk<\/li>\n<li>Harici Tank 2,2 Galon<\/li>\n<li>Paslanmaz g\u00f6vde<\/li>\n<li>24V Pompa<\/li>\n<\/ul>\n","protected":false},"excerpt":{"rendered":"<p>Caritas Paslanmaz Okul Tipi Su Sebili 12&#8243; Inline 5 Mikron Spun Filtre 12&#8243; Inline GAC Coconat Karbon Filtre 12&#8243; Inline Blok Coconat Karbon Filtre 10&#8243; Inline Coconat Post Karbon Filtre 80 GPD PALLAS Membran So\u011fuk Su Tank Kapasitesi 2,5 Litre So\u011fuk ve Normal Musluk Harici Tank 2,2 Galon Paslanmaz g\u00f6vde 24V Pompa<\/p>\n","protected":false},"featured_media":9014,"comment_status":"open","ping_status":"closed","template":"","meta":[],"product_cat":[176,175,151],"product_tag":[],"class_list":{"0":"post-8998","1":"product","2":"type-product","3":"status-publish","4":"has-post-thumbnail","6":"product_cat-aritmali-su-sebili","7":"product_cat-cihazlar","8":"product_cat-ev-tipi-su-aritma","11":"instock","12":"sale","13":"shipping-taxable","14":"purchasable","15":"product-type-simple"},"jetpack_sharing_enabled":true,"_links":{"self":[{"href":"https:\/\/zetaskimya.com.tr\/index.php\/wp-json\/wp\/v2\/product\/8998","targetHints":{"allow":["GET"]}}],"collection":[{"href":"https:\/\/zetaskimya.com.tr\/index.php\/wp-json\/wp\/v2\/product"}],"about":[{"href":"https:\/\/zetaskimya.com.tr\/index.php\/wp-json\/wp\/v2\/types\/product"}],"replies":[{"embeddable":true,"href":"https:\/\/zetaskimya.com.tr\/index.php\/wp-json\/wp\/v2\/comments?post=8998"}],"version-history":[{"count":0,"href":"https:\/\/zetaskimya.com.tr\/index.php\/wp-json\/wp\/v2\/product\/8998\/revisions"}],"wp:featuredmedia":[{"embeddable":true,"href":"https:\/\/zetaskimya.com.tr\/index.php\/wp-json\/wp\/v2\/media\/9014"}],"wp:attachment":[{"href":"https:\/\/zetaskimya.com.tr\/index.php\/wp-json\/wp\/v2\/media?parent=8998"}],"wp:term":[{"taxonomy":"product_cat","embeddable":true,"href":"https:\/\/zetaskimya.com.tr\/index.php\/wp-json\/wp\/v2\/product_cat?post=8998"},{"taxonomy":"product_tag","embeddable":true,"href":"https:\/\/zetaskimya.com.tr\/index.php\/wp-json\/wp\/v2\/product_tag?post=8998"}],"curies":[{"name":"wp","href":"https:\/\/api.w.org\/{rel}","templated":true}]}}