{"id":9002,"date":"2024-09-28T16:21:17","date_gmt":"2024-09-28T13:21:17","guid":{"rendered":"https:\/\/zetaskimya.com.tr\/?post_type=product&#038;p=9002"},"modified":"2026-05-01T07:23:05","modified_gmt":"2026-05-01T04:23:05","slug":"daf-unitesi","status":"publish","type":"product","link":"https:\/\/zetaskimya.com.tr\/index.php\/product\/daf-unitesi\/","title":{"rendered":"DAF \u00dcnitesi"},"content":{"rendered":"<p>Daf \u00fcnitesi bir at\u0131k su temizleme sistemidir. Bu sistem genelde b\u00fcy\u00fck su alanlar\u0131na kurulur. Sistem teknolojik a\u00e7\u0131dan donan\u0131ml\u0131 bir alt yap\u0131ya sahiptir.<\/p>\n<p>Daf \u00fcnitesi \u00e7\u00f6z\u00fcnm\u00fc\u015f hava flotasyonu olarak i\u015flev g\u00f6r\u00fcr. \u00dcnite karma\u015f\u0131k olarak g\u00f6r\u00fcnse de asl\u0131nda i\u015flevsel bir yap\u0131ya yer verir. \u00dcnite k\u0131sm\u0131 \u00f6zel olarak tasarlanm\u0131\u015ft\u0131r. Mevcut olan floklar su y\u00fczeyinde kald\u0131\u011f\u0131 i\u00e7in i\u015flevi ortaya \u00e7\u0131kar.<\/p>\n<p>\u00dcnite belirli katmanlardan meydana gelir. Bu katmanlar\u0131n her biri suyu kademeli olarak temizler. Yani su i\u00e7inde mevcut olan t\u00fcm kir kal\u0131nt\u0131lar\u0131 ve ya\u011flar an\u0131nda \u00e7\u00f6z\u00fcn\u00fcp al\u0131n\u0131r. Bu alanda floklama denilen bir yap\u0131 vard\u0131r. Bu yap\u0131 sayesinde kir kal\u0131nt\u0131lar\u0131 ve en k\u00fc\u00e7\u00fck partik\u00fcller bile \u00e7ekilip al\u0131n\u0131r. At\u0131k su ar\u0131tma denilen alanlar\u0131n hepsinde bu sistem vard\u0131r. Su i\u00e7inde en k\u00fc\u00e7\u00fck mikro kirleri bile \u00e7\u00f6zer. En k\u00fc\u00e7\u00fck kir kal\u0131nt\u0131s\u0131ndan en b\u00fcy\u00fck kirlere kadar her biri farkl\u0131 katmanlarda \u00e7\u00f6z\u00fcnerek \u00e7ekilip al\u0131n\u0131r.<\/p>\n<div><\/div>\n<h2><b>DAF Havuzu<\/b><\/h2>\n<p>Daf \u00fcnitesi alan\u0131n\u0131n en \u00f6nemli yap\u0131lar\u0131ndan birini de daf havuzu meydana getirir. Bu havuz i\u00e7inde sistem genel katmanlardan meydana gelir. Bu havuz i\u00e7inde fonksiyonel bir floklama sistemi vard\u0131r. Bu sistem sayesinde su i\u00e7inde mevcut olan t\u00fcm kirler kolayl\u0131kla \u00e7ekip al\u0131n\u0131r. Havuz, su y\u00fczeyinde biriken kabarc\u0131k ve k\u00f6p\u00fck par\u00e7ac\u0131klar\u0131n\u0131 bile \u00e7eker. Yani suda mevcut olan t\u00fcm kirleri alan bir kapasitesi vard\u0131r. Ya\u011f tutucu olarak da i\u015flev g\u00f6ren bir yap\u0131s\u0131 vard\u0131r. Su i\u00e7inde en tehlikeli maddelerden birini ya\u011flar olu\u015fturur. \u00d6zellikle kat\u0131 ya\u011flar\u0131 \u00e7\u00f6z\u00fcp atar. Bu durum suyun daha temiz olmas\u0131na katk\u0131 sunar.<\/p>\n<p>&nbsp;<\/p>\n<h2><b>\u00d6n Ar\u0131tma Sistemleri<\/b><\/h2>\n<p>Daf \u00fcnitesi i\u00e7inde \u00f6n plana \u00e7\u0131kan di\u011fer bir yap\u0131 ise \u00f6n ar\u0131tma sistemleridir. Bu sistem i\u00e7inde suda \u00f6zellikle y\u00fczeye \u00e7\u0131kan kirler al\u0131n\u0131r. Genelde dipte de\u011fil su y\u00fczeyinde \u00e7al\u0131\u015fma olur. Su y\u00fczeyine \u00e7\u0131km\u0131\u015f olan t\u00fcm b\u00fcy\u00fck ve k\u00fc\u00e7\u00fck kirler bu sistem ile beraber \u00e7ekilir. \u00dcstelik bu i\u015flem k\u0131sa bir s\u00fcre\u00e7te ger\u00e7ekle\u015fir. Teknolojik a\u00e7\u0131dan donan\u0131ml\u0131 bir sistem alt yap\u0131s\u0131na yer verir. Suyun en zor ak\u0131\u015f\u0131na sahip oldu\u011fu alanlarda bile \u00e7al\u0131\u015fma h\u0131z\u0131 y\u00fcksektir. \u00d6zellikle mand\u0131ra ve mezbaha gibi alanlarda olduk\u00e7a fazla i\u015flev g\u00f6r\u00fcr. Yap\u0131 olarak sulak olan her yere kurulabilen bir \u00f6zelli\u011fi vard\u0131r. Bu y\u00fczden i\u015flem a\u011f\u0131 da olduk\u00e7a y\u00fcksektir.<\/p>\n<h3><b>\u00d6n \u00c7\u00f6kt\u00fcrme Havuzu<\/b><\/h3>\n<p>Ya\u011f ay\u0131r\u0131c\u0131 alan\u0131nda \u00f6n \u00e7\u00f6kt\u00fcrme havuzu yer al\u0131r. Bu alanda ya\u011flar y\u00fczeyden \u00e7\u00f6kt\u00fcr\u00fcl\u00fcp al\u0131n\u0131r. Ayr\u0131ca ya\u011f\u0131n yan\u0131 s\u0131ra kat\u0131 olan kirler de suyun en dibine \u00e7\u00f6keltilip \u00e7ekilerek al\u0131n\u0131r. Burada b\u00fcy\u00fck borular devreye girer. Bu borular sayesinde \u00e7\u00f6kt\u00fcrme i\u015flemi ile kirler \u00e7ekilir. Borular geni\u015f kapasiteli oldu\u011fu i\u00e7in kirlerin boyutu burada \u00f6nem ta\u015f\u0131maz. Her kir yap\u0131s\u0131n\u0131 rahatl\u0131kla i\u00e7ine \u00e7eken bir boru sistemi kurulur. T\u0131pk\u0131 bir paket ar\u0131tma gibi i\u015flem g\u00f6ren sistem yap\u0131s\u0131 \u00f6n plana \u00e7\u0131kar. Sadece gerekli alt yap\u0131n\u0131n su alt\u0131na kurulmas\u0131 gerekir. Kurulum i\u015flemi daf \u00fcnitesi ile yap\u0131l\u0131r. \u0130\u015flem yap\u0131ld\u0131ktan sonra da sistem \u00e7al\u0131\u015fmaya ba\u015flar. Sistem karma\u015f\u0131k olarak g\u00f6r\u00fcnse de i\u015flem g\u00fcc\u00fc olduk\u00e7a y\u00fcksektir. \u00d6zellikle sa\u011fl\u0131kl\u0131 bir i\u015flem a\u011f\u0131 burada devreye girer. Her ko\u015fulda \u00e7al\u0131\u015fmaya elveri\u015fli daf \u00fcnitesi vard\u0131r. \u00d6zellikle daha temiz ve hijyenik bir suya sahip olmak ad\u0131na bu sistem \u00f6n plana \u00e7\u0131kar. Bug\u00fcn neredeyse her su sistemi alan\u0131nda bu yap\u0131ya rastlamak m\u00fcmk\u00fcn. Kullan\u0131m a\u00e7\u0131s\u0131ndan verimli bir ar\u0131nd\u0131rma sistemi sizlere sunulur.<\/p>\n<h3 class=\"panel-title\"><b>Daf \u00dcnitesi Nedir?<br \/>\n<\/b><\/h3>\n<div class=\"panel panel-default\">\n<div id=\"collapse1\" class=\"panel-collapse collapse in\" aria-expanded=\"true\">\n<div class=\"panel-body\">\n<p>At\u0131k su ar\u0131tma alan\u0131nda i\u015flev g\u00f6ren bir yap\u0131ya sahiptir. \u00c7\u00f6z\u00fcnm\u00fc\u015f hava flotasyonu \u00f6zelli\u011fi vard\u0131r. \u0130\u015fte bu \u00f6zelli\u011finden dolay\u0131 da at\u0131k suyu temizler. Suda mevcut olan yo\u011funlu\u011fu \u00e7\u00f6zerek kirleri atar. Sistemde mevcut olan bas\u0131n\u00e7l\u0131 hava kabarc\u0131klar\u0131 vard\u0131r. Bu kabarc\u0131klar floklama y\u00f6ntemi ile kiri su y\u00fczeyine \u00e7\u0131kar\u0131r. Bas\u0131n\u00e7 tank\u0131 denilen alanda kompres\u00f6r vard\u0131r. Bu kompres\u00f6r sayesinde kir kal\u0131nt\u0131lar\u0131 \u00e7\u00f6z\u00fcl\u00fcr.<\/p>\n<\/div>\n<\/div>\n<\/div>\n<div class=\"panel panel-default\">\n<div class=\"panel-heading\">\n<h3 class=\"panel-title\"><b>Daf Havuzu Nedir?<\/b><\/h3>\n<\/div>\n<\/div>\n<p class=\"panel-title\">Daf havuzu bir ya\u011f tutucu olarak da i\u015flev g\u00f6r\u00fcr. \u00dcnitenin genel ad\u0131na havuz denir. Bu alanda genel olarak \u00e7\u00f6z\u00fcnme i\u015flemi yap\u0131l\u0131r. A\u011f\u0131rl\u0131k olarak havuzda i\u015flem meydana gelir. Floklama y\u00f6ntemi ile beraber partik\u00fcller meydana gelir. Bu partik\u00fcller sayesinde havuz i\u00e7i her zaman daha yo\u011fun olur. Daf \u00fcnitesi alan\u0131nda ana merkezi havuz olu\u015fturur. Sa\u00e7 \u00fczerinde mevcut olan epoksi boya korumas\u0131na da sahiptir. Havuz alan\u0131 paslanmaz \u00e7elikten yap\u0131lm\u0131\u015ft\u0131r. Yani bir\u00e7ok i\u015fleme kar\u015f\u0131 dayan\u0131kl\u0131 bir yap\u0131 ortaya \u00e7\u0131kar. \u00d6zellikle yo\u011fun olan kirli alanlarda i\u015flemi daha \u00e7ok vard\u0131r. Sadece kurulum i\u00e7in gerekli alt yap\u0131n\u0131n olu\u015fmas\u0131 gerekir. Bu alanda mevcut olan kurulum sayesinde an\u0131nda kullan\u0131ma haz\u0131r hale gelir.<\/p>\n<h3 class=\"panel-title\"><b>\u00d6n Ar\u0131tma Sistemleri Nedir?<br \/>\n<\/b><\/h3>\n<div class=\"panel panel-default\">\n<div id=\"collapse3\" class=\"panel-collapse collapse in\" aria-expanded=\"true\">\n<div class=\"panel-body\">Ya\u011f ay\u0131r\u0131c\u0131 olarak \u00f6n ar\u0131tma sistemleri i\u015flem g\u00f6r\u00fcr. Sularda mevcut olan ya\u011flar b\u00fcy\u00fck bir tehlikeyi de beraberinde getirir. Bu gibi durumlarla ba\u015f etmek ad\u0131na \u00f6n ar\u0131tma sistemi devreye girer. Bu sistem ile beraber ya\u011flar sudan ayr\u0131l\u0131r. Belli bir alanda \u00e7ekilip tutulur. \u00d6zellikle h\u0131zl\u0131 i\u015flem a\u011f\u0131 burada mevcuttur. Yani k\u0131sa bir s\u00fcre i\u00e7inde suda mevcut olan t\u00fcm ya\u011flar \u00e7ekilip al\u0131n\u0131r. Daf \u00fcnitesi i\u00e7inde olduk\u00e7a \u00f6nemli bir yap\u0131y\u0131 \u00f6n ar\u0131tma sistemi olu\u015fturur. Bug\u00fcn ya\u011flar\u0131n neden oldu\u011fu kirlilik olduk\u00e7a fazlad\u0131r. Bu kirlilikten kurtulmak ad\u0131na da \u00f6n ar\u0131tma sistemi devreye girer. Bu sistem ile beraber sular daha temiz ve hijyenik olur.<\/div>\n<\/div>\n<\/div>\n<div class=\"panel-heading\">\n<h3 class=\"panel-title\"><strong>\u00d6n \u00c7\u00f6kt\u00fcrme Havuzu Ne \u0130\u015fe Yarar?<\/strong><\/h3>\n<p>&nbsp;<\/p>\n<p>\u00d6n \u00e7\u00f6kt\u00fcrme havuzu at\u0131k su ar\u0131tma sistemler i\u00e7inde yer alan \u00f6nemli bir yap\u0131y\u0131 olu\u015fturur. Ar\u0131tma \u00fcniteleri i\u00e7inde mevcut olan kat\u0131 i\u00e7erikleri \u00e7ekip al\u0131r. Yani bir ar\u0131tma tesisi i\u00e7indeki en \u00f6nemli kollardan birini de bu sistem olu\u015fturur. \u00d6n \u00e7\u00f6keltim oldu\u011fu i\u00e7in kat\u0131 kirleri belli bir alan derinli\u011finde \u00e7\u00f6keltip al\u0131r. Burada kendine g\u00f6re bir havuz olu\u015fturur. Bu havuz i\u00e7inde kirleri toplar ve al\u0131r. Paket ar\u0131tma alan\u0131nda da i\u015flem g\u00f6ren bir yap\u0131s\u0131 vard\u0131r. Olduk\u00e7a donan\u0131ml\u0131 bir alt yap\u0131dan meydana gelir. Bug\u00fcn\u00fcn geli\u015fen teknolojik sistemleri sayesinde olu\u015fum g\u00f6sterir. Sistem i\u00e7inde mevcut olan dengeleme i\u015flemi de olduk\u00e7a fazlad\u0131r. Su i\u00e7inde bir s\u0131y\u0131r\u0131c\u0131 g\u00f6revi g\u00f6r\u00fcr. Kat\u0131 ve yo\u011fun kirleri su i\u00e7inde s\u0131y\u0131rarak \u00e7ekip al\u0131r. Organik ve inorganik yap\u0131da olan ve su ak\u0131\u015f\u0131n\u0131 buland\u0131ran kirler \u00fczerinde olduk\u00e7a etkilidir. Fiziksel bir yer \u00e7ekimi i\u015flemi vard\u0131r. Bu i\u015flem ile beraber kirleri daha kolay \u00e7ekip al\u0131r. \u00d6n \u00e7\u00f6keltim havuzu ar\u0131tma sistemleri i\u00e7indeki en \u00f6nemli yap\u0131lardan birini olu\u015fturur.<\/p>\n<\/div>\n<p class=\"panel-title\"><b>\u00a0<\/b><\/p>\n","protected":false},"excerpt":{"rendered":"<p>Daf \u00fcnitesi bir at\u0131k su temizleme sistemidir. Bu sistem genelde b\u00fcy\u00fck su alanlar\u0131na kurulur. Sistem teknolojik a\u00e7\u0131dan donan\u0131ml\u0131 bir alt yap\u0131ya sahiptir. Daf \u00fcnitesi \u00e7\u00f6z\u00fcnm\u00fc\u015f hava flotasyonu olarak i\u015flev g\u00f6r\u00fcr. \u00dcnite karma\u015f\u0131k olarak g\u00f6r\u00fcnse de asl\u0131nda i\u015flevsel bir yap\u0131ya yer verir. \u00dcnite k\u0131sm\u0131 \u00f6zel olarak tasarlanm\u0131\u015ft\u0131r. Mevcut olan floklar su y\u00fczeyinde kald\u0131\u011f\u0131 i\u00e7in i\u015flevi ortaya &hellip; <a href=\"https:\/\/zetaskimya.com.tr\/index.php\/product\/daf-unitesi\/\" class=\"more-link\">Continue reading <span class=\"screen-reader-text\">DAF \u00dcnitesi<\/span><\/a><\/p>\n","protected":false},"featured_media":9018,"comment_status":"open","ping_status":"closed","template":"","meta":[],"product_cat":[190,197,171,196],"product_tag":[],"class_list":{"0":"post-9002","1":"product","2":"type-product","3":"status-publish","4":"has-post-thumbnail","6":"product_cat-atik-su-aritma-sistemleri","7":"product_cat-endustriyel-yag-ayirici","8":"product_cat-sanayi-tipi-su-aritma","9":"product_cat-yag-ayirici","12":"instock","13":"shipping-taxable","14":"purchasable","15":"product-type-simple"},"jetpack_sharing_enabled":true,"_links":{"self":[{"href":"https:\/\/zetaskimya.com.tr\/index.php\/wp-json\/wp\/v2\/product\/9002","targetHints":{"allow":["GET"]}}],"collection":[{"href":"https:\/\/zetaskimya.com.tr\/index.php\/wp-json\/wp\/v2\/product"}],"about":[{"href":"https:\/\/zetaskimya.com.tr\/index.php\/wp-json\/wp\/v2\/types\/product"}],"replies":[{"embeddable":true,"href":"https:\/\/zetaskimya.com.tr\/index.php\/wp-json\/wp\/v2\/comments?post=9002"}],"version-history":[{"count":0,"href":"https:\/\/zetaskimya.com.tr\/index.php\/wp-json\/wp\/v2\/product\/9002\/revisions"}],"wp:featuredmedia":[{"embeddable":true,"href":"https:\/\/zetaskimya.com.tr\/index.php\/wp-json\/wp\/v2\/media\/9018"}],"wp:attachment":[{"href":"https:\/\/zetaskimya.com.tr\/index.php\/wp-json\/wp\/v2\/media?parent=9002"}],"wp:term":[{"taxonomy":"product_cat","embeddable":true,"href":"https:\/\/zetaskimya.com.tr\/index.php\/wp-json\/wp\/v2\/product_cat?post=9002"},{"taxonomy":"product_tag","embeddable":true,"href":"https:\/\/zetaskimya.com.tr\/index.php\/wp-json\/wp\/v2\/product_tag?post=9002"}],"curies":[{"name":"wp","href":"https:\/\/api.w.org\/{rel}","templated":true}]}}