{"id":9039,"date":"2024-09-28T16:21:37","date_gmt":"2024-09-28T13:21:37","guid":{"rendered":"https:\/\/zetaskimya.com.tr\/?post_type=product&#038;p=9039"},"modified":"2024-09-28T16:21:52","modified_gmt":"2024-09-28T13:21:52","slug":"elektro-deiyonizasyon-sistemleri-edi","status":"publish","type":"product","link":"https:\/\/zetaskimya.com.tr\/index.php\/product\/elektro-deiyonizasyon-sistemleri-edi\/","title":{"rendered":"Elektro Deiyonizasyon Sistemleri ( EDI )"},"content":{"rendered":"<p><b>Elektrodeiyonizasyon Nedir?<\/b><\/p>\n<p>Son y\u0131llarda y\u00fcksek safl\u0131kta su elde edebilmeye y\u00f6nelik yap\u0131lan ara\u015ft\u0131rmalar\u0131n bir\u00e7o\u011fu, suyun safla\u015ft\u0131r\u0131lma s\u00fcre\u00e7lerinde hi\u00e7bir kimyasal\u0131n kullan\u0131lmad\u0131\u011f\u0131 teknolojilere odaklanm\u0131\u015ft\u0131r. Saf suya duyulan bu ihtiya\u00e7 yeni bir \u015fey olmad\u0131\u011f\u0131 gibi saf suyun elde edilebilmesine y\u00f6nelik \u00e7al\u0131\u015fmalar ise y\u00fczy\u0131llard\u0131r devam etmektedir. Saf su elde edebilmeye y\u00f6nelik en etkili uygulamalardan olan\u00a0<b>Elektro deiyonizasyon Sistemi (EDI)<\/b>\u00a0de ilk kez 1957 gibi olduk\u00e7a erken bir tarihte Alman bilim adam\u0131 Kollsman taraf\u0131ndan tasarlanm\u0131\u015ft\u0131r. Kollsman taraf\u0131ndan projelendirilen bu uygulaman\u0131n sekt\u00f6rel anlamda bir \u00e7\u00f6z\u00fcm orta\u011f\u0131 olmaya ba\u015flad\u0131\u011f\u0131 y\u0131llar ise 1980\u2019lerin ikinci yars\u0131na tekab\u00fcl etmektedir.<\/p>\n<p><b>Peki, nedir bu elektro deiyonizasyon?<\/b><\/p>\n<p>G\u00fcn\u00fcm\u00fczde y\u00fcksek safl\u0131kta su elde edebilmek i\u00e7in kullan\u0131lan su ayr\u0131\u015ft\u0131rma metotlar\u0131ndan biri ve bu noktada en \u00e7ok tercih edilen y\u00f6ntemlerden olan s\u00f6z konusu sistemi daha \u00f6nceki uygulamalardan ay\u0131ran bir\u00e7ok nokta bulunmaktad\u0131r. K\u0131saca EDI olarak adland\u0131r\u0131lan\u00a0<b>elektro deiyonizasyon &#8216;u<\/b>\u00a0yap\u0131sal ve i\u015flevsel \u00f6zellikleri ile tan\u0131mlamak gerekirse saf su \u00fcretiminde elektri\u011fin kullan\u0131ld\u0131\u011f\u0131 ve hi\u00e7bir kimyasal maddenin bu \u00fcretim s\u00fcrecine d\u00e2hil edilmedi\u011fi bir uygulama olarak belirtilebilir. Sistemin isminde de anla\u015f\u0131laca\u011f\u0131 \u00fczere bu su ar\u0131tma y\u00f6ntemi, elektrodiyaliz ve iyon de\u011fi\u015fimi olmak \u00fczere iki farkl\u0131 tekni\u011fin bir araya getirilmesiyle i\u015flevsellik kazanmaktad\u0131r. Sistemin saf su \u00fcretebilmesi i\u00e7in iyon de\u011fi\u015fiminin sa\u011fland\u0131\u011f\u0131 re\u00e7ineler, elektrik ak\u0131m\u0131n\u0131n ge\u00e7i\u015fine imk\u00e2n sa\u011flayan konekt\u00f6r g\u00f6revi g\u00f6rmektedir. Bu elektrik ak\u0131m\u0131 sayesinde beslenme suyundan sisteme d\u00e2hil olan kaynak i\u00e7erisinde yer alan iyonlar, s\u00fcrekli olarak yo\u011funla\u015ft\u0131rma hatt\u0131na do\u011fru y\u00f6nlendirilirler. Bu su art\u0131ma uygulamas\u0131n\u0131 klasik su ar\u0131tma sistem ve y\u00f6ntemlerinden ay\u0131ran en \u00f6nemli \u00f6zelli\u011fi de elektrik ak\u0131m\u0131n\u0131n bu s\u00fcrece d\u00e2hil edilmi\u015f olmas\u0131d\u0131r. Sistemde kullan\u0131lan elektrik ak\u0131m\u0131 sayesinde klasik su art\u0131ma metotlar\u0131nda ortaya \u00e7\u0131kan kimyasal at\u0131k sorunu ya\u015fanmad\u0131\u011f\u0131 gibi tesisler zaman ve maliyet a\u00e7\u0131s\u0131ndan da katma de\u011fer elde etmektedir.<\/p>\n<p><b>Elektrodeiyonizasyon Sistemleri<\/b><\/p>\n<p>End\u00fcstriyel sekt\u00f6rlerde \u00fcretim i\u00e7in ihtiya\u00e7 duyulan su miktar\u0131 kadar suyun kalitesi de bir hayli \u00f6nemlidir. Bu nedenle \u00fcretimde kullan\u0131lan suyun elde edildi\u011fi kaynak talep edilen su kalitesini her zaman kar\u015f\u0131lamamaktad\u0131r. Bu nedenle s\u00fcrd\u00fcr\u00fclebilir bir \u00fcretim politikas\u0131 takip edebilmek i\u00e7in kaliteli ve saf su temini ka\u00e7\u0131n\u0131lmazd\u0131r. \u00d6te yandan d\u00fcnyadaki t\u00fcm su rezervlerinin yakla\u015f\u0131k olarak %20\u2019sinin end\u00fcstriyel \u00fcretimde kullan\u0131ld\u0131\u011f\u0131 g\u00f6z \u00f6n\u00fcne al\u0131n\u0131rsa, saf su elde etmek kadar bu suyu h\u0131zl\u0131 ve d\u00fc\u015f\u00fck maliyetli bir \u015fekilde \u00fcretim s\u00fcre\u00e7lerine d\u00e2hil edebilmek de olduk\u00e7a \u00f6nemlidir. G\u00fcn\u00fcm\u00fczde end\u00fcstriyel \u00fcretim yapan firmalar\u0131n bu ihtiyac\u0131n\u0131 tam olarak kar\u015f\u0131layan uygulaman\u0131n ad\u0131<b>\u00a0Elektro deiyonizasyon (EDI) Sistemi \u2019<\/b>dir. Sistemin temel g\u00f6revi su kaynaklar\u0131ndaki karbondioksit, silika, bor ve amonyak gibi istenmeyen bile\u015fenler ile iyonize edilebilir elementleri ortadan kald\u0131rarak saf su elde etmektir. Su safla\u015ft\u0131rma i\u015fleminin ger\u00e7ekle\u015ftirildi\u011fi EDI mod\u00fcl\u00fc, iyonize de\u011fi\u015fim re\u00e7ineleri ve membranlar\u0131 ile birbirinden ayr\u0131lm\u0131\u015f odac\u0131k dizililerinden meydana gelmektedir. Suyun mod\u00fcl i\u00e7erisindeki ak\u0131\u015f\u0131na paralel olarak uygulanan elektrik ak\u0131m\u0131 sayesinde, iyonlar mod\u00fcl ve membranlara do\u011fru hareket ederler. Burada i\u015flem g\u00f6ren iyonlar tekrar ortama sal\u0131narak drenaj noktas\u0131ndan \u00fcretim s\u00fcrecine dahil olurlar.<\/p>\n<p><img fetchpriority=\"high\" decoding=\"async\" class=\" wp-image-7955 alignleft\" src=\"http:\/\/zetaskimya.com.tr\/wp-content\/uploads\/2022\/04\/edi-sistemleri.jpg\" alt=\"\" width=\"556\" height=\"434\" \/><\/p>\n<div class=\"col-sm-6 col-xs-12\">\n<p>Teorik olarak klasik su ar\u0131tma y\u00f6ntemlerinden farks\u0131z gibi g\u00f6z\u00fcken bu sistemin pratikte aktivasyonu ise \u00f6nemli farkl\u0131l\u0131klar g\u00f6stermektedir. \u00d6yle ki di\u011fer su ar\u0131tma uygulamalar\u0131nda da kullan\u0131lan iyon ayr\u0131\u015ft\u0131rma mod\u00fcl ve mixbedleri periyodik bir bak\u0131ma ihtiya\u00e7 duyarken, kullan\u0131m s\u00fcreleri de olduk\u00e7a k\u0131sad\u0131r. Fakat bu sistemin i\u015flerli\u011finde \u00f6nemli bir rol g\u00f6ren elektrik ak\u0131m\u0131, iyon de\u011fi\u015fim ortam\u0131n\u0131 durmaks\u0131z\u0131n yeniledi\u011fi i\u00e7in ar\u0131tma i\u015flemi kesintisiz olarak devam etmektedir. Dolay\u0131s\u0131yla sistemin end\u00fcstriyel su \u00fcretimini ger\u00e7ekle\u015ftirebilmesi i\u00e7in ihtiya\u00e7 duyulan tek \u015fey elektrik enerjisidir. \u0130kincil ve yan \u00fcr\u00fcnlere gereksinim olmayan bu su safla\u015ft\u0131rma sisteminin kullan\u0131c\u0131lar\u0131na sunmu\u015f oldu\u011fu say\u0131s\u0131z avantaj mevcuttur. Dilerseniz\u00a0<b>Elektro deiyonizasyon (EDI) Sistemi<\/b>\u00a0\u2019ne bu a\u00e7\u0131dan biraz daha yak\u0131ndan bakabiliriz.<\/p>\n<\/div>\n<p>&nbsp;<\/p>\n<p><b>Elektrodeiyonizasyon (EDI) Sistemi \u2019nin Avantajlar\u0131<\/b><\/p>\n<p>Elektro deiyonizasyon (EDI) Sistemi ultra saf su elde etme s\u00fcre\u00e7lerinde ismi yeni yeni duyulan bir uygulama olsa da \u00fclkemizin end\u00fcstriyel \u00fcretim s\u00fcre\u00e7lerinde yakla\u015f\u0131k olarak 25 y\u0131ld\u0131r aktif \u015fekilde kullan\u0131lmaktad\u0131r. Peki bu sistemin sa\u011flam\u0131\u015f oldu\u011fu avantajlar nelerdir?<\/p>\n<ol>\n<li>\u00a0Kullan\u0131ma haz\u0131r hale getirilmesi ile birlikte d\u0131\u015f fakt\u00f6rlere ba\u011fl\u0131 olmaks\u0131z\u0131n s\u00fcrekli olarak ayn\u0131 verimlilik ve kalitede saf su \u00fcretimi sa\u011flanmaktad\u0131r.<\/li>\n<li><b>\u00a0Elektro deiyonizasyon (EDI) Sistemi<\/b>, her ne kadar y\u00fcksek m\u00fchendislik \u00fcr\u00fcn\u00fc olsa da kullan\u0131m\u0131nda herhangi bir operat\u00f6re ihtiya\u00e7 yoktur.<\/li>\n<li>Periyodik bak\u0131m giderleri olduk\u00e7a d\u00fc\u015f\u00fck olan bu sistem, kullan\u0131c\u0131lar\u0131n\u0131n orta ve uzun vadede ekonomik anlamda katma de\u011fer elde edebilece\u011fi bir \u00fcr\u00fcnd\u00fcr.<\/li>\n<li>Ayn\u0131 zamanda mod\u00fcler bir yap\u0131ya sahip olmakla birlikte kolay bir kurulum \u015femas\u0131 bulunan bu sistem, asgari uygulama alan\u0131na ihtiya\u00e7 duymas\u0131 nedeniyle\u00a0<u>tesis i\u00e7erisinde olduk\u00e7a az yer kaplamaktad\u0131r.<\/u><\/li>\n<li>EDI, tesisin \u00fcretim ihtiya\u00e7lar\u0131 do\u011frultusunda adapte edilebilir bir \u00fcr\u00fcnd\u00fcr. \u00d6yle ki saf suya duyulan ihtiya\u00e7 art\u0131\u015f g\u00f6sterdi\u011finde, sisteme dahil edilecek yeni birimlerle bu talep anl\u0131k olarak kar\u015f\u0131lanabilmektedir.<\/li>\n<li>Sistemin g\u00f6zle g\u00f6r\u00fcl\u00fcr en \u00f6nemli faydas\u0131 ise su yumu\u015fatma uygulamas\u0131 olan\u00a0<u><b>rejenerasyon i\u015flemine ihtiya\u00e7 duyulmamas\u0131d\u0131r.<\/b><\/u>\u00a0Sistem b\u00f6ylece daha h\u0131zl\u0131 i\u015flevsel bir yap\u0131ya sahip oldu\u011fu gibi asit ve kostik gibi rejenaratif kimyasallar\u0131n sal\u0131n\u0131m\u0131 s\u0131ras\u0131nda ortaya \u00e7\u0131kabilecek potansiyel tehlikelerin de \u00f6n\u00fcn\u00fc almaktad\u0131r. B\u00f6ylece tesislerdeki i\u015f g\u00fcvenli\u011fi protokollerinin uygulanmas\u0131nda da \u00f6nemli bir rol oynamaktad\u0131r.<\/li>\n<li>\u00a0Sistemin hi\u00e7bir \u00e7al\u0131\u015fma s\u00fcrecinde kimyasal maddeye ihtiya\u00e7 duyulmad\u0131\u011f\u0131 i\u00e7in, \u00e7evre dostu bir uygulama olan Elektro deiyonizasyon (EDI) Sistemi, s\u00fcrd\u00fcr\u00fclebilir\u00a0<u>\u00e7evre politikalar\u0131n\u0131n uygulanmas\u0131nda da stratejik bir \u00e7\u00f6z\u00fcm orta\u011f\u0131d\u0131r.<\/u><\/li>\n<\/ol>\n<p>\u00d6te yandan saf su ihtiyac\u0131 insan hayat\u0131n\u0131n devam\u0131 kadar pek \u00e7ok end\u00fcstriyel sekt\u00f6r i\u00e7in de hayati bir olgudur.<\/p>\n<p>&#8211; \u0130la\u00e7 end\u00fcstrisi,<\/p>\n<p>&#8211; otomotiv end\u00fcstrisi<\/p>\n<p>&#8211; mikro elektronik end\u00fcstri,<\/p>\n<p>ultra saf suya ihtiya\u00e7 duyan sekt\u00f6rlerin ba\u015f\u0131nda gelmektedir. \u00dclkemizdeki daha \u00e7ok enerji sekt\u00f6r\u00fcnde kullan\u0131lan bu sistem asl\u0131na bak\u0131l\u0131rsa \u00fcretim a\u015famalar\u0131nda saf suya ihtiyac\u0131 olan b\u00fct\u00fcn sekt\u00f6rlerde kullan\u0131labilir.<\/p>\n<p><b>Elektrodeiyonizasyon (EDI) Sistemi Nas\u0131l \u00c7al\u0131\u015f\u0131r?\u00a0<\/b><\/p>\n<p>Asl\u0131na bak\u0131l\u0131rsa pek \u00e7ok avantaj\u0131 bulunan Elektro deiyonizasyon (EDI) Sistemi \u2019nin \u00e7al\u0131\u015fma prensibi olduk\u00e7a basittir. Kesintisiz, g\u00fc\u00e7l\u00fc ve do\u011fru bir elektrik ak\u0131m\u0131 alt\u0131nda \u00e7al\u0131\u015fan sistemin ihtiya\u00e7 duydu\u011fu ak\u0131m g\u00fcc\u00fc ise 300 ile 400 V aras\u0131ndad\u0131r. Sistemin saf su elde etmek i\u00e7in uygulad\u0131\u011f\u0131 y\u00f6ntem ise do\u011fru ak\u0131m i\u00e7erisinde yer alan pozitif ve negatif y\u00fckl\u00fc iyonlar\u0131n kar\u015f\u0131t elektrotlara do\u011fru harekete ge\u00e7mesini sa\u011flamakt\u0131r. \u0130lk a\u015famada iyon de\u011fi\u015ftirici olarak adland\u0131r\u0131lan mixbedlerden ge\u00e7en ham su i\u00e7erisinde bulunan kalsiyum, magnezyum ve azot gibi katyonik y\u00fckler H+ iyonu ile klor, s\u00fclfat, bio karbonat ve silisyum gibi anyonik y\u00fckler de OH- iyonu ile de\u011fi\u015ftirilir. Bu iyon de\u011fi\u015fimi ile suya sal\u0131nan H+ ve OH- iyonlar\u0131 kendi aralar\u0131ndaki yap\u0131sal birle\u015fme ile su molek\u00fcl\u00fc meydana getirirler. Temelde iyon de\u011fi\u015ftirme re\u00e7ineleri arac\u0131l\u0131\u011f\u0131yla ger\u00e7ekle\u015ftirilen bu saf su \u00fcretim metodunun klasik metotlara g\u00f6re i\u015flevsel anlamdaki en \u00f6nemli fark\u0131 sistemin elektrik ak\u0131m\u0131 ile aktive edilmi\u015f olmas\u0131d\u0131r.<\/p>\n<p>Sistemin klasik su safla\u015ft\u0131rma metotlar\u0131na g\u00f6re sahip oldu\u011fu ve bu nedenle daha s\u0131k tercih edilmesine neden olan pek \u00e7ok \u00f6zelli\u011fi bulanmaktad\u0131r. Her \u015feyden \u00f6nce saf su elde etme s\u00fcrecinde hi\u00e7bir kimyasal\u0131n kullan\u0131lmad\u0131\u011f\u0131 bu sistem gerek \u00e7evre dostu olmas\u0131 gerekse ihtiya\u00e7 duyulan \u00fcr\u00fcn say\u0131s\u0131n\u0131 azaltmas\u0131 nedeniyle \u00f6n plana \u00e7\u0131kmaktad\u0131r. \u00d6te yandan bu sistemin konvansiyonel saf su \u00fcretim y\u00f6ntemlere g\u00f6re en belirgin \u00fcst\u00fcnl\u00fcklerinden bir di\u011feri \u00fcretim s\u0131ras\u0131nda ve sonras\u0131nda at\u0131k suyun ortaya \u00e7\u0131kmamas\u0131d\u0131r.<\/p>\n<p>&nbsp;<\/p>\n","protected":false},"excerpt":{"rendered":"<p>Elektrodeiyonizasyon Nedir? Son y\u0131llarda y\u00fcksek safl\u0131kta su elde edebilmeye y\u00f6nelik yap\u0131lan ara\u015ft\u0131rmalar\u0131n bir\u00e7o\u011fu, suyun safla\u015ft\u0131r\u0131lma s\u00fcre\u00e7lerinde hi\u00e7bir kimyasal\u0131n kullan\u0131lmad\u0131\u011f\u0131 teknolojilere odaklanm\u0131\u015ft\u0131r. Saf suya duyulan bu ihtiya\u00e7 yeni bir \u015fey olmad\u0131\u011f\u0131 gibi saf suyun elde edilebilmesine y\u00f6nelik \u00e7al\u0131\u015fmalar ise y\u00fczy\u0131llard\u0131r devam etmektedir. Saf su elde edebilmeye y\u00f6nelik en etkili uygulamalardan olan\u00a0Elektro deiyonizasyon Sistemi (EDI)\u00a0de ilk kez &hellip; <a href=\"https:\/\/zetaskimya.com.tr\/index.php\/product\/elektro-deiyonizasyon-sistemleri-edi\/\" class=\"more-link\">Continue reading <span class=\"screen-reader-text\">Elektro Deiyonizasyon Sistemleri ( EDI )<\/span><\/a><\/p>\n","protected":false},"featured_media":9070,"comment_status":"open","ping_status":"closed","template":"","meta":[],"product_cat":[202,171],"product_tag":[203],"class_list":{"0":"post-9039","1":"product","2":"type-product","3":"status-publish","4":"has-post-thumbnail","6":"product_cat-iyon-degisim-sistemleri","7":"product_cat-sanayi-tipi-su-aritma","8":"product_tag-iyon-degisim-sistemleri","11":"instock","12":"shipping-taxable","13":"purchasable","14":"product-type-simple"},"jetpack_sharing_enabled":true,"_links":{"self":[{"href":"https:\/\/zetaskimya.com.tr\/index.php\/wp-json\/wp\/v2\/product\/9039","targetHints":{"allow":["GET"]}}],"collection":[{"href":"https:\/\/zetaskimya.com.tr\/index.php\/wp-json\/wp\/v2\/product"}],"about":[{"href":"https:\/\/zetaskimya.com.tr\/index.php\/wp-json\/wp\/v2\/types\/product"}],"replies":[{"embeddable":true,"href":"https:\/\/zetaskimya.com.tr\/index.php\/wp-json\/wp\/v2\/comments?post=9039"}],"version-history":[{"count":0,"href":"https:\/\/zetaskimya.com.tr\/index.php\/wp-json\/wp\/v2\/product\/9039\/revisions"}],"wp:featuredmedia":[{"embeddable":true,"href":"https:\/\/zetaskimya.com.tr\/index.php\/wp-json\/wp\/v2\/media\/9070"}],"wp:attachment":[{"href":"https:\/\/zetaskimya.com.tr\/index.php\/wp-json\/wp\/v2\/media?parent=9039"}],"wp:term":[{"taxonomy":"product_cat","embeddable":true,"href":"https:\/\/zetaskimya.com.tr\/index.php\/wp-json\/wp\/v2\/product_cat?post=9039"},{"taxonomy":"product_tag","embeddable":true,"href":"https:\/\/zetaskimya.com.tr\/index.php\/wp-json\/wp\/v2\/product_tag?post=9039"}],"curies":[{"name":"wp","href":"https:\/\/api.w.org\/{rel}","templated":true}]}}