{"id":9042,"date":"2024-09-28T16:21:37","date_gmt":"2024-09-28T13:21:37","guid":{"rendered":"https:\/\/zetaskimya.com.tr\/?post_type=product&#038;p=9042"},"modified":"2024-09-28T16:21:53","modified_gmt":"2024-09-28T13:21:53","slug":"epoksi-boyali-kum-filtre-sistemleri","status":"publish","type":"product","link":"https:\/\/zetaskimya.com.tr\/index.php\/product\/epoksi-boyali-kum-filtre-sistemleri\/","title":{"rendered":"Epoksi Boyal\u0131 Kum Filtre Sistemleri"},"content":{"rendered":"<table>\n<tbody>\n<tr>\n<td>Antrasit (lt)<\/td>\n<td>Ba\u011flant\u0131 \u00c7aplar\u0131 ( DN-FLAN\u015e) Servis-Drenaj<\/td>\n<td>Quartz (kg)<\/td>\n<td>H\u0131z = 30m\/saat<\/td>\n<td>H\u0131z = 20m\/saat<\/td>\n<td>\u00a0Tank Boyutlar\u0131 (mm)<\/td>\n<\/tr>\n<tr>\n<td>\u00a0350<\/td>\n<td>65 &#8211; 65<\/td>\n<td>1375<\/td>\n<td>37<\/td>\n<td>25<\/td>\n<td>\u00a01250*2790<\/td>\n<\/tr>\n<tr>\n<td>\u00a0595<\/td>\n<td>80 &#8211; 80<\/td>\n<td>2375<\/td>\n<td>60<\/td>\n<td>40<\/td>\n<td>\u00a01600*3020<\/td>\n<\/tr>\n<tr>\n<td>\u00a0805<\/td>\n<td>100 &#8211; 100<\/td>\n<td>31150<\/td>\n<td>94<\/td>\n<td>63<\/td>\n<td>\u00a02000*3250<\/td>\n<\/tr>\n<tr>\n<td>\u00a01155<\/td>\n<td>125 &#8211; 125<\/td>\n<td>4525<\/td>\n<td>136<\/td>\n<td>91<\/td>\n<td>\u00a02400*3400<\/td>\n<\/tr>\n<tr>\n<td>1575<\/td>\n<td>150 &#8211; 150<\/td>\n<td>6200<\/td>\n<td>185<\/td>\n<td>123<\/td>\n<td>\u00a02800*3750<\/td>\n<\/tr>\n<\/tbody>\n<\/table>\n<p><b>Epoksi Boyal\u0131 ST-37 Tankl\u0131\u00a0 Kum Filtre Sistemleri<\/b><\/p>\n<p><b>Y\u00fczey Borulamal\u0131<\/b><\/p>\n<p><b>Standart \u00d6zellikler<\/b><\/p>\n<ul>\n<li>Epoksi boyal\u0131 karbon \u00e7elik tankl\u0131<\/li>\n<li>Maksimum \u00e7al\u0131\u015fma bas\u0131nc\u0131 6 bar<\/li>\n<li>Zaman kontroll\u00fc ters y\u0131kama<\/li>\n<li>Elektrik akt\u00fcat\u00f6rl\u00fc kelebek vanalar ( Pn\u00f6matik akt\u00fcat\u00f6rl\u00fc olmas\u0131 durumunda fiyat fark\u0131 yoktur )<\/li>\n<li>F-2015 ile F-2815 aras\u0131 alt toplama yap\u0131s\u0131 ayna \u00fczeri mantar dif\u00fcz\u00f6r<\/li>\n<li>PVC-U malzeme y\u00fczey borulama ( Opsiyonel galvaniz y\u00fcrey borulama se\u00e7ene\u011fi )<\/li>\n<li>Sistem giri\u015f \u00e7\u0131k\u0131\u015flar\u0131nda numune musluklar\u0131 ve manometreler<\/li>\n<li>Elektronik kartl\u0131 kontrol panosu<\/li>\n<li>Elektrik 220V \/ 50 Hz \/ 1 pH<\/li>\n<li>Pn\u00f6matik vanalar\u0131n \u00e7al\u0131\u015fmas\u0131 i\u00e7in gerekli kuru enstr\u00fcman havas\u0131 temini m\u00fc\u015fteriye aittir. \u00d6nerilen kompres\u00f6r kapasitesi minimum 100 Lt\/dk 8 bar&#8217;d\u0131r<\/li>\n<\/ul>\n","protected":false},"excerpt":{"rendered":"<p>Antrasit (lt) Ba\u011flant\u0131 \u00c7aplar\u0131 ( DN-FLAN\u015e) Servis-Drenaj Quartz (kg) H\u0131z = 30m\/saat H\u0131z = 20m\/saat \u00a0Tank Boyutlar\u0131 (mm) \u00a0350 65 &#8211; 65 1375 37 25 \u00a01250*2790 \u00a0595 80 &#8211; 80 2375 60 40 \u00a01600*3020 \u00a0805 100 &#8211; 100 31150 94 63 \u00a02000*3250 \u00a01155 125 &#8211; 125 4525 136 91 \u00a02400*3400 1575 150 &#8211; 150 6200 &hellip; <a href=\"https:\/\/zetaskimya.com.tr\/index.php\/product\/epoksi-boyali-kum-filtre-sistemleri\/\" class=\"more-link\">Continue reading <span class=\"screen-reader-text\">Epoksi Boyal\u0131 Kum Filtre Sistemleri<\/span><\/a><\/p>\n","protected":false},"featured_media":9076,"comment_status":"open","ping_status":"closed","template":"","meta":[],"product_cat":[191,206,171],"product_tag":[],"class_list":{"0":"post-9042","1":"product","2":"type-product","3":"status-publish","4":"has-post-thumbnail","6":"product_cat-filtrasyon-sistemleri","7":"product_cat-kum-filtre-sistemleri","8":"product_cat-sanayi-tipi-su-aritma","11":"instock","12":"shipping-taxable","13":"purchasable","14":"product-type-simple"},"jetpack_sharing_enabled":true,"_links":{"self":[{"href":"https:\/\/zetaskimya.com.tr\/index.php\/wp-json\/wp\/v2\/product\/9042","targetHints":{"allow":["GET"]}}],"collection":[{"href":"https:\/\/zetaskimya.com.tr\/index.php\/wp-json\/wp\/v2\/product"}],"about":[{"href":"https:\/\/zetaskimya.com.tr\/index.php\/wp-json\/wp\/v2\/types\/product"}],"replies":[{"embeddable":true,"href":"https:\/\/zetaskimya.com.tr\/index.php\/wp-json\/wp\/v2\/comments?post=9042"}],"version-history":[{"count":0,"href":"https:\/\/zetaskimya.com.tr\/index.php\/wp-json\/wp\/v2\/product\/9042\/revisions"}],"wp:featuredmedia":[{"embeddable":true,"href":"https:\/\/zetaskimya.com.tr\/index.php\/wp-json\/wp\/v2\/media\/9076"}],"wp:attachment":[{"href":"https:\/\/zetaskimya.com.tr\/index.php\/wp-json\/wp\/v2\/media?parent=9042"}],"wp:term":[{"taxonomy":"product_cat","embeddable":true,"href":"https:\/\/zetaskimya.com.tr\/index.php\/wp-json\/wp\/v2\/product_cat?post=9042"},{"taxonomy":"product_tag","embeddable":true,"href":"https:\/\/zetaskimya.com.tr\/index.php\/wp-json\/wp\/v2\/product_tag?post=9042"}],"curies":[{"name":"wp","href":"https:\/\/api.w.org\/{rel}","templated":true}]}}