{"id":9043,"date":"2024-09-28T16:21:37","date_gmt":"2024-09-28T13:21:37","guid":{"rendered":"https:\/\/zetaskimya.com.tr\/?post_type=product&#038;p=9043"},"modified":"2024-09-28T16:21:55","modified_gmt":"2024-09-28T13:21:55","slug":"epoksi-boyali-single-yumusatma-sistemleri","status":"publish","type":"product","link":"https:\/\/zetaskimya.com.tr\/index.php\/product\/epoksi-boyali-single-yumusatma-sistemleri\/","title":{"rendered":"Epoksi Boyal\u0131 Single Yumu\u015fatma Sistemleri"},"content":{"rendered":"<table>\n<tbody>\n<tr>\n<td>Quartz (kg)<\/td>\n<td>\u00a0Tank Boyutlar\u0131 (mm)<\/td>\n<td>\u00a0Re\u00e7ine (lt)<\/td>\n<td>\u00a0Tuz T\u00fcketimi (kg\/rej)<\/td>\n<td>\u00a0Debi (m3\/saat)<\/td>\n<td>Ba\u011flant\u0131 \u00c7aplar\u0131 ( DN ) Servis-Drenaj-Tuz Emi\u015f<\/td>\n<\/tr>\n<tr>\n<td>\u00a0600<\/td>\n<td>\u00a01250*2650<\/td>\n<td>\u00a01250<\/td>\n<td>\u00a0200<\/td>\n<td>\u00a050<\/td>\n<td>\u00a080-50-40<\/td>\n<\/tr>\n<tr>\n<td>\u00a0900<\/td>\n<td>\u00a01600*2850<\/td>\n<td>\u00a01750<\/td>\n<td>\u00a0455<\/td>\n<td>\u00a070<\/td>\n<td>\u00a0100 &#8211; 50 &#8211; 40<\/td>\n<\/tr>\n<tr>\n<td>\u00a0300<\/td>\n<td>\u00a01600*3350<\/td>\n<td>\u00a02500<\/td>\n<td>\u00a0400<\/td>\n<td>\u00a0100<\/td>\n<td>\u00a0100 &#8211; 80 -50<\/td>\n<\/tr>\n<tr>\n<td>\u00a0500<\/td>\n<td>\u00a02000*3050<\/td>\n<td>\u00a03150<\/td>\n<td>\u00a0504<\/td>\n<td>\u00a0125<\/td>\n<td>\u00a0125 &#8211; 80 &#8211; 50<\/td>\n<\/tr>\n<tr>\n<td>\u00a0500<\/td>\n<td>\u00a02000*3550<\/td>\n<td>\u00a03800<\/td>\n<td>\u00a0608<\/td>\n<td>\u00a0150<\/td>\n<td>\u00a0125 &#8211; 80 &#8211; 50<\/td>\n<\/tr>\n<tr>\n<td>\u00a0700<\/td>\n<td>\u00a02400*3250<\/td>\n<td>\u00a04500<\/td>\n<td>\u00a0720<\/td>\n<td>\u00a0180<\/td>\n<td>\u00a0150 &#8211; 80 &#8211; 50<\/td>\n<\/tr>\n<\/tbody>\n<\/table>\n<p><b>Standar \u00d6zellikler<\/b><\/p>\n<ul>\n<li>Epoksi boyal\u0131 karbon \u00e7elik tankl\u0131<\/li>\n<li>Aqualine marka katyonik re\u00e7ine<\/li>\n<li>Maksimum \u00e7al\u0131\u015fma bas\u0131nc\u0131 6 bar<\/li>\n<li>Sistem debi kontroll\u00fcd\u00fcr<\/li>\n<li>Elektrik akt\u00fcat\u00f6rl\u00fc kelebek vanalar ( ph\u00f6matik akt\u00fcat\u00f6rl\u00fc olmas\u0131 durumunda fiyat fark\u0131 yoktu )<\/li>\n<li>AS-1215 ve AS-1615 alt toplama yap\u0131s\u0131 ahtapot dif\u00fcz\u00f6r<\/li>\n<li>AS-1620, AS-2015, AS-2020 ve AS-2415 alt toplama yap\u0131s\u0131 ayna \u00fczeri mantar dif\u00fcz\u00f6r<\/li>\n<li>PVC-U malzeme y\u00fczey borulama ( opsiyonel galvaniz y\u00fczey borulama se\u00e7ene\u011fi )<\/li>\n<li>Sistem giri\u015f \u00e7\u0131k\u0131\u015flar\u0131nda numune musluklar\u0131 ve manometreler<\/li>\n<li>Elektronik kartl\u0131 kontrol panosu<\/li>\n<li>Elektrik 220V \/ 50 Hz \/ 1pH<\/li>\n<li>1 Lt re\u00e7ine i\u00e7in 160 gr tuz t\u00fcketimi kabul edilmi\u015ftir<\/li>\n<li>Re\u00e7ine kapasitesi 6000 Fr\/litre re\u00e7ine kabul edilmi\u015ftir<\/li>\n<li>Ph\u00f6matik vanalar\u0131n \u00e7al\u0131\u015fmas\u0131 i\u00e7in gerekli kuru enstr\u00fcman havas\u0131 temini m\u00fc\u015fteriye aittir. \u00d6nerilen kompres\u00f6r kapasitesi minimum 100 Lt 8 bar&#8217;d\u0131r<\/li>\n<li>Yumu\u015fatma sistemlerinde tank i\u00e7 y\u00fczeylerinin CTP ile kaplanmas\u0131 \u00f6nerilmektedir.<\/li>\n<\/ul>\n","protected":false},"excerpt":{"rendered":"<p>Quartz (kg) \u00a0Tank Boyutlar\u0131 (mm) \u00a0Re\u00e7ine (lt) \u00a0Tuz T\u00fcketimi (kg\/rej) \u00a0Debi (m3\/saat) Ba\u011flant\u0131 \u00c7aplar\u0131 ( DN ) Servis-Drenaj-Tuz Emi\u015f \u00a0600 \u00a01250*2650 \u00a01250 \u00a0200 \u00a050 \u00a080-50-40 \u00a0900 \u00a01600*2850 \u00a01750 \u00a0455 \u00a070 \u00a0100 &#8211; 50 &#8211; 40 \u00a0300 \u00a01600*3350 \u00a02500 \u00a0400 \u00a0100 \u00a0100 &#8211; 80 -50 \u00a0500 \u00a02000*3050 \u00a03150 \u00a0504 \u00a0125 \u00a0125 &#8211; 80 &#8211; 50 \u00a0500 &hellip; <a href=\"https:\/\/zetaskimya.com.tr\/index.php\/product\/epoksi-boyali-single-yumusatma-sistemleri\/\" class=\"more-link\">Continue reading <span class=\"screen-reader-text\">Epoksi Boyal\u0131 Single Yumu\u015fatma Sistemleri<\/span><\/a><\/p>\n","protected":false},"featured_media":9078,"comment_status":"open","ping_status":"closed","template":"","meta":[],"product_cat":[191,171,207],"product_tag":[],"class_list":{"0":"post-9043","1":"product","2":"type-product","3":"status-publish","4":"has-post-thumbnail","6":"product_cat-filtrasyon-sistemleri","7":"product_cat-sanayi-tipi-su-aritma","8":"product_cat-yuzey-borulamali-su-yumusatma-sistemleri","11":"instock","12":"shipping-taxable","13":"purchasable","14":"product-type-simple"},"jetpack_sharing_enabled":true,"_links":{"self":[{"href":"https:\/\/zetaskimya.com.tr\/index.php\/wp-json\/wp\/v2\/product\/9043","targetHints":{"allow":["GET"]}}],"collection":[{"href":"https:\/\/zetaskimya.com.tr\/index.php\/wp-json\/wp\/v2\/product"}],"about":[{"href":"https:\/\/zetaskimya.com.tr\/index.php\/wp-json\/wp\/v2\/types\/product"}],"replies":[{"embeddable":true,"href":"https:\/\/zetaskimya.com.tr\/index.php\/wp-json\/wp\/v2\/comments?post=9043"}],"version-history":[{"count":0,"href":"https:\/\/zetaskimya.com.tr\/index.php\/wp-json\/wp\/v2\/product\/9043\/revisions"}],"wp:featuredmedia":[{"embeddable":true,"href":"https:\/\/zetaskimya.com.tr\/index.php\/wp-json\/wp\/v2\/media\/9078"}],"wp:attachment":[{"href":"https:\/\/zetaskimya.com.tr\/index.php\/wp-json\/wp\/v2\/media?parent=9043"}],"wp:term":[{"taxonomy":"product_cat","embeddable":true,"href":"https:\/\/zetaskimya.com.tr\/index.php\/wp-json\/wp\/v2\/product_cat?post=9043"},{"taxonomy":"product_tag","embeddable":true,"href":"https:\/\/zetaskimya.com.tr\/index.php\/wp-json\/wp\/v2\/product_tag?post=9043"}],"curies":[{"name":"wp","href":"https:\/\/api.w.org\/{rel}","templated":true}]}}