{"id":9045,"date":"2024-09-28T16:21:37","date_gmt":"2024-09-28T13:21:37","guid":{"rendered":"https:\/\/zetaskimya.com.tr\/?post_type=product&#038;p=9045"},"modified":"2024-09-28T16:21:58","modified_gmt":"2024-09-28T13:21:58","slug":"express-water-5-asamali-su-aritma-cihazi","status":"publish","type":"product","link":"https:\/\/zetaskimya.com.tr\/index.php\/product\/express-water-5-asamali-su-aritma-cihazi\/","title":{"rendered":"Express Water 5 A\u015famal\u0131 Su Ar\u0131tma Cihaz\u0131"},"content":{"rendered":"<div class=\"col-sm-6 col-xs-12\" style=\"width: 560.263px;\">\n<p><b>Express Water Storm 5 A\u015famal\u0131 Class Pompal\u0131 Su Ar\u0131tma Cihaz\u0131<\/b><\/p>\n<ul>\n<li>12&#8243; Inline 5 Mikron Spun ( Sediment )<\/li>\n<li>12&#8243; Inline GAC Karbon Jammy Filtre ( UDF )<\/li>\n<li>12&#8243; Inline Blok Karbon Jammy Filtre ( CTO )<\/li>\n<li>10&#8243; Inline Coconat Post Karbon Filtre<\/li>\n<li>80 GPD Membran<\/li>\n<li>2.2 Galon Metal Bas\u0131n\u00e7 Denge Tank\u0131<\/li>\n<li>L\u00fcks Musluk<\/li>\n<li>24V Pompa<\/li>\n<li>60 PSI Bas\u0131n\u00e7 D\u00fc\u015f\u00fcr\u00fcc\u00fc<\/li>\n<\/ul>\n<p>&nbsp;<\/p>\n<p>&nbsp;<\/p>\n<\/div>\n<div class=\"col-sm-6 col-xs-12\" style=\"width: 560.263px;\">\n<p><b>Express Water Storm 5 A\u015famal\u0131 Class Pompas\u0131z Su Ar\u0131tma Cihaz\u0131<\/b><\/p>\n<ul>\n<li>12&#8243; Inline 5 Mikron Spun ( Sediment ) Jammy Filtre<\/li>\n<li>12&#8243; Inline GAC Karbon Jammy Filtre ( UDF )<\/li>\n<li>12&#8243; Inline Blok Karbon Jammy Filtre ( CTO )<\/li>\n<li>10&#8243; Inline Coconat Post Karbon Filtre<\/li>\n<li>80 GPD Membran<\/li>\n<li>2.2 Galon Metal Bas\u0131n\u00e7 Denge Tank\u0131<\/li>\n<li>L\u00fcks Musluk<\/li>\n<li>60 PSI Bas\u0131n\u00e7 D\u00fc\u015f\u00fcr\u00fcc\u00fc<\/li>\n<\/ul>\n<\/div>\n","protected":false},"excerpt":{"rendered":"<p>Express Water Storm 5 A\u015famal\u0131 Class Pompal\u0131 Su Ar\u0131tma Cihaz\u0131 12&#8243; Inline 5 Mikron Spun ( Sediment ) 12&#8243; Inline GAC Karbon Jammy Filtre ( UDF ) 12&#8243; Inline Blok Karbon Jammy Filtre ( CTO ) 10&#8243; Inline Coconat Post Karbon Filtre 80 GPD Membran 2.2 Galon Metal Bas\u0131n\u00e7 Denge Tank\u0131 L\u00fcks Musluk 24V Pompa &hellip; <a href=\"https:\/\/zetaskimya.com.tr\/index.php\/product\/express-water-5-asamali-su-aritma-cihazi\/\" class=\"more-link\">Continue reading <span class=\"screen-reader-text\">Express Water 5 A\u015famal\u0131 Su Ar\u0131tma Cihaz\u0131<\/span><\/a><\/p>\n","protected":false},"featured_media":9082,"comment_status":"open","ping_status":"closed","template":"","meta":[],"product_cat":[175,151,208],"product_tag":[],"class_list":{"0":"post-9045","1":"product","2":"type-product","3":"status-publish","4":"has-post-thumbnail","6":"product_cat-cihazlar","7":"product_cat-ev-tipi-su-aritma","8":"product_cat-kapali-kasa-su-aritma","9":"pa_ozellik-pompali","10":"pa_ozellik-pompasiz","13":"instock","14":"shipping-taxable","15":"purchasable","16":"product-type-variable"},"jetpack_sharing_enabled":true,"_links":{"self":[{"href":"https:\/\/zetaskimya.com.tr\/index.php\/wp-json\/wp\/v2\/product\/9045","targetHints":{"allow":["GET"]}}],"collection":[{"href":"https:\/\/zetaskimya.com.tr\/index.php\/wp-json\/wp\/v2\/product"}],"about":[{"href":"https:\/\/zetaskimya.com.tr\/index.php\/wp-json\/wp\/v2\/types\/product"}],"replies":[{"embeddable":true,"href":"https:\/\/zetaskimya.com.tr\/index.php\/wp-json\/wp\/v2\/comments?post=9045"}],"version-history":[{"count":0,"href":"https:\/\/zetaskimya.com.tr\/index.php\/wp-json\/wp\/v2\/product\/9045\/revisions"}],"wp:featuredmedia":[{"embeddable":true,"href":"https:\/\/zetaskimya.com.tr\/index.php\/wp-json\/wp\/v2\/media\/9082"}],"wp:attachment":[{"href":"https:\/\/zetaskimya.com.tr\/index.php\/wp-json\/wp\/v2\/media?parent=9045"}],"wp:term":[{"taxonomy":"product_cat","embeddable":true,"href":"https:\/\/zetaskimya.com.tr\/index.php\/wp-json\/wp\/v2\/product_cat?post=9045"},{"taxonomy":"product_tag","embeddable":true,"href":"https:\/\/zetaskimya.com.tr\/index.php\/wp-json\/wp\/v2\/product_tag?post=9045"}],"curies":[{"name":"wp","href":"https:\/\/api.w.org\/{rel}","templated":true}]}}