{"id":9095,"date":"2024-09-28T16:22:06","date_gmt":"2024-09-28T13:22:06","guid":{"rendered":"https:\/\/zetaskimya.com.tr\/?post_type=product&#038;p=9095"},"modified":"2024-09-28T16:22:25","modified_gmt":"2024-09-28T13:22:25","slug":"express-water-pro-luks-6-asamali-su-aritma-cihazi","status":"publish","type":"product","link":"https:\/\/zetaskimya.com.tr\/index.php\/product\/express-water-pro-luks-6-asamali-su-aritma-cihazi\/","title":{"rendered":"Express Water Pro L\u00fcks 6 A\u015famal\u0131 Su Ar\u0131tma Cihaz\u0131"},"content":{"rendered":"","protected":false},"excerpt":{"rendered":"<div class=\"col-sm-6 col-xs-12\">\n<p><b>Express Water Pro L\u00fcks 6 A\u015famal\u0131 Pompal\u0131 Su Ar\u0131tma Cihaz\u0131 ( \u015eeffaf Kapak )<\/b><\/p>\n<ul>\n<li>12&#8243; Inline NSF 5 Mikron Spun Filtre<\/li>\n<li>12&#8243; Inline NSF GAC Coconat Karbon Filtre<\/li>\n<li>12&#8243; Inline NSF Blok Coconat Karbon Filtre<\/li>\n<li>10&#8243; Inline NSF Coconat Post Karbon Filtre<\/li>\n<li>10&#8243; Inline M\u0130NERAL F\u0130LTRE<\/li>\n<li>80 GPD PALLAS Membran<\/li>\n<li>3.2 Galon Metal Bas\u0131n\u00e7 Denge Tank\u0131<\/li>\n<li>L\u00fcks Musluk<\/li>\n<li>60 PSI Bas\u0131n\u00e7 D\u00fc\u015f\u00fcr\u00fcc\u00fc<\/li>\n<li>\u015eeffaf Kapak<\/li>\n<li>24V Pompa<\/li>\n<\/ul>\n<p>&nbsp;<\/p>\n<\/div>\n<div class=\"visible-xs\"><\/div>\n<div class=\"col-sm-6 col-xs-12\">\n<p><b>Express Water Pro L\u00fcks 6 A\u015famal\u0131 Pompas\u0131z Su Ar\u0131tma Cihaz\u0131 ( \u015eeffaf Kapak )<\/b><\/p>\n<ul>\n<li>12&#8243; Inline NSF 5 Mikron Spun Filtre<\/li>\n<li>12&#8243; Inline NSF GAC Coconat Karbon Filtre<\/li>\n<li>12&#8243; Inline NSF Blok Coconat Karbon Filtre<\/li>\n<li>10&#8243; Inline NSF Coconat Post Karbon Filtre<\/li>\n<li>10&#8243; Inline M\u0130NERAL F\u0130LTRE<\/li>\n<li>80 GPD PALLAS Membran<\/li>\n<li>3.2 Galon Metal Bas\u0131n\u00e7 Denge Tank\u0131<\/li>\n<li>L\u00fcks Musluk<\/li>\n<li>60 PSI Bas\u0131n\u00e7 D\u00fc\u015f\u00fcr\u00fcc\u00fc<\/li>\n<li>\u015eeffaf Kapak<\/li>\n<\/ul>\n<\/div>\n","protected":false},"featured_media":9121,"comment_status":"open","ping_status":"closed","template":"","meta":[],"product_cat":[175,151,208],"product_tag":[],"class_list":{"0":"post-9095","1":"product","2":"type-product","3":"status-publish","4":"has-post-thumbnail","6":"product_cat-cihazlar","7":"product_cat-ev-tipi-su-aritma","8":"product_cat-kapali-kasa-su-aritma","9":"pa_ozellik-pompali","10":"pa_ozellik-pompasiz","13":"instock","14":"shipping-taxable","15":"purchasable","16":"product-type-variable"},"jetpack_sharing_enabled":true,"_links":{"self":[{"href":"https:\/\/zetaskimya.com.tr\/index.php\/wp-json\/wp\/v2\/product\/9095","targetHints":{"allow":["GET"]}}],"collection":[{"href":"https:\/\/zetaskimya.com.tr\/index.php\/wp-json\/wp\/v2\/product"}],"about":[{"href":"https:\/\/zetaskimya.com.tr\/index.php\/wp-json\/wp\/v2\/types\/product"}],"replies":[{"embeddable":true,"href":"https:\/\/zetaskimya.com.tr\/index.php\/wp-json\/wp\/v2\/comments?post=9095"}],"version-history":[{"count":0,"href":"https:\/\/zetaskimya.com.tr\/index.php\/wp-json\/wp\/v2\/product\/9095\/revisions"}],"wp:featuredmedia":[{"embeddable":true,"href":"https:\/\/zetaskimya.com.tr\/index.php\/wp-json\/wp\/v2\/media\/9121"}],"wp:attachment":[{"href":"https:\/\/zetaskimya.com.tr\/index.php\/wp-json\/wp\/v2\/media?parent=9095"}],"wp:term":[{"taxonomy":"product_cat","embeddable":true,"href":"https:\/\/zetaskimya.com.tr\/index.php\/wp-json\/wp\/v2\/product_cat?post=9095"},{"taxonomy":"product_tag","embeddable":true,"href":"https:\/\/zetaskimya.com.tr\/index.php\/wp-json\/wp\/v2\/product_tag?post=9095"}],"curies":[{"name":"wp","href":"https:\/\/api.w.org\/{rel}","templated":true}]}}