{"id":9104,"date":"2024-09-28T16:22:07","date_gmt":"2024-09-28T13:22:07","guid":{"rendered":"https:\/\/zetaskimya.com.tr\/?post_type=product&#038;p=9104"},"modified":"2024-09-28T16:22:25","modified_gmt":"2024-09-28T13:22:25","slug":"filtreli-dus-basligi","status":"publish","type":"product","link":"https:\/\/zetaskimya.com.tr\/index.php\/product\/filtreli-dus-basligi\/","title":{"rendered":"Filtreli Du\u015f Ba\u015fl\u0131\u011f\u0131"},"content":{"rendered":"<p>Filtreli Du\u015f Ba\u015fl\u0131\u011f\u0131 Faydalar\u0131;<\/p>\n<ul>\n<li>Su i\u00e7erisindeki klor\u00fc ortadan kald\u0131r\u0131r.<\/li>\n<li>Sudaki zararl\u0131 maddeleri filtreler.<\/li>\n<li>Sa\u011fl\u0131kl\u0131 bir cilt i\u00e7in mineralleri serbest b\u0131rak\u0131r.<\/li>\n<\/ul>\n<ul>\n<li>Negatif iyon teknolojisi ile kan bas\u0131nc\u0131n\u0131 dengeler, yorgunluk al\u0131r.<\/li>\n<\/ul>\n","protected":false},"excerpt":{"rendered":"<p>Filtreli Du\u015f Ba\u015fl\u0131\u011f\u0131 Faydalar\u0131; Su i\u00e7erisindeki klor\u00fc ortadan kald\u0131r\u0131r. Sudaki zararl\u0131 maddeleri filtreler. Sa\u011fl\u0131kl\u0131 bir cilt i\u00e7in mineralleri serbest b\u0131rak\u0131r. Negatif iyon teknolojisi ile kan bas\u0131nc\u0131n\u0131 dengeler, yorgunluk al\u0131r.<\/p>\n","protected":false},"featured_media":9130,"comment_status":"open","ping_status":"closed","template":"","meta":[],"product_cat":[168,151,179],"product_tag":[],"class_list":{"0":"post-9104","1":"product","2":"type-product","3":"status-publish","4":"has-post-thumbnail","6":"product_cat-ekipmanlar","7":"product_cat-ev-tipi-su-aritma","8":"product_cat-tum-urunler","9":"pa_ozellik-1-filtreli-dus-basligi","10":"pa_ozellik-1-filtreli-ve-ledli-dus-basligi","13":"instock","14":"sale","15":"shipping-taxable","16":"purchasable","17":"product-type-variable"},"jetpack_sharing_enabled":true,"_links":{"self":[{"href":"https:\/\/zetaskimya.com.tr\/index.php\/wp-json\/wp\/v2\/product\/9104","targetHints":{"allow":["GET"]}}],"collection":[{"href":"https:\/\/zetaskimya.com.tr\/index.php\/wp-json\/wp\/v2\/product"}],"about":[{"href":"https:\/\/zetaskimya.com.tr\/index.php\/wp-json\/wp\/v2\/types\/product"}],"replies":[{"embeddable":true,"href":"https:\/\/zetaskimya.com.tr\/index.php\/wp-json\/wp\/v2\/comments?post=9104"}],"version-history":[{"count":0,"href":"https:\/\/zetaskimya.com.tr\/index.php\/wp-json\/wp\/v2\/product\/9104\/revisions"}],"wp:featuredmedia":[{"embeddable":true,"href":"https:\/\/zetaskimya.com.tr\/index.php\/wp-json\/wp\/v2\/media\/9130"}],"wp:attachment":[{"href":"https:\/\/zetaskimya.com.tr\/index.php\/wp-json\/wp\/v2\/media?parent=9104"}],"wp:term":[{"taxonomy":"product_cat","embeddable":true,"href":"https:\/\/zetaskimya.com.tr\/index.php\/wp-json\/wp\/v2\/product_cat?post=9104"},{"taxonomy":"product_tag","embeddable":true,"href":"https:\/\/zetaskimya.com.tr\/index.php\/wp-json\/wp\/v2\/product_tag?post=9104"}],"curies":[{"name":"wp","href":"https:\/\/api.w.org\/{rel}","templated":true}]}}