{"id":9113,"date":"2024-09-28T16:22:07","date_gmt":"2024-09-28T13:22:07","guid":{"rendered":"https:\/\/zetaskimya.com.tr\/?post_type=product&#038;p=9113"},"modified":"2026-03-26T23:11:42","modified_gmt":"2026-03-26T20:11:42","slug":"galvaniz-moduler-su-depolari","status":"publish","type":"product","link":"https:\/\/zetaskimya.com.tr\/index.php\/product\/galvaniz-moduler-su-depolari\/","title":{"rendered":"Galvaniz Mod\u00fcler Su Depolar\u0131"},"content":{"rendered":"<p>\u0130htiyac\u0131n\u0131za g\u00f6re mod\u00fcler su deposu \u00e7e\u015fitleri; Galvaniz Mod\u00fcler Su Depolar\u0131, Prizmatik Paslanmaz Mod\u00fcler Su Deposu, Grp Su Deposu, Yer Alt\u0131 ( Toprak Alt\u0131 ) Su Deposu<\/p>\n<p><strong>Galvaniz mod\u00fcler su deposu<\/strong> paslanmaz \u00e7elik ve farkl\u0131 bir\u00e7ok malzemelerden \u00fcretilir. Eski su depolar\u0131n\u0131n aksine dayan\u0131kl\u0131l\u0131\u011f\u0131 \u00e7ok fazlad\u0131r. Mod\u00fcler depolar\u0131n montaj\u0131 ve demontaj\u0131 olduk\u00e7a kolayd\u0131r. Prizmatik depolar etraf\u0131nda i\u015flem g\u00f6rmektedir. Paslanmaz \u00e7elik haricinde alternatif olan di\u011fer malzemeler \u015funlard\u0131r;<\/p>\n<ul>\n<li>Galvaniz kesesi<\/li>\n<li>Paslanmaz kese<\/li>\n<li>Yang\u0131n su deposu<\/li>\n<\/ul>\n<p>Bu \u00fc\u00e7 malzeme paslanmaz \u00e7elik ile birle\u015ferek dayan\u0131kl\u0131 bir su deposunu ortaya \u00e7\u0131karmaktad\u0131r. Depo 1.25 tondan 100 tona kadar a\u011f\u0131rl\u0131\u011f\u0131 ta\u015f\u0131yabilirler. Geni\u015f kapasiteleri vard\u0131r. Tamamen c\u0131vatal\u0131 ve kaynaks\u0131z bir montajdan ge\u00e7er. Yerinde ve kolay kurulum imkan\u0131 alt\u0131nda geli\u015fim g\u00f6sterir. Kurulum sonras\u0131 teknik destek de devreye girmektedir.<\/p>\n<h4><strong>Mod\u00fcler Su Deposu<\/strong><\/h4>\n<p>Galvaniz mod\u00fcler su deposu \u00fcretiminde paslanmaz \u00e7elik, s\u0131cak dald\u0131rma galvaniz, \u00e7elik sa\u00e7 kaplamas\u0131, epoksi boya ve elektro statik toz boya kullan\u0131lmaktad\u0131r. T\u00fcrkiye\u2019nin her yerinde mod\u00fcler prizmatik galvaniz g\u00f6nderilmektedir. Montaj ekibi ile birlikte kurulumu sa\u011flanmaktad\u0131r. Her mod\u00fcl yap\u0131s\u0131 1080 mm \u00f6l\u00e7\u00fctlerinde \u00fcretilmektedir. Genel mod\u00fcl kapasiteleri 1250 lt ve \u00fczerinde olacak \u015fekilde katlanarak devem eder. Mod\u00fcl say\u0131lar\u0131n ebatlar\u0131, eni, boyu ve y\u00fcksekli\u011fi sipari\u015f yap\u0131lan ki\u015fi ve kurumlara g\u00f6re ortaya konur. Depo i\u00e7i ve d\u0131\u015f\u0131 \u00e7ift katl\u0131 bir perdelemeye sahiptir. Kolayl\u0131kla delinmesi ya da bo\u015fluk olu\u015fmas\u0131 s\u00f6z konusu olmaz. Sert zeminlere \u00e7arpt\u0131\u011f\u0131 zaman bile hasara u\u011framaz. Kolay ve kaliteli bir kullan\u0131m sunar.<\/p>\n<h4><strong>Paslanmaz Su Deposu<\/strong><\/h4>\n<p>Galvaniz mod\u00fcler su deposu kullan\u0131c\u0131 a\u00e7\u0131s\u0131ndan olduk\u00e7a fazlad\u0131r.<\/p>\n<ul>\n<li>Eski depolara oranla prizmatik bir \u00f6zelli\u011fi vard\u0131r. Yosun, bakteri ve mikrop \u00fcretmez.<\/li>\n<li>Su depolar\u0131 c\u0131vatalarla birlikte sabitlenir. Esnek mod\u00fcl sistemine sahiptir. B\u00f6ylece kolayl\u0131kla kurulup a\u00e7\u0131labilir.<\/li>\n<li>Kurulacak mekan\u0131n b\u00fcy\u00fckl\u00fc\u011f\u00fcne ve kapasitesine g\u00f6re \u00e7e\u015fitlenir.<\/li>\n<li>Kap\u0131 e\u015fi\u011fi ve asans\u00f6r gibi dar alanlarda da ge\u00e7ebilecek kapasiteye sahiptir.<\/li>\n<li>Mod\u00fcl paneller i\u00e7te mevcut olan gerdirmelerle sabitlenerek konumlan\u0131r.<\/li>\n<li>Kal\u0131nl\u0131k oran\u0131 eskilere oranla bir kat daha fazlad\u0131r.<\/li>\n<li>Depolar projeden ge\u00e7er. Projeye ba\u011fl\u0131 olarak olu\u015fturulur. Sadece ki\u015fi ve kurumlara g\u00f6re bir olu\u015fum s\u00f6z konusudur.<\/li>\n<li>Kurulum konusunda deneyimli kadrolar devreye girmektedir.<br \/>\nT\u00fcm bunlar su deposunun avantaj\u0131n\u0131 ortaya koymaktad\u0131r.<\/li>\n<\/ul>\n<h4><strong>Galvaniz Su Deposu<\/strong><\/h4>\n<p>Suyun g\u00fcvenilir ve insan sa\u011fl\u0131\u011f\u0131 i\u00e7in uygun ko\u015fullarda depolanarak korunmas\u0131n\u0131 sa\u011flamak i\u00e7in \u00e7e\u015fitli depolama t\u00fcrleri geli\u015ftirilmi\u015ftir. So\u011fuk \u015fekillendirme y\u00f6ntemi ile \u00fcretilen galvaniz su deposu koku yapmayan, mikrop ve yosun gibi zararl\u0131 organizmalar\u0131n \u00fcremesini \u00f6nleyen, hijyen standartlar\u0131na uygun ve istenen depolama haznesine uygun \u015fekilde galvaniz malzeme ile \u00fcretilen bir su deposu \u00e7e\u015fididir.<\/p>\n<h4><strong>Su Deposu Tamiri<\/strong><\/h4>\n<p>Galvaniz mod\u00fcler su deposu sa\u011flam ve sa\u011fl\u0131kl\u0131 bir olu\u015fuma yer verir. Ancak baz\u0131 durumlarda onarma i\u015flemi gerekebilir. Bu gibi durumlarda sa\u011flam bir alt yap\u0131ya sahip oldu\u011fu i\u00e7in onarma i\u015flemi kapsaml\u0131 olmaz. K\u0131sa s\u00fcrede gereken montaj, kaynak ve onar\u0131m i\u015flemi devreye girer. \u00c7\u00fcnk\u00fc bug\u00fcn\u00fcn su depolar\u0131 ge\u00e7mi\u015fe oranla sa\u011flaml\u0131\u011f\u0131 kan\u0131tlanm\u0131\u015f bir olu\u015fum sergiler. Onarma i\u015flemi yap\u0131ld\u0131ktan sonra t\u0131pk\u0131 eskisi gibi kullan\u0131lmaya devem eder. <strong>Galvaniz mod\u00fcler su deposu<\/strong> her alan ve yap\u0131ya uygun olan \u00e7e\u015fitli se\u00e7enekleri ile sunulur. \u0130htiya\u00e7lara cevap verecek geni\u015f bir kapasitesi vard\u0131r. Sa\u011fl\u0131kl\u0131 bir kurulum ile k\u0131sa s\u00fcrede teslim edilir. Kaliteli malzemelerden \u00fcretildi\u011fi i\u00e7in uzun s\u00fcreye varan bir kullan\u0131m\u0131 da do\u011frudan kullan\u0131c\u0131s\u0131na sunar.<\/p>\n","protected":false},"excerpt":{"rendered":"<p>\u0130htiyac\u0131n\u0131za g\u00f6re mod\u00fcler su deposu \u00e7e\u015fitleri; Galvaniz Mod\u00fcler Su Depolar\u0131, Prizmatik Paslanmaz Mod\u00fcler Su Deposu, Grp Su Deposu, Yer Alt\u0131 ( Toprak Alt\u0131 ) Su Deposu Galvaniz mod\u00fcler su deposu paslanmaz \u00e7elik ve farkl\u0131 bir\u00e7ok malzemelerden \u00fcretilir. Eski su depolar\u0131n\u0131n aksine dayan\u0131kl\u0131l\u0131\u011f\u0131 \u00e7ok fazlad\u0131r. Mod\u00fcler depolar\u0131n montaj\u0131 ve demontaj\u0131 olduk\u00e7a kolayd\u0131r. Prizmatik depolar etraf\u0131nda i\u015flem &hellip; <a href=\"https:\/\/zetaskimya.com.tr\/index.php\/product\/galvaniz-moduler-su-depolari\/\" class=\"more-link\">Continue reading <span class=\"screen-reader-text\">Galvaniz Mod\u00fcler Su Depolar\u0131<\/span><\/a><\/p>\n","protected":false},"featured_media":9142,"comment_status":"open","ping_status":"closed","template":"","meta":[],"product_cat":[211,154,179],"product_tag":[],"class_list":{"0":"post-9113","1":"product","2":"type-product","3":"status-publish","4":"has-post-thumbnail","6":"product_cat-galvaniz-moduler-su-deposu","7":"product_cat-moduler-su-deposu","8":"product_cat-tum-urunler","9":"pa_boy-mm-252","10":"pa_boy-mm-255","11":"pa_boy-mm-258","12":"pa_boy-mm-260","13":"pa_boy-mm-558","14":"pa_boy-mm-261","15":"pa_boy-mm-559","16":"pa_depo-kapasite-lt-527","17":"pa_depo-kapasite-lt-528","18":"pa_depo-kapasite-lt-529","19":"pa_depo-kapasite-lt-530","20":"pa_depo-kapasite-lt-531","21":"pa_depo-kapasite-lt-532","22":"pa_depo-kapasite-lt-533","23":"pa_depo-kapasite-lt-534","24":"pa_depo-kapasite-lt-535","25":"pa_depo-kapasite-lt-536","26":"pa_depo-kapasite-lt-537","27":"pa_depo-kapasite-lt-538","28":"pa_depo-kapasite-lt-539","29":"pa_depo-kapasite-lt-540","30":"pa_depo-kapasite-lt-541","31":"pa_depo-kapasite-lt-542","32":"pa_depo-kapasite-lt-543","33":"pa_depo-kapasite-lt-544","34":"pa_depo-kapasite-lt-545","35":"pa_depo-kapasite-lt-546","36":"pa_depo-kapasite-lt-547","37":"pa_depo-kapasite-lt-548","38":"pa_depo-kapasite-lt-549","39":"pa_depo-kapasite-lt-550","40":"pa_depo-modul-sayisi-1-1-1","41":"pa_depo-modul-sayisi-1-2-1","42":"pa_depo-modul-sayisi-1-3-1","43":"pa_depo-modul-sayisi-1-5-1","44":"pa_depo-modul-sayisi-1-5-2","45":"pa_depo-modul-sayisi-2-2-1","46":"pa_depo-modul-sayisi-2-2-2","47":"pa_depo-modul-sayisi-2-3-1","48":"pa_depo-modul-sayisi-2-3-2","49":"pa_depo-modul-sayisi-2-4-2","50":"pa_depo-modul-sayisi-2-5-2","51":"pa_depo-modul-sayisi-3-3-2","52":"pa_depo-modul-sayisi-3-3-3","53":"pa_depo-modul-sayisi-3-4-2","54":"pa_depo-modul-sayisi-3-4-3","55":"pa_depo-modul-sayisi-3-5-2","56":"pa_depo-modul-sayisi-3-5-3","57":"pa_depo-modul-sayisi-4-4-2","58":"pa_depo-modul-sayisi-4-4-3","59":"pa_depo-modul-sayisi-4-5-2","60":"pa_depo-modul-sayisi-4-5-3","61":"pa_depo-modul-sayisi-5-5-2","62":"pa_depo-modul-sayisi-5-5-3","63":"pa_depo-modul-sayisi-5-6-2","64":"pa_depo-modul-sayisi-6-6-2","65":"pa_en-mm-551","66":"pa_en-mm-552","67":"pa_en-mm-553","68":"pa_en-mm-554","69":"pa_en-mm-555","70":"pa_en-mm-556","71":"pa_en-mm-557","72":"pa_yukseklik-mm-560","73":"pa_yukseklik-mm-561","74":"pa_yukseklik-mm-562","75":"pa_yukseklik-mm-563","78":"instock","79":"sale","80":"shipping-taxable","81":"purchasable","82":"product-type-variable","83":"has-default-attributes"},"jetpack_sharing_enabled":true,"_links":{"self":[{"href":"https:\/\/zetaskimya.com.tr\/index.php\/wp-json\/wp\/v2\/product\/9113","targetHints":{"allow":["GET"]}}],"collection":[{"href":"https:\/\/zetaskimya.com.tr\/index.php\/wp-json\/wp\/v2\/product"}],"about":[{"href":"https:\/\/zetaskimya.com.tr\/index.php\/wp-json\/wp\/v2\/types\/product"}],"replies":[{"embeddable":true,"href":"https:\/\/zetaskimya.com.tr\/index.php\/wp-json\/wp\/v2\/comments?post=9113"}],"version-history":[{"count":0,"href":"https:\/\/zetaskimya.com.tr\/index.php\/wp-json\/wp\/v2\/product\/9113\/revisions"}],"wp:featuredmedia":[{"embeddable":true,"href":"https:\/\/zetaskimya.com.tr\/index.php\/wp-json\/wp\/v2\/media\/9142"}],"wp:attachment":[{"href":"https:\/\/zetaskimya.com.tr\/index.php\/wp-json\/wp\/v2\/media?parent=9113"}],"wp:term":[{"taxonomy":"product_cat","embeddable":true,"href":"https:\/\/zetaskimya.com.tr\/index.php\/wp-json\/wp\/v2\/product_cat?post=9113"},{"taxonomy":"product_tag","embeddable":true,"href":"https:\/\/zetaskimya.com.tr\/index.php\/wp-json\/wp\/v2\/product_tag?post=9113"}],"curies":[{"name":"wp","href":"https:\/\/api.w.org\/{rel}","templated":true}]}}