{"id":9166,"date":"2024-09-28T16:22:33","date_gmt":"2024-09-28T13:22:33","guid":{"rendered":"https:\/\/zetaskimya.com.tr\/?post_type=product&#038;p=9166"},"modified":"2026-03-26T23:12:51","modified_gmt":"2026-03-26T20:12:51","slug":"grp-su-depolari","status":"publish","type":"product","link":"https:\/\/zetaskimya.com.tr\/index.php\/product\/grp-su-depolari\/","title":{"rendered":"GRP Su Depolar\u0131"},"content":{"rendered":"<h2><b>Mod\u00fcler Su Deposu<\/b><\/h2>\n<p>GRP su deposu, cam elyaf takviyeli mod\u00fcler su deposu anlam\u0131na gelmektedir. %100 yerli teknoloji ile \u00fcretilen bu depolar, cam takviyeli polyester olarak da tan\u0131nmaktad\u0131r. Su depolama alan\u0131nda \u00f6ncelikli tercih edilenler aras\u0131nda gelmektedir. Hammaddesi polyester re\u00e7ine ile k\u0131rp\u0131lm\u0131\u015f olan cam elyaftan olu\u015fmaktad\u0131r. Panelleri s\u0131cak presleme y\u00f6ntemi ile \u00fcretilmekte ve y\u00fcksek tonajl\u0131 preslerde, 1500 C dereceye kadar \u0131s\u0131t\u0131lm\u0131\u015f kal\u0131plarda imal edilmektedir. Ayr\u0131ca bu paneller \u00fczerine ekstra \u0131s\u0131 yal\u0131t\u0131m\u0131 uygulanabilmektedir. \u00dcretiminde kullan\u0131lan imalat teknolojisi ile kal\u0131plar sayesinde, ortaya \u00e7\u0131kan paneller her iki y\u00fcz\u00fc de k\u00fcrlenmi\u015f, p\u00fcr\u00fczs\u00fcz ve dayan\u0131kl\u0131 olacak bi\u00e7ime gelmektedir. Mod\u00fcler par\u00e7a halinde paslanmaz \u00e7elik kullan\u0131larak \u00fcretimi yap\u0131lmaktad\u0131r.Termal izolasyon i\u00e7in kullan\u0131lan GRP depo y\u00fczeyi, poli\u00fcretan k\u00f6p\u00fck kaplanarak sa\u011flanmaktad\u0131r. Kullan\u0131lan yal\u0131t\u0131m malzemesi ise, HCFC ile CFC i\u00e7ermemekte ve b\u00f6ylece do\u011faya herhangi bir zarar vermemektedir. \u0130\u00e7inde yer alan katk\u0131 malzemeleri sayesinde, sa\u011flam yap\u0131l\u0131, uzun \u00f6m\u00fcrl\u00fc, hijyenik, dengeli ve hafiftir. GRP su deposu, korozyona dayan\u0131kl\u0131 bir yap\u0131ya sahiptir. I\u015f\u0131k ge\u00e7irmedikleri i\u00e7in yosun olu\u015fumu s\u0131f\u0131rd\u0131r. Yer alt\u0131 tank\u0131 olarak da kullan\u0131m imkan\u0131 sunmaktad\u0131r.<\/p>\n<p><b>GRP su deposu montaj\u0131<\/b>, \u00f6zel civata s\u0131kma makineleri ile yap\u0131lmaktad\u0131r. Dar alanlardan par\u00e7alar \u015feklinde ge\u00e7irilerek montajlanmaktad\u0131r. \u0130ste\u011fe ba\u011fl\u0131 olarak gerekti\u011finde kolay par\u00e7alanarak ba\u015fka mekana da monte edilebilmektedir.\u00a0<b>GRP mod\u00fcler su deposu<\/b>, i\u00e7ten takviyeli ya da d\u0131\u015ftan takviyeli olarak 2 \u015fekilde dizayn edilmektedir. \u0130\u00e7ten takviyeli kurulumlarda, su ile temas eden par\u00e7alar AISI 316\u2019dan olu\u015fmaktad\u0131r. Konveks olarak monte edilmi\u015f taban panelleri, suyun statik bas\u0131nc\u0131na kar\u015f\u0131 mukavemetli bir nitelikte bulunur ve b\u00f6ylelikle su ka\u00e7\u0131rma riski ta\u015f\u0131mamaktad\u0131r.GRP depolar\u0131n taban dizaynlar\u0131 da d\u0131\u015ftan ve i\u00e7ten flan\u015fl\u0131 olarak dizayn edilmektedir.<\/p>\n<p><b>GRP mod\u00fcler depolar\u0131<\/b>, \u00f6zel olarak tasarlanan ara b\u00f6lme panelleri sayesinde i\u00e7ten b\u00f6l\u00fcnebilmektedir. Ayr\u0131ca her depoda yer alan tahliye paneli ve i\u00e7 b\u00fckey drenaj paneli, tank taban\u0131nda birikmi\u015f olan kir ve tortuyu tamam\u0131 ile bo\u015faltmaktad\u0131r.<\/p>\n<p><b>Grp su deposu kullan\u0131m avantajlar\u0131<\/b>\u00a0aras\u0131nda, y\u00fcksek korozyon dayan\u0131m\u0131,bak\u0131m gerektirmemesi, d\u00fc\u015f\u00fck kurulum maliyetinin bulunmas\u0131, kaymazl\u0131k \u00f6zelli\u011fi, y\u00fcksek darbeye kar\u015f\u0131 dayan\u0131m, yang\u0131na dayan\u0131kl\u0131l\u0131k,dielektrik dayan\u0131kl\u0131l\u0131\u011f\u0131,kimyasallara kar\u015f\u0131 y\u00fcksek dayan\u0131m,antibakteriyel olmas\u0131, kopma uzamas\u0131n\u0131n metallere nazaran daha y\u00fcksek olmas\u0131, \u00e7evre ile dost olmas\u0131, y\u00fcksek mekanik dayan\u0131kl\u0131l\u0131\u011f\u0131, tasar\u0131m esnekli\u011finin bulunmas\u0131, kolay tamir edilebilir \u00f6zellikte olmas\u0131, istenilen her renkte \u00fcretilebilmesi, her t\u00fcrl\u00fc i\u00e7 ve d\u0131\u015f ortamda kullan\u0131ma uygun yap\u0131da bulunmas\u0131, elektrik iletkenli\u011fi g\u00f6stermemesi, homojen bas\u0131n\u00e7 da\u011f\u0131l\u0131m\u0131 sa\u011flamas\u0131, kolon,i ya da duvar gibi yap\u0131lar\u0131n olmas\u0131 durumunda \u00e7e\u015fitli dizayn edilebilme imkan\u0131 sa\u011flamas\u0131, depolanan suyu istenilen s\u0131cakl\u0131kta tutarak korumas\u0131, enerji tasarrufu sa\u011flamas\u0131, i\u00e7indeki suyun kalitesini uzun s\u00fcreli korumas\u0131, suda herhangi bir mikroorganizma bulundurmamas\u0131,40 y\u0131la varan uzun sene \u00f6mr\u00fc ve y\u00fcksek \u0131s\u0131l dayan\u0131kl\u0131l\u0131\u011f\u0131 gibi \u00f6zellikler yer almaktad\u0131r.<\/p>\n<p><b>\u00a0Bir\u00e7ok alanda kullan\u0131m\u0131 mevcut olan GRP su deposu kullan\u0131m alanlar\u0131 \u015fu \u015fekildedir:<\/b><\/p>\n<ul>\n<li>Tar\u0131m sulama alanlar\u0131<\/li>\n<li>Yang\u0131n suyu tanklar\u0131,<\/li>\n<li>\u0130\u00e7me suyu tanklar\u0131,<\/li>\n<li>Y\u00fczme havuzlar\u0131 ve denge tanklar\u0131,<\/li>\n<li>Ya\u011fmur suyu ve kuyu sular\u0131,<\/li>\n<li>Deniz suyu tanklar\u0131,<\/li>\n<li>\u0130letkenli\u011fi \u00e7ok d\u00fc\u015f\u00fck ve y\u00fcksek olan Reverz-Ozmoz sular\u0131,<\/li>\n<li>End\u00fcstriyel proses, chiller ve so\u011futucu su tanklar\u0131,<\/li>\n<li>Distilasyon ve proses tanklar\u0131,<\/li>\n<li>Kahverengi Fosseptik ile gri ev at\u0131k sular\u0131 tanklar\u0131,<\/li>\n<li>S\u0131cak su ve kimyasal madde depolama tanklar\u0131,<\/li>\n<li>Kimyasal s\u0131v\u0131 depolama alanlar\u0131.<\/li>\n<\/ul>\n<p><b>\u00a0Not:<\/b>\u00a0Montaj i\u015flemleri, firmam\u0131z taraf\u0131ndan ger\u00e7ekle\u015ftirilmektedir. Montajdan sonra ise bak\u0131m ve kullan\u0131m ile ilgili gerekli bilgilendirmeler yap\u0131lmakta ve teknik destek sa\u011flanmaktad\u0131r.<\/p>\n<div id=\"accordion\" class=\"panel-group\">\n<div class=\"panel panel-default\">\n<div class=\"panel-heading\"><\/div>\n<\/div>\n<\/div>\n","protected":false},"excerpt":{"rendered":"<p>Mod\u00fcler Su Deposu GRP su deposu, cam elyaf takviyeli mod\u00fcler su deposu anlam\u0131na gelmektedir. %100 yerli teknoloji ile \u00fcretilen bu depolar, cam takviyeli polyester olarak da tan\u0131nmaktad\u0131r. Su depolama alan\u0131nda \u00f6ncelikli tercih edilenler aras\u0131nda gelmektedir. Hammaddesi polyester re\u00e7ine ile k\u0131rp\u0131lm\u0131\u015f olan cam elyaftan olu\u015fmaktad\u0131r. Panelleri s\u0131cak presleme y\u00f6ntemi ile \u00fcretilmekte ve y\u00fcksek tonajl\u0131 preslerde, 1500 &hellip; <a href=\"https:\/\/zetaskimya.com.tr\/index.php\/product\/grp-su-depolari\/\" class=\"more-link\">Continue reading <span class=\"screen-reader-text\">GRP Su Depolar\u0131<\/span><\/a><\/p>\n","protected":false},"featured_media":9174,"comment_status":"open","ping_status":"closed","template":"","meta":[],"product_cat":[212,154],"product_tag":[],"class_list":{"0":"post-9166","1":"product","2":"type-product","3":"status-publish","4":"has-post-thumbnail","6":"product_cat-grp-su-deposu","7":"product_cat-moduler-su-deposu","10":"instock","11":"shipping-taxable","12":"purchasable","13":"product-type-simple"},"jetpack_sharing_enabled":true,"_links":{"self":[{"href":"https:\/\/zetaskimya.com.tr\/index.php\/wp-json\/wp\/v2\/product\/9166","targetHints":{"allow":["GET"]}}],"collection":[{"href":"https:\/\/zetaskimya.com.tr\/index.php\/wp-json\/wp\/v2\/product"}],"about":[{"href":"https:\/\/zetaskimya.com.tr\/index.php\/wp-json\/wp\/v2\/types\/product"}],"replies":[{"embeddable":true,"href":"https:\/\/zetaskimya.com.tr\/index.php\/wp-json\/wp\/v2\/comments?post=9166"}],"version-history":[{"count":0,"href":"https:\/\/zetaskimya.com.tr\/index.php\/wp-json\/wp\/v2\/product\/9166\/revisions"}],"wp:featuredmedia":[{"embeddable":true,"href":"https:\/\/zetaskimya.com.tr\/index.php\/wp-json\/wp\/v2\/media\/9174"}],"wp:attachment":[{"href":"https:\/\/zetaskimya.com.tr\/index.php\/wp-json\/wp\/v2\/media?parent=9166"}],"wp:term":[{"taxonomy":"product_cat","embeddable":true,"href":"https:\/\/zetaskimya.com.tr\/index.php\/wp-json\/wp\/v2\/product_cat?post=9166"},{"taxonomy":"product_tag","embeddable":true,"href":"https:\/\/zetaskimya.com.tr\/index.php\/wp-json\/wp\/v2\/product_tag?post=9166"}],"curies":[{"name":"wp","href":"https:\/\/api.w.org\/{rel}","templated":true}]}}