{"id":9167,"date":"2024-09-28T16:22:33","date_gmt":"2024-09-28T13:22:33","guid":{"rendered":"https:\/\/zetaskimya.com.tr\/?post_type=product&#038;p=9167"},"modified":"2026-03-26T23:12:28","modified_gmt":"2026-03-26T20:12:28","slug":"grp-ctp-asit-tanki-imalati","status":"publish","type":"product","link":"https:\/\/zetaskimya.com.tr\/index.php\/product\/grp-ctp-asit-tanki-imalati\/","title":{"rendered":"GRP (Ctp) Asit Tank\u0131 \u0130malat\u0131"},"content":{"rendered":"<p>Asit tanklar\u0131 farkl\u0131 t\u00fcrdeki asit stoklamalar\u0131 i\u00e7in \u00fcretilmi\u015f olup belirli s\u0131cakl\u0131k ve konsantrelere kar\u015f\u0131 dayan\u0131kl\u0131l\u0131k g\u00f6steren sa\u011flan bir \u00fcr\u00fcnd\u00fcr. Asit tanklar\u0131; yatay, dikey ya da prizmatik \u015fekilde \u00fcretilebilmektedir. A\u015fa\u011f\u0131da belirtildi\u011fi \u00fczere asit tank \u00e7e\u015fitleri mevcuttur. Zeta\u015f olarak hangi kimyasal ile \u00e7al\u0131\u015facaksan\u0131z buna uygun olan ve projenizde de yer alan tanklar\u0131 \u00fcretip m\u00fc\u015fteri memnuniyetinin devaml\u0131l\u0131\u011f\u0131n\u0131 s\u00fcrd\u00fcrebilmek bizler i\u00e7in olduk\u00e7a k\u0131ymetlidir. Grp model\u00a0<strong>asit tank\u0131<\/strong>\u00a0i\u00e7in bizimle ileti\u015fime ge\u00e7ebilirsiniz.<\/p>\n<h2><b>Fermantasyon Tank\u0131<\/b><\/h2>\n<ol>\n<li><b>Asit nedir?\u00a0<\/b><\/li>\n<\/ol>\n<p>&#8211; Suyla kar\u0131\u015f\u0131m\u0131nda hidrojen iyonu veren ve bile\u015fimindeki hidrojenin yerine maden alarak tuz olu\u015fturan hidrojenli bile\u015fiktir. Asitlerin en genel \u00f6zellikler; mavi turnusol ka\u011f\u0131d\u0131n\u0131 k\u0131rm\u0131z\u0131ya \u00e7evirmeleri ve baz ile tepkime sonucunda tuz ve su olu\u015fturmas\u0131d\u0131r. Ayr\u0131ca tadlar\u0131 ek\u015fi ve pH dereceleri 7&#8217;den k\u00fc\u00e7\u00fckt\u00fcr.<\/p>\n<p>Fermantasyon tanklar\u0131 (depolar\u0131) i\u00e7in bilinmesi gerekenler;<\/p>\n<ul>\n<li>T\u00fcm asit t\u00fcrleri i\u00e7in dayan\u0131m sa\u011flayan tanklard\u0131r.<\/li>\n<li>Belirtilen konsantre oranlar\u0131 haricinde asit t\u00fcr\u00fc stoklamalar\u0131 yap\u0131lmamal\u0131d\u0131r.<\/li>\n<li>Asit s\u0131cakl\u0131k de\u011ferleri 55 derecenin \u00fcst\u00fcne \u00e7\u0131kmamal\u0131d\u0131r.<\/li>\n<\/ul>\n<p>Fermantasyon tank\u0131 sadece grp, plastik, polyester ya da polietilen ile s\u0131n\u0131rl\u0131 de\u011fildir. Bir \u00e7ok\u00a0<strong>fermantasyon tank\u0131<\/strong>\u00a0\u00fcr\u00fcn\u00fcn i\u00e7eri\u011fi, kullan\u0131m alan\u0131na da ba\u011fl\u0131 olmak \u00fczere paslanmaz olarak \u00fcretilebilmektedir. Sizler de ihtiyac\u0131n\u0131za ve projenize en uygun tank modeli i\u00e7in bizimle ileti\u015fime ge\u00e7ebilir, \u00fccretsiz fiyat teklifi alabilirsiniz.<\/p>\n","protected":false},"excerpt":{"rendered":"<p>Asit tanklar\u0131 farkl\u0131 t\u00fcrdeki asit stoklamalar\u0131 i\u00e7in \u00fcretilmi\u015f olup belirli s\u0131cakl\u0131k ve konsantrelere kar\u015f\u0131 dayan\u0131kl\u0131l\u0131k g\u00f6steren sa\u011flan bir \u00fcr\u00fcnd\u00fcr. Asit tanklar\u0131; yatay, dikey ya da prizmatik \u015fekilde \u00fcretilebilmektedir. A\u015fa\u011f\u0131da belirtildi\u011fi \u00fczere asit tank \u00e7e\u015fitleri mevcuttur. Zeta\u015f olarak hangi kimyasal ile \u00e7al\u0131\u015facaksan\u0131z buna uygun olan ve projenizde de yer alan tanklar\u0131 \u00fcretip m\u00fc\u015fteri memnuniyetinin devaml\u0131l\u0131\u011f\u0131n\u0131 s\u00fcrd\u00fcrebilmek &hellip; <a href=\"https:\/\/zetaskimya.com.tr\/index.php\/product\/grp-ctp-asit-tanki-imalati\/\" class=\"more-link\">Continue reading <span class=\"screen-reader-text\">GRP (Ctp) Asit Tank\u0131 \u0130malat\u0131<\/span><\/a><\/p>\n","protected":false},"featured_media":9176,"comment_status":"open","ping_status":"closed","template":"","meta":[],"product_cat":[212,154],"product_tag":[],"class_list":{"0":"post-9167","1":"product","2":"type-product","3":"status-publish","4":"has-post-thumbnail","6":"product_cat-grp-su-deposu","7":"product_cat-moduler-su-deposu","10":"instock","11":"shipping-taxable","12":"purchasable","13":"product-type-simple"},"jetpack_sharing_enabled":true,"_links":{"self":[{"href":"https:\/\/zetaskimya.com.tr\/index.php\/wp-json\/wp\/v2\/product\/9167","targetHints":{"allow":["GET"]}}],"collection":[{"href":"https:\/\/zetaskimya.com.tr\/index.php\/wp-json\/wp\/v2\/product"}],"about":[{"href":"https:\/\/zetaskimya.com.tr\/index.php\/wp-json\/wp\/v2\/types\/product"}],"replies":[{"embeddable":true,"href":"https:\/\/zetaskimya.com.tr\/index.php\/wp-json\/wp\/v2\/comments?post=9167"}],"version-history":[{"count":0,"href":"https:\/\/zetaskimya.com.tr\/index.php\/wp-json\/wp\/v2\/product\/9167\/revisions"}],"wp:featuredmedia":[{"embeddable":true,"href":"https:\/\/zetaskimya.com.tr\/index.php\/wp-json\/wp\/v2\/media\/9176"}],"wp:attachment":[{"href":"https:\/\/zetaskimya.com.tr\/index.php\/wp-json\/wp\/v2\/media?parent=9167"}],"wp:term":[{"taxonomy":"product_cat","embeddable":true,"href":"https:\/\/zetaskimya.com.tr\/index.php\/wp-json\/wp\/v2\/product_cat?post=9167"},{"taxonomy":"product_tag","embeddable":true,"href":"https:\/\/zetaskimya.com.tr\/index.php\/wp-json\/wp\/v2\/product_tag?post=9167"}],"curies":[{"name":"wp","href":"https:\/\/api.w.org\/{rel}","templated":true}]}}