{"id":9201,"date":"2024-09-28T16:22:54","date_gmt":"2024-09-28T13:22:54","guid":{"rendered":"https:\/\/zetaskimya.com.tr\/?post_type=product&#038;p=9201"},"modified":"2024-09-28T16:23:10","modified_gmt":"2024-09-28T13:23:10","slug":"iconic-luks-5-asamali-su-aritma-cihazi","status":"publish","type":"product","link":"https:\/\/zetaskimya.com.tr\/index.php\/product\/iconic-luks-5-asamali-su-aritma-cihazi\/","title":{"rendered":"\u0130conic L\u00fcks 5 A\u015famal\u0131 Su Ar\u0131tma Cihaz\u0131"},"content":{"rendered":"<div class=\"col-sm-6 col-xs-12\">\n<p><b>\u0130conic L\u00fcks 5 A\u015famal\u0131 Pompal\u0131 Su Ar\u0131tma Cihaz\u0131<\/b><\/p>\n<ul>\n<li>12&#8243; Inline\u00a0 HND 5 Mikron Spun Filtre<\/li>\n<li>12&#8243; Inline HND GAC Coconat Karbon Filtre<\/li>\n<li>12&#8243; Inline HND Blok Coconat Karbon Filtre<\/li>\n<li>10&#8243; Inline Coconat Post Karbon Filtre<\/li>\n<li>80 GPD PALLAS Membran<\/li>\n<li>3.2 Galon Metal Bas\u0131n\u00e7 Denge Tank\u0131<\/li>\n<li>L\u00fcks Musluk<\/li>\n<li>60 PSI Bas\u0131n\u00e7 D\u00fc\u015f\u00fcr\u00fcc\u00fc<\/li>\n<li>24V Pompa<\/li>\n<\/ul>\n<\/div>\n<div class=\"visible-xs\"><\/div>\n<div class=\"col-sm-6 col-xs-12\">\n<p><b>\u0130conic L\u00fcks 5 A\u015famal\u0131 Pompas\u0131z Su Ar\u0131tma Cihaz\u0131<\/b><\/p>\n<ul>\n<li>12&#8243; Inline\u00a0 HND 5 Mikron Spun Filtre<\/li>\n<li>12&#8243; Inline HND GAC Coconat Karbon Filtre<\/li>\n<li>12&#8243; Inline HND Blok Coconat Karbon Filtre<\/li>\n<li>10&#8243; Inline Coconat Post Karbon Filtre<\/li>\n<li>80 GPD PALLAS Membran<\/li>\n<li>3.2 Galon Metal Bas\u0131n\u00e7 Denge Tank\u0131<\/li>\n<li>L\u00fcks Musluk<\/li>\n<li>60 PSI Bas\u0131n\u00e7 D\u00fc\u015f\u00fcr\u00fcc\u00fc<\/li>\n<\/ul>\n<\/div>\n","protected":false},"excerpt":{"rendered":"<p>\u0130conic L\u00fcks 5 A\u015famal\u0131 Pompal\u0131 Su Ar\u0131tma Cihaz\u0131 12&#8243; Inline\u00a0 HND 5 Mikron Spun Filtre 12&#8243; Inline HND GAC Coconat Karbon Filtre 12&#8243; Inline HND Blok Coconat Karbon Filtre 10&#8243; Inline Coconat Post Karbon Filtre 80 GPD PALLAS Membran 3.2 Galon Metal Bas\u0131n\u00e7 Denge Tank\u0131 L\u00fcks Musluk 60 PSI Bas\u0131n\u00e7 D\u00fc\u015f\u00fcr\u00fcc\u00fc 24V Pompa \u0130conic L\u00fcks &hellip; <a href=\"https:\/\/zetaskimya.com.tr\/index.php\/product\/iconic-luks-5-asamali-su-aritma-cihazi\/\" class=\"more-link\">Continue reading <span class=\"screen-reader-text\">\u0130conic L\u00fcks 5 A\u015famal\u0131 Su Ar\u0131tma Cihaz\u0131<\/span><\/a><\/p>\n","protected":false},"featured_media":9222,"comment_status":"open","ping_status":"closed","template":"","meta":[],"product_cat":[179],"product_tag":[],"class_list":{"0":"post-9201","1":"product","2":"type-product","3":"status-publish","4":"has-post-thumbnail","6":"product_cat-tum-urunler","7":"pa_ozellik-pompali","8":"pa_ozellik-pompasiz","11":"instock","12":"sale","13":"shipping-taxable","14":"purchasable","15":"product-type-variable"},"jetpack_sharing_enabled":true,"_links":{"self":[{"href":"https:\/\/zetaskimya.com.tr\/index.php\/wp-json\/wp\/v2\/product\/9201","targetHints":{"allow":["GET"]}}],"collection":[{"href":"https:\/\/zetaskimya.com.tr\/index.php\/wp-json\/wp\/v2\/product"}],"about":[{"href":"https:\/\/zetaskimya.com.tr\/index.php\/wp-json\/wp\/v2\/types\/product"}],"replies":[{"embeddable":true,"href":"https:\/\/zetaskimya.com.tr\/index.php\/wp-json\/wp\/v2\/comments?post=9201"}],"version-history":[{"count":0,"href":"https:\/\/zetaskimya.com.tr\/index.php\/wp-json\/wp\/v2\/product\/9201\/revisions"}],"wp:featuredmedia":[{"embeddable":true,"href":"https:\/\/zetaskimya.com.tr\/index.php\/wp-json\/wp\/v2\/media\/9222"}],"wp:attachment":[{"href":"https:\/\/zetaskimya.com.tr\/index.php\/wp-json\/wp\/v2\/media?parent=9201"}],"wp:term":[{"taxonomy":"product_cat","embeddable":true,"href":"https:\/\/zetaskimya.com.tr\/index.php\/wp-json\/wp\/v2\/product_cat?post=9201"},{"taxonomy":"product_tag","embeddable":true,"href":"https:\/\/zetaskimya.com.tr\/index.php\/wp-json\/wp\/v2\/product_tag?post=9201"}],"curies":[{"name":"wp","href":"https:\/\/api.w.org\/{rel}","templated":true}]}}