{"id":9204,"date":"2024-09-28T16:22:54","date_gmt":"2024-09-28T13:22:54","guid":{"rendered":"https:\/\/zetaskimya.com.tr\/?post_type=product&#038;p=9204"},"modified":"2024-09-28T16:23:11","modified_gmt":"2024-09-28T13:23:11","slug":"industrial-ozone-systems","status":"publish","type":"product","link":"https:\/\/zetaskimya.com.tr\/index.php\/product\/industrial-ozone-systems\/","title":{"rendered":"Industrial Ozone Systems"},"content":{"rendered":"<div class=\"col-sm-4 col-xs-12\">\n<table border=\"1\">\n<tbody>\n<tr>\n<td><b>ETO-25 End\u00fcstriyel Ozon Sistemleri<\/b><\/td>\n<\/tr>\n<tr>\n<td>Voltaj (Volt)<\/td>\n<td>220<\/td>\n<\/tr>\n<tr>\n<td>Ak\u0131m (Amper)<\/td>\n<td>5.5<\/td>\n<\/tr>\n<tr>\n<td>Ozon Konsantrasyonu (g\/ m3)<\/td>\n<td>5-84<\/td>\n<\/tr>\n<tr>\n<td>Ozon \u00dcretim Y\u00f6ntemi<\/td>\n<td>Y\u00fcksek Frekansta Korona De\u015farj\u0131<\/td>\n<\/tr>\n<tr>\n<td>Korona Frekans\u0131 (Khz)<\/td>\n<td>6.5<\/td>\n<\/tr>\n<tr>\n<td>Ayarl\u0131 Ozon \u00c7\u0131k\u0131\u015f\u0131<\/td>\n<td>Mevcut<\/td>\n<\/tr>\n<tr>\n<td>Oksijen \u0130htiyac\u0131: (Litre\/Dakika)<\/td>\n<td>5<\/td>\n<\/tr>\n<tr>\n<td>Dahili Oksijen Konsantrat\u00f6r\u00fc<\/td>\n<td>Mevcut<\/td>\n<\/tr>\n<tr>\n<td>Oksijen \u00dcretim Y\u00f6ntemi<\/td>\n<td>PSA (Pressure Swing Adsorption)<\/td>\n<\/tr>\n<tr>\n<td>Kontrol<\/td>\n<td>\nPower: Cihaza Gelen Enerji Kontrol\u00fc<\/p>\n<p>Acil Stop: Cihaz\u0131 Durdurur<\/p>\n<p>Porduct O3: Ozon Potansiyometresi<\/p>\n<p>Air FLow: Oksijen Debi Reg\u00fclat\u00f6r\u00fc<\/p>\n<p>O3 Analyzer: Uzaktan Kontrol<\/td>\n<\/tr>\n<tr>\n<td>G\u00f6stergeler<\/td>\n<td>\nOn (Ye\u015fil): Sistemde Enerji var<\/p>\n<p>Ozone (Ye\u015fil): Ozon \u00fcretimi var.<\/p>\n<p>Ozone Fault (Buzzer-K\u0131rm\u0131z\u0131): Ozon Ar\u0131za<\/p>\n<p>Air Fault (Buzzer-K\u0131rm\u0131z\u0131): Oksijen Ar\u0131za<\/td>\n<\/tr>\n<tr>\n<td>So\u011futma Metodu<\/td>\n<td>Hava<\/td>\n<\/tr>\n<tr>\n<td>\u00c7al\u0131\u015fma S\u0131cakl\u0131\u011f\u0131<\/td>\n<td>2\u00b0C &#8211; 40\u00b0C<\/td>\n<\/tr>\n<tr>\n<td>Montaj Metodu<\/td>\n<td>Tekerlekli ,sabitlenebilir veya gezdirilebilir<\/td>\n<\/tr>\n<tr>\n<td>Ozon \u00c7\u0131k\u0131\u015f\u0131<\/td>\n<td>8 mm 316 CrN\u0130 rakor<\/td>\n<\/tr>\n<\/tbody>\n<\/table>\n<\/div>\n<div class=\"col-sm-4 col-xs-12\">\n<table border=\"1\">\n<tbody>\n<tr>\n<td><b>ETO-50 End\u00fcstriyel Ozon Sistemleri<\/b><\/td>\n<\/tr>\n<tr>\n<td>Voltaj (Volt)<\/td>\n<td>220<\/td>\n<\/tr>\n<tr>\n<td>Ak\u0131m (Amper)<\/td>\n<td>8<\/td>\n<\/tr>\n<tr>\n<td>Ozon Konsantrasyonu (g\/ m3)<\/td>\n<td>5-85<\/td>\n<\/tr>\n<tr>\n<td>Ozon \u00dcretim Y\u00f6ntemi<\/td>\n<td>Y\u00fcksek Frekansta Korona De\u015farj\u0131<\/td>\n<\/tr>\n<tr>\n<td>Korona Frekans\u0131 (Khz)<\/td>\n<td>7.5<\/td>\n<\/tr>\n<tr>\n<td>Ayarl\u0131 Ozon \u00c7\u0131k\u0131\u015f\u0131<\/td>\n<td>Mevcut<\/td>\n<\/tr>\n<tr>\n<td>Oksijen \u0130htiyac\u0131: (Litre\/Dakika)<\/td>\n<td>10<\/td>\n<\/tr>\n<tr>\n<td>Dahili Oksijen Konsantrat\u00f6r\u00fc<\/td>\n<td>Mevcut<\/td>\n<\/tr>\n<tr>\n<td>Oksijen \u00dcretim Y\u00f6ntemi<\/td>\n<td>PSA (Pressure Swing Adsorption)<\/td>\n<\/tr>\n<tr>\n<td>Kontrol<\/td>\n<td>\nPower: Cihaza Gelen Enerji Kontrol\u00fc<\/p>\n<p>Acil Stop: Cihaz\u0131 Durdurur<\/p>\n<p>Porduct O3: Ozon Potansiyometresi<\/p>\n<p>Air FLow: Oksijen Debi Reg\u00fclat\u00f6r\u00fc<\/p>\n<p>O3 Analyzer: Uzaktan Kontrol<\/td>\n<\/tr>\n<tr>\n<td>G\u00f6stergeler<\/td>\n<td>\nOn (Ye\u015fil): Sistemde Enerji var<\/p>\n<p>Ozone (Ye\u015fil): Ozon \u00fcretimi var.<\/p>\n<p>Ozone Fault (Buzzer-K\u0131rm\u0131z\u0131): Ozon Ar\u0131za<\/p>\n<p>Air Fault (Buzzer-K\u0131rm\u0131z\u0131): Oksijen Ar\u0131za<\/td>\n<\/tr>\n<tr>\n<td>So\u011futma Metodu<\/td>\n<td>Hava<\/td>\n<\/tr>\n<tr>\n<td>\u00c7al\u0131\u015fma S\u0131cakl\u0131\u011f\u0131<\/td>\n<td>2\u00b0C &#8211; 40\u00b0C<\/td>\n<\/tr>\n<tr>\n<td>Montaj Metodu<\/td>\n<td>Tekerlekli ,sabitlenebilir veya gezdirilebilir<\/td>\n<\/tr>\n<tr>\n<td>Ozon \u00c7\u0131k\u0131\u015f\u0131<\/td>\n<td>8 mm 316 CrN\u0130 rakor<\/td>\n<\/tr>\n<\/tbody>\n<\/table>\n<\/div>\n<div class=\"col-sm-4 col-xs-12\">\n<table border=\"1\">\n<tbody>\n<tr>\n<td><b>ETO-100 End\u00fcstriyel Ozon Sistemleri<\/b><\/td>\n<\/tr>\n<tr>\n<td>Voltaj (Volt)<\/td>\n<td>220<\/td>\n<\/tr>\n<tr>\n<td>Ak\u0131m (Amper)<\/td>\n<td>13<\/td>\n<\/tr>\n<tr>\n<td>Ozon Konsantrasyonu (g\/ m3)<\/td>\n<td>5-85<\/td>\n<\/tr>\n<tr>\n<td>Ozon \u00dcretim Y\u00f6ntemi<\/td>\n<td>Y\u00fcksek Frekansta Korona De\u015farj\u0131<\/td>\n<\/tr>\n<tr>\n<td>Korona Frekans\u0131 (Khz)<\/td>\n<td>8.5<\/td>\n<\/tr>\n<tr>\n<td>Ayarl\u0131 Ozon \u00c7\u0131k\u0131\u015f\u0131<\/td>\n<td>Mevcut<\/td>\n<\/tr>\n<tr>\n<td>Oksijen \u0130htiyac\u0131: (Litre\/Dakika)<\/td>\n<td>20<\/td>\n<\/tr>\n<tr>\n<td>Dahili Oksijen Konsantrat\u00f6r\u00fc<\/td>\n<td>Mevcut<\/td>\n<\/tr>\n<tr>\n<td>Oksijen \u00dcretim Y\u00f6ntemi<\/td>\n<td>PSA (Pressure Swing Adsorption)<\/td>\n<\/tr>\n<tr>\n<td>Kontrol<\/td>\n<td>\nPower: Cihaza Gelen Enerji Kontrol\u00fc<\/p>\n<p>Acil Stop: Cihaz\u0131 Durdurur<\/p>\n<p>Porduct O3: Ozon Potansiyometresi<\/p>\n<p>Air FLow: Oksijen Debi Reg\u00fclat\u00f6r\u00fc<\/p>\n<p>O3 Analyzer: Uzaktan Kontrol<\/p>\n<p>Opsiyonel: LCD Ekran<\/td>\n<\/tr>\n<tr>\n<td>G\u00f6stergeler<\/td>\n<td>\nOn (Ye\u015fil): Sistemde Enerji var<\/p>\n<p>Ozone (Ye\u015fil): Ozon \u00fcretimi var.<\/p>\n<p>Ozone Fault (Buzzer-K\u0131rm\u0131z\u0131): Ozon Ar\u0131za<\/p>\n<p>Air Fault (Buzzer-K\u0131rm\u0131z\u0131): Oksijen Ar\u0131za<\/td>\n<\/tr>\n<tr>\n<td>So\u011futma Metodu<\/td>\n<td>Hava<\/td>\n<\/tr>\n<tr>\n<td>\u00c7al\u0131\u015fma S\u0131cakl\u0131\u011f\u0131<\/td>\n<td>2\u00b0C &#8211; 40\u00b0C<\/td>\n<\/tr>\n<tr>\n<td>Montaj Metodu<\/td>\n<td>Tekerlekli ,sabitlenebilir veya gezdirilebilir<\/td>\n<\/tr>\n<tr>\n<td>Ozon \u00c7\u0131k\u0131\u015f\u0131<\/td>\n<td>8 mm 316 CrN\u0130 rakor<\/td>\n<\/tr>\n<\/tbody>\n<\/table>\n<\/div>\n","protected":false},"excerpt":{"rendered":"<p>ETO-25 End\u00fcstriyel Ozon Sistemleri Voltaj (Volt) 220 Ak\u0131m (Amper) 5.5 Ozon Konsantrasyonu (g\/ m3) 5-84 Ozon \u00dcretim Y\u00f6ntemi Y\u00fcksek Frekansta Korona De\u015farj\u0131 Korona Frekans\u0131 (Khz) 6.5 Ayarl\u0131 Ozon \u00c7\u0131k\u0131\u015f\u0131 Mevcut Oksijen \u0130htiyac\u0131: (Litre\/Dakika) 5 Dahili Oksijen Konsantrat\u00f6r\u00fc Mevcut Oksijen \u00dcretim Y\u00f6ntemi PSA (Pressure Swing Adsorption) Kontrol Power: Cihaza Gelen Enerji Kontrol\u00fc Acil Stop: Cihaz\u0131 Durdurur &hellip; <a href=\"https:\/\/zetaskimya.com.tr\/index.php\/product\/industrial-ozone-systems\/\" class=\"more-link\">Continue reading <span class=\"screen-reader-text\">Industrial Ozone Systems<\/span><\/a><\/p>\n","protected":false},"featured_media":9224,"comment_status":"open","ping_status":"closed","template":"","meta":[],"product_cat":[171,213],"product_tag":[],"class_list":{"0":"post-9204","1":"product","2":"type-product","3":"status-publish","4":"has-post-thumbnail","6":"product_cat-sanayi-tipi-su-aritma","7":"product_cat-sterilizasyon-cihazi","8":"pa_agirlik-kg-607","9":"pa_agirlik-kg-608","10":"pa_agirlik-kg-609","11":"pa_boyut-cm-604","12":"pa_boyut-cm-605","13":"pa_boyut-cm-606","14":"pa_guc-tuketimi-watt-598","15":"pa_guc-tuketimi-watt-599","16":"pa_guc-tuketimi-watt-600","17":"pa_ozon-uretimi-gr-saat-601","18":"pa_ozon-uretimi-gr-saat-602","19":"pa_ozon-uretimi-gr-saat-603","22":"instock","23":"shipping-taxable","24":"purchasable","25":"product-type-variable"},"jetpack_sharing_enabled":true,"_links":{"self":[{"href":"https:\/\/zetaskimya.com.tr\/index.php\/wp-json\/wp\/v2\/product\/9204","targetHints":{"allow":["GET"]}}],"collection":[{"href":"https:\/\/zetaskimya.com.tr\/index.php\/wp-json\/wp\/v2\/product"}],"about":[{"href":"https:\/\/zetaskimya.com.tr\/index.php\/wp-json\/wp\/v2\/types\/product"}],"replies":[{"embeddable":true,"href":"https:\/\/zetaskimya.com.tr\/index.php\/wp-json\/wp\/v2\/comments?post=9204"}],"version-history":[{"count":0,"href":"https:\/\/zetaskimya.com.tr\/index.php\/wp-json\/wp\/v2\/product\/9204\/revisions"}],"wp:featuredmedia":[{"embeddable":true,"href":"https:\/\/zetaskimya.com.tr\/index.php\/wp-json\/wp\/v2\/media\/9224"}],"wp:attachment":[{"href":"https:\/\/zetaskimya.com.tr\/index.php\/wp-json\/wp\/v2\/media?parent=9204"}],"wp:term":[{"taxonomy":"product_cat","embeddable":true,"href":"https:\/\/zetaskimya.com.tr\/index.php\/wp-json\/wp\/v2\/product_cat?post=9204"},{"taxonomy":"product_tag","embeddable":true,"href":"https:\/\/zetaskimya.com.tr\/index.php\/wp-json\/wp\/v2\/product_tag?post=9204"}],"curies":[{"name":"wp","href":"https:\/\/api.w.org\/{rel}","templated":true}]}}