{"id":9232,"date":"2024-09-28T16:23:23","date_gmt":"2024-09-28T13:23:23","guid":{"rendered":"https:\/\/zetaskimya.com.tr\/?post_type=product&#038;p=9232"},"modified":"2024-09-28T16:23:32","modified_gmt":"2024-09-28T13:23:32","slug":"jammy-filter-aritmali-surahi-yedek-kartus","status":"publish","type":"product","link":"https:\/\/zetaskimya.com.tr\/index.php\/product\/jammy-filter-aritmali-surahi-yedek-kartus\/","title":{"rendered":"Jammy Filter Ar\u0131tmal\u0131 S\u00fcrahi Yedek Kartu\u015f"},"content":{"rendered":"<p><strong>Jammy Filter Ar\u0131tmal\u0131 S\u00fcrahi Yedek Kartu\u015f<\/strong><\/p>\n<p>Kartu\u015f \u00f6mr\u00fc ortalama 60 g\u00fcnd\u00fcr ya da 150 litre su ge\u00e7tikten sonra de\u011fi\u015fim yap\u0131lmas\u0131 gerekir.<br \/>\nAr\u0131tmal\u0131 kartu\u015f par\u00e7alar\u0131 g\u0131daya uygun hammaddeden \u00fcretilmi\u015ftir<br \/>\nAmac\u0131 : Klor, yabanc\u0131 maddeler, k\u00f6t\u00fc koku, zararl\u0131 bakterileri etkili bir \u015fekilde yok etmektir.<br \/>\nSuyun tad\u0131n\u0131 lezzetlendirir ve en taze \u015fekilde size sunar<br \/>\nSadece musluk suyunu filtrelemek i\u00e7in kullan\u0131l\u0131r<br \/>\nAr\u0131tma su \u0131s\u0131s\u0131 30 dereceden fazla olmamal\u0131d\u0131r<\/p>\n","protected":false},"excerpt":{"rendered":"<p>Jammy Filter Ar\u0131tmal\u0131 S\u00fcrahi Yedek Kartu\u015f Kartu\u015f \u00f6mr\u00fc ortalama 60 g\u00fcnd\u00fcr ya da 150 litre su ge\u00e7tikten sonra de\u011fi\u015fim yap\u0131lmas\u0131 gerekir. Ar\u0131tmal\u0131 kartu\u015f par\u00e7alar\u0131 g\u0131daya uygun hammaddeden \u00fcretilmi\u015ftir Amac\u0131 : Klor, yabanc\u0131 maddeler, k\u00f6t\u00fc koku, zararl\u0131 bakterileri etkili bir \u015fekilde yok etmektir. Suyun tad\u0131n\u0131 lezzetlendirir ve en taze \u015fekilde size sunar Sadece musluk suyunu filtrelemek &hellip; <a href=\"https:\/\/zetaskimya.com.tr\/index.php\/product\/jammy-filter-aritmali-surahi-yedek-kartus\/\" class=\"more-link\">Continue reading <span class=\"screen-reader-text\">Jammy Filter Ar\u0131tmal\u0131 S\u00fcrahi Yedek Kartu\u015f<\/span><\/a><\/p>\n","protected":false},"featured_media":9261,"comment_status":"open","ping_status":"closed","template":"","meta":[],"product_cat":[214,175,169,151,152],"product_tag":[],"class_list":{"0":"post-9232","1":"product","2":"type-product","3":"status-publish","4":"has-post-thumbnail","6":"product_cat-aritmali-surahiler","7":"product_cat-cihazlar","8":"product_cat-diger-ekipmanlar","9":"product_cat-ev-tipi-su-aritma","10":"product_cat-filtreler-ve-kaplar","13":"instock","14":"shipping-taxable","15":"purchasable","16":"product-type-simple"},"jetpack_sharing_enabled":true,"_links":{"self":[{"href":"https:\/\/zetaskimya.com.tr\/index.php\/wp-json\/wp\/v2\/product\/9232","targetHints":{"allow":["GET"]}}],"collection":[{"href":"https:\/\/zetaskimya.com.tr\/index.php\/wp-json\/wp\/v2\/product"}],"about":[{"href":"https:\/\/zetaskimya.com.tr\/index.php\/wp-json\/wp\/v2\/types\/product"}],"replies":[{"embeddable":true,"href":"https:\/\/zetaskimya.com.tr\/index.php\/wp-json\/wp\/v2\/comments?post=9232"}],"version-history":[{"count":0,"href":"https:\/\/zetaskimya.com.tr\/index.php\/wp-json\/wp\/v2\/product\/9232\/revisions"}],"wp:featuredmedia":[{"embeddable":true,"href":"https:\/\/zetaskimya.com.tr\/index.php\/wp-json\/wp\/v2\/media\/9261"}],"wp:attachment":[{"href":"https:\/\/zetaskimya.com.tr\/index.php\/wp-json\/wp\/v2\/media?parent=9232"}],"wp:term":[{"taxonomy":"product_cat","embeddable":true,"href":"https:\/\/zetaskimya.com.tr\/index.php\/wp-json\/wp\/v2\/product_cat?post=9232"},{"taxonomy":"product_tag","embeddable":true,"href":"https:\/\/zetaskimya.com.tr\/index.php\/wp-json\/wp\/v2\/product_tag?post=9232"}],"curies":[{"name":"wp","href":"https:\/\/api.w.org\/{rel}","templated":true}]}}