{"id":9242,"date":"2024-09-28T16:23:27","date_gmt":"2024-09-28T13:23:27","guid":{"rendered":"https:\/\/zetaskimya.com.tr\/?post_type=product&#038;p=9242"},"modified":"2024-09-28T16:23:40","modified_gmt":"2024-09-28T13:23:40","slug":"kar-tuzu","status":"publish","type":"product","link":"https:\/\/zetaskimya.com.tr\/index.php\/product\/kar-tuzu\/","title":{"rendered":"Kar Tuzu"},"content":{"rendered":"<p>K\u0131\u015f aylar\u0131nda kar ya\u011f\u0131\u015f\u0131n\u0131n neden oldu\u011fu don ve buzlanma durumlar\u0131, ya\u015fam \u015fartlar\u0131n\u0131 bir\u00e7ok a\u00e7\u0131dan olumsuz y\u00f6nde etkilemektedir. Yollarda meydana gelen buzlanma maddi ve manevi olarak hasarl\u0131 kazalara yol a\u00e7abilece\u011fi gibi g\u00fcnl\u00fck ula\u015f\u0131m rutinlerini de olumsuz y\u00f6nde etkileyebilmektedir.<\/p>\n<p>K\u0131\u015f aylar\u0131nda yaya ve ara\u00e7 trafi\u011fi i\u00e7in \u00f6nemli olan yollar\u0131n ve kald\u0131r\u0131mlar\u0131n bak\u0131m\u0131, hayat ak\u0131\u015f\u0131n\u0131 etkilemeyecek d\u00fczeyde olmal\u0131d\u0131r. Kar ya\u011f\u0131\u015f\u0131, hava s\u0131cakl\u0131\u011f\u0131n\u0131n 0\u00b0C\u2019nin alt\u0131na d\u00fc\u015fmesi ile beraber \u00f6zellikle gece saatlerinde buzlanma riskini ortaya \u00e7\u0131kartmaktad\u0131r. Gece saatlerinde meydana gelen bu durum, hava s\u0131cakl\u0131\u011f\u0131n\u0131n d\u00fc\u015f\u00fck oldu\u011fu sabah ve ak\u015fam saatlerinde trafik kazalar\u0131na neden olabildi\u011fi gibi y\u00fcr\u00fcme faaliyetinin de yap\u0131lmas\u0131n\u0131 zorla\u015ft\u0131rmaktad\u0131r. Bu nedenle k\u0131\u015f aylar\u0131nda baz\u0131 \u00f6nleyici uygulamalar\u0131n yap\u0131lmas\u0131 gerekmektedir.<\/p>\n<p>Kar tuzu k\u0131\u015f aylar\u0131nda meydana gelen buzlanma sorununa y\u00f6nelik en etkili ve en d\u00fc\u015f\u00fck maliyetli \u00f6nleyici bir uygulamad\u0131r. Kar tuzu uygulanmas\u0131 ile eriyen kar suyu, tuzlu bir su \u00e7\u00f6zeltisi haline gelmektedir. Tuzlu suyun donma noktas\u0131, normal kar suyunun donma noktas\u0131ndan daha d\u00fc\u015f\u00fck oldu\u011fu i\u00e7in eriyen tuzlu kar suyu daha d\u00fc\u015f\u00fck derecelere kadar tuzlu su \u00e7\u00f6zeltisi halinde donmadan kalabilmektedir. Bu nedenle k\u0131\u015f aylar\u0131nda kar tuzu, kar eritme tuzu ya da karla m\u00fccadele tuzu olarak da an\u0131lmaktad\u0131r.<\/p>\n<p>Kar tuzu farkl\u0131 \u00e7\u00f6zelti ve kimyasal bile\u015fenler kullan\u0131larak elde edilebilmektedir. Asfalt, beton, kald\u0131r\u0131m ya da d\u0131\u015f mekan y\u00fczeyleri gibi farkl\u0131 zemin y\u00fczeylerinde, hasar miktar\u0131n\u0131 azaltmak ad\u0131na farkl\u0131 kar tuzu \u00e7\u00f6zeltileri kullan\u0131labilmektedir. Bu nedenle apartman, bina ya da yap\u0131 \u00f6nleri i\u00e7in kullan\u0131lan kar tuzu ile kald\u0131r\u0131mlardaki kar tuzu; asfaltlarda kullan\u0131lan tuz \u00e7\u00f6zeltileri ile beton gibi farkl\u0131 zeminlerde kullan\u0131lan tuz \u00e7\u00f6zeltileri birbirinden farkl\u0131d\u0131r. Bu durumda kar tuzu i\u00e7in kullan\u0131lan temel bile\u015fenler kalsiyum klor\u00fcr, magnezyum klor\u00fcr, sodyum klorit ve potasyum klor\u00fcr gibi minerallerden olu\u015fmaktad\u0131r. Her bile\u015fenin yap\u0131s\u0131ndan kaynaklanan \u00f6zellikleri farkl\u0131 oldu\u011fundan tercih edilecek yol tipi, y\u00fczey \u00f6zelli\u011fi ve s\u0131cakl\u0131k dayan\u0131m\u0131 g\u00f6z \u00f6n\u00fcnde bulundurularak tercih yap\u0131lmal\u0131d\u0131r.<\/p>\n<p>K\u0131\u015f aylar\u0131nda ve karl\u0131 havalarda can g\u00fcvenli\u011fi her \u015feyden \u00f6nce gelmektedir. Bu nedenle gerekli \u00f6nlemlerin al\u0131nmas\u0131 bir zorunluluktur. K\u0131\u015f aylar\u0131 i\u00e7erisinde kar tuzu fiyatlar\u0131 baz\u0131 etkenlere ba\u011fl\u0131 olarak de\u011fi\u015fiklik g\u00f6sterebilmektedir. S\u00f6z konusu fiyatlar kar tuzu kullan\u0131lmas\u0131 istenen yol ve y\u00fczey \u00f6zelli\u011fine ba\u011fl\u0131 olarak, talep edilen tonaj ve miktar a\u00e7\u0131s\u0131ndan da farkl\u0131l\u0131k g\u00f6stermektedir. Kar tuzu m\u00fc\u015fterilerin tercihine ba\u011fl\u0131 olarak istenilen birim\/miktar halinde arz edilebilece\u011fi gibi standart olarak 25 kg \u00f6l\u00e7\u00fclerinde \u00f6zel olarak paketli bi\u00e7imde de sunulmaktad\u0131r.<\/p>\n<p>&nbsp;<\/p>\n","protected":false},"excerpt":{"rendered":"<p>K\u0131\u015f aylar\u0131nda kar ya\u011f\u0131\u015f\u0131n\u0131n neden oldu\u011fu don ve buzlanma durumlar\u0131, ya\u015fam \u015fartlar\u0131n\u0131 bir\u00e7ok a\u00e7\u0131dan olumsuz y\u00f6nde etkilemektedir. Yollarda meydana gelen buzlanma maddi ve manevi olarak hasarl\u0131 kazalara yol a\u00e7abilece\u011fi gibi g\u00fcnl\u00fck ula\u015f\u0131m rutinlerini de olumsuz y\u00f6nde etkileyebilmektedir. K\u0131\u015f aylar\u0131nda yaya ve ara\u00e7 trafi\u011fi i\u00e7in \u00f6nemli olan yollar\u0131n ve kald\u0131r\u0131mlar\u0131n bak\u0131m\u0131, hayat ak\u0131\u015f\u0131n\u0131 etkilemeyecek d\u00fczeyde olmal\u0131d\u0131r. &hellip; <a href=\"https:\/\/zetaskimya.com.tr\/index.php\/product\/kar-tuzu\/\" class=\"more-link\">Continue reading <span class=\"screen-reader-text\">Kar Tuzu<\/span><\/a><\/p>\n","protected":false},"featured_media":9269,"comment_status":"open","ping_status":"closed","template":"","meta":[],"product_cat":[174,200,171],"product_tag":[],"class_list":{"0":"post-9242","1":"product","2":"type-product","3":"status-publish","4":"has-post-thumbnail","6":"product_cat-kimyasallar","7":"product_cat-mineraller","8":"product_cat-sanayi-tipi-su-aritma","9":"pa_agirlik-kg-448","10":"pa_agirlik-kg-616","11":"pa_agirlik-kg-617","12":"pa_agirlik-kg-338","13":"pa_agirlik-kg-618","14":"pa_agirlik-kg-619","15":"pa_agirlik-kg-490","16":"pa_agirlik-kg-620","19":"outofstock","20":"shipping-taxable","21":"product-type-variable"},"jetpack_sharing_enabled":true,"_links":{"self":[{"href":"https:\/\/zetaskimya.com.tr\/index.php\/wp-json\/wp\/v2\/product\/9242","targetHints":{"allow":["GET"]}}],"collection":[{"href":"https:\/\/zetaskimya.com.tr\/index.php\/wp-json\/wp\/v2\/product"}],"about":[{"href":"https:\/\/zetaskimya.com.tr\/index.php\/wp-json\/wp\/v2\/types\/product"}],"replies":[{"embeddable":true,"href":"https:\/\/zetaskimya.com.tr\/index.php\/wp-json\/wp\/v2\/comments?post=9242"}],"version-history":[{"count":0,"href":"https:\/\/zetaskimya.com.tr\/index.php\/wp-json\/wp\/v2\/product\/9242\/revisions"}],"wp:featuredmedia":[{"embeddable":true,"href":"https:\/\/zetaskimya.com.tr\/index.php\/wp-json\/wp\/v2\/media\/9269"}],"wp:attachment":[{"href":"https:\/\/zetaskimya.com.tr\/index.php\/wp-json\/wp\/v2\/media?parent=9242"}],"wp:term":[{"taxonomy":"product_cat","embeddable":true,"href":"https:\/\/zetaskimya.com.tr\/index.php\/wp-json\/wp\/v2\/product_cat?post=9242"},{"taxonomy":"product_tag","embeddable":true,"href":"https:\/\/zetaskimya.com.tr\/index.php\/wp-json\/wp\/v2\/product_tag?post=9242"}],"curies":[{"name":"wp","href":"https:\/\/api.w.org\/{rel}","templated":true}]}}