{"id":9243,"date":"2024-09-28T16:23:27","date_gmt":"2024-09-28T13:23:27","guid":{"rendered":"https:\/\/zetaskimya.com.tr\/?post_type=product&#038;p=9243"},"modified":"2026-05-06T09:40:59","modified_gmt":"2026-05-06T06:40:59","slug":"karavan-su-deposu","status":"publish","type":"product","link":"https:\/\/zetaskimya.com.tr\/index.php\/product\/karavan-su-deposu\/","title":{"rendered":"Karavan Su Deposu"},"content":{"rendered":"<p><b>Karavan Su Deposu<\/b><\/p>\n<p>Su deposu, de\u011fi\u015fik \u015fart ve imk\u00e2nlara uyum sa\u011flamak ve daha sonras\u0131nda kullan\u0131lmas\u0131 amac\u0131 ile suyu muhafaza etmek i\u00e7in insanlar taraf\u0131ndan \u00fcretilmi\u015f bir \u00fcr\u00fcnd\u00fcr. \u0130nsan ya\u015fam\u0131nda \u00f6nemli olan suyun temiz ve hijyenik ko\u015fullarda muhafaza edilmesi \u00e7ok \u00f6nemlidir. Bu nedenle de su depolar\u0131n\u0131n sa\u011fl\u0131k ve kalite standartlar\u0131na uygun olmas\u0131 olduk\u00e7a \u00f6nemlidir. Hijyenik olmayan ko\u015fullarda suyu muhafaza eden su depolar\u0131 insan ya\u015fam\u0131n\u0131 direkt tehdit eder.<\/p>\n<p>Su depolar\u0131, evlerde, i\u015f yerlerinde, tar\u0131msal i\u015fletmelerde, sanayide vb. bir\u00e7ok alanda kullan\u0131ld\u0131\u011f\u0131 gibi karavanlarda ve teknelerde de su depolar\u0131 farkl\u0131 ihtiya\u00e7lar i\u00e7in kullan\u0131lmaktad\u0131r.<\/p>\n<p>Karavan su deposu, galvaniz ve paslanmaz su deposu olarak iki \u00e7e\u015fit \u00fcretilmektedir. \u0130stenilen \u00f6l\u00e7\u00fclerde projeye uygun\u00a0<strong>karavan su deposu<\/strong>, kullan\u0131lacak yere g\u00f6re \u00f6zel \u00fcretim yap\u0131lmaktad\u0131r. Zeta\u015f olarak, sekt\u00f6rde 30 y\u0131ll\u0131k deneyim ve g\u00fcvenle hizmet sunmaktay\u0131z. \u0130htiya\u00e7 duyulan yerde, \u00f6l\u00e7\u00fclerde, galvaniz ve paslanmaz \u00e7elik \u00e7e\u015fitlerimizle karavan su deposu ve\u00a0<strong>tekne su deposu<\/strong>\u00a0projelendirmesi ve fiyat bilgisi i\u00e7in bizlere ula\u015fabilirsiniz.<\/p>\n<div class=\"col-sm-6 col-xs-12\">\n<p><u>Karavan su deposu genel olarak;<\/u><\/p>\n<figure id=\"attachment_8200\" aria-describedby=\"caption-attachment-8200\" style=\"width: 582px\" class=\"wp-caption alignleft\"><img fetchpriority=\"high\" decoding=\"async\" class=\" wp-image-8200\" src=\"http:\/\/zetaskimya.com.tr\/wp-content\/uploads\/2022\/05\/karavan-ozel-su-deposu.jpg\" alt=\"\" width=\"582\" height=\"454\" \/><figcaption id=\"caption-attachment-8200\" class=\"wp-caption-text\">karavan su deposu<\/figcaption><\/figure>\n<p>Karavan tuvalet su deposu ve karavan mutfak su deposu olarak 2 farkl\u0131 \u015fekilde tercih edilmektedir.<\/p>\n<p>Karavan tuvalet su deposu, karavan (at\u0131k su) gri su deposu veya karavan pis su deposu olarak da bilinir. Bu depolar karavan\u0131n i\u00e7inde banyo ve tuvalet ihtiyac\u0131 i\u00e7in kullan\u0131lan sular\u0131n depoland\u0131\u011f\u0131 yerdir. Mutfak alan\u0131nda mutlak suretle karavan mutfak su deposu ile ayr\u0131 olmas\u0131 gerekir. Tuvalet ve mutfak at\u0131k su deposunun bir olmas\u0131 durumunda, mutfak lavabosundan tuvalet kokusu gelir.<\/p>\n<p>Karavan mutfak su deposu ise karavanda y\u0131kanan bula\u015f\u0131klar, temizlenen g\u0131dalar ve yemek yapmak i\u00e7in kullan\u0131lan at\u0131k sular\u0131n depoland\u0131\u011f\u0131 yerdir .<\/p>\n<\/div>\n","protected":false},"excerpt":{"rendered":"<p>Karavan Su Deposu Su deposu, de\u011fi\u015fik \u015fart ve imk\u00e2nlara uyum sa\u011flamak ve daha sonras\u0131nda kullan\u0131lmas\u0131 amac\u0131 ile suyu muhafaza etmek i\u00e7in insanlar taraf\u0131ndan \u00fcretilmi\u015f bir \u00fcr\u00fcnd\u00fcr. \u0130nsan ya\u015fam\u0131nda \u00f6nemli olan suyun temiz ve hijyenik ko\u015fullarda muhafaza edilmesi \u00e7ok \u00f6nemlidir. Bu nedenle de su depolar\u0131n\u0131n sa\u011fl\u0131k ve kalite standartlar\u0131na uygun olmas\u0131 olduk\u00e7a \u00f6nemlidir. Hijyenik olmayan ko\u015fullarda &hellip; <a href=\"https:\/\/zetaskimya.com.tr\/index.php\/product\/karavan-su-deposu\/\" class=\"more-link\">Continue reading <span class=\"screen-reader-text\">Karavan Su Deposu<\/span><\/a><\/p>\n","protected":false},"featured_media":9271,"comment_status":"open","ping_status":"closed","template":"","meta":[],"product_cat":[154],"product_tag":[],"class_list":{"0":"post-9243","1":"product","2":"type-product","3":"status-publish","4":"has-post-thumbnail","6":"product_cat-moduler-su-deposu","9":"instock","10":"shipping-taxable","11":"purchasable","12":"product-type-simple"},"jetpack_sharing_enabled":true,"_links":{"self":[{"href":"https:\/\/zetaskimya.com.tr\/index.php\/wp-json\/wp\/v2\/product\/9243","targetHints":{"allow":["GET"]}}],"collection":[{"href":"https:\/\/zetaskimya.com.tr\/index.php\/wp-json\/wp\/v2\/product"}],"about":[{"href":"https:\/\/zetaskimya.com.tr\/index.php\/wp-json\/wp\/v2\/types\/product"}],"replies":[{"embeddable":true,"href":"https:\/\/zetaskimya.com.tr\/index.php\/wp-json\/wp\/v2\/comments?post=9243"}],"version-history":[{"count":0,"href":"https:\/\/zetaskimya.com.tr\/index.php\/wp-json\/wp\/v2\/product\/9243\/revisions"}],"wp:featuredmedia":[{"embeddable":true,"href":"https:\/\/zetaskimya.com.tr\/index.php\/wp-json\/wp\/v2\/media\/9271"}],"wp:attachment":[{"href":"https:\/\/zetaskimya.com.tr\/index.php\/wp-json\/wp\/v2\/media?parent=9243"}],"wp:term":[{"taxonomy":"product_cat","embeddable":true,"href":"https:\/\/zetaskimya.com.tr\/index.php\/wp-json\/wp\/v2\/product_cat?post=9243"},{"taxonomy":"product_tag","embeddable":true,"href":"https:\/\/zetaskimya.com.tr\/index.php\/wp-json\/wp\/v2\/product_tag?post=9243"}],"curies":[{"name":"wp","href":"https:\/\/api.w.org\/{rel}","templated":true}]}}