{"id":9246,"date":"2024-09-28T16:23:27","date_gmt":"2024-09-28T13:23:27","guid":{"rendered":"https:\/\/zetaskimya.com.tr\/?post_type=product&#038;p=9246"},"modified":"2024-09-28T16:23:43","modified_gmt":"2024-09-28T13:23:43","slug":"lamella-cokeltme-uniteleri","status":"publish","type":"product","link":"https:\/\/zetaskimya.com.tr\/index.php\/product\/lamella-cokeltme-uniteleri\/","title":{"rendered":"Lamella \u00c7\u00f6keltme \u00dcniteleri"},"content":{"rendered":"<p>Lamella \u00c7\u00f6keltme Tanklar\u0131, y\u00fczey alan\u0131n\u0131 artt\u0131rarak k\u00fc\u00e7\u00fck hacimlerde bile verimli bir \u00e7\u00f6keltme i\u015flemi sa\u011flamak amac\u0131yla kurulmaktad\u0131r.\u00a0 Bu sisteme; y\u00fczey alan\u0131n\u0131n artmas\u0131n\u0131 sa\u011flayan 55 derecelik a\u00e7\u0131yla sisteme yerle\u015ftirilen lamella plakalar\u0131 eklenmektedir.<\/p>\n<p>Lamella \u00e7\u00f6keltme \u00fcniteleri, yer problemi olan tesislerde s\u0131kl\u0131kla kullan\u0131l\u0131r.\u00a0 Dairesel k\u00f6pr\u00fcler ise; ar\u0131tma tesislerindeki \u00e7\u00f6keltme havuzlar\u0131nda ve \u00e7amur yo\u011funla\u015ft\u0131rma havuzlar\u0131nda kullan\u0131lmaktad\u0131r. Havuz dibinde biriken \u00e7amuru tek bir noktada toparlayabilmek i\u00e7in k\u00f6pr\u00fcler kullan\u0131l\u0131r.<\/p>\n<p>\u00dcnitelerin dibinde biriken \u00e7amur, bir pompa yard\u0131m\u0131yla uzakla\u015ft\u0131r\u0131lmaktad\u0131r. Bu \u015fekilde \u00e7\u0131k\u0131\u015fta berrak bir su sa\u011flanmaktad\u0131r.<\/p>\n<p>&nbsp;<\/p>\n<h2><b>Lamella Tip \u00c7\u00f6keltme<\/b><\/h2>\n<p>\u00c7\u00f6keltme, s\u0131v\u0131 i\u00e7erisinde bulunan yabanc\u0131 cisimlerin ayr\u0131\u015ft\u0131rmaya yarayan kuvvetli bir y\u00f6ntemdir.\u00a0<b>Lamella tip \u00e7\u00f6keltme \u00fcniteleri<\/b>\u00a0sayesinde suda bulunan sert cisimler rahatl\u0131kla ayr\u0131\u015fabilir. Suda bulunan iri par\u00e7alar genellikle suyun etkisi ile kendi kendine erirken, ufak par\u00e7alar\u0131n erimesi ve par\u00e7alanmas\u0131 daha zordur. Bu y\u00fczden \u00e7\u00f6keltme sistemi kullan\u0131lmas\u0131 \u00e7ok yararl\u0131d\u0131r. Ufak cisimlerin ayr\u0131\u015fmas\u0131 i\u00e7in kimyasal madde kullan\u0131m\u0131 ile topaklanma yap\u0131larak \u00e7\u00f6keltme sa\u011flanmaktad\u0131r. Lamella tip \u00e7\u00f6keltme \u00fcniteleri suyun y\u00fczeyinde olan iri par\u00e7alar\u0131 lamel ad\u0131 verdi\u011fimiz k\u00fcmeden ge\u00e7erek suyu hijyenik bir yap\u0131ya d\u00f6n\u00fc\u015ft\u00fcr\u00fcr. Bu i\u015fleme \u00e7\u00f6keltme denilir. Bir\u00e7ok \u00e7\u00f6keltme sistemi aras\u0131nda en iddial\u0131 olan \u00fcnite Lamella tip \u00e7\u00f6keltmelerdir.<\/p>\n<p><b>Lamella<\/b>\u00a0s\u00f6zc\u00fck anlam\u0131 ile ince tabaka anlam\u0131na gelmektedir. \u0130nce bir tabakadan meydana gelen sistem montajlamada iste\u011fe ba\u011fl\u0131 olarak dikd\u00f6rtgen olabilece\u011fi gibi yuvarlak olarak da kurulabilmektedir. \u00c7\u00f6keltme Sistemleri yap\u0131 itibari ile g\u00f6vde ve lamel b\u00f6l\u00fcmleri plastik olarak tasarlanm\u0131\u015f olup, iskelet yap\u0131s\u0131 paslanmaz \u00e7elik demirdendir. Y\u00fczey kaplamas\u0131nda epoksi boya kullan\u0131lmaktad\u0131r. Sistem, standart yap\u0131larda bir ila on be\u015f metrekare aras\u0131nda de\u011fi\u015fkenlik g\u00f6sterse de \u00f6zel olarak da iste\u011fe ba\u011fl\u0131 d\u00fczenlemesi yap\u0131lmaktad\u0131r.<\/p>\n<p>\u00c7\u00f6keltme Sistemlerine g\u00f6re\u00a0<b>Lamella<\/b>\u00a0yap\u0131ya sahip \u00e7\u00f6keltmelerde \u00e7ok daha etkili sonu\u00e7lar almak m\u00fcmk\u00fcnd\u00fcr. Bunun yan\u0131 s\u0131ra sabit bir sisteme sahip oldu\u011fundan kolayl\u0131kla kullan\u0131labilirler. Bir\u00e7ok farkl\u0131 \u00fcniteye g\u00f6re ekonomik olarak karl\u0131 bir yat\u0131r\u0131md\u0131r. Hem etkin hem de b\u00fct\u00e7eye uygun bir sistem ar\u0131yorsan\u0131z lamella tip ihtiyac\u0131n\u0131z olan her \u015feyi sa\u011flayacakt\u0131r. Ba\u011fda\u015f\u0131k bir yap\u0131s\u0131 oldu\u011fundan elektrik sorunu ya\u015fama gibi bir \u015fey s\u00f6z konusu de\u011fildir. Genellikle enerji \u00fcretimini i\u015fletmelerinde, at\u0131k su ve i\u00e7me suyu i\u015fletmelerinde \u00e7\u00f6keltme sistemleri s\u0131kl\u0131kla kullan\u0131lmaktad\u0131r.<\/p>\n<p>\u00c7\u00f6keltme yap\u0131lan sular cisimlerden ar\u0131nd\u0131r\u0131larak, daha saf bir hale d\u00f6n\u00fc\u015f\u00fcr. B\u00f6ylelikle suyun kalitesi artt\u0131r\u0131larak daha g\u00fcvenli bir \u015fekilde kullan\u0131m\u0131 sa\u011flan\u0131r. Sanayide ar\u0131tma olarak kullan\u0131labilecek en g\u00fcvenli sistemler aras\u0131nda\u00a0<b>lamella tipli ar\u0131tmalar<\/b>\u00a0yer almaktad\u0131r. Dairesel lamella ile dikd\u00f6rtgen lamella birbirinden olduk\u00e7a farkl\u0131d\u0131r. Konum ve talebe g\u00f6re de\u011ferlendirilip tesisler i\u00e7in en uygunu uzmanlarca tavsiye edilir. Dolay\u0131s\u0131 ile her iki modelde ihtiyaca cevap veren etkili yap\u0131lard\u0131r. Aralar\u0131ndaki fark sadece g\u00f6rseldir.<\/p>\n<h3 class=\"panel-title\"><b>\u00d6n ar\u0131tma \u00fcniteleri nelerdir?<\/b><\/h3>\n<div>\n<div class=\"panel panel-default\">\n<div id=\"collapse1\" class=\"panel-collapse collapse in\" aria-expanded=\"true\">\n<div class=\"panel-body\">\n<p>\u00d6n ar\u0131tma, i\u015fletmelerde meydana gelen at\u0131k suyun sert cisimlerden ayr\u0131lmas\u0131na yarayan \u00e7ok saf bir sistemdir. \u0130\u00e7eri\u011finden kimyasal madde bulundurmayan bu \u00fcniteler iki gruba ayr\u0131lmaktad\u0131r. Dairesel \u00f6n \u00e7\u00f6kt\u00fcrme ve dikd\u00f6rtgen \u00f6n \u00e7\u00f6kt\u00fcrme \u00fcnitesi olarak kar\u015f\u0131m\u0131za \u00e7\u0131kmaktad\u0131r. \u0130kisinin de kendine has i\u015flevleri bulunmaktad\u0131r.<\/p>\n<\/div>\n<\/div>\n<\/div>\n<div class=\"panel panel-default\">\n<div class=\"panel-heading\">\n<h3 class=\"panel-title\"><b>\u00d6n \u00e7\u00f6kt\u00fcrme havuzu nedir?<\/b><\/h3>\n<div class=\"panel panel-default\">\n<div id=\"collapse2\" class=\"panel-collapse collapse in\" aria-expanded=\"true\">\n<div class=\"panel-body\">\u00c7\u00f6kt\u00fcrme havuzlar\u0131, bir \u00e7e\u015fit yard\u0131m ekipman\u0131 gibi i\u015flev g\u00f6r\u00fcr. Bunun nedeni at\u0131k sularda bulunan kum ve benzeri maddelerin ayr\u0131\u015ft\u0131rarak kendisinden sonra i\u015fleme ge\u00e7ecek olan sisteme b\u00fcy\u00fck kolayl\u0131k sa\u011flar b\u00f6ylece ar\u0131tma daha sa\u011fl\u0131kl\u0131 bir \u015fekilde sa\u011flan\u0131r. \u00c7\u00f6kt\u00fcrme havuzlar\u0131 yatay ak\u0131\u015fl\u0131, sert madde temasl\u0131 ve plakal\u0131 olarak \u00fc\u00e7 gruba ayr\u0131lmaktad\u0131r.<\/div>\n<div>\n<h3 class=\"panel-title\"><b>\u00d6n \u00e7\u00f6kt\u00fcrme tank\u0131 ne i\u015fe yarar?<\/b><\/h3>\n<\/div>\n<\/div>\n<\/div>\n<div class=\"panel panel-default\">\n<div class=\"panel-heading\">\n<div class=\"panel panel-default\">\n<div id=\"collapse3\" class=\"panel-collapse collapse in\" aria-expanded=\"true\">\n<div class=\"panel-body\">\u00d6n \u00e7\u00f6kt\u00fcrme tank\u0131, at\u0131k kat\u0131 suyun i\u00e7erisinde bulunan kat\u0131 cisimlerin temizlenmesinde etkilidir. \u00c7amur, k\u00f6p\u00fck, ya\u011f, y\u00fczeyde kalan kirli birikintileri ay\u0131rmada olduk\u00e7a etkilidir. Bunun yan\u0131 s\u0131ra kat\u0131n\u0131n yo\u011funla\u015ft\u0131rma \u00f6zelli\u011fi de bulunmaktad\u0131r. \u00d6n \u00e7\u00f6kt\u00fcrme tank\u0131 bu \u00f6zellikleri sayesinde ekonomik olarakta i\u015fletmelere katk\u0131 sa\u011flamaktad\u0131r.<\/div>\n<\/div>\n<\/div>\n<div class=\"panel-heading\">\n<h3 class=\"panel-title\"><b>\u00d6n \u00e7\u00f6kt\u00fcrme havuzu ne i\u015fe yarar?<\/b><\/h3>\n<div class=\"panel panel-default\">\n<div id=\"collapse4\" class=\"panel-collapse collapse in\" aria-expanded=\"true\">\n<div class=\"panel-body\">At\u0131k sulara kar\u0131\u015fm\u0131\u015f olan kat\u0131 maddelerin ayr\u0131m\u0131n\u0131 sa\u011flayan etkili bir sistemdir. Di\u011fer yard\u0131mc\u0131 ara\u00e7lar\u0131n i\u015flevini kolayla\u015ft\u0131rarak bir enerji tasarrufu sa\u011flar. \u00c7\u00f6kt\u00fcrme i\u015flemleri bir nevi ekip \u00e7al\u0131\u015fmas\u0131 gibidir. Kendisinden sonra gelen sisteme ayr\u0131\u015ft\u0131rma kolayl\u0131\u011f\u0131 sa\u011flar.<\/div>\n<div>\n<h3 class=\"panel-title\"><b>Lamella nedir, ne i\u015fe yarar?<\/b><\/h3>\n<\/div>\n<\/div>\n<\/div>\n<div class=\"panel panel-default\">\n<div class=\"panel-heading\">\n<div class=\"AciklamaYaziFontu\">\n<div id=\"accordion\" class=\"panel-group\">\n<div class=\"panel panel-default\">\n<div id=\"collapse5\" class=\"panel-collapse collapse in\" aria-expanded=\"true\">\n<div class=\"panel-body\">Lamella suya bula\u015fan at\u0131klar\u0131n, homojen yap\u0131ya d\u00f6n\u00fc\u015fmesini sa\u011flayan yap\u0131 sistemlerinin y\u00fczeyin olu\u015fturmaya yarayan \u00e7\u00f6keltimdir. \u0130nce tabaka olmas\u0131na kar\u015f\u0131n i\u00e7 ve d\u0131\u015f etkilerden koruyucudur. Bunun yan\u0131 s\u0131ra lamella sistemleri ekonomik olarakta tasarruf sa\u011flay\u0131c\u0131 t\u00fcrdendir. \u00c7\u00fcnk\u00fc at\u0131klarda bulunan iri ve k\u00fc\u00e7\u00fck cisimleri \u00e7\u00f6zerek daha da derin \u00e7\u00f6z\u00fclmesine yard\u0131mc\u0131 olur. \u00d6zellikle \u00e7\u00f6kt\u00fcrme \u00fcniteleri fabrika sanayisinde mutlaka kullan\u0131lmas\u0131 gerekir. Ayr\u0131\u015ft\u0131rma bu sayede daha \u00e7abuk ve kolay hale gelir.<\/div>\n<\/div>\n<\/div>\n<\/div>\n<\/div>\n<\/div>\n<\/div>\n<\/div>\n<\/div>\n<\/div>\n<\/div>\n<\/div>\n<\/div>\n","protected":false},"excerpt":{"rendered":"<p>Lamella \u00c7\u00f6keltme Tanklar\u0131, y\u00fczey alan\u0131n\u0131 artt\u0131rarak k\u00fc\u00e7\u00fck hacimlerde bile verimli bir \u00e7\u00f6keltme i\u015flemi sa\u011flamak amac\u0131yla kurulmaktad\u0131r.\u00a0 Bu sisteme; y\u00fczey alan\u0131n\u0131n artmas\u0131n\u0131 sa\u011flayan 55 derecelik a\u00e7\u0131yla sisteme yerle\u015ftirilen lamella plakalar\u0131 eklenmektedir. Lamella \u00e7\u00f6keltme \u00fcniteleri, yer problemi olan tesislerde s\u0131kl\u0131kla kullan\u0131l\u0131r.\u00a0 Dairesel k\u00f6pr\u00fcler ise; ar\u0131tma tesislerindeki \u00e7\u00f6keltme havuzlar\u0131nda ve \u00e7amur yo\u011funla\u015ft\u0131rma havuzlar\u0131nda kullan\u0131lmaktad\u0131r. Havuz dibinde biriken \u00e7amuru &hellip; <a href=\"https:\/\/zetaskimya.com.tr\/index.php\/product\/lamella-cokeltme-uniteleri\/\" class=\"more-link\">Continue reading <span class=\"screen-reader-text\">Lamella \u00c7\u00f6keltme \u00dcniteleri<\/span><\/a><\/p>\n","protected":false},"featured_media":9279,"comment_status":"open","ping_status":"closed","template":"","meta":[],"product_cat":[190,215,171],"product_tag":[],"class_list":{"0":"post-9246","1":"product","2":"type-product","3":"status-publish","4":"has-post-thumbnail","6":"product_cat-atik-su-aritma-sistemleri","7":"product_cat-cokeltme-sistemleri","8":"product_cat-sanayi-tipi-su-aritma","11":"instock","12":"shipping-taxable","13":"purchasable","14":"product-type-simple"},"jetpack_sharing_enabled":true,"_links":{"self":[{"href":"https:\/\/zetaskimya.com.tr\/index.php\/wp-json\/wp\/v2\/product\/9246","targetHints":{"allow":["GET"]}}],"collection":[{"href":"https:\/\/zetaskimya.com.tr\/index.php\/wp-json\/wp\/v2\/product"}],"about":[{"href":"https:\/\/zetaskimya.com.tr\/index.php\/wp-json\/wp\/v2\/types\/product"}],"replies":[{"embeddable":true,"href":"https:\/\/zetaskimya.com.tr\/index.php\/wp-json\/wp\/v2\/comments?post=9246"}],"version-history":[{"count":0,"href":"https:\/\/zetaskimya.com.tr\/index.php\/wp-json\/wp\/v2\/product\/9246\/revisions"}],"wp:featuredmedia":[{"embeddable":true,"href":"https:\/\/zetaskimya.com.tr\/index.php\/wp-json\/wp\/v2\/media\/9279"}],"wp:attachment":[{"href":"https:\/\/zetaskimya.com.tr\/index.php\/wp-json\/wp\/v2\/media?parent=9246"}],"wp:term":[{"taxonomy":"product_cat","embeddable":true,"href":"https:\/\/zetaskimya.com.tr\/index.php\/wp-json\/wp\/v2\/product_cat?post=9246"},{"taxonomy":"product_tag","embeddable":true,"href":"https:\/\/zetaskimya.com.tr\/index.php\/wp-json\/wp\/v2\/product_tag?post=9246"}],"curies":[{"name":"wp","href":"https:\/\/api.w.org\/{rel}","templated":true}]}}