{"id":9252,"date":"2024-09-28T16:23:28","date_gmt":"2024-09-28T13:23:28","guid":{"rendered":"https:\/\/zetaskimya.com.tr\/?post_type=product&#038;p=9252"},"modified":"2024-09-28T16:23:45","modified_gmt":"2024-09-28T13:23:45","slug":"mbr-sistemleri","status":"publish","type":"product","link":"https:\/\/zetaskimya.com.tr\/index.php\/product\/mbr-sistemleri\/","title":{"rendered":"MBR Sistemleri"},"content":{"rendered":"<p><b>MBR Sistemi<\/b><\/p>\n<p>\u0130leri ar\u0131t\u0131m teknolojileri aras\u0131nda yer alan &#8221; MBR Sistemi Nedir? &#8221; ve &#8221; Nas\u0131l Etki Eder? &#8221; gibi sorular\u0131n\u0131za yan\u0131t bulabileceksiniz. K\u00fc\u00e7\u00fck alanlarda verimli ar\u0131tma i\u015flemlerinin ger\u00e7ekle\u015ftirilmesi i\u00e7in bu sistemlere ihtiya\u00e7 duyulmaktad\u0131r. Ar\u0131tma teknolojileri aras\u0131nda yer alan en verimli ve faydal\u0131 sistemlerle tan\u0131\u015fman\u0131z\u0131 sa\u011flayan &#8221; MBR Sistemi Nedir? &#8221; Sorusunun yan\u0131t\u0131n\u0131 alarak daha etkili sonu\u00e7lara ula\u015fabilirsiniz.<\/p>\n<p>At\u0131k su ar\u0131t\u0131m\u0131n\u0131n ileri seviyesi olan ve biyolojik ar\u0131t\u0131m prosesi ile yar\u0131 ge\u00e7irgen membran teknolojisini bir arada tutan\u00a0<b>MBR sistemi\u00a0<\/b>sayesinde daha fazla tasarruf elde etmek m\u00fcmk\u00fcnd\u00fcr. At\u0131k suyun etkin bir \u015fekilde geri kazan\u0131lmas\u0131n\u0131 sa\u011flayan bu sistemle ilgili pek \u00e7ok soru ortaya \u00e7\u0131kmaktad\u0131r. Arazi masraflar\u0131n\u0131n yo\u011fun oldu\u011fu b\u00f6lgelerde, daha az yer kaplamas\u0131 sebebiyle MBR sisteminin kullan\u0131ld\u0131\u011f\u0131na dikkat \u00e7ekebiliriz.<\/p>\n<p><b>MBR Sistemi Neden \u00d6nemli?<\/b><\/p>\n<p>G\u00fcn\u00fcm\u00fczde bu sistemlerin \u00f6nem kazanmas\u0131nda baz\u0131 fakt\u00f6rler etkili olmaktad\u0131r. D\u00fc\u015f\u00fck alanlara gereksinim duyanlar\u0131n ve y\u00fcksek ar\u0131tma kalitesini elde etmek isteyenlerin tercihi olan MBR Sistemi nedir? Sorusunun yan\u0131t\u0131n\u0131 alman\u0131z gerekmektedir. Bu konuda hakk\u0131ndaki t\u00fcm bilgileri elde edebilir ve geli\u015fmi\u015f aktif \u00e7amur sistemleri ile tan\u0131\u015fabilirsiniz. Biyolojik reakt\u00f6rleri ve membran teknolojisini birle\u015ftiren MBR Sistemi &#8216;ne g\u00f6re \u00e7e\u015fitli evreler bulunmaktad\u0131r. Biyolojik ar\u0131tma i\u015flemlerinin sonras\u0131nda ultrafiltrasyon (UF) veya mikrofiltrasyon (MF) membranlar\u0131n\u0131 kullanacak olan bu sistem i\u00e7erisinde ayr\u0131\u015ft\u0131rma evresine yer verilmektedir.<\/p>\n<p><b>MBR Sistemi &#8216;nin Ama\u00e7lar\u0131 Nelerdir?<\/b><\/p>\n<p>Biyolojik a\u00e7\u0131dan bak\u0131ld\u0131\u011f\u0131nda par\u00e7alanabilir \u00f6zelli\u011fe sahip bile\u015fenlerin, mikroplardan ar\u0131nd\u0131r\u0131lmas\u0131 amac\u0131yla kullan\u0131lan MBR Sistemi Nedir? Ama\u00e7lar\u0131 Nelerdir? Sorular\u0131 ortaya \u00e7\u0131kmaktad\u0131r. Bulan\u0131kl\u0131\u011fa neden olan sebeplerin en aza indirgenmesinde fayda g\u00f6r\u00fclen bir sistemdir. At\u0131k suyun geri kazand\u0131r\u0131lmas\u0131nda ve end\u00fcstriyel alanlarda kullan\u0131lan sular\u0131n iyi kalitede ar\u0131t\u0131lmas\u0131nda olumlu sonu\u00e7lar\u0131 elde etmenizi sa\u011flayacakt\u0131r. Geli\u015fen teknolojinin faydalar\u0131 aras\u0131nda yer alan at\u0131k suyun geri kazand\u0131r\u0131lmas\u0131 i\u00e7in bu sistemlerden faydalanman\u0131z gerekmektedir. Tesislerinizde alan ihtiya\u00e7lar\u0131n\u0131 azaltan ve teknolojik bi\u00e7imde y\u00fcksek verimde at\u0131k su kullanman\u0131z\u0131 sa\u011flayan ar\u0131tma sistemleri ile hemen tan\u0131\u015fabilirsiniz. Ar\u0131tma sistemleri ile ilgili detayl\u0131 bilgilere ve e\u011fitimlere g\u00f6z atabilece\u011finiz platformumuzda kaliteli sonu\u00e7lar sizi bekliyor olacakt\u0131r.<\/p>\n<p><b>MBR Sistemi Hangi Alanlarda Kullan\u0131l\u0131r?<\/b><\/p>\n<p>Evsel veya end\u00fcstriyel nitelikli alanlarda at\u0131k sular\u0131n geri kazan\u0131m\u0131 i\u00e7in\u00a0<b>MBR sistemi\u00a0<\/b>kullan\u0131lmaktad\u0131r. Bununla birlikte MBR Sistemi Nedir? Nas\u0131l ve hangi alanlarda kullan\u0131l\u0131r sorusuna daha detayl\u0131 yan\u0131tlar\u0131 bulabilmek i\u00e7in gerekli incelemeleri ger\u00e7ekle\u015ftirebilirsiniz. Kullan\u0131m alanlar\u0131 aras\u0131nda yer alan di\u011fer yerler ise \u015fu \u015fekildedir:<\/p>\n<ul>\n<li>At\u0131k su kullan\u0131lmas\u0131 uygun olabilecek projeler<\/li>\n<li>At\u0131k suyun sulama suyu olarak kullan\u0131lmas\u0131n\u0131 sa\u011flayan alanlar<\/li>\n<li>\u00c7e\u015fitli fakt\u00f6rlerden kaynakl\u0131 y\u00fcksek kirlili\u011fe sahip olan sular\u0131n ar\u0131t\u0131lmas\u0131 gereken alanlar<\/li>\n<li>Y\u00fcksek su t\u00fcketimini ger\u00e7ekle\u015ftiren tesislerde at\u0131k suyun ar\u0131t\u0131lmas\u0131yla tasarruf edilecek alanlar,<\/li>\n<li>Artan kapasite ile birlikte at\u0131k su ar\u0131tma sistemleri ve tesisleri yeterli olmayan alanlar \u015feklindedir.<\/li>\n<\/ul>\n<p>Kullan\u0131lacak alanlara ve at\u0131k suyun t\u00fcr\u00fcne g\u00f6re farkl\u0131 membran se\u00e7imlerinde bulunmak m\u00fcmk\u00fcnd\u00fcr. Tesislerinizin b\u00fcy\u00fck \u00f6l\u00e7ekli olmas\u0131 halinde, daha d\u00fc\u015f\u00fck maliyetli sistemlere kavu\u015fabilir ve yeni geli\u015ftirilmi\u015f ucuz membran se\u00e7imlerine g\u00f6z atabilirsiniz.<\/p>\n<p><b>MBR Sistemi Avantajlar\u0131 ve Faydalar\u0131 Nelerdir?<\/b><\/p>\n<p>Di\u011fer sistemlere g\u00f6re daha avantajl\u0131 olabilen MBR sistemi ile ilgili baz\u0131 \u00f6nemli detaylar bulunmaktad\u0131r. Klasik bir aktif \u00e7amur sistemine oranla daha faydal\u0131 olan bu sistemlerin avantajlar\u0131 aras\u0131nda:<\/p>\n<ul>\n<li>Kaliteli ve hijyenik suyun elde edilmesi,<\/li>\n<li>D\u00fc\u015f\u00fck alana gereksinim duyulmas\u0131,<\/li>\n<li>Azot gideriminin daha y\u00fcksek seviyelerde olmas\u0131,<\/li>\n<li>Reakt\u00f6r i\u00e7in ihtiya\u00e7 duyulan alan\u0131n d\u00fc\u015f\u00fck olmas\u0131 ve olu\u015fan \u00e7amur seviyelerinin d\u00fc\u015f\u00fck miktarda olmas\u0131,<\/li>\n<li>Daha az i\u015f g\u00fcc\u00fcne ihtiya\u00e7 duyulmas\u0131,<\/li>\n<li>Kolay ta\u015f\u0131nmas\u0131 ve h\u0131zla kurulumunun ger\u00e7ekle\u015fmesi,<\/li>\n<li>Birbirinden farkl\u0131 b\u00fcy\u00fckl\u00fcklerde ve kapasitelerde h\u0131zla adaptasyon sa\u011flanmas\u0131 yer almaktad\u0131r.<\/li>\n<\/ul>\n<p>Y\u00fcksek verimlilikte organik madde giderimini sa\u011flayan MBR sistemi ile tan\u0131\u015fabilir ve ar\u0131t\u0131lmas\u0131 zor olan at\u0131klarda uygulayabilece\u011finiz y\u00f6ntemler sayesinde tasarruf elde edebilirsiniz.<\/p>\n<div><\/div>\n","protected":false},"excerpt":{"rendered":"<p>MBR Sistemi \u0130leri ar\u0131t\u0131m teknolojileri aras\u0131nda yer alan &#8221; MBR Sistemi Nedir? &#8221; ve &#8221; Nas\u0131l Etki Eder? &#8221; gibi sorular\u0131n\u0131za yan\u0131t bulabileceksiniz. K\u00fc\u00e7\u00fck alanlarda verimli ar\u0131tma i\u015flemlerinin ger\u00e7ekle\u015ftirilmesi i\u00e7in bu sistemlere ihtiya\u00e7 duyulmaktad\u0131r. Ar\u0131tma teknolojileri aras\u0131nda yer alan en verimli ve faydal\u0131 sistemlerle tan\u0131\u015fman\u0131z\u0131 sa\u011flayan &#8221; MBR Sistemi Nedir? &#8221; Sorusunun yan\u0131t\u0131n\u0131 alarak daha &hellip; <a href=\"https:\/\/zetaskimya.com.tr\/index.php\/product\/mbr-sistemleri\/\" class=\"more-link\">Continue reading <span class=\"screen-reader-text\">MBR Sistemleri<\/span><\/a><\/p>\n","protected":false},"featured_media":9288,"comment_status":"open","ping_status":"closed","template":"","meta":[],"product_cat":[190,171],"product_tag":[],"class_list":{"0":"post-9252","1":"product","2":"type-product","3":"status-publish","4":"has-post-thumbnail","6":"product_cat-atik-su-aritma-sistemleri","7":"product_cat-sanayi-tipi-su-aritma","10":"instock","11":"shipping-taxable","12":"purchasable","13":"product-type-simple"},"jetpack_sharing_enabled":true,"_links":{"self":[{"href":"https:\/\/zetaskimya.com.tr\/index.php\/wp-json\/wp\/v2\/product\/9252","targetHints":{"allow":["GET"]}}],"collection":[{"href":"https:\/\/zetaskimya.com.tr\/index.php\/wp-json\/wp\/v2\/product"}],"about":[{"href":"https:\/\/zetaskimya.com.tr\/index.php\/wp-json\/wp\/v2\/types\/product"}],"replies":[{"embeddable":true,"href":"https:\/\/zetaskimya.com.tr\/index.php\/wp-json\/wp\/v2\/comments?post=9252"}],"version-history":[{"count":0,"href":"https:\/\/zetaskimya.com.tr\/index.php\/wp-json\/wp\/v2\/product\/9252\/revisions"}],"wp:featuredmedia":[{"embeddable":true,"href":"https:\/\/zetaskimya.com.tr\/index.php\/wp-json\/wp\/v2\/media\/9288"}],"wp:attachment":[{"href":"https:\/\/zetaskimya.com.tr\/index.php\/wp-json\/wp\/v2\/media?parent=9252"}],"wp:term":[{"taxonomy":"product_cat","embeddable":true,"href":"https:\/\/zetaskimya.com.tr\/index.php\/wp-json\/wp\/v2\/product_cat?post=9252"},{"taxonomy":"product_tag","embeddable":true,"href":"https:\/\/zetaskimya.com.tr\/index.php\/wp-json\/wp\/v2\/product_tag?post=9252"}],"curies":[{"name":"wp","href":"https:\/\/api.w.org\/{rel}","templated":true}]}}