{"id":9256,"date":"2024-09-28T16:23:31","date_gmt":"2024-09-28T13:23:31","guid":{"rendered":"https:\/\/zetaskimya.com.tr\/?post_type=product&#038;p=9256"},"modified":"2024-09-28T16:23:49","modified_gmt":"2024-09-28T13:23:49","slug":"mobil-ro-sistemleri","status":"publish","type":"product","link":"https:\/\/zetaskimya.com.tr\/index.php\/product\/mobil-ro-sistemleri\/","title":{"rendered":"Mobil RO Sistemleri"},"content":{"rendered":"<p><b>Mobil Su Ar\u0131tma Sistemleri<\/b><\/p>\n<p>Suyun kaliteli bir \u015fekilde hayata de\u011fer katmas\u0131 i\u00e7in ar\u0131tma yap\u0131lmas\u0131 gerekir. \u00d6zellikle \u015fehir sular\u0131 ve fabrika art\u0131klar\u0131n\u0131n\u00a0<b>mobil su ar\u0131tma sistemleri<\/b>\u00a0ile d\u00f6n\u00fc\u015ft\u00fcr\u00fclmesi olduk\u00e7a idealdir. \u0130nsan ve ya\u015fayan her canl\u0131n\u0131n hayat\u0131n\u0131 daim ettirebilmesi i\u00e7in mutlaka suya ihtiya\u00e7 vard\u0131r. Ancak kalitesiz su ne yaz\u0131k ki t\u00fcm hayat\u0131 olumsuz anlamda etkilemektedir. Genel olarak sularda ar\u0131tma yap\u0131lmas\u0131, suyun kaliteli ve elveri\u015fli bir \u015fekilde kullan\u0131lmas\u0131na olanak sa\u011flar. Su ar\u0131tmas\u0131 iki \u00e7e\u015fit olmak \u00fczere yap\u0131lmaktad\u0131r. Bunlar ev tipi ve end\u00fcstriyel olarak hayat\u0131m\u0131z\u0131 kolayla\u015ft\u0131rmaktad\u0131r. Bilindi\u011fi \u00fczere evlerimizde kullan\u0131lan \u015fehir sular\u0131 olduk\u00e7a kirli ve sa\u011fl\u0131ks\u0131z olarak gelmektedir. Bu sular\u0131 kullanabilmek i\u00e7in ilkel bir y\u00f6ntem olarak kaynatma i\u015flemi yap\u0131lsa bile ba\u015fa \u00e7\u0131kmak m\u00fcmk\u00fcn de\u011fildir.<\/p>\n<p><b>Mobil Su Ar\u0131tma Sistemleri<\/b>\u00a0ile su temini zor yerlerde bile rahatl\u0131kla su ihtiyac\u0131n\u0131z\u0131 kar\u015f\u0131layabilirsiniz. \u0130htiya\u00e7 duydu\u011funuz her an ister tatl\u0131 su olsun ister tuzlu suyu saf bir su kayna\u011f\u0131na d\u00f6n\u00fc\u015ft\u00fcrmeniz m\u00fcmk\u00fcnd\u00fcr. Bu d\u00f6n\u00fc\u015ft\u00fcr\u00fclm\u00fc\u015f su kayna\u011f\u0131n\u0131 i\u00e7ebilir, ihtiya\u00e7lar\u0131n giderilmesinde kullanabilir daha da \u00f6nemlisi \u00fcretim yapt\u0131\u011f\u0131n\u0131z tesislerde rahatl\u0131kla kullanabilirsiniz. Ar\u0131tma sistemlerini evinizde, i\u015f yerlerinizde kullanabilmek i\u00e7in \u00f6ncesinde uzmanlarla g\u00f6r\u00fc\u015f\u00fcp bilgi almak \u00e7ok yerinde olacakt\u0131r.<\/p>\n<p>Genellikle ar\u0131tma sistemlerimiz hali haz\u0131rda bulunup, pratik bir \u015fekilde kullan\u0131ma haz\u0131rd\u0131r.\u00a0<b>Mobil ar\u0131tma cihazlar\u0131\u00a0<\/b>kapasitelerine g\u00f6re \u00e7e\u015fitli s\u0131n\u0131flara ayr\u0131lmaktad\u0131r. \u00d6zellikle\u00a0<b>konteyner ar\u0131tma\u00a0<\/b>grubu cihazlarda yap\u0131lan \u0131s\u0131 yal\u0131t\u0131m\u0131 sayesinde saf ve temiz su ar\u0131t\u0131ld\u0131\u011f\u0131 \u00fczere form\u00fcl\u00fc bozulmayacak \u015fekilde muhafaza edilebilmektedir. Bu tip ar\u0131tma t\u00fcr\u00fcn\u00fcn en b\u00fcy\u00fck avantaj\u0131 kullan\u0131lmas\u0131 zor su kaynaklar\u0131n\u0131n kullan\u0131labilir hale d\u00f6n\u00fc\u015ft\u00fcr\u00fclmesidir. Mobil ar\u0131tma ile kullan\u0131lmayacak durumda olan dere, kuyu, artezyen, g\u00f6l ve deniz sular\u0131 ar\u0131t\u0131larak kullan\u0131\u015fl\u0131 su halene getirilmektir. Buda bize sunulan kaynaklar\u0131n do\u011fru olarak de\u011ferlendirilmesinde b\u00fcy\u00fck imk\u00e2n sunmaktad\u0131r. Bu tip ar\u0131tma ara\u00e7lar\u0131 sayesinde sularda olu\u015fan pis koku ve bulan\u0131kl\u0131k giderilerek saydam temiz su elde edilmektedir. B\u00f6ylesine kutsal bir g\u00f6reve de hizmet edebilen ar\u0131tmalar\u0131n \u00f6nemi \u00e7ok b\u00fcy\u00fckt\u00fcr.<\/p>\n<p><b>Mobil Su Ar\u0131tma Sistemleri<\/b>\u00a0yer alt\u0131 ve yer \u00fcst\u00fc olmak \u00fczere pek \u00e7ok sorunlu suyu m\u00fckemmel hale getirir. Bu \u015fekilde ar\u0131t\u0131lan sular \u00f6zellikle suya ihtiya\u00e7 duyulan yerlerde b\u00fcy\u00fck \u00f6nem ta\u015f\u0131r. Hastaneler, fabrikalar, askeriyeler bu ar\u0131tmalar sayesinde g\u00fc\u00e7l\u00fc kaynaklardan su temin edebilir. Bunun yan\u0131 s\u0131ra afet zamanlar\u0131 suyun en ihtiya\u00e7 oldu\u011fu zamanlard\u0131r ve temiz su kaynaklar\u0131 ar\u0131t\u0131larak halk\u0131n kullan\u0131m\u0131na a\u00e7\u0131ld\u0131\u011f\u0131 takdirde suyun zararlar\u0131 bertaraf edilerek halk sa\u011fl\u0131\u011f\u0131 korunabilir.\u00a0<b>Mobil ar\u0131tma cihazlar\u0131<\/b>\u00a0sular\u0131n cins ve kalitesine g\u00f6re saatte bir ton ila on ton aras\u0131nda temiz su \u00fcretimi yapabilirler. Kullan\u0131ma \u00e7ok elveri\u015fli olan bu ar\u0131tma sistemleri konteyner \u00fczerine monte edildiklerinden \u00e7ok rahat bir \u015fekilde hemen i\u015fleme ge\u00e7er b\u00f6ylelikle su ar\u0131nd\u0131rmaya i\u015flemi ba\u015flam\u0131\u015f olur. Kolayca monte edildi\u011fi gibi, bu su ar\u0131tma konteynerin ba\u015fka bir yere ta\u015f\u0131nabilmesi de m\u00fcmk\u00fcnd\u00fcr. B\u00f6ylelikle \u00f6m\u00fcr boyu bir tasarruf sa\u011flanm\u0131\u015f olur. Bunun yan\u0131 s\u0131ra konteyner bi\u00e7iminde oldu\u011fundan \u00f6t\u00fcr\u00fc asla yer kaplamamas\u0131 kullan\u0131c\u0131lar a\u00e7\u0131s\u0131ndan b\u00fcy\u00fck bir avantajd\u0131r.<\/p>\n<p>Ar\u0131tma kullanma d\u00fc\u015f\u00fcncesi i\u00e7erisindeyseniz mutlaka ilgili ekiplere dan\u0131\u015fmal\u0131s\u0131n\u0131z. Bu sayede en do\u011fru y\u00f6nlendirme ile ar\u0131tma sisteminiz kurulacakt\u0131r.\u00a0<b>Mobil Su Ar\u0131tma Sistemleri<\/b>\u00a0ar\u0131tmalar\u0131n yan\u0131 s\u0131ra su depolar\u0131 ile de dikkat \u00e7ekmektedir. Suyun kaliteli kullan\u0131m\u0131na dair g\u00fcven verici teknolojileri sayesinde su kullan\u0131m\u0131 sa\u011fl\u0131kl\u0131 ve verimli olarak geri d\u00f6n\u00fc\u015f\u00fcm\u00fc desteklemektedir. Sa\u011fl\u0131kl\u0131 oldu\u011fu kadar ekonomik olmas\u0131 da avantajlar\u0131 aras\u0131ndad\u0131r. Her b\u00fct\u00e7eye uygun olarak sa\u011fl\u0131\u011fa hizmet eden ar\u0131tma cihazlar\u0131 temin etmek m\u00fcmk\u00fcnd\u00fcr.<\/p>\n<p><b>Mobil Ar\u0131tma Tesisleri<\/b><\/p>\n<p>Su, insan sa\u011fl\u0131\u011f\u0131 i\u00e7in \u00e7ok \u00f6nemli bir kaynakt\u0131r. Mobil ar\u0131tma tesisleri, insan sa\u011fl\u0131\u011f\u0131na uygun olacak \u015fekilde sular\u0131 ar\u0131nd\u0131rarak kullan\u0131ma haz\u0131r hale getirmektedir. \u00d6zellikle g\u00fcn\u00fcm\u00fcz \u015fartlar\u0131nda ana kaynaklardan iyi su temin etmek neredeyse imkans\u0131zd\u0131r. Bu y\u00fczden ar\u0131tma cihazlarla temiz su elde edilmesi olduk\u00e7a k\u0131ymetlidir. Su, bir insan\u0131n tek ba\u015f\u0131na temizleyip, ar\u0131tabilece\u011fi bir \u015fey de\u011fildir. Kirli sularda insan g\u00f6z\u00fc ile g\u00f6r\u00fclemeyecek mikroorganizmalar, bakteriler olu\u015ftu\u011fundan insan sa\u011fl\u0131\u011f\u0131na ciddi zararlar verebilmektedir. Bu y\u00fczden suyu temiz bir \u015fekilde kullanmak i\u00e7in do\u011fru cihazlar temin etmek \u00e7ok yararl\u0131 olacakt\u0131r. Su ya\u015fam\u0131m\u0131z\u0131n her an\u0131nda kulland\u0131\u011f\u0131m\u0131z bir hayati i\u00e7ecektir ve ihmale gelemeyecek kadar dikkatle t\u00fcketilmelidir.<\/p>\n<p>\u0130\u00e7ti\u011fimiz su ba\u015fta olmak \u00fczere insan sa\u011fl\u0131\u011f\u0131n\u0131 ilgilendiren her su kayna\u011f\u0131 mutlaka ar\u0131nd\u0131r\u0131larak kullan\u0131lmal\u0131d\u0131r. \u00d6zellikle fabrika sular\u0131 kirli at\u0131k olarak kaynak sular\u0131na bo\u015falt\u0131lmas\u0131 ba\u015fl\u0131 ba\u015f\u0131na toplumsal bir sorundur. \u00c7\u00fcnk\u00fc i\u00e7erisinde kimyasal maddeler bar\u0131nd\u0131rarak insan sa\u011fl\u0131\u011f\u0131n\u0131 olumsuz y\u00f6nde etkileyebilmektedir. Sadece insan sa\u011fl\u0131\u011f\u0131 de\u011fil, t\u00fcm canl\u0131lar bu kirli, sulardan zehirlenip \u00f6l\u00fcm kal\u0131m sava\u015f\u0131 vermektedir. Bu y\u00fczden fabrika sular\u0131n\u0131n da ar\u0131t\u0131larak \u00e7evreye destek vermesi gerekir. Evlerimizdeki akan sudan, i\u015f yerlerinde kulland\u0131\u011f\u0131m\u0131z suya kadar her suyun b\u00fcy\u00fck \u00f6nemi vard\u0131r.<\/p>\n<p><b>Mobil ar\u0131tma tesisleri<\/b>, suyun ar\u0131t\u0131lmas\u0131 i\u00e7in bir\u00e7ok alternatif y\u00f6ntem sunar. Genellikle end\u00fcstriyel olarak kullan\u0131lan ar\u0131tma sistemleri olduk\u00e7a ba\u015far\u0131l\u0131 sonu\u00e7lar vermektedir. Suyun ar\u0131t\u0131lmamas\u0131 b\u00fcy\u00fck sorunlar yaratmaktad\u0131r. Pis sular g\u00f6rsel olarak bulan\u0131kl\u0131k olu\u015fturdu\u011fu gibi, k\u00f6t\u00fc kokular\u0131n \u00e7evrede yayg\u0131nla\u015fmas\u0131na sebep olur. Bu \u015fekilde sa\u011fl\u0131ks\u0131z ko\u015fullarda bir\u00e7ok bakterinin \u00fcremesine sebep olur. \u00dcreyen bakteriler toprakla kar\u0131\u015farak yiyeceklerimize bula\u015ft\u0131\u011f\u0131ndan insan sa\u011fl\u0131\u011f\u0131n\u0131 ciddi \u00f6l\u00e7\u00fcde etkiler bu sebeple ar\u0131tma ka\u00e7\u0131n\u0131lmazd\u0131r.<\/p>\n<p>Ev ve sanayi tipi olmak \u00fczere iki \u00e7e\u015fit su ar\u0131tma sistemi bulunmaktad\u0131r. Suyun ar\u0131t\u0131lmas\u0131 hayat standartlar\u0131n\u0131z\u0131 daha da kaliteli hale getirecektir.\u00a0<b>Ev tipi ar\u0131tmalar\u00a0<\/b>olduk\u00e7a pratik ve yer kaplamayacak bir \u015fekilde dizayn edilerek tasarlan\u0131r. Bunun yan\u0131 s\u0131ra ev ve i\u015f yerlerinizde zahmetsizce kullan\u0131labilecek ar\u0131tmal\u0131 su sebilleri de olduk\u00e7a kullan\u0131\u015fl\u0131 bir ar\u0131tma t\u00fcr\u00fcd\u00fcr. Hemen herkesin kullanabilece\u011fi t\u00fcrden ar\u0131tma se\u00e7enekleri mevcuttur. Bu y\u00fczden akan suyun k\u0131ymetini bilerek, israf etmeyerek ar\u0131tarak kullanmak olduk\u00e7a hem maddi hem de manevi a\u00e7\u0131dan \u00e7ok \u00f6nemlidir.<\/p>\n<p><b>Sanayi tipi ar\u0131tmalar<\/b>\u00a0ise i\u015fletmenin b\u00fcy\u00fckl\u00fc\u011f\u00fcne ve ihtiyac\u0131na uygun olarak belirlenmelidir. Ar\u0131t\u0131lacak maddeye g\u00f6re se\u00e7ilecek ar\u0131tma sistemi hem insan sa\u011fl\u0131\u011f\u0131na hem de \u00e7evreye b\u00fcy\u00fck yarar sa\u011flayacakt\u0131r. Mobil ar\u0131tma tesisleri taraf\u0131ndan uygun g\u00f6r\u00fclen sistemler temin edildi\u011finde ger\u00e7ek anlamda bir tasarruf olu\u015fmaktad\u0131r. Bir su ar\u0131tma sistemi senelerce temiz su sa\u011flaman\u0131za sebep oldu\u011fundan \u00f6m\u00fcrl\u00fck bir kullan\u0131m sa\u011flar. Belirli g\u00fcnlerde aksat\u0131lmadan bak\u0131m\u0131 yap\u0131ld\u0131\u011f\u0131 takdirde suyun kalitesini koruyarak, d\u00fczg\u00fcn bir \u015fekilde ar\u0131tma sa\u011flayacakt\u0131r.<\/p>\n<p>Sanayide kullan\u0131lacak olan su ar\u0131tmalar\u0131, suyun fiziksel ve kimyasal olarak ar\u0131nmas\u0131nda etkili olmal\u0131d\u0131r. Bu y\u00fczden \u00f6nce suda hangi kimyasallar ar\u0131t\u0131lacak bilinmelidir. Daha sonras\u0131nda ar\u0131t\u0131m cihazlar\u0131 se\u00e7ilmelidir.\u00a0<b>Su ar\u0131t\u0131m cihazlar\u0131<\/b>, bir kere kurulum sa\u011flad\u0131ktan sonra sizi yormadan g\u00fcven i\u00e7inde kullanaca\u011f\u0131n\u0131z cihazlard\u0131r. Bu y\u00fczden akl\u0131n\u0131zda soru i\u015fareti kalmamal\u0131d\u0131r.\u00a0<b>Mobil ar\u0131tma tesisleri<\/b>, sizin i\u00e7in en iyi ar\u0131tmay\u0131 sa\u011flayaca\u011f\u0131ndan emin olabilirsiniz. Bunun yan\u0131 s\u0131ra cihazlar\u0131n bak\u0131m zamanlar\u0131n\u0131 aksatmadan sizinle ileti\u015fim halinde olacaklard\u0131r. Suyunuzun g\u00fcvenli ve verimli bir kaynak olabilmesi ad\u0131na ar\u0131tma ekipleri cihazlar\u0131n gerekli takibini yapacakt\u0131r. Bu y\u00fczden hemen herkes hem insan sa\u011fl\u0131\u011f\u0131 hem de \u00e7evresel olarak toplum sa\u011fl\u0131\u011f\u0131n\u0131 d\u00fc\u015f\u00fcnerek hijyenik su kullanma y\u00f6n\u00fcnde ad\u0131m atmal\u0131d\u0131r. Bu anlamda su ar\u0131tma cihazlar\u0131 kusursuz hizmetle aral\u0131ks\u0131z faaliyet vermektedir.<\/p>\n","protected":false},"excerpt":{"rendered":"<p>Mobil Su Ar\u0131tma Sistemleri Suyun kaliteli bir \u015fekilde hayata de\u011fer katmas\u0131 i\u00e7in ar\u0131tma yap\u0131lmas\u0131 gerekir. \u00d6zellikle \u015fehir sular\u0131 ve fabrika art\u0131klar\u0131n\u0131n\u00a0mobil su ar\u0131tma sistemleri\u00a0ile d\u00f6n\u00fc\u015ft\u00fcr\u00fclmesi olduk\u00e7a idealdir. \u0130nsan ve ya\u015fayan her canl\u0131n\u0131n hayat\u0131n\u0131 daim ettirebilmesi i\u00e7in mutlaka suya ihtiya\u00e7 vard\u0131r. Ancak kalitesiz su ne yaz\u0131k ki t\u00fcm hayat\u0131 olumsuz anlamda etkilemektedir. Genel olarak sularda ar\u0131tma &hellip; <a href=\"https:\/\/zetaskimya.com.tr\/index.php\/product\/mobil-ro-sistemleri\/\" class=\"more-link\">Continue reading <span class=\"screen-reader-text\">Mobil RO Sistemleri<\/span><\/a><\/p>\n","protected":false},"featured_media":9297,"comment_status":"open","ping_status":"closed","template":"","meta":[],"product_cat":[220,171,219],"product_tag":[],"class_list":{"0":"post-9256","1":"product","2":"type-product","3":"status-publish","4":"has-post-thumbnail","6":"product_cat-mobil-ro-sistemleri","7":"product_cat-sanayi-tipi-su-aritma","8":"product_cat-ters-osmoz-sistemleri","11":"instock","12":"shipping-taxable","13":"purchasable","14":"product-type-simple"},"jetpack_sharing_enabled":true,"_links":{"self":[{"href":"https:\/\/zetaskimya.com.tr\/index.php\/wp-json\/wp\/v2\/product\/9256","targetHints":{"allow":["GET"]}}],"collection":[{"href":"https:\/\/zetaskimya.com.tr\/index.php\/wp-json\/wp\/v2\/product"}],"about":[{"href":"https:\/\/zetaskimya.com.tr\/index.php\/wp-json\/wp\/v2\/types\/product"}],"replies":[{"embeddable":true,"href":"https:\/\/zetaskimya.com.tr\/index.php\/wp-json\/wp\/v2\/comments?post=9256"}],"version-history":[{"count":0,"href":"https:\/\/zetaskimya.com.tr\/index.php\/wp-json\/wp\/v2\/product\/9256\/revisions"}],"wp:featuredmedia":[{"embeddable":true,"href":"https:\/\/zetaskimya.com.tr\/index.php\/wp-json\/wp\/v2\/media\/9297"}],"wp:attachment":[{"href":"https:\/\/zetaskimya.com.tr\/index.php\/wp-json\/wp\/v2\/media?parent=9256"}],"wp:term":[{"taxonomy":"product_cat","embeddable":true,"href":"https:\/\/zetaskimya.com.tr\/index.php\/wp-json\/wp\/v2\/product_cat?post=9256"},{"taxonomy":"product_tag","embeddable":true,"href":"https:\/\/zetaskimya.com.tr\/index.php\/wp-json\/wp\/v2\/product_tag?post=9256"}],"curies":[{"name":"wp","href":"https:\/\/api.w.org\/{rel}","templated":true}]}}