{"id":9257,"date":"2024-09-28T16:23:31","date_gmt":"2024-09-28T13:23:31","guid":{"rendered":"https:\/\/zetaskimya.com.tr\/?post_type=product&#038;p=9257"},"modified":"2026-03-26T23:14:20","modified_gmt":"2026-03-26T20:14:20","slug":"moduler-prizmatik-su-deposu","status":"publish","type":"product","link":"https:\/\/zetaskimya.com.tr\/index.php\/product\/moduler-prizmatik-su-deposu\/","title":{"rendered":"Mod\u00fcler Prizmatik Su Deposu"},"content":{"rendered":"<h2><b>Mod\u00fcler Su Deposu<\/b><\/h2>\n<p>&nbsp;<\/p>\n<p>Suyun sa\u011fl\u0131kl\u0131 bi\u00e7imde depolanmas\u0131n\u0131, su kesintilerinin \u00f6nlenmesini sa\u011flayan su depolar\u0131n\u0131n kullan\u0131m alanlar\u0131 olduk\u00e7a yayg\u0131nd\u0131r. G\u00fcn\u00fcm\u00fczde eski tip su depolar\u0131 yerine mod\u00fcler modeller tercih edilmektedir. Mod\u00fcler su deposu deponun kurulaca\u011f\u0131 alanda civatalar ile montaj\u0131 yap\u0131lan, par\u00e7alar halinde \u00fcretilmi\u015f, dayan\u0131kl\u0131 sanayi \u00fcr\u00fcnleridir. Hava ko\u015fullar\u0131na kar\u015f\u0131 mukavemeti y\u00fcksek levhalardan yap\u0131lmaktad\u0131r. \u0130zolasyon \u00f6zelli\u011fi g\u00f6sterdi\u011fi i\u00e7in so\u011fuk depolarda kullan\u0131\u015fl\u0131 olmaktad\u0131r.<\/p>\n<p>Mod\u00fcer su depolar\u0131n\u0131n tercih nedenleri \u015fu \u015fekilde \u00f6zetlenebilir:<\/p>\n<ul>\n<li>mod\u00fcler su depolar\u0131 montaj\u0131 olduk\u00e7a kolayd\u0131r,<\/li>\n<li>nakliye ve ta\u015f\u0131mas\u0131 rahat\u00e7a yap\u0131labilmektedir,<\/li>\n<li>depolar\u0131n temizlik ve bak\u0131mlar\u0131 ile tamirat i\u015flemleri kolay yap\u0131labilmektedir,<\/li>\n<li>sa\u011fl\u0131kl\u0131d\u0131r ve dayan\u0131kl\u0131 malzemelerle \u00fcretilir,<\/li>\n<li>depo kullan\u0131m alan\u0131na g\u00f6re istenen boyut ve \u015fekillerde \u00fcretimi yap\u0131labilmektedir,<\/li>\n<li>donmaya kar\u015f\u0131 silindir model mod\u00fcler su deposu dayan\u0131kl\u0131 bir \u00fcr\u00fcnd\u00fcr.<\/li>\n<\/ul>\n<p>&nbsp;<\/p>\n<p><b>Mod\u00fcler prizmatik su deposu<\/b><\/p>\n<p>&nbsp;<\/p>\n<p>Mod\u00fcler prizmatik su deposu, galvaniz, paslanmaz \u00e7elik gibi sa\u011fl\u0131kl\u0131 ve dayan\u0131kl\u0131 malzemelerle prizmatik bi\u00e7imde \u00fcretilmi\u015f panellerin monte edilmesiyle olu\u015fturulan su depolar\u0131d\u0131r. Ar\u0131t\u0131larak ya da safla\u015ft\u0131r\u0131larak depolanmas\u0131 istenilen sular\u0131n hijyenik ko\u015fullarda, canl\u0131 sa\u011fl\u0131\u011f\u0131na uygun bi\u00e7imde, hava ko\u015fullar\u0131na kar\u015f\u0131 dayan\u0131kl\u0131 \u00fcr\u00fcnler i\u00e7inde saklanmas\u0131n\u0131 olanakl\u0131 k\u0131lmaktad\u0131r.<\/p>\n<p>Depolarda kullan\u0131lan prizmatik mod\u00fcller, \u00fcretiminde esnek \u00f6zellik g\u00f6stererek deponun kullan\u0131laca\u011f\u0131 alanda su tutulumu i\u00e7in alan kayb\u0131n\u0131 engeller. Panellerin \u00fcretiminde solvent i\u00e7ermeyen toz f\u0131r\u0131n boyalar, paslanmaz \u00e7elik, mukavemeti y\u00fcksek galvaniz kullan\u0131labilmektedir. Mod\u00fcllerde membran kaplama ise malzemelerin su \u00e7ekmesini ve deformasyonunu engeller.<\/p>\n<p>Prizmatik su depolar\u0131n\u0131n kullan\u0131m avantajlar\u0131 nelerdir, sorusu s\u0131kl\u0131kla sorulmaktad\u0131r. Mod\u00fcler su depolar\u0131nda prizmatik mod\u00fcllerin \u00f6zellikleri, depolar\u0131n kullan\u0131m\u0131nda \u015fu avantajlar\u0131 sunmaktad\u0131r:<\/p>\n<ul>\n<li>Mod\u00fcler prizmatik su deposu istenilen \u00f6l\u00e7\u00fclerde \u00fcretilebilmektedir. Bu durum, deponun kurulaca\u011f\u0131 yerde su kapasitesinin tam olarak kullan\u0131labilece\u011fi anlam\u0131na gelir.<\/li>\n<li>Prizmatik mod\u00fcllerin kurulumu kolayd\u0131r. Kurulumu s\u0131ras\u0131nda kaynak i\u015flemi gerektirmez. Bununla beraber tamirat\u0131 ve bak\u0131m\u0131 ile temizli\u011fi de rahatl\u0131kla ger\u00e7ekle\u015ftirilebilir. Sa\u011flam olduklar\u0131 i\u00e7in s\u0131z\u0131nt\u0131ya yol a\u00e7acak \u00e7atlak olu\u015fumu g\u00f6r\u00fclmez. Bu nedenle de prizmatik mod\u00fcler depolar zamandan ve paradan tasarruf sa\u011flamaktad\u0131r.<\/li>\n<li>Prizmatik yap\u0131s\u0131 ile engebeli \u00f6zellik g\u00f6steren, d\u00fczensiz geometrik temeli olan alanlara da uyumlu bi\u00e7imde tasarlan\u0131r.<\/li>\n<li>Paslanmaz i\u00e7 y\u00fczeyi bakteri olu\u015fumunu engelleyerek hijyen sa\u011flamaktad\u0131r.<\/li>\n<li>Kullan\u0131m \u00f6m\u00fcrleri y\u00fcksektir.<\/li>\n<li>Sadece su de\u011fil genel olarak s\u0131v\u0131lar\u0131n korunmas\u0131 i\u00e7in kullan\u0131labilmektedir.<\/li>\n<\/ul>\n<p>Prizmatik mod\u00fcler su depolar\u0131 ekonomik ve dayan\u0131kl\u0131 \u00f6zellikleri ile in\u015faat, g\u0131da ve petrol, kimya sanayinde, end\u00fcstriyel mutfaklarda ve i\u015fletmelerde kullan\u0131m alan\u0131 bulmaktad\u0131r. S\u0131v\u0131lar\u0131n sa\u011fl\u0131kl\u0131 \u015fekilde muhafaza edilmesi i\u00e7in depoya ihtiya\u00e7 duyanlar, y\u0131llar\u0131n deneyimli firmas\u0131 Zeta\u015f\u2019 tan teknik destek talep edebilirler. M\u00fc\u015fteri memnuniyeti ve g\u00fcvenli\u011fini \u00f6n planda tutan firmam\u0131z Zeta\u015f prizmatik su depolar\u0131 konusunda su depolar\u0131n\u0131n projelendirilmesinde i\u015flevsel ve verimlili\u011fi y\u00fcksek projelerle hizmet sunmaktad\u0131r. Zeta\u015f su deposu projelendirme s\u00fcrecinde su deposunun yap\u0131laca\u011f\u0131 alan\u0131n \u00f6zellikleri, sekt\u00f6r ve suyun kullan\u0131m amac\u0131 ile kurulum alan\u0131nda iklimlendirme ko\u015fullar\u0131 titizlikle ele al\u0131nmaktad\u0131r.<\/p>\n","protected":false},"excerpt":{"rendered":"<p>Mod\u00fcler Su Deposu &nbsp; Suyun sa\u011fl\u0131kl\u0131 bi\u00e7imde depolanmas\u0131n\u0131, su kesintilerinin \u00f6nlenmesini sa\u011flayan su depolar\u0131n\u0131n kullan\u0131m alanlar\u0131 olduk\u00e7a yayg\u0131nd\u0131r. G\u00fcn\u00fcm\u00fczde eski tip su depolar\u0131 yerine mod\u00fcler modeller tercih edilmektedir. Mod\u00fcler su deposu deponun kurulaca\u011f\u0131 alanda civatalar ile montaj\u0131 yap\u0131lan, par\u00e7alar halinde \u00fcretilmi\u015f, dayan\u0131kl\u0131 sanayi \u00fcr\u00fcnleridir. Hava ko\u015fullar\u0131na kar\u015f\u0131 mukavemeti y\u00fcksek levhalardan yap\u0131lmaktad\u0131r. \u0130zolasyon \u00f6zelli\u011fi g\u00f6sterdi\u011fi i\u00e7in &hellip; <a href=\"https:\/\/zetaskimya.com.tr\/index.php\/product\/moduler-prizmatik-su-deposu\/\" class=\"more-link\">Continue reading <span class=\"screen-reader-text\">Mod\u00fcler Prizmatik Su Deposu<\/span><\/a><\/p>\n","protected":false},"featured_media":9301,"comment_status":"open","ping_status":"closed","template":"","meta":[],"product_cat":[154],"product_tag":[],"class_list":{"0":"post-9257","1":"product","2":"type-product","3":"status-publish","4":"has-post-thumbnail","6":"product_cat-moduler-su-deposu","9":"instock","10":"shipping-taxable","11":"purchasable","12":"product-type-simple"},"jetpack_sharing_enabled":true,"_links":{"self":[{"href":"https:\/\/zetaskimya.com.tr\/index.php\/wp-json\/wp\/v2\/product\/9257","targetHints":{"allow":["GET"]}}],"collection":[{"href":"https:\/\/zetaskimya.com.tr\/index.php\/wp-json\/wp\/v2\/product"}],"about":[{"href":"https:\/\/zetaskimya.com.tr\/index.php\/wp-json\/wp\/v2\/types\/product"}],"replies":[{"embeddable":true,"href":"https:\/\/zetaskimya.com.tr\/index.php\/wp-json\/wp\/v2\/comments?post=9257"}],"version-history":[{"count":0,"href":"https:\/\/zetaskimya.com.tr\/index.php\/wp-json\/wp\/v2\/product\/9257\/revisions"}],"wp:featuredmedia":[{"embeddable":true,"href":"https:\/\/zetaskimya.com.tr\/index.php\/wp-json\/wp\/v2\/media\/9301"}],"wp:attachment":[{"href":"https:\/\/zetaskimya.com.tr\/index.php\/wp-json\/wp\/v2\/media?parent=9257"}],"wp:term":[{"taxonomy":"product_cat","embeddable":true,"href":"https:\/\/zetaskimya.com.tr\/index.php\/wp-json\/wp\/v2\/product_cat?post=9257"},{"taxonomy":"product_tag","embeddable":true,"href":"https:\/\/zetaskimya.com.tr\/index.php\/wp-json\/wp\/v2\/product_tag?post=9257"}],"curies":[{"name":"wp","href":"https:\/\/api.w.org\/{rel}","templated":true}]}}