{"id":9331,"date":"2024-09-28T16:24:05","date_gmt":"2024-09-28T13:24:05","guid":{"rendered":"https:\/\/zetaskimya.com.tr\/?post_type=product&#038;p=9331"},"modified":"2024-09-28T16:24:09","modified_gmt":"2024-09-28T13:24:09","slug":"oksijen-konsantratoru-yogunlastiricisi","status":"publish","type":"product","link":"https:\/\/zetaskimya.com.tr\/index.php\/product\/oksijen-konsantratoru-yogunlastiricisi\/","title":{"rendered":"Oksijen Konsantrat\u00f6r\u00fc (Yo\u011funla\u015ft\u0131r\u0131c\u0131s\u0131)"},"content":{"rendered":"<p><b>Oksijen Konsantrat\u00f6r\u00fc (Yo\u011funla\u015ft\u0131r\u0131c\u0131s\u0131)<\/b><\/p>\n<ul>\n<li>Oksijen Ak\u0131\u015f\u0131: 5<\/li>\n<li>\u00c7\u0131k\u0131\u015f Bas\u0131nc\u0131: 0.7 Mpa<\/li>\n<li>Oksijen Konsantrat\u00f6r\u00fc: %95-99<\/li>\n<li>Voltaj: 220 Volt &#8211; AC<\/li>\n<li>Frekans: 50 Hz<\/li>\n<li>Ak\u0131m: 3,5 Amper<\/li>\n<li>G\u00fc\u00e7 T\u00fcketimi +-%10: 770 Watt<\/li>\n<li>Hava Kompres\u00f6r \u00c7\u0131k\u0131\u015f\u0131: 120 Lpm<\/li>\n<li>Filtrasyon: Aktif Karbon<\/li>\n<li>\u00c7\u0131k\u0131\u015f Rakoru: 8mm CrN\u0130<\/li>\n<li>\u00d6l\u00e7\u00fcler: 55*66*45<\/li>\n<\/ul>\n<p>Oksijen Konsantrat\u00f6r\u00fc (Yo\u011funla\u015ft\u0131r\u0131c\u0131s\u0131) havadaki azot gazlar\u0131n\u0131 ay\u0131rarak ozon makinalar\u0131na oksijen sa\u011flayan cihazd\u0131r.\u00a0Oksijen Konsantrat\u00f6r\u00fc (Yo\u011funla\u015ft\u0131r\u0131c\u0131s\u0131) end\u00fcstriyel tipte bir makinad\u0131r.\u00a0 S\u0131v\u0131 oksijen t\u00fcr\u00fcne g\u00f6re daha ucuz maliyetli ve daha etkili oksijen tedavisi sa\u011flamaktad\u0131r.<\/p>\n","protected":false},"excerpt":{"rendered":"<p>Oksijen Konsantrat\u00f6r\u00fc (Yo\u011funla\u015ft\u0131r\u0131c\u0131s\u0131) Oksijen Ak\u0131\u015f\u0131: 5 \u00c7\u0131k\u0131\u015f Bas\u0131nc\u0131: 0.7 Mpa Oksijen Konsantrat\u00f6r\u00fc: %95-99 Voltaj: 220 Volt &#8211; AC Frekans: 50 Hz Ak\u0131m: 3,5 Amper G\u00fc\u00e7 T\u00fcketimi +-%10: 770 Watt Hava Kompres\u00f6r \u00c7\u0131k\u0131\u015f\u0131: 120 Lpm Filtrasyon: Aktif Karbon \u00c7\u0131k\u0131\u015f Rakoru: 8mm CrN\u0130 \u00d6l\u00e7\u00fcler: 55*66*45 Oksijen Konsantrat\u00f6r\u00fc (Yo\u011funla\u015ft\u0131r\u0131c\u0131s\u0131) havadaki azot gazlar\u0131n\u0131 ay\u0131rarak ozon makinalar\u0131na oksijen sa\u011flayan cihazd\u0131r.\u00a0Oksijen &hellip; <a href=\"https:\/\/zetaskimya.com.tr\/index.php\/product\/oksijen-konsantratoru-yogunlastiricisi\/\" class=\"more-link\">Continue reading <span class=\"screen-reader-text\">Oksijen Konsantrat\u00f6r\u00fc (Yo\u011funla\u015ft\u0131r\u0131c\u0131s\u0131)<\/span><\/a><\/p>\n","protected":false},"featured_media":9336,"comment_status":"open","ping_status":"closed","template":"","meta":[],"product_cat":[171,213],"product_tag":[],"class_list":{"0":"post-9331","1":"product","2":"type-product","3":"status-publish","4":"has-post-thumbnail","6":"product_cat-sanayi-tipi-su-aritma","7":"product_cat-sterilizasyon-cihazi","10":"instock","11":"shipping-taxable","12":"purchasable","13":"product-type-simple"},"jetpack_sharing_enabled":true,"_links":{"self":[{"href":"https:\/\/zetaskimya.com.tr\/index.php\/wp-json\/wp\/v2\/product\/9331","targetHints":{"allow":["GET"]}}],"collection":[{"href":"https:\/\/zetaskimya.com.tr\/index.php\/wp-json\/wp\/v2\/product"}],"about":[{"href":"https:\/\/zetaskimya.com.tr\/index.php\/wp-json\/wp\/v2\/types\/product"}],"replies":[{"embeddable":true,"href":"https:\/\/zetaskimya.com.tr\/index.php\/wp-json\/wp\/v2\/comments?post=9331"}],"version-history":[{"count":0,"href":"https:\/\/zetaskimya.com.tr\/index.php\/wp-json\/wp\/v2\/product\/9331\/revisions"}],"wp:featuredmedia":[{"embeddable":true,"href":"https:\/\/zetaskimya.com.tr\/index.php\/wp-json\/wp\/v2\/media\/9336"}],"wp:attachment":[{"href":"https:\/\/zetaskimya.com.tr\/index.php\/wp-json\/wp\/v2\/media?parent=9331"}],"wp:term":[{"taxonomy":"product_cat","embeddable":true,"href":"https:\/\/zetaskimya.com.tr\/index.php\/wp-json\/wp\/v2\/product_cat?post=9331"},{"taxonomy":"product_tag","embeddable":true,"href":"https:\/\/zetaskimya.com.tr\/index.php\/wp-json\/wp\/v2\/product_tag?post=9331"}],"curies":[{"name":"wp","href":"https:\/\/api.w.org\/{rel}","templated":true}]}}