{"id":9333,"date":"2024-09-28T16:24:05","date_gmt":"2024-09-28T13:24:05","guid":{"rendered":"https:\/\/zetaskimya.com.tr\/?post_type=product&#038;p=9333"},"modified":"2024-09-28T16:24:10","modified_gmt":"2024-09-28T13:24:10","slug":"pallas-5-asamali-su-aritma-cihazi","status":"publish","type":"product","link":"https:\/\/zetaskimya.com.tr\/index.php\/product\/pallas-5-asamali-su-aritma-cihazi\/","title":{"rendered":"Pallas 5 A\u015famal\u0131 Su Ar\u0131tma Cihaz\u0131"},"content":{"rendered":"<p><b>Pallas 5 A\u015famal\u0131 Su Ar\u0131tma Cihaz\u0131 ( Pompas\u0131z )<\/b><\/p>\n<ul>\n<li>12&#8243; FP Sediment Filtre<\/li>\n<li>12&#8243; FP Gran\u00fcl Aktif Karbon &#8211; Coconut * 2<\/li>\n<li>10&#8243; Inline Coconut Pallas Post Karbon<\/li>\n<li>Kaps\u00fcl Membran<\/li>\n<li>3.2 Galon Metal Bas\u0131n\u00e7 Denge Tank\u0131<\/li>\n<li>L\u00fcks Musluk<\/li>\n<li>60 PSI Bas\u0131n\u00e7 D\u00fc\u015f\u00fcr\u00fcc\u00fc<\/li>\n<\/ul>\n","protected":false},"excerpt":{"rendered":"<p>Pallas 5 A\u015famal\u0131 Su Ar\u0131tma Cihaz\u0131 ( Pompas\u0131z ) 12&#8243; FP Sediment Filtre 12&#8243; FP Gran\u00fcl Aktif Karbon &#8211; Coconut * 2 10&#8243; Inline Coconut Pallas Post Karbon Kaps\u00fcl Membran 3.2 Galon Metal Bas\u0131n\u00e7 Denge Tank\u0131 L\u00fcks Musluk 60 PSI Bas\u0131n\u00e7 D\u00fc\u015f\u00fcr\u00fcc\u00fc<\/p>\n","protected":false},"featured_media":9341,"comment_status":"open","ping_status":"closed","template":"","meta":[],"product_cat":[180,175,151],"product_tag":[],"class_list":{"0":"post-9333","1":"product","2":"type-product","3":"status-publish","4":"has-post-thumbnail","6":"product_cat-acik-kasa-su-aritma","7":"product_cat-cihazlar","8":"product_cat-ev-tipi-su-aritma","11":"instock","12":"shipping-taxable","13":"purchasable","14":"product-type-simple"},"jetpack_sharing_enabled":true,"_links":{"self":[{"href":"https:\/\/zetaskimya.com.tr\/index.php\/wp-json\/wp\/v2\/product\/9333","targetHints":{"allow":["GET"]}}],"collection":[{"href":"https:\/\/zetaskimya.com.tr\/index.php\/wp-json\/wp\/v2\/product"}],"about":[{"href":"https:\/\/zetaskimya.com.tr\/index.php\/wp-json\/wp\/v2\/types\/product"}],"replies":[{"embeddable":true,"href":"https:\/\/zetaskimya.com.tr\/index.php\/wp-json\/wp\/v2\/comments?post=9333"}],"version-history":[{"count":0,"href":"https:\/\/zetaskimya.com.tr\/index.php\/wp-json\/wp\/v2\/product\/9333\/revisions"}],"wp:featuredmedia":[{"embeddable":true,"href":"https:\/\/zetaskimya.com.tr\/index.php\/wp-json\/wp\/v2\/media\/9341"}],"wp:attachment":[{"href":"https:\/\/zetaskimya.com.tr\/index.php\/wp-json\/wp\/v2\/media?parent=9333"}],"wp:term":[{"taxonomy":"product_cat","embeddable":true,"href":"https:\/\/zetaskimya.com.tr\/index.php\/wp-json\/wp\/v2\/product_cat?post=9333"},{"taxonomy":"product_tag","embeddable":true,"href":"https:\/\/zetaskimya.com.tr\/index.php\/wp-json\/wp\/v2\/product_tag?post=9333"}],"curies":[{"name":"wp","href":"https:\/\/api.w.org\/{rel}","templated":true}]}}