{"id":9367,"date":"2024-09-28T16:24:16","date_gmt":"2024-09-28T13:24:16","guid":{"rendered":"https:\/\/zetaskimya.com.tr\/?post_type=product&#038;p=9367"},"modified":"2024-09-28T16:24:28","modified_gmt":"2024-09-28T13:24:28","slug":"portatif-ozon-jeneratoru","status":"publish","type":"product","link":"https:\/\/zetaskimya.com.tr\/index.php\/product\/portatif-ozon-jeneratoru\/","title":{"rendered":"Portatif Ozon Jenerat\u00f6r\u00fc"},"content":{"rendered":"<div class=\"col-sm-6 col-xs-12\">\n<p><b>PO-15 Model Portatif Ozon Jenerat\u00f6r\u00fc<\/b><\/p>\n<ul>\n<li>220 Voltaj (Volt)<\/li>\n<li>0.68 Ak\u0131m (Amper)<\/li>\n<li>Ozon \u00dcretim Y\u00f6ntemi: Y\u00fcksek Frekansta Korona De\u015farj\u0131<\/li>\n<li>Korona Frenkans\u0131 (Khz): 6.5<\/li>\n<li>Ayarl\u0131 Ozon \u00c7\u0131k\u0131\u015f\u0131: Var<\/li>\n<li>G\u00f6stergeler: Led<\/li>\n<li>So\u011futma Metodu: Hava (Fanl\u0131)<\/li>\n<li>Montaj Metodu: Tezgah \u00dcst\u00fc \/ Vida ile Duvara Sabitleme<\/li>\n<\/ul>\n<p>&nbsp;<\/p>\n<\/div>\n<div class=\"col-sm-6 col-xs-12\">\n<p><b>PO-20 Model Portatif Ozon Jenerat\u00f6r\u00fc<\/b><\/p>\n<ul>\n<li>220 Voltaj (Volt)<\/li>\n<li>Ozon \u00dcretim Y\u00f6ntemi: Y\u00fcksek Frekansta Korona De\u015farj\u0131<\/li>\n<li>Korona Frenkans\u0131 (Khz): 10<\/li>\n<li>Ayarl\u0131 Ozon \u00c7\u0131k\u0131\u015f\u0131: Var<\/li>\n<li>G\u00f6stergeler: Ozone-Fault<\/li>\n<li>So\u011futma Metodu: Hava (Fanl\u0131)<\/li>\n<li>Montaj Metodu: Tezgah \u00dcst\u00fc \/ Mobil Olarak Ta\u015f\u0131nabilir<\/li>\n<\/ul>\n<p>&nbsp;<\/p>\n<p>&nbsp;<\/p>\n<\/div>\n<p>&nbsp;<\/p>\n<p><b>\u00a0<\/b><\/p>\n<p><b>\u00a0<\/b><\/p>\n<p style=\"text-align: center;\"><b>Bunlardan Ka\u00e7\u0131n\u0131n<\/b><\/p>\n<p style=\"text-align: center;\">Cihaz\u0131n \u00fczerindeki havaland\u0131rma b\u00f6l\u00fcmlerini kesinlikle kapatmay\u0131n\u0131z.<\/p>\n<p style=\"text-align: center;\">Su s\u0131\u00e7ratmay\u0131n\u0131z ve darbelere kar\u015f\u0131 koruyunuz.<\/p>\n<p style=\"text-align: center;\">Su ve ya\u011f ozonlama uygulamalar\u0131nda cihaz\u0131 uygulama haznesinden \u00fcstte tutunuz<\/p>\n<p style=\"text-align: center;\">Cihaz uzun s\u00fcre kullan\u0131lmayacaksa elektrikten s\u00f6k\u00fcn<\/p>\n<p style=\"text-align: center;\">Nem ve direk g\u00fcne\u015f \u0131\u015f\u0131n\u0131ndan koruyun<\/p>\n<p style=\"text-align: center;\">\u00c7ocuklar\u0131n ula\u015famayaca\u011f\u0131 yerlerde \u00e7al\u0131\u015ft\u0131r\u0131n<\/p>\n<p style=\"text-align: center;\">Havaland\u0131rma \u0131zgaras\u0131ndan herhangi bir cisim sokarak temizleme i\u015flemi yapmay\u0131n<\/p>\n<p style=\"text-align: center;\">Cihaz \u00e7al\u0131\u015f\u0131rken solumay\u0131n\u0131z.<\/p>\n","protected":false},"excerpt":{"rendered":"<p>PO-15 Model Portatif Ozon Jenerat\u00f6r\u00fc 220 Voltaj (Volt) 0.68 Ak\u0131m (Amper) Ozon \u00dcretim Y\u00f6ntemi: Y\u00fcksek Frekansta Korona De\u015farj\u0131 Korona Frenkans\u0131 (Khz): 6.5 Ayarl\u0131 Ozon \u00c7\u0131k\u0131\u015f\u0131: Var G\u00f6stergeler: Led So\u011futma Metodu: Hava (Fanl\u0131) Montaj Metodu: Tezgah \u00dcst\u00fc \/ Vida ile Duvara Sabitleme &nbsp; PO-20 Model Portatif Ozon Jenerat\u00f6r\u00fc 220 Voltaj (Volt) Ozon \u00dcretim Y\u00f6ntemi: Y\u00fcksek Frekansta &hellip; <a href=\"https:\/\/zetaskimya.com.tr\/index.php\/product\/portatif-ozon-jeneratoru\/\" class=\"more-link\">Continue reading <span class=\"screen-reader-text\">Portatif Ozon Jenerat\u00f6r\u00fc<\/span><\/a><\/p>\n","protected":false},"featured_media":9384,"comment_status":"open","ping_status":"closed","template":"","meta":[],"product_cat":[171,213],"product_tag":[],"class_list":{"0":"post-9367","1":"product","2":"type-product","3":"status-publish","4":"has-post-thumbnail","6":"product_cat-sanayi-tipi-su-aritma","7":"product_cat-sterilizasyon-cihazi","8":"pa_agirlik-kg-648","9":"pa_agirlik-kg-75-2","10":"pa_boyut-cm-646","11":"pa_boyut-cm-647","12":"pa_guc-tuketimi-watt-642","13":"pa_guc-tuketimi-watt-643","14":"pa_ozon-uretimi-gr-saat-1-20","15":"pa_ozon-uretimi-gr-saat-5-15","18":"instock","19":"shipping-taxable","20":"purchasable","21":"product-type-variable"},"jetpack_sharing_enabled":true,"_links":{"self":[{"href":"https:\/\/zetaskimya.com.tr\/index.php\/wp-json\/wp\/v2\/product\/9367","targetHints":{"allow":["GET"]}}],"collection":[{"href":"https:\/\/zetaskimya.com.tr\/index.php\/wp-json\/wp\/v2\/product"}],"about":[{"href":"https:\/\/zetaskimya.com.tr\/index.php\/wp-json\/wp\/v2\/types\/product"}],"replies":[{"embeddable":true,"href":"https:\/\/zetaskimya.com.tr\/index.php\/wp-json\/wp\/v2\/comments?post=9367"}],"version-history":[{"count":0,"href":"https:\/\/zetaskimya.com.tr\/index.php\/wp-json\/wp\/v2\/product\/9367\/revisions"}],"wp:featuredmedia":[{"embeddable":true,"href":"https:\/\/zetaskimya.com.tr\/index.php\/wp-json\/wp\/v2\/media\/9384"}],"wp:attachment":[{"href":"https:\/\/zetaskimya.com.tr\/index.php\/wp-json\/wp\/v2\/media?parent=9367"}],"wp:term":[{"taxonomy":"product_cat","embeddable":true,"href":"https:\/\/zetaskimya.com.tr\/index.php\/wp-json\/wp\/v2\/product_cat?post=9367"},{"taxonomy":"product_tag","embeddable":true,"href":"https:\/\/zetaskimya.com.tr\/index.php\/wp-json\/wp\/v2\/product_tag?post=9367"}],"curies":[{"name":"wp","href":"https:\/\/api.w.org\/{rel}","templated":true}]}}