{"id":9370,"date":"2024-09-28T16:24:17","date_gmt":"2024-09-28T13:24:17","guid":{"rendered":"https:\/\/zetaskimya.com.tr\/?post_type=product&#038;p=9370"},"modified":"2024-09-28T16:24:53","modified_gmt":"2024-09-28T13:24:53","slug":"pvc-coklu-kartus-filtreler","status":"publish","type":"product","link":"https:\/\/zetaskimya.com.tr\/index.php\/product\/pvc-coklu-kartus-filtreler\/","title":{"rendered":"PVC \u00c7oklu Kartu\u015f Filtreler"},"content":{"rendered":"<p><b>Not:<\/b>\u00a0Fiyatlara kartu\u015flar dahil de\u011fildir.<\/p>\n<p><b>\u00c7al\u0131\u015fma bas\u0131nc\u0131:<\/b>\u00a05 bar (max)<\/p>\n<p><b>G\u00f6vde:<\/b>\u00a0PVC Materyal<\/p>\n<p><b>Filtrasyon Aral\u0131\u011f\u0131:<\/b>\u00a01 &#8211; 25 Mikron<\/p>\n","protected":false},"excerpt":{"rendered":"<p>Not:\u00a0Fiyatlara kartu\u015flar dahil de\u011fildir. \u00c7al\u0131\u015fma bas\u0131nc\u0131:\u00a05 bar (max) G\u00f6vde:\u00a0PVC Materyal Filtrasyon Aral\u0131\u011f\u0131:\u00a01 &#8211; 25 Mikron<\/p>\n","protected":false},"featured_media":9386,"comment_status":"open","ping_status":"closed","template":"","meta":[],"product_cat":[191,194,171],"product_tag":[],"class_list":{"0":"post-9370","1":"product","2":"type-product","3":"status-publish","4":"has-post-thumbnail","6":"product_cat-filtrasyon-sistemleri","7":"product_cat-kartus-filtre-ve-cihazlari","8":"product_cat-sanayi-tipi-su-aritma","9":"pa_10-mikron-422","10":"pa_10-mikron-663","11":"pa_10-mikron-664","12":"pa_10-mikron-665","13":"pa_10-mikron-427","14":"pa_1-mikron-397","15":"pa_1-mikron-660","16":"pa_1-mikron-400","17":"pa_1-mikron-404","18":"pa_1-mikron-661","19":"pa_25-mikron-432","20":"pa_25-mikron-666","21":"pa_25-mikron-435","22":"pa_25-mikron-667","23":"pa_50-mikron-439","24":"pa_50-mikron-440","25":"pa_5-mikron-408","26":"pa_5-mikron-411","27":"pa_5-mikron-412","28":"pa_5-mikron-662","29":"pa_5-mikron-415","30":"pa_agirlik-kg-655","31":"pa_agirlik-kg-656","32":"pa_agirlik-kg-657","33":"pa_agirlik-kg-658","34":"pa_agirlik-kg-659","35":"pa_baglanti-2-dn50","36":"pa_baglanti-3-dn80","37":"pa_boyut-cm-650","38":"pa_boyut-cm-651","39":"pa_boyut-cm-652","40":"pa_boyut-cm-653","41":"pa_boyut-cm-654","42":"pa_kartus-boyut-370","43":"pa_kartus-boyut-371","44":"pa_kartus-boyut-372","47":"instock","48":"shipping-taxable","49":"purchasable","50":"product-type-variable"},"jetpack_sharing_enabled":true,"_links":{"self":[{"href":"https:\/\/zetaskimya.com.tr\/index.php\/wp-json\/wp\/v2\/product\/9370","targetHints":{"allow":["GET"]}}],"collection":[{"href":"https:\/\/zetaskimya.com.tr\/index.php\/wp-json\/wp\/v2\/product"}],"about":[{"href":"https:\/\/zetaskimya.com.tr\/index.php\/wp-json\/wp\/v2\/types\/product"}],"replies":[{"embeddable":true,"href":"https:\/\/zetaskimya.com.tr\/index.php\/wp-json\/wp\/v2\/comments?post=9370"}],"version-history":[{"count":0,"href":"https:\/\/zetaskimya.com.tr\/index.php\/wp-json\/wp\/v2\/product\/9370\/revisions"}],"wp:featuredmedia":[{"embeddable":true,"href":"https:\/\/zetaskimya.com.tr\/index.php\/wp-json\/wp\/v2\/media\/9386"}],"wp:attachment":[{"href":"https:\/\/zetaskimya.com.tr\/index.php\/wp-json\/wp\/v2\/media?parent=9370"}],"wp:term":[{"taxonomy":"product_cat","embeddable":true,"href":"https:\/\/zetaskimya.com.tr\/index.php\/wp-json\/wp\/v2\/product_cat?post=9370"},{"taxonomy":"product_tag","embeddable":true,"href":"https:\/\/zetaskimya.com.tr\/index.php\/wp-json\/wp\/v2\/product_tag?post=9370"}],"curies":[{"name":"wp","href":"https:\/\/api.w.org\/{rel}","templated":true}]}}