{"id":9397,"date":"2024-09-28T16:24:33","date_gmt":"2024-09-28T13:24:33","guid":{"rendered":"https:\/\/zetaskimya.com.tr\/?post_type=product&#038;p=9397"},"modified":"2024-09-28T16:24:53","modified_gmt":"2024-09-28T13:24:53","slug":"ravent-su-aritma-sebili-yv-9910","status":"publish","type":"product","link":"https:\/\/zetaskimya.com.tr\/index.php\/product\/ravent-su-aritma-sebili-yv-9910\/","title":{"rendered":"Ravent Su Ar\u0131tma Sebili ( YV-9910 )"},"content":{"rendered":"<div class=\"col-sm-6 col-xs-12\">\n<p><b>Ravent Su Ar\u0131tma Sebili ( Pompal\u0131 )<\/b><\/p>\n<ul>\n<li>12&#8243; Inline 5 Mikron Spun Filtre<\/li>\n<li>12&#8243; Inline GAC Coconat Karbon Filtre<\/li>\n<li>12&#8243; Inline Blok Coconat Karbon Filtre<\/li>\n<li>10&#8243; Inline Coconat Post Karbon Filtre<\/li>\n<li>80 GPD PALLAS Membran<\/li>\n<li>Shut-Off Valve<\/li>\n<li>LG Kompres\u00f6r<\/li>\n<li>Is\u0131tma Kapasitesi 5L\/h<\/li>\n<li>So\u011futma Kapasitesi 2L\/h<\/li>\n<li>3 Litre So\u011fuk Tank Kapasitesi<\/li>\n<li>3 Litre S\u0131cak Su Tank Kapasitesi<\/li>\n<li>60 PSI Bas\u0131n\u00e7 D\u00fc\u015f\u00fcr\u00fcc\u00fc<\/li>\n<li>24 V Pompa<\/li>\n<\/ul>\n<\/div>\n<div class=\"col-sm-6 col-xs-12\">\n<p><b>Ravent Su Ar\u0131tma Sebili ( Pompas\u0131z )<\/b><\/p>\n<ul>\n<li>12&#8243; Inline 5 Mikron Spun Filtre<\/li>\n<li>12&#8243; Inline GAC Coconat Karbon Filtre<\/li>\n<li>12&#8243; Inline Blok Coconat Karbon Filtre<\/li>\n<li>10&#8243; Inline Coconat Post Karbon Filtre<\/li>\n<li>80 GPD PALLAS Membran<\/li>\n<li>Shut-Off Valve<\/li>\n<li>LG Kompres\u00f6r<\/li>\n<li>Is\u0131tma Kapasitesi 5L\/h<\/li>\n<li>So\u011futma Kapasitesi 2L\/h<\/li>\n<li>3 Litre So\u011fuk Tank Kapasitesi<\/li>\n<li>3 Litre S\u0131cak Su Tank Kapasitesi<\/li>\n<li>60 PSI Bas\u0131n\u00e7 D\u00fc\u015f\u00fcr\u00fcc\u00fc<\/li>\n<\/ul>\n<\/div>\n","protected":false},"excerpt":{"rendered":"<p>Ravent Su Ar\u0131tma Sebili ( Pompal\u0131 ) 12&#8243; Inline 5 Mikron Spun Filtre 12&#8243; Inline GAC Coconat Karbon Filtre 12&#8243; Inline Blok Coconat Karbon Filtre 10&#8243; Inline Coconat Post Karbon Filtre 80 GPD PALLAS Membran Shut-Off Valve LG Kompres\u00f6r Is\u0131tma Kapasitesi 5L\/h So\u011futma Kapasitesi 2L\/h 3 Litre So\u011fuk Tank Kapasitesi 3 Litre S\u0131cak Su Tank &hellip; <a href=\"https:\/\/zetaskimya.com.tr\/index.php\/product\/ravent-su-aritma-sebili-yv-9910\/\" class=\"more-link\">Continue reading <span class=\"screen-reader-text\">Ravent Su Ar\u0131tma Sebili ( YV-9910 )<\/span><\/a><\/p>\n","protected":false},"featured_media":9426,"comment_status":"open","ping_status":"closed","template":"","meta":[],"product_cat":[179],"product_tag":[],"class_list":{"0":"post-9397","1":"product","2":"type-product","3":"status-publish","4":"has-post-thumbnail","6":"product_cat-tum-urunler","7":"pa_ozellik-pompali","8":"pa_ozellik-pompasiz","11":"instock","12":"sale","13":"shipping-taxable","14":"purchasable","15":"product-type-variable"},"jetpack_sharing_enabled":true,"_links":{"self":[{"href":"https:\/\/zetaskimya.com.tr\/index.php\/wp-json\/wp\/v2\/product\/9397","targetHints":{"allow":["GET"]}}],"collection":[{"href":"https:\/\/zetaskimya.com.tr\/index.php\/wp-json\/wp\/v2\/product"}],"about":[{"href":"https:\/\/zetaskimya.com.tr\/index.php\/wp-json\/wp\/v2\/types\/product"}],"replies":[{"embeddable":true,"href":"https:\/\/zetaskimya.com.tr\/index.php\/wp-json\/wp\/v2\/comments?post=9397"}],"version-history":[{"count":0,"href":"https:\/\/zetaskimya.com.tr\/index.php\/wp-json\/wp\/v2\/product\/9397\/revisions"}],"wp:featuredmedia":[{"embeddable":true,"href":"https:\/\/zetaskimya.com.tr\/index.php\/wp-json\/wp\/v2\/media\/9426"}],"wp:attachment":[{"href":"https:\/\/zetaskimya.com.tr\/index.php\/wp-json\/wp\/v2\/media?parent=9397"}],"wp:term":[{"taxonomy":"product_cat","embeddable":true,"href":"https:\/\/zetaskimya.com.tr\/index.php\/wp-json\/wp\/v2\/product_cat?post=9397"},{"taxonomy":"product_tag","embeddable":true,"href":"https:\/\/zetaskimya.com.tr\/index.php\/wp-json\/wp\/v2\/product_tag?post=9397"}],"curies":[{"name":"wp","href":"https:\/\/api.w.org\/{rel}","templated":true}]}}