{"id":9400,"date":"2024-09-28T16:24:33","date_gmt":"2024-09-28T13:24:33","guid":{"rendered":"https:\/\/zetaskimya.com.tr\/?post_type=product&#038;p=9400"},"modified":"2024-09-28T16:24:53","modified_gmt":"2024-09-28T13:24:53","slug":"recine-mineralleri","status":"publish","type":"product","link":"https:\/\/zetaskimya.com.tr\/index.php\/product\/recine-mineralleri\/","title":{"rendered":"Re\u00e7ine Mineralleri"},"content":{"rendered":"<h3 style=\"font-size: 15px;\"><b>Aqualine Katyonik Re\u00e7ine<\/b><\/h3>\n<p>Aqualine Katyonik Re\u00e7ine, jel yap\u0131dad\u0131r. Kuvvetli asidik \u00f6zellik g\u00f6sterir. D\u00fczg\u00fcn partik\u00fcl (par\u00e7ac\u0131k) da\u011f\u0131l\u0131m\u0131na sahip bir katyon de\u011fi\u015ftirici re\u00e7inedir. <strong>Aqualine Katyonik Re\u00e7ine<\/strong> d\u00fczg\u00fcn partik\u00fcl da\u011f\u0131l\u0131m\u0131 \u00f6zelli\u011fiyle bas\u0131n\u00e7 de\u011fi\u015fimine ve kimyasallara kar\u015f\u0131 dayanakl\u0131l\u0131k g\u00f6sterir. Aqualine su yumu\u015fatma re\u00e7inesi olarak kullan\u0131lmaktad\u0131r. \u0130\u00e7me suyu, at\u0131k su ve kullanma suyu gibi hemen her suyun yumu\u015fat\u0131lmas\u0131 i\u015fleminde kullan\u0131labilir.<\/p>\n<p>Katyonik re\u00e7ineler, pozitif (+) iyon y\u00fckl\u00fc minerallerdir. \u00d6zellikle sert \u00f6zellik g\u00f6steren sularda, suyun yumu\u015fat\u0131lmas\u0131 amac\u0131yla kullan\u0131lmaktad\u0131r. \u0130yon de\u011fi\u015fim i\u015flemi, Mineral tank\u0131na koyulan katyonik re\u00e7ine yata\u011f\u0131ndan suyun ge\u00e7mesi ile ba\u015flar. Magnezyum, kalsiyum ve sodyum gibi suyun sertlik derecesini artt\u0131ran iyonlar re\u00e7inede bulunan art\u0131 y\u00fckl\u00fc iyonlarla yer de\u011fi\u015ftirir b\u00f6ylelikle suyun istenilen de\u011ferde yumu\u015fat\u0131lmas\u0131 sa\u011flanm\u0131\u015f olur.<\/p>\n<p>Aqualine <strong>katyonik re\u00e7ine<\/strong> yar\u0131 ak\u0131\u015fkan ya da kat\u0131 formdad\u0131r. Suda \u00e7\u00f6z\u00fcnmez, organik \u00e7\u00f6z\u00fcc\u00fclerde \u00e7\u00f6z\u00fcn\u00fcr. Is\u0131t\u0131l\u0131nca yumu\u015far ve erir.<\/p>\n<p>Aqualine katyonik re\u00e7eteler kullan\u0131ld\u0131ktan sonra tablet tuz ya da ham tuz ile rejenere yani tazeleme i\u015flemine tabi tutularak ve yeniden kullan\u0131labilir.<\/p>\n<p>&nbsp;<\/p>\n<h3 style=\"font-size: 15px;\"><b>Pallas Katyonik Re\u00e7ine 220 NA\u00a0<\/b><\/h3>\n<p>Pallas katyonik re\u00e7ine, \u0130leri seviye su ar\u0131tma \u00fcnitelerinde kullan\u0131l\u0131r. Ham sular\u0131n direk ar\u0131t\u0131lmas\u0131 i\u00e7in kullan\u0131lan <strong>pallas katyonik re\u00e7ine<\/strong>, suyun iletkenlik seviyesini \u00e7ekerek s\u0131f\u0131ra indirir. B\u00f6ylece ham su art\u0131k saf su haline gelir.<\/p>\n<p>Pallas katyonik re\u00e7ine ak\u0131\u015fkan gran\u00fcl yap\u0131dad\u0131r. Uzun s\u00fcreli yeniden kullan\u0131m imk\u00e2n\u0131 sunar. Mekanik a\u015f\u0131nmaya uzun s\u00fcre dayan\u0131m g\u00f6sterir. Tanecikleri homojen b\u00fcy\u00fckl\u00fcktedir.<\/p>\n<p>Pallas katyonik <strong>re\u00e7ine<\/strong> kullan\u0131ld\u0131ktan sonra tablet tuz ya da ham tuz ile rejenere yani tazeleme i\u015flemine tabi tutulur. Bu i\u015flem sonras\u0131nda yeniden kullan\u0131labilir.<\/p>\n<p>Litrelik torbalarda stoklar\u0131m\u0131zda bulunan Pallas katyonik re\u00e7ine sat\u0131n almak ve detayl\u0131 bilgi almak i\u00e7in bize ula\u015fabilirsiniz.<\/p>\n<div class=\"col-sm-6 col-xs-12\">\n<h3 style=\"font-size: 15px;\"><b>\u00a0<\/b><\/h3>\n<h3 style=\"font-size: 15px;\"><b>\u00a0<\/b><\/h3>\n<h3 style=\"font-size: 15px;\"><b>\u0130ndion Katyonik Re\u00e7ine<\/b><\/h3>\n<p>\u0130ndion katyonik re\u00e7ine, y\u00fcksek kapasiteli, boncuk formda, g\u00fc\u00e7l\u00fc asidik \u00f6zellik g\u00f6steren, katyon de\u011fi\u015ftirici bir re\u00e7inedir. <strong>\u0130ndion re\u00e7ine<\/strong> sodyum formunda ve nemli olarak verilir.<\/p>\n<p>Genellikle sodyum formunda g\u0131da, kullan\u0131m suyu ve i\u00e7ecek sular\u0131n\u0131n ar\u0131t\u0131lmas\u0131 i\u00e7in \u00f6zel \u00fcretilmi\u015f bir \u00fcr\u00fcnd\u00fcr. Bu sebeple genelde g\u0131da i\u015fletmeleri taraf\u0131ndan kullan\u0131lmaktad\u0131r.<\/p>\n<p>&nbsp;<\/p>\n<h3 style=\"font-size: 15px;\"><b>Dowex Katyonik Re\u00e7ine\u00a0<\/b><\/h3>\n<p>DOWEX Katyonik Re\u00e7ine y\u00fcksek kapasiteli bir re\u00e7inedir. Fiziksel, kimyasal ve termal kararl\u0131l\u0131\u011f\u0131 y\u00fcksektir. Kullan\u0131m alan\u0131 genel olarak evsel su yumu\u015fatma i\u015flemleridir. Sar\u0131 saydam k\u00fcresel baloncuk forumdad\u0131r. Ph (asitlik-bazl\u0131k de\u011feri) aral\u0131\u011f\u0131 7,0-10,5 dir.<\/p>\n<p>&nbsp;<\/p>\n<h3 style=\"font-size: 15px;\"><b>Lewatit Katyonik Re\u00e7ine<\/b><\/h3>\n<p>Lewatit katyonik re\u00e7ine, tek tip boyutlu boncuklara sahip bir re\u00e7inedir. Hen\u00fcz yeni geli\u015ftirilmi\u015f ve g\u0131da s\u0131n\u0131f\u0131nda s\u0131n\u0131fland\u0131r\u0131lan g\u00fc\u00e7l\u00fc asidik katyon de\u011fi\u015ftirici re\u00e7inedir. Re\u00e7ine solvent i\u00e7ermemektedir. Lewatit, i\u00e7me suyu i\u015fleme amac\u0131yla etkin bir \u015fekilde dezenfekte edilebilir. Boncuklar\u0131n rengi koyu kahverengidir. Y\u0131kama h\u0131z\u0131 y\u00fcksek oldu\u011fundan su t\u00fcketimi azd\u0131r.<\/p>\n<\/div>\n<div class=\"col-sm-6 col-xs-12\"><img fetchpriority=\"high\" decoding=\"async\" class=\"size-full wp-image-8424 alignleft\" src=\"http:\/\/zetaskimya.com.tr\/wp-content\/uploads\/2022\/05\/katyonik-recine.jpg\" alt=\"\" width=\"500\" height=\"500\" \/><\/div>\n<h3 style=\"font-size: 15px;\"><b>Purolite Mixbed Re\u00e7ine<\/b><\/h3>\n<p>PUROLITE asl\u0131nda rejenere edilmi\u015f iki re\u00e7inenin birbirine kar\u0131\u015ft\u0131r\u0131lmas\u0131yla elde edilir. H+ formunda g\u00fc\u00e7l\u00fc bir katyon de\u011fi\u015ftirici ayn\u0131 zamanda OH- formunda g\u00fc\u00e7l\u00fc bir anyon de\u011fi\u015ftiricidir. Y\u00fcksek performans almak, silika i\u00e7ermeyen sular \u00fcretmek amac\u0131yla kullan\u0131lmaktad\u0131r.<\/p>\n<p>Dolum kapasitesine ula\u015ft\u0131\u011f\u0131nda yeniden rejenere edilebilmektedir. Mixbed re\u00e7ine iki re\u00e7inenin kar\u0131\u015f\u0131m\u0131ndan olu\u015ftu\u011fu i\u00e7in rejenere edilirken \u00f6nce bile\u015fenler geri y\u0131kama ile ayr\u0131\u015ft\u0131r\u0131l\u0131r ve rejenere i\u015flemine tabi tutulur daha sonra durulamas\u0131 yap\u0131l\u0131r. Rejenere i\u015flemi biten re\u00e7ineler yeniden kar\u0131\u015ft\u0131r\u0131l\u0131r. B\u00f6ylelikle <strong>Purolite mixbed re\u00e7ine<\/strong> yeni bir i\u015flem i\u00e7in haz\u0131r hale gelir.<\/p>\n<p>&nbsp;<\/p>\n<p>Zeta\u015f Firmas\u0131 olarak bizlerden bu \u00fcr\u00fcn\u00fc g\u00fcvenle sat\u0131n alabilirsiniz. Stoklar\u0131m\u0131zda bulunan re\u00e7inelerden sat\u0131n almak ve detayl\u0131 bilgi almak i\u00e7in <a href=\"https:\/\/www.zetaskimya.com\/iletisim\" target=\"_blank\" rel=\"noopener\"><b>bize ula\u015fabilirsiniz.<\/b><\/a><\/p>\n","protected":false},"excerpt":{"rendered":"<p>Aqualine Katyonik Re\u00e7ine Aqualine Katyonik Re\u00e7ine, jel yap\u0131dad\u0131r. Kuvvetli asidik \u00f6zellik g\u00f6sterir. D\u00fczg\u00fcn partik\u00fcl (par\u00e7ac\u0131k) da\u011f\u0131l\u0131m\u0131na sahip bir katyon de\u011fi\u015ftirici re\u00e7inedir. Aqualine Katyonik Re\u00e7ine d\u00fczg\u00fcn partik\u00fcl da\u011f\u0131l\u0131m\u0131 \u00f6zelli\u011fiyle bas\u0131n\u00e7 de\u011fi\u015fimine ve kimyasallara kar\u015f\u0131 dayanakl\u0131l\u0131k g\u00f6sterir. Aqualine su yumu\u015fatma re\u00e7inesi olarak kullan\u0131lmaktad\u0131r. \u0130\u00e7me suyu, at\u0131k su ve kullanma suyu gibi hemen her suyun yumu\u015fat\u0131lmas\u0131 i\u015fleminde kullan\u0131labilir. &hellip; <a href=\"https:\/\/zetaskimya.com.tr\/index.php\/product\/recine-mineralleri\/\" class=\"more-link\">Continue reading <span class=\"screen-reader-text\">Re\u00e7ine Mineralleri<\/span><\/a><\/p>\n","protected":false},"featured_media":9428,"comment_status":"open","ping_status":"closed","template":"","meta":[],"product_cat":[174,200,171],"product_tag":[],"class_list":{"0":"post-9400","1":"product","2":"type-product","3":"status-publish","4":"has-post-thumbnail","6":"product_cat-kimyasallar","7":"product_cat-mineraller","8":"product_cat-sanayi-tipi-su-aritma","9":"pa_agirlik-kg-338","10":"pa_kullanim-amaci-demineralizasyon","11":"pa_kullanim-amaci-yumusatma","12":"pa_markalar-aqualine","13":"pa_markalar-bayer","14":"pa_markalar-dowex","15":"pa_markalar-indion","16":"pa_markalar-pallas","17":"pa_markalar-purolite","18":"pa_mineral-cinsi-katyonik-recine","19":"pa_mineral-cinsi-lanxess-katyonik-recine-s1567","20":"pa_mineral-cinsi-mixbed-recine-mb400","23":"instock","24":"shipping-taxable","25":"purchasable","26":"product-type-variable"},"jetpack_sharing_enabled":true,"_links":{"self":[{"href":"https:\/\/zetaskimya.com.tr\/index.php\/wp-json\/wp\/v2\/product\/9400","targetHints":{"allow":["GET"]}}],"collection":[{"href":"https:\/\/zetaskimya.com.tr\/index.php\/wp-json\/wp\/v2\/product"}],"about":[{"href":"https:\/\/zetaskimya.com.tr\/index.php\/wp-json\/wp\/v2\/types\/product"}],"replies":[{"embeddable":true,"href":"https:\/\/zetaskimya.com.tr\/index.php\/wp-json\/wp\/v2\/comments?post=9400"}],"version-history":[{"count":0,"href":"https:\/\/zetaskimya.com.tr\/index.php\/wp-json\/wp\/v2\/product\/9400\/revisions"}],"wp:featuredmedia":[{"embeddable":true,"href":"https:\/\/zetaskimya.com.tr\/index.php\/wp-json\/wp\/v2\/media\/9428"}],"wp:attachment":[{"href":"https:\/\/zetaskimya.com.tr\/index.php\/wp-json\/wp\/v2\/media?parent=9400"}],"wp:term":[{"taxonomy":"product_cat","embeddable":true,"href":"https:\/\/zetaskimya.com.tr\/index.php\/wp-json\/wp\/v2\/product_cat?post=9400"},{"taxonomy":"product_tag","embeddable":true,"href":"https:\/\/zetaskimya.com.tr\/index.php\/wp-json\/wp\/v2\/product_tag?post=9400"}],"curies":[{"name":"wp","href":"https:\/\/api.w.org\/{rel}","templated":true}]}}