{"id":9407,"date":"2024-09-28T16:24:34","date_gmt":"2024-09-28T13:24:34","guid":{"rendered":"https:\/\/zetaskimya.com.tr\/?post_type=product&#038;p=9407"},"modified":"2024-09-28T16:24:53","modified_gmt":"2024-09-28T13:24:53","slug":"saf-su","status":"publish","type":"product","link":"https:\/\/zetaskimya.com.tr\/index.php\/product\/saf-su\/","title":{"rendered":"Saf Su"},"content":{"rendered":"<p style=\"font-size: 15px;\"><b><strong>SAF SU<\/strong><\/b><\/p>\n<p>\u0130ki hidrojen ve bir oksijen atomundan olu\u015fan su, i\u00e7inde daha pek \u00e7ok farkl\u0131 madde i\u00e7ermektedir. Saf su ise \u00e7e\u015fme ya da kaynak suyunun laboratuvar ortam\u0131nda bir\u00e7ok farkl\u0131 kimyasal i\u015flemden ge\u00e7irilmesi sonucu elde edilmektedir. Yap\u0131s\u0131nda bulunan su molek\u00fclleri d\u0131\u015f\u0131nda kat\u0131 madde ve mineralleri \u00e7\u00f6z\u00fcnmemi\u015f bir sudur. Saf su belli bir s\u0131cakl\u0131kta (genelde 90-100 derece) \u0131s\u0131t\u0131l\u0131p, yo\u011fu\u015fturularak elde edilmektedir. Saf suya <strong>dam\u0131t\u0131k su<\/strong> da denilmektedir. Teknolojinin ilerlemesi ile birlikte saf suyun kullan\u0131m yerlerinde art\u0131\u015f g\u00f6r\u00fclmektedir.<\/p>\n<p>&nbsp;<\/p>\n<ul>\n<li>Hastaneler, mikrobiyoloji laboratuvarlar\u0131<\/li>\n<li>Laboratuvarlar ortam\u0131nda <strong>saf su ile \u00e7al\u0131\u015fan makineler<\/strong><\/li>\n<li>Ak\u00fclerin \u00fcretimi<\/li>\n<li>G\u0131da imalat\u0131 sekt\u00f6r\u00fc<\/li>\n<li>\u0130la\u00e7 sanayi \u00fcretim s\u00fcre\u00e7leri<\/li>\n<li>Y\u00fcksek bas\u0131n\u00e7l\u0131 buhar kazanlar\u0131 gibi,<\/li>\n<\/ul>\n<p>Saf su, ultra safla\u015ft\u0131r\u0131lm\u0131\u015f su ve ultra saf su, i\u00e7me suyu olarak kullan\u0131lmamaktad\u0131r. Saf su iyonize oldu\u011fundan h\u00fccre d\u00fczenini bozarak h\u00fccrenin \u015fi\u015fmesine ve tahrip olmas\u0131na yol a\u00e7maktad\u0131r. Bu durumlardan \u00f6t\u00fcr\u00fc saf sudan sanayide veya temizlik i\u015flerinde yararlan\u0131lmaktad\u0131r.<\/p>\n<p>Saf su, kimya ve makine sekt\u00f6r\u00fcnde \u00e7ok fazla kullan\u0131lmaktad\u0131r. Ayr\u0131ca s\u0131ra, <strong>ak\u00fc suyu<\/strong>, <strong>forklift suyu<\/strong>, ara\u00e7 bak\u0131m, lazer epilasyon, su jeti kesim makineleri, CNC tezgahlar\u0131, kaplama tesisleri ve kapal\u0131 devre, akvaryum, g\u00fcne\u015f panelleri, solucan g\u00fcbre \u00fcretimi, otoklav, plastik \u00fcretimi, ila\u00e7 \u00fcretimi gibi bir \u00e7ok alanda saf sudan yararlan\u0131lmaktad\u0131r. Saf suyun, t\u0131p alan\u0131ndan, sanayiye kadar kapsaml\u0131 bir kullan\u0131m alan\u0131 bulunmaktad\u0131r. Ayr\u0131ca saf sular laboratuvarda ki cihazlar\u0131n temizli\u011fi i\u00e7in gereklidir.<\/p>\n<p>&nbsp;<\/p>\n<p><u><b>Saf suyun kullan\u0131m alanlar\u0131;<\/b><\/u><\/p>\n<p><b>\u0130\u00e7me Sular\u0131nda:<\/b> Temiz suya sahip olmayan baz\u0131 \u00fclkeler deiyonizasyon i\u015flemi ile baz\u0131 sular, saf suya d\u00f6n\u00fc\u015ft\u00fcr\u00fcl\u00fcp i\u00e7ine mineral eklenip daha sonra i\u00e7me suyuna d\u00f6n\u00fc\u015ft\u00fcr\u00fclmektedir.<\/p>\n<p><b>Me\u015frubat Sanayisinde:<\/b> Suland\u0131r\u0131larak past\u00f6rize edilen meyve sular\u0131nda lezzet kayb\u0131 olmamas\u0131 i\u00e7in <strong>deiyonize<\/strong> i\u015fleminden ge\u00e7irilmi\u015f sular kullan\u0131lmaktad\u0131r.<\/p>\n<p><b>D\u00f6k\u00fcm Sanayisinde:<\/b> D\u00f6k\u00fcm sanayisinde kal\u0131p so\u011futma sular\u0131na ihtiya\u00e7 duyulmaktad\u0131r. Kal\u0131plar\u0131n i\u00e7inde ta\u015flar\u0131n olu\u015fmamas\u0131 i\u00e7in, so\u011futma sular\u0131 deiyonize i\u015flemlerinden ge\u00e7irilmektedir. B\u00f6ylece \u00fcr\u00fcn kalitesini ve \u00fcretim h\u0131z\u0131n\u0131 korunmaktad\u0131r.<\/p>\n<p><b>Tekstil Sanayisinde:<\/b> Tekstil boyalar\u0131n haz\u0131rlanmas\u0131nda deiyonize sistemlerle i\u015flenen y\u00fcksek kaliteli saf sular\u0131 kullanmaktad\u0131rlar. B\u00f6ylece \u00fcr\u00fcn kalitesi daha iyi olmaktad\u0131r.<\/p>\n<p><b>Kimya Sanayisi:<\/b> Otomobillerde kullan\u0131lan antifiriz ya da tutkal gibi \u00e7e\u015fitli kimyevi maddelerde deiyonize edilmi\u015f su tercih edilmektedir. B\u00f6ylece \u00dcretimde kullan\u0131lan saf su, \u00fcr\u00fcnlerin daha kaliteli olmas\u0131na neden olur ayr\u0131ca \u00fcretimdeki zaman kayb\u0131n\u0131 azalmaktad\u0131r.<\/p>\n<p><b>\u0130la\u00e7 Sanayisi:<\/b> \u0130nsanlara verilen ila\u00e7lar\u0131n \u00fcretilmesinde saf su kullan\u0131lmaktad\u0131r.<\/p>\n<p>Saf su profesyonel cihazlar kullanarak ve \u00e7e\u015fitli y\u00f6ntemlerle \u00fcretilmektedir. Herhangi bir y\u00f6ntemle safla\u015ft\u0131r\u0131lm\u0131\u015f su \u00e7e\u015fidinin amac\u0131na uygun oldu\u011fu kabul edildikten sonra, suyun \u00f6zelliklerini yerine getirmeye devam etmesi gerekmektedir. Saf suyun kalitesi s\u00fcrekli kontrol edilmelidir. <strong>Saf suyu \u00fcreten firmalar<\/strong> daha \u00e7ok \u015fehir \u015febeke suyunu tercih etmektedir. \u00c7\u00fcnk\u00fc kalitesi ve her yerde kolay bulunabilmesinden dolay\u0131 tercih sebebidir. Bunun i\u00e7in saf suyun \u00fcretimi i\u00e7in \u00fcretilen cihazlar genellikle \u015fehir \u015febeke suyuna g\u00f6re \u00fcretilmektedir. De\u011fi\u015fik sular i\u00e7in farkl\u0131 distilasyon y\u00f6ntemleri de kullan\u0131l\u0131r. Temiz olmayan sular kullan\u0131lan cihazlar\u0131n \u00f6mr\u00fcn\u00fc k\u0131saltmaktad\u0131r. Ayr\u0131ca cihazlar\u0131n bak\u0131m zamanlar\u0131nda s\u0131kla\u015fma ve daha \u00e7ok ar\u0131za g\u00f6sterebilmektedir.<\/p>\n<p>&nbsp;<\/p>\n<h2 style=\"font-size: 15px;\"><b>D\u0130ST\u0130LE SU<\/b><\/h2>\n<p>Distilasyon i\u015flemi ile safla\u015ft\u0131r\u0131lm\u0131\u015f suya distile edilmi\u015f su denmektedir. Distilasyon i\u015flemi, suyun kaynat\u0131l\u0131p daha sonra tekrar yo\u011funla\u015ft\u0131r\u0131larak saf hale getirilmesi i\u015flemidir. Bu i\u015flem uygun ortamlarda yap\u0131l\u0131rken paslanmaz kazanlarda vb. aletlerde yap\u0131lmaktad\u0131r. Laboratuvar ortam\u0131nda cam so\u011futma borular\u0131ndan ge\u00e7erek yo\u011fu\u015fturulmaktad\u0131r. Uygulanan her iki y\u00f6ntemle elde edilen sular <strong>distile su<\/strong>&#8216;dur. B\u00f6ylece su i\u00e7erisindeki patojen maddelerden ar\u0131nd\u0131r\u0131lm\u0131\u015f ve safla\u015ft\u0131r\u0131lm\u0131\u015f olmaktad\u0131r. Distile su elektri\u011fi iletmemektedir. Ayn\u0131 zamanda bu su laboratuvar ve hastanelerde bulunan <strong>steril su<\/strong> ad\u0131 ile de bilinmektedir. \u0130\u00e7erisinde mineral bulunmamaktad\u0131r fakat v\u00fccut i\u00e7in t\u0131bbi olarak kullan\u0131labilecek safl\u0131ktad\u0131r. Yaralar\u0131n temizlenmesi i\u00e7in distile su kullan\u0131lmaktad\u0131r. Distile su, laboratuvarlar ortam\u0131nda analiz yapmak i\u00e7in de kullanmaktad\u0131r. Distile su ile oksijenli su ayn\u0131 de\u011fildir. \u0130ki suyun da \u00f6zellikleri farkl\u0131d\u0131r.<\/p>\n<p>&nbsp;<\/p>\n<p><u><strong>Distile su elde etme metodlar\u0131<\/strong>;<\/u><\/p>\n<ul>\n<li>Adsorbsiyon<\/li>\n<li>Filtrasyon<\/li>\n<li>Ultraviyole oksidasyon<\/li>\n<li>Distilasyon<\/li>\n<li>Deiyonizasyon (Ion exhange)<\/li>\n<li>Ters ozmoz (Reverse osmosis)<\/li>\n<\/ul>\n<p>Y\u00f6ntemlerle elde edilmektedir.<\/p>\n<p>&nbsp;<\/p>\n<p><b>Not:<\/b> Fazla al\u0131m ya da tonajl\u0131 al\u0131m\u00a0 i\u00e7in l\u00fctfen sa\u011fda bulunan teklif butonundan alaca\u011f\u0131n\u0131z miktar\u0131 yaz\u0131p bize iletiniz. En k\u0131sa s\u00fcrede size d\u00f6n\u00fc\u015f sa\u011flayaca\u011f\u0131z.<\/p>\n","protected":false},"excerpt":{"rendered":"<p>SAF SU \u0130ki hidrojen ve bir oksijen atomundan olu\u015fan su, i\u00e7inde daha pek \u00e7ok farkl\u0131 madde i\u00e7ermektedir. Saf su ise \u00e7e\u015fme ya da kaynak suyunun laboratuvar ortam\u0131nda bir\u00e7ok farkl\u0131 kimyasal i\u015flemden ge\u00e7irilmesi sonucu elde edilmektedir. Yap\u0131s\u0131nda bulunan su molek\u00fclleri d\u0131\u015f\u0131nda kat\u0131 madde ve mineralleri \u00e7\u00f6z\u00fcnmemi\u015f bir sudur. Saf su belli bir s\u0131cakl\u0131kta (genelde 90-100 derece) &hellip; <a href=\"https:\/\/zetaskimya.com.tr\/index.php\/product\/saf-su\/\" class=\"more-link\">Continue reading <span class=\"screen-reader-text\">Saf Su<\/span><\/a><\/p>\n","protected":false},"featured_media":9435,"comment_status":"open","ping_status":"closed","template":"","meta":[],"product_cat":[172,171],"product_tag":[],"class_list":{"0":"post-9407","1":"product","2":"type-product","3":"status-publish","4":"has-post-thumbnail","6":"product_cat-saf-su","7":"product_cat-sanayi-tipi-su-aritma","8":"pa_olcu-litre-1-litre","9":"pa_olcu-litre-10-litre","10":"pa_olcu-litre-15-litre","11":"pa_olcu-litre-20-litre","12":"pa_olcu-litre-25-litre","13":"pa_olcu-litre-5-litre","16":"instock","17":"shipping-taxable","18":"purchasable","19":"product-type-variable"},"jetpack_sharing_enabled":true,"_links":{"self":[{"href":"https:\/\/zetaskimya.com.tr\/index.php\/wp-json\/wp\/v2\/product\/9407","targetHints":{"allow":["GET"]}}],"collection":[{"href":"https:\/\/zetaskimya.com.tr\/index.php\/wp-json\/wp\/v2\/product"}],"about":[{"href":"https:\/\/zetaskimya.com.tr\/index.php\/wp-json\/wp\/v2\/types\/product"}],"replies":[{"embeddable":true,"href":"https:\/\/zetaskimya.com.tr\/index.php\/wp-json\/wp\/v2\/comments?post=9407"}],"version-history":[{"count":0,"href":"https:\/\/zetaskimya.com.tr\/index.php\/wp-json\/wp\/v2\/product\/9407\/revisions"}],"wp:featuredmedia":[{"embeddable":true,"href":"https:\/\/zetaskimya.com.tr\/index.php\/wp-json\/wp\/v2\/media\/9435"}],"wp:attachment":[{"href":"https:\/\/zetaskimya.com.tr\/index.php\/wp-json\/wp\/v2\/media?parent=9407"}],"wp:term":[{"taxonomy":"product_cat","embeddable":true,"href":"https:\/\/zetaskimya.com.tr\/index.php\/wp-json\/wp\/v2\/product_cat?post=9407"},{"taxonomy":"product_tag","embeddable":true,"href":"https:\/\/zetaskimya.com.tr\/index.php\/wp-json\/wp\/v2\/product_tag?post=9407"}],"curies":[{"name":"wp","href":"https:\/\/api.w.org\/{rel}","templated":true}]}}