{"id":9414,"date":"2024-09-28T16:24:37","date_gmt":"2024-09-28T13:24:37","guid":{"rendered":"https:\/\/zetaskimya.com.tr\/?post_type=product&#038;p=9414"},"modified":"2024-09-28T16:25:16","modified_gmt":"2024-09-28T13:25:16","slug":"single-yumusatma-sistemleri","status":"publish","type":"product","link":"https:\/\/zetaskimya.com.tr\/index.php\/product\/single-yumusatma-sistemleri\/","title":{"rendered":"Single Yumu\u015fatma Sistemleri"},"content":{"rendered":"<p><b>Standart \u00d6zellikler<\/b><\/p>\n<ul>\n<li>WCY marka FRP tankl\u0131<\/li>\n<li>Aqualine marka katyonik re\u00e7ine<\/li>\n<li>Maksimum \u00e7al\u0131\u015fma bas\u0131nc\u0131 6 bar<\/li>\n<li>Elektrik akt\u00fcat\u00f6rl\u00fc kelebek vanalar ( ph\u00f6matik akt\u00fcat\u00f6rl\u00fc olmas\u0131 durumda fiyat fark\u0131 yoktur )<\/li>\n<li>Alt toplama yap\u0131s\u0131 ahtapot dif\u00fcz\u00f6r<\/li>\n<li>PVC-U malzeme y\u00fczey borulama ( Epoksi boyal\u0131 \u015fase \u00fczeri )<\/li>\n<li>Sistem giri\u015f \u00e7\u0131k\u0131\u015flar\u0131nda numune musluklar\u0131 ve manometreler<\/li>\n<li>Elektronik kartl\u0131 kontrol panosu<\/li>\n<li>Elektrik 220V \/ 50 Hz \/ 1 pH<\/li>\n<li>1 Lt re\u00e7ine i\u00e7in 160 gr tuz t\u00fcketimi kabul edilmi\u015ftir<\/li>\n<li>Re\u00e7ine kapasitesi 6000 Fr \/ litre re\u00e7ine kabul edilmi\u015ftir<\/li>\n<li>Ph\u00f6matik vanalar\u0131n \u00e7al\u0131\u015fmas\u0131 i\u00e7in gerekli kuru enstr\u00fcman havas\u0131 temini m\u00fc\u015fteriye aittir. \u00d6nerilen kompres\u00f6r kapasitesi minimum 100 Lt \/ dk 8\u00a0 bar&#8217;d\u0131r.<\/li>\n<\/ul>\n","protected":false},"excerpt":{"rendered":"<p>Standart \u00d6zellikler WCY marka FRP tankl\u0131 Aqualine marka katyonik re\u00e7ine Maksimum \u00e7al\u0131\u015fma bas\u0131nc\u0131 6 bar Elektrik akt\u00fcat\u00f6rl\u00fc kelebek vanalar ( ph\u00f6matik akt\u00fcat\u00f6rl\u00fc olmas\u0131 durumda fiyat fark\u0131 yoktur ) Alt toplama yap\u0131s\u0131 ahtapot dif\u00fcz\u00f6r PVC-U malzeme y\u00fczey borulama ( Epoksi boyal\u0131 \u015fase \u00fczeri ) Sistem giri\u015f \u00e7\u0131k\u0131\u015flar\u0131nda numune musluklar\u0131 ve manometreler Elektronik kartl\u0131 kontrol panosu Elektrik &hellip; <a href=\"https:\/\/zetaskimya.com.tr\/index.php\/product\/single-yumusatma-sistemleri\/\" class=\"more-link\">Continue reading <span class=\"screen-reader-text\">Single Yumu\u015fatma Sistemleri<\/span><\/a><\/p>\n","protected":false},"featured_media":9442,"comment_status":"open","ping_status":"closed","template":"","meta":[],"product_cat":[191,171,207],"product_tag":[],"class_list":{"0":"post-9414","1":"product","2":"type-product","3":"status-publish","4":"has-post-thumbnail","6":"product_cat-filtrasyon-sistemleri","7":"product_cat-sanayi-tipi-su-aritma","8":"product_cat-yuzey-borulamali-su-yumusatma-sistemleri","9":"pa_debi-m3-saat-689","10":"pa_debi-m3-saat-445","11":"pa_debi-m3-saat-690","12":"pa_debi-m3-saat-691","13":"pa_debi-m3-saat-692","14":"pa_debi-m3-saat-693","15":"pa_quartz-kg-706","16":"pa_quartz-kg-707","17":"pa_quartz-kg-708","18":"pa_quartz-kg-709","19":"pa_quartz-kg-710","20":"pa_quartz-kg-711","21":"pa_recine-lt-700","22":"pa_recine-lt-701","23":"pa_recine-lt-702","24":"pa_recine-lt-703","25":"pa_recine-lt-704","26":"pa_recine-lt-705","27":"pa_tank-boyutlari-mm-684","28":"pa_tank-boyutlari-mm-685","29":"pa_tank-boyutlari-mm-686","30":"pa_tank-boyutlari-mm-687","31":"pa_tank-boyutlari-mm-688","32":"pa_tuz-tuketimi-kg-rej-694","33":"pa_tuz-tuketimi-kg-rej-695","34":"pa_tuz-tuketimi-kg-rej-696","35":"pa_tuz-tuketimi-kg-rej-697","36":"pa_tuz-tuketimi-kg-rej-698","37":"pa_tuz-tuketimi-kg-rej-699","40":"onbackorder","41":"sold-individually","42":"shipping-taxable","43":"product-type-variable"},"jetpack_sharing_enabled":true,"_links":{"self":[{"href":"https:\/\/zetaskimya.com.tr\/index.php\/wp-json\/wp\/v2\/product\/9414","targetHints":{"allow":["GET"]}}],"collection":[{"href":"https:\/\/zetaskimya.com.tr\/index.php\/wp-json\/wp\/v2\/product"}],"about":[{"href":"https:\/\/zetaskimya.com.tr\/index.php\/wp-json\/wp\/v2\/types\/product"}],"replies":[{"embeddable":true,"href":"https:\/\/zetaskimya.com.tr\/index.php\/wp-json\/wp\/v2\/comments?post=9414"}],"version-history":[{"count":0,"href":"https:\/\/zetaskimya.com.tr\/index.php\/wp-json\/wp\/v2\/product\/9414\/revisions"}],"wp:featuredmedia":[{"embeddable":true,"href":"https:\/\/zetaskimya.com.tr\/index.php\/wp-json\/wp\/v2\/media\/9442"}],"wp:attachment":[{"href":"https:\/\/zetaskimya.com.tr\/index.php\/wp-json\/wp\/v2\/media?parent=9414"}],"wp:term":[{"taxonomy":"product_cat","embeddable":true,"href":"https:\/\/zetaskimya.com.tr\/index.php\/wp-json\/wp\/v2\/product_cat?post=9414"},{"taxonomy":"product_tag","embeddable":true,"href":"https:\/\/zetaskimya.com.tr\/index.php\/wp-json\/wp\/v2\/product_tag?post=9414"}],"curies":[{"name":"wp","href":"https:\/\/api.w.org\/{rel}","templated":true}]}}