{"id":9446,"date":"2024-09-28T16:25:01","date_gmt":"2024-09-28T13:25:01","guid":{"rendered":"https:\/\/zetaskimya.com.tr\/?post_type=product&#038;p=9446"},"modified":"2026-05-07T04:52:29","modified_gmt":"2026-05-07T01:52:29","slug":"sivi-membran-kapli-moduler-su-depolari","status":"publish","type":"product","link":"https:\/\/zetaskimya.com.tr\/index.php\/product\/sivi-membran-kapli-moduler-su-depolari\/","title":{"rendered":"S\u0131v\u0131 Membran Kapl\u0131 Mod\u00fcler Su Depolar\u0131"},"content":{"rendered":"<h2><b>Mod\u00fcler Su Deposu<\/b><\/h2>\n<p>Mod\u00fcler su deposu, paslanmaz \u00e7elik ve farkl\u0131 malzemeler kullan\u0131larak mod\u00fcler par\u00e7alar halinde \u00fcretilen su deposu tipidir. Olduk\u00e7a sa\u011fl\u0131kl\u0131 ve kaliteli depolard\u0131r. Klasik su depolar\u0131n\u0131n tam tersine, bu depolar\u0131n gerek montaj\u0131 gerek ise ta\u015f\u0131nabilirli\u011fi olduk\u00e7a kolayd\u0131r. Genel olarak su depolar\u0131, \u00f6zellikle su kesintilerine tedbir amac\u0131yla kullan\u0131lmak i\u00e7in \u00fcretilir. Bu sayede suyun sa\u011fl\u0131kl\u0131 ve temiz bir \u015fekilde muhafazas\u0131 sa\u011flanm\u0131\u015f olur.<\/p>\n<p>Mod\u00fcler su deposu herhangi bir kaynak i\u015flemi gerekmeden civata yard\u0131m\u0131yla birle\u015ftirilerek suyun daha uzun \u00f6m\u00fcrl\u00fc ve sa\u011fl\u0131kl\u0131 bir \u015fekilde korunmas\u0131na yard\u0131mc\u0131 olur. Depoyu olu\u015fturan paneller aras\u0131nda su s\u0131z\u0131nt\u0131s\u0131 olmamakla beraber bak\u0131mlar\u0131 da son derece kolayd\u0131r. Deponun \u00fcst\u00fcnde bulunan temizleme kapaklar\u0131 ile istenilen zaman ve yerde olduk\u00e7a pratik olarak temizlenebilir. Bu bak\u0131mdan hem dayan\u0131kl\u0131 hem kolay ta\u015f\u0131nabilir hem de uzun \u00f6m\u00fcrl\u00fc oldu\u011fu i\u00e7in en \u00e7ok tercih edilen su deposu tiplerinin ba\u015f\u0131nda gelir. Mod\u00fcler su deposu ayn\u0131 zamanda apartman, bah\u00e7e, \u00e7at\u0131 gibi pek \u00e7ok yerlerde de rahatl\u0131kla kullan\u0131labilecek kolayl\u0131\u011fa sahiptir.<\/p>\n<h2><b>Membran Kapl\u0131 Mod\u00fcler Su Deposu<\/b><\/h2>\n<p>Membran kapl\u0131 mod\u00fcler su deposu di\u011fer depo tiplerine oranla daha sa\u011flam ve uzun \u00f6m\u00fcrl\u00fc depolard\u0131r. Mukavemet bak\u0131m\u0131ndan daha geli\u015ftirilmi\u015f olan membran kapl\u0131 \u00fcretilen y\u00fcksek kapasiteli bu depolar, klasik su depolar\u0131na g\u00f6re daha ekonomik ve daha kullan\u0131\u015fl\u0131d\u0131r. Kullan\u0131lacak alana uygun olarak \u00e7e\u015fitli standartlarda \u00fcretilmesinden dolay\u0131 son derece hijyenik ve uzun \u00f6m\u00fcrl\u00fcd\u00fcr. Di\u011fer depo tiplerine k\u0131yasla herhangi bir kaynak ya da boya gerekmeden rahatl\u0131kla kullan\u0131labilir. Panel say\u0131s\u0131n\u0131n artt\u0131r\u0131lmas\u0131 ile ihtiyaca uygun olan kapasiteye sahip olunarak ilave malzemelere ihtiya\u00e7 duyulmaz. Duruma g\u00f6re kapasitesi rahatl\u0131kla azalt\u0131labilir ya da artt\u0131r\u0131labilir.<\/p>\n<p>Membran kapl\u0131 mod\u00fcler su deposu, dar alanlardan par\u00e7alar halinde kolayl\u0131kla ge\u00e7ebilir ve istenilen yere uygun olarak montaj\u0131 yap\u0131labilir. Kullan\u0131m alan\u0131 geni\u015f olan bu depolar bodrum katlar\u0131nda, \u00e7at\u0131 k\u0131s\u0131mlar\u0131nda, y\u00fcksek platformlarda ya da binalarda kullan\u0131lmaya uygundur. S\u0131zd\u0131rmazl\u0131k elemanlar\u0131 olarak en iyi \u015fekilde kaplanm\u0131\u015ft\u0131r.<\/p>\n<p>Membran kaplama ile daha dekoratif ve g\u00f6ze hitap eden renklerde \u00fcretim sa\u011flanmaktad\u0131r. Diledi\u011finiz renkleri bizlere bildirmeniz yeterlidir.<\/p>\n","protected":false},"excerpt":{"rendered":"<p>Mod\u00fcler Su Deposu Mod\u00fcler su deposu, paslanmaz \u00e7elik ve farkl\u0131 malzemeler kullan\u0131larak mod\u00fcler par\u00e7alar halinde \u00fcretilen su deposu tipidir. Olduk\u00e7a sa\u011fl\u0131kl\u0131 ve kaliteli depolard\u0131r. Klasik su depolar\u0131n\u0131n tam tersine, bu depolar\u0131n gerek montaj\u0131 gerek ise ta\u015f\u0131nabilirli\u011fi olduk\u00e7a kolayd\u0131r. Genel olarak su depolar\u0131, \u00f6zellikle su kesintilerine tedbir amac\u0131yla kullan\u0131lmak i\u00e7in \u00fcretilir. Bu sayede suyun sa\u011fl\u0131kl\u0131 ve &hellip; <a href=\"https:\/\/zetaskimya.com.tr\/index.php\/product\/sivi-membran-kapli-moduler-su-depolari\/\" class=\"more-link\">Continue reading <span class=\"screen-reader-text\">S\u0131v\u0131 Membran Kapl\u0131 Mod\u00fcler Su Depolar\u0131<\/span><\/a><\/p>\n","protected":false},"featured_media":9474,"comment_status":"open","ping_status":"closed","template":"","meta":[],"product_cat":[154],"product_tag":[],"class_list":{"0":"post-9446","1":"product","2":"type-product","3":"status-publish","4":"has-post-thumbnail","6":"product_cat-moduler-su-deposu","7":"pa_boy-mm-252","8":"pa_boy-mm-255","9":"pa_boy-mm-258","10":"pa_boy-mm-261","11":"pa_depo-kapasite-lt-527","12":"pa_depo-kapasite-lt-528","13":"pa_depo-kapasite-lt-533","14":"pa_depo-kapasite-lt-537","15":"pa_depo-kapasite-lt-541","16":"pa_depo-kapasite-lt-546","17":"pa_depo-kapasite-lt-623","18":"pa_depo-modul-sayisi-1-1-1","19":"pa_depo-modul-sayisi-1-2-1","20":"pa_depo-modul-sayisi-1-3-1","21":"pa_depo-modul-sayisi-1-5-1","22":"pa_depo-modul-sayisi-2-2-1","23":"pa_depo-modul-sayisi-2-2-2","24":"pa_depo-modul-sayisi-2-3-1","25":"pa_en-mm-551","26":"pa_en-mm-552","27":"pa_yukseklik-mm-560","28":"pa_yukseklik-mm-562","31":"instock","32":"shipping-taxable","33":"purchasable","34":"product-type-variable"},"jetpack_sharing_enabled":true,"_links":{"self":[{"href":"https:\/\/zetaskimya.com.tr\/index.php\/wp-json\/wp\/v2\/product\/9446","targetHints":{"allow":["GET"]}}],"collection":[{"href":"https:\/\/zetaskimya.com.tr\/index.php\/wp-json\/wp\/v2\/product"}],"about":[{"href":"https:\/\/zetaskimya.com.tr\/index.php\/wp-json\/wp\/v2\/types\/product"}],"replies":[{"embeddable":true,"href":"https:\/\/zetaskimya.com.tr\/index.php\/wp-json\/wp\/v2\/comments?post=9446"}],"version-history":[{"count":0,"href":"https:\/\/zetaskimya.com.tr\/index.php\/wp-json\/wp\/v2\/product\/9446\/revisions"}],"wp:featuredmedia":[{"embeddable":true,"href":"https:\/\/zetaskimya.com.tr\/index.php\/wp-json\/wp\/v2\/media\/9474"}],"wp:attachment":[{"href":"https:\/\/zetaskimya.com.tr\/index.php\/wp-json\/wp\/v2\/media?parent=9446"}],"wp:term":[{"taxonomy":"product_cat","embeddable":true,"href":"https:\/\/zetaskimya.com.tr\/index.php\/wp-json\/wp\/v2\/product_cat?post=9446"},{"taxonomy":"product_tag","embeddable":true,"href":"https:\/\/zetaskimya.com.tr\/index.php\/wp-json\/wp\/v2\/product_tag?post=9446"}],"curies":[{"name":"wp","href":"https:\/\/api.w.org\/{rel}","templated":true}]}}