{"id":9454,"date":"2024-09-28T16:25:02","date_gmt":"2024-09-28T13:25:02","guid":{"rendered":"https:\/\/zetaskimya.com.tr\/?post_type=product&#038;p=9454"},"modified":"2024-09-28T16:25:16","modified_gmt":"2024-09-28T13:25:16","slug":"ss304-paslanmaz-manyetik-celik-filtre","status":"publish","type":"product","link":"https:\/\/zetaskimya.com.tr\/index.php\/product\/ss304-paslanmaz-manyetik-celik-filtre\/","title":{"rendered":"SS304 Paslanmaz Manyetik \u00c7elik Filtre"},"content":{"rendered":"<p>Sadece 4&#8243; (DN100)&#8217;de giri\u015f \u00e7\u0131k\u0131\u015f flan\u015f ba\u011flant\u0131l\u0131d\u0131r. Di\u011ferleri nipel ba\u011flant\u0131l\u0131d\u0131r.<\/p>\n<p><b>Standart \u00d6zellikleri<\/b><\/p>\n<ul>\n<li>10 Bar max<\/li>\n<li>T\u00fcm modeller i\u00e7in 1&#8243;<\/li>\n<li>70 &#8211; 11\u00a0\u00b5<\/li>\n<\/ul>\n<p>Seperat\u00f6r Filtre sistemleri, a\u011f\u0131rl\u0131\u011f\u0131 sudan fazla olan kat\u0131 maddelerin ya da partik\u00fcl par\u00e7ac\u0131klar\u0131n\u0131n santrif\u00fcj kuvveti ile sudan uzakla\u015ft\u0131r\u0131lmas\u0131n\u0131 sa\u011flar.<\/p>\n<p>Su, filtrenin giri\u015f b\u00f6lmesine te\u011fet olarak girerken sudan a\u011f\u0131r olan partik\u00fcller, cihaz \u00e7eperlerine do\u011fru savrulur ve spiral hareketlerle toplama b\u00f6lgesine do\u011fru inerler.<\/p>\n<p>Filtrenin alt haznesinde toplanan partik\u00fcller periyodik veya s\u00fcrekli olarak manuel ya da otomatik olarak bo\u015falt\u0131l\u0131r.<\/p>\n<p>Partik\u00fcllerden ayr\u0131lm\u0131\u015f olan su, seperat\u00f6r &#8216;\u00fcn ortas\u0131ndaki girdap vas\u0131tas\u0131 ile yukar\u0131 do\u011fru \u00e7ekilir ve \u00e7\u0131k\u0131\u015f hatt\u0131na ge\u00e7er.<\/p>\n<p><b>\u00a0Seperat\u00f6r Filtre \u00d6zellikleri<\/b><\/p>\n<ul>\n<li>Kesintisiz 24 saat \u00e7al\u0131\u015fabilme \u00f6zelli\u011fine sahiptir.<\/li>\n<li>70 mikrona kadar t\u00fcm partik\u00fclleri tutar.<\/li>\n<li>Y\u00fcksek kapasite aral\u0131klar\u0131nda \u00e7al\u0131\u015fabilir<\/li>\n<li>Otomatik olarak kendini temizleme \u00f6zelli\u011fine sahiptir.<\/li>\n<li>Temizlik esnas\u0131nda suyun kesilmesi gerekmez.<\/li>\n<li>Yedek par\u00e7a istemez, i\u00e7inde hareketli par\u00e7a yoktur.<\/li>\n<li>Bak\u0131m\u0131 sadece kat\u0131 maddelerin topland\u0131\u011f\u0131 hazneyi temizlemekten ibarettir.<\/li>\n<li>Bas\u0131n\u00e7 kayb\u0131 sabittir, y\u00fcksek kapasitelerde bile debide de\u011fi\u015fim olmaz.<\/li>\n<li>\u0130\u00e7inde filtre eleman\u0131 olmad\u0131\u011f\u0131 i\u00e7in t\u0131kanma riski yoktur.<\/li>\n<\/ul>\n<h3 class=\"panel-title\"><b>Seperat\u00f6r filtresi nedir?<\/b><\/h3>\n<div class=\"AciklamaYaziFontu\">\n<div id=\"accordion\" class=\"panel-group\">\n<div class=\"panel panel-default\">\n<div id=\"collapse1\" class=\"panel-collapse collapse in\" aria-expanded=\"true\">\n<div class=\"panel-body\">\n<p>Seperat\u00f6r filtresi yetmi\u015f ve \u00fcst\u00fc mikron uzunlu\u011fundaki geni\u015f bir partik\u00fcllerin sa\u011fl\u0131kl\u0131 olarak ayr\u0131\u015ft\u0131r\u0131lmas\u0131na yard\u0131mc\u0131 olan kaliteli filtre cihazlar\u0131d\u0131r. Paslanmaz \u00e7elikten yap\u0131lan filtrelerdir. Bununla birlikte d\u0131\u015f etkenlere kar\u015f\u0131 korucu niteli\u011finden dolay\u0131 d\u0131\u015f katman\u0131 epoksi boya kullan\u0131lmaktad\u0131r \u0130ki t\u00fcr seperat\u00f6r filtre bulunmaktad\u0131r. Biri elle ayarlanabilir olan manuel t\u00fcr di\u011feri ise otomatik olarak rahat\u00e7a ayarlanabilir niteliktedir. Bu filtrelerin genel amac\u0131 kum ve mil gibi filtreden ge\u00e7mesi gereken maddeleri \u00e7ok rahatl\u0131kla alt tabakas\u0131na hapseder b\u00f6ylelikle su temizlenerek ar\u0131nma i\u015flemi ger\u00e7ekle\u015fir.<\/p>\n<\/div>\n<\/div>\n<\/div>\n<\/div>\n<\/div>\n","protected":false},"excerpt":{"rendered":"<p>Sadece 4&#8243; (DN100)&#8217;de giri\u015f \u00e7\u0131k\u0131\u015f flan\u015f ba\u011flant\u0131l\u0131d\u0131r. Di\u011ferleri nipel ba\u011flant\u0131l\u0131d\u0131r. Standart \u00d6zellikleri 10 Bar max T\u00fcm modeller i\u00e7in 1&#8243; 70 &#8211; 11\u00a0\u00b5 Seperat\u00f6r Filtre sistemleri, a\u011f\u0131rl\u0131\u011f\u0131 sudan fazla olan kat\u0131 maddelerin ya da partik\u00fcl par\u00e7ac\u0131klar\u0131n\u0131n santrif\u00fcj kuvveti ile sudan uzakla\u015ft\u0131r\u0131lmas\u0131n\u0131 sa\u011flar. Su, filtrenin giri\u015f b\u00f6lmesine te\u011fet olarak girerken sudan a\u011f\u0131r olan partik\u00fcller, cihaz \u00e7eperlerine do\u011fru &hellip; <a href=\"https:\/\/zetaskimya.com.tr\/index.php\/product\/ss304-paslanmaz-manyetik-celik-filtre\/\" class=\"more-link\">Continue reading <span class=\"screen-reader-text\">SS304 Paslanmaz Manyetik \u00c7elik Filtre<\/span><\/a><\/p>\n","protected":false},"featured_media":9480,"comment_status":"open","ping_status":"closed","template":"","meta":[],"product_cat":[191,171,222],"product_tag":[],"class_list":{"0":"post-9454","1":"product","2":"type-product","3":"status-publish","4":"has-post-thumbnail","6":"product_cat-filtrasyon-sistemleri","7":"product_cat-sanayi-tipi-su-aritma","8":"product_cat-seperator-filtreler","9":"pa_agirlik-kg-732","10":"pa_agirlik-kg-733","11":"pa_agirlik-kg-386","12":"pa_agirlik-kg-734","13":"pa_agirlik-kg-735","14":"pa_agirlik-kg-736","15":"pa_agirlik-kg-737","16":"pa_agirlik-kg-738","17":"pa_baglanti-1-1-2-dn40","18":"pa_baglanti-1-dn25","19":"pa_baglanti-1-2-dn15","20":"pa_baglanti-11-4-dn32","21":"pa_baglanti-2-1-2-dn65","22":"pa_baglanti-2-dn50","23":"pa_baglanti-3-dn80","24":"pa_baglanti-3-4-dn20","25":"pa_baglanti-4-dn100","26":"pa_boyut-mm-726","27":"pa_boyut-mm-727","28":"pa_boyut-mm-728","29":"pa_boyut-mm-729","30":"pa_boyut-mm-730","31":"pa_boyut-mm-731","32":"pa_debi-m3-saat-1-15","33":"pa_debi-m3-saat-10-16","34":"pa_debi-m3-saat-145-18","35":"pa_debi-m3-saat-17-245","36":"pa_debi-m3-saat-2-75","37":"pa_debi-m3-saat-22-35","38":"pa_debi-m3-saat-335-66","39":"pa_debi-m3-saat-65-11","40":"pa_debi-m3-saat-64-110","43":"instock","44":"shipping-taxable","45":"product-type-variable"},"jetpack_sharing_enabled":true,"_links":{"self":[{"href":"https:\/\/zetaskimya.com.tr\/index.php\/wp-json\/wp\/v2\/product\/9454","targetHints":{"allow":["GET"]}}],"collection":[{"href":"https:\/\/zetaskimya.com.tr\/index.php\/wp-json\/wp\/v2\/product"}],"about":[{"href":"https:\/\/zetaskimya.com.tr\/index.php\/wp-json\/wp\/v2\/types\/product"}],"replies":[{"embeddable":true,"href":"https:\/\/zetaskimya.com.tr\/index.php\/wp-json\/wp\/v2\/comments?post=9454"}],"version-history":[{"count":0,"href":"https:\/\/zetaskimya.com.tr\/index.php\/wp-json\/wp\/v2\/product\/9454\/revisions"}],"wp:featuredmedia":[{"embeddable":true,"href":"https:\/\/zetaskimya.com.tr\/index.php\/wp-json\/wp\/v2\/media\/9480"}],"wp:attachment":[{"href":"https:\/\/zetaskimya.com.tr\/index.php\/wp-json\/wp\/v2\/media?parent=9454"}],"wp:term":[{"taxonomy":"product_cat","embeddable":true,"href":"https:\/\/zetaskimya.com.tr\/index.php\/wp-json\/wp\/v2\/product_cat?post=9454"},{"taxonomy":"product_tag","embeddable":true,"href":"https:\/\/zetaskimya.com.tr\/index.php\/wp-json\/wp\/v2\/product_tag?post=9454"}],"curies":[{"name":"wp","href":"https:\/\/api.w.org\/{rel}","templated":true}]}}