{"id":9521,"date":"2024-09-28T16:25:33","date_gmt":"2024-09-28T13:25:33","guid":{"rendered":"https:\/\/zetaskimya.com.tr\/?post_type=product&#038;p=9521"},"modified":"2024-09-28T16:25:53","modified_gmt":"2024-09-28T13:25:53","slug":"styre-kartus-filtre-ve-kiliflar","status":"publish","type":"product","link":"https:\/\/zetaskimya.com.tr\/index.php\/product\/styre-kartus-filtre-ve-kiliflar\/","title":{"rendered":"Styre Kartu\u015f Filtre ve K\u0131l\u0131flar"},"content":{"rendered":"<p><b>Not:<\/b>\u00a040&#8243; ve 60&#8243; k\u0131l\u0131flar\u0131n fiyatlar\u0131na kaplin a\u011fz\u0131 ve kaplin fiyatlar\u0131 dahil de\u011fildir. Her bir k\u0131l\u0131f i\u00e7in 2 adet kaplin a\u011fz\u0131 ve 2 adet kaplin kullan\u0131lmal\u0131d\u0131r.<\/p>\n","protected":false},"excerpt":{"rendered":"<p>Not:\u00a040&#8243; ve 60&#8243; k\u0131l\u0131flar\u0131n fiyatlar\u0131na kaplin a\u011fz\u0131 ve kaplin fiyatlar\u0131 dahil de\u011fildir. Her bir k\u0131l\u0131f i\u00e7in 2 adet kaplin a\u011fz\u0131 ve 2 adet kaplin kullan\u0131lmal\u0131d\u0131r.<\/p>\n","protected":false},"featured_media":9551,"comment_status":"open","ping_status":"closed","template":"","meta":[],"product_cat":[191,194,171],"product_tag":[],"class_list":{"0":"post-9521","1":"product","2":"type-product","3":"status-publish","4":"has-post-thumbnail","6":"product_cat-filtrasyon-sistemleri","7":"product_cat-kartus-filtre-ve-cihazlari","8":"product_cat-sanayi-tipi-su-aritma","9":"pa_extra-styre-1-mikron-kartus-filtre-40-icin-35-50-m3-saat","10":"pa_extra-styre-1-mikron-kartus-filtre-60-icin-35-50-m3-saat","11":"pa_extra-styre-40-kilif","12":"pa_extra-styre-5-mikron-kartus-filtre-40-icin-35-50-m3-saat","13":"pa_extra-styre-5-mikron-kartus-filtre-60-icin-35-50-m3-saat","14":"pa_extra-styre-60-kilif","15":"pa_extra-styre-kilif-kaplin-agzi-3-40-ve-60-icin","16":"pa_extra-styre-kilif-kaplini-3-40-ve-60-icin","19":"instock","20":"shipping-taxable","21":"purchasable","22":"product-type-variable"},"jetpack_sharing_enabled":true,"_links":{"self":[{"href":"https:\/\/zetaskimya.com.tr\/index.php\/wp-json\/wp\/v2\/product\/9521","targetHints":{"allow":["GET"]}}],"collection":[{"href":"https:\/\/zetaskimya.com.tr\/index.php\/wp-json\/wp\/v2\/product"}],"about":[{"href":"https:\/\/zetaskimya.com.tr\/index.php\/wp-json\/wp\/v2\/types\/product"}],"replies":[{"embeddable":true,"href":"https:\/\/zetaskimya.com.tr\/index.php\/wp-json\/wp\/v2\/comments?post=9521"}],"version-history":[{"count":0,"href":"https:\/\/zetaskimya.com.tr\/index.php\/wp-json\/wp\/v2\/product\/9521\/revisions"}],"wp:featuredmedia":[{"embeddable":true,"href":"https:\/\/zetaskimya.com.tr\/index.php\/wp-json\/wp\/v2\/media\/9551"}],"wp:attachment":[{"href":"https:\/\/zetaskimya.com.tr\/index.php\/wp-json\/wp\/v2\/media?parent=9521"}],"wp:term":[{"taxonomy":"product_cat","embeddable":true,"href":"https:\/\/zetaskimya.com.tr\/index.php\/wp-json\/wp\/v2\/product_cat?post=9521"},{"taxonomy":"product_tag","embeddable":true,"href":"https:\/\/zetaskimya.com.tr\/index.php\/wp-json\/wp\/v2\/product_tag?post=9521"}],"curies":[{"name":"wp","href":"https:\/\/api.w.org\/{rel}","templated":true}]}}