{"id":9531,"date":"2024-09-28T16:25:34","date_gmt":"2024-09-28T13:25:34","guid":{"rendered":"https:\/\/zetaskimya.com.tr\/?post_type=product&#038;p=9531"},"modified":"2024-09-28T16:25:53","modified_gmt":"2024-09-28T13:25:53","slug":"su-ve-hava-dezenfeksiyon-cihazi","status":"publish","type":"product","link":"https:\/\/zetaskimya.com.tr\/index.php\/product\/su-ve-hava-dezenfeksiyon-cihazi\/","title":{"rendered":"Su ve Hava Dezenfeksiyon Cihaz\u0131"},"content":{"rendered":"<div class=\"col-sm-6 col-xs-12\">\n<p><b>Model:\u00a0<\/b>CP500<\/p>\n<p><b>Kapasite:<\/b>\u00a0500 mg\/saat<\/p>\n<p><b>Etki Alan\u0131:\u00a0<\/b>Hava 40 m2 , Su 125 m3<\/p>\n<p><b>A\u00e7\u0131klama:\u00a0<\/b>Elektronik kontroll\u00fc, Lokal \u00e7\u0131k\u0131\u015fl\u0131, Pompal\u0131, Plastik Kasa, Dif\u00fcz\u00f6r ta\u015f\u0131 ve ba\u011flant\u0131 hortumu ile<\/p>\n<\/div>\n<div class=\"col-sm-6 col-xs-12\">\n<p><b>Model:<\/b>\u00a0CP2000<\/p>\n<p><b>Kapasite:<\/b>\u00a02000 mg\/saat<\/p>\n<p><b>Etki Alan\u0131:<\/b>\u00a0Hava 90 m2 , Su 250 m3<\/p>\n<p><b>A\u00e7\u0131klama:<\/b>\u00a0Timer kontroll\u00fc, Lokal \u00e7\u0131k\u0131\u015fl\u0131, Pompal\u0131, Elektronik Toz Boyal\u0131 Kasa, Dif\u00fcz\u00f6r ta\u015f\u0131 ve ba\u011flant\u0131 hortumu ile<\/p>\n<\/div>\n","protected":false},"excerpt":{"rendered":"<p>Model:\u00a0CP500 Kapasite:\u00a0500 mg\/saat Etki Alan\u0131:\u00a0Hava 40 m2 , Su 125 m3 A\u00e7\u0131klama:\u00a0Elektronik kontroll\u00fc, Lokal \u00e7\u0131k\u0131\u015fl\u0131, Pompal\u0131, Plastik Kasa, Dif\u00fcz\u00f6r ta\u015f\u0131 ve ba\u011flant\u0131 hortumu ile Model:\u00a0CP2000 Kapasite:\u00a02000 mg\/saat Etki Alan\u0131:\u00a0Hava 90 m2 , Su 250 m3 A\u00e7\u0131klama:\u00a0Timer kontroll\u00fc, Lokal \u00e7\u0131k\u0131\u015fl\u0131, Pompal\u0131, Elektronik Toz Boyal\u0131 Kasa, Dif\u00fcz\u00f6r ta\u015f\u0131 ve ba\u011flant\u0131 hortumu ile<\/p>\n","protected":false},"featured_media":9555,"comment_status":"open","ping_status":"closed","template":"","meta":[],"product_cat":[175,195,151],"product_tag":[],"class_list":{"0":"post-9531","1":"product","2":"type-product","3":"status-publish","4":"has-post-thumbnail","6":"product_cat-cihazlar","7":"product_cat-dezenfeksiyon-cihazi","8":"product_cat-ev-tipi-su-aritma","9":"pa_govde-elektronik-toz-boyali-kasa","10":"pa_govde-plastik-kasa","11":"pa_kapasite-mg-saat-769","12":"pa_kapasite-mg-saat-770","13":"pa_ozellik-elektronik-kontrollu-lokal-cikisli-pompali-difuzor-tasi-ve-baglanti-hortumu-ile-komple","14":"pa_ozellik-zaman-kontrollu-timer-lokal-cikisli-pompali-difuzor-tasi-ve-baglanti-hortumu-ile-komple","17":"instock","18":"shipping-taxable","19":"purchasable","20":"product-type-variable"},"jetpack_sharing_enabled":true,"_links":{"self":[{"href":"https:\/\/zetaskimya.com.tr\/index.php\/wp-json\/wp\/v2\/product\/9531","targetHints":{"allow":["GET"]}}],"collection":[{"href":"https:\/\/zetaskimya.com.tr\/index.php\/wp-json\/wp\/v2\/product"}],"about":[{"href":"https:\/\/zetaskimya.com.tr\/index.php\/wp-json\/wp\/v2\/types\/product"}],"replies":[{"embeddable":true,"href":"https:\/\/zetaskimya.com.tr\/index.php\/wp-json\/wp\/v2\/comments?post=9531"}],"version-history":[{"count":0,"href":"https:\/\/zetaskimya.com.tr\/index.php\/wp-json\/wp\/v2\/product\/9531\/revisions"}],"wp:featuredmedia":[{"embeddable":true,"href":"https:\/\/zetaskimya.com.tr\/index.php\/wp-json\/wp\/v2\/media\/9555"}],"wp:attachment":[{"href":"https:\/\/zetaskimya.com.tr\/index.php\/wp-json\/wp\/v2\/media?parent=9531"}],"wp:term":[{"taxonomy":"product_cat","embeddable":true,"href":"https:\/\/zetaskimya.com.tr\/index.php\/wp-json\/wp\/v2\/product_cat?post=9531"},{"taxonomy":"product_tag","embeddable":true,"href":"https:\/\/zetaskimya.com.tr\/index.php\/wp-json\/wp\/v2\/product_tag?post=9531"}],"curies":[{"name":"wp","href":"https:\/\/api.w.org\/{rel}","templated":true}]}}