{"id":9543,"date":"2024-09-28T16:25:36","date_gmt":"2024-09-28T13:25:36","guid":{"rendered":"https:\/\/zetaskimya.com.tr\/?post_type=product&#038;p=9543"},"modified":"2024-09-28T16:26:10","modified_gmt":"2024-09-28T13:26:10","slug":"tandem-tam-otomatik-su-yumusatma-cihazi","status":"publish","type":"product","link":"https:\/\/zetaskimya.com.tr\/index.php\/product\/tandem-tam-otomatik-su-yumusatma-cihazi\/","title":{"rendered":"Tandem Tam Otomatik Su Yumu\u015fatma Cihaz\u0131"},"content":{"rendered":"<p><b>Tam Otomatik Su Yumu\u015fatma Cihazlar\u0131<\/b><\/p>\n<p>&nbsp;<\/p>\n<p>Suyun kronik hastal\u0131\u011f\u0131 olan Ca (kalsiyum) ve Mg (magnezyum) iyonlar\u0131 sudaki kire\u00e7 miktar\u0131n\u0131 (sertli\u011fini) belirlemekte, ayn\u0131 zamanda bu iyonlara ge\u00e7ici sertlikte denilmektedir.<\/p>\n<p>\u0130\u00e7me ve kullanma amac\u0131yla yeterli derecede su temini yan\u0131nda, sanayi ve end\u00fcstri i\u00e7inde kaliteli su gereklidir. Di\u011fer taraftan bak\u0131ld\u0131\u011f\u0131nda son y\u0131llardaki ileri teknoloji sayesinde iyi kalitede su elde edilmektedir.<\/p>\n<p>Tekli ve Tandem modellerimiz m\u00fc\u015fterilerimizin ihtiyac\u0131n\u0131 0.5 m3 \/h &#8216;den 55 m3 \/h &#8216;e kadar kar\u015f\u0131lamaktad\u0131r.\u00a0 Modellerimiz aras\u0131ndan zaman ayarl\u0131 (kontroll\u00fc) ve debi kontroll\u00fc vol\u00fcmetrik olarak tercih edebilirsiniz. Bu cihazlar\u0131m\u0131z ithal polietilen malzeme \u00fczerine epoksi kapl\u0131 tanklardan \u00fcretilmi\u015f olup\u00a0<b>ISO\u00a0<\/b>belgelidir. \u00dczerinde ise D\u00fcnya &#8216;n\u0131n en kaliteli Valf sistemi olan Fleck markal\u0131 valf tercih edilmektedir. Tanklar\u0131n i\u00e7i<b>\u00a0FDA<\/b>\u00a0sertifikal\u0131, ISO &#8216;lu \u00f6zel kire\u00e7 tutucu re\u00e7ineler sayesinde suyu yumu\u015fatmaktad\u0131r. Kullan\u0131lan re\u00e7ine zamanla \u00f6zelli\u011fini kaybeder ve sistem otomatik rejenerasyon sayesinde (NACI) Sodyum Klor\u00fcr ile y\u00fcklenerek tekrar aktif hale gelir. Bu olaya ise re\u00e7inenin rejenasyonu denir.<\/p>\n<p>T\u00fcketimin fazla oldu\u011fu, rejenerasyon an\u0131nda su kesintisinin istenilmedi\u011fi anlarda \u00f6zellikle\u00a0<strong>tandem su yumu\u015fatma cihaz\u0131<\/strong>\u00a0kullan\u0131l\u0131r. Ayr\u0131ca tandem su yumu\u015fatma sistemlerinde tesisata hi\u00e7bir \u015fekilde ham su verilmez. B\u00f6ylece yumu\u015fak su ak\u0131\u015f\u0131 24 saat boyunca kesintisiz devam eder. Tandem sistemlerinde \u00e7ift cihaz kullan\u0131lmaktad\u0131r. \u00c7al\u0131\u015fma prensibi tekli (single) sistemden farkl\u0131 de\u011fildir.<\/p>\n","protected":false},"excerpt":{"rendered":"<p>Tam Otomatik Su Yumu\u015fatma Cihazlar\u0131 &nbsp; Suyun kronik hastal\u0131\u011f\u0131 olan Ca (kalsiyum) ve Mg (magnezyum) iyonlar\u0131 sudaki kire\u00e7 miktar\u0131n\u0131 (sertli\u011fini) belirlemekte, ayn\u0131 zamanda bu iyonlara ge\u00e7ici sertlikte denilmektedir. \u0130\u00e7me ve kullanma amac\u0131yla yeterli derecede su temini yan\u0131nda, sanayi ve end\u00fcstri i\u00e7inde kaliteli su gereklidir. Di\u011fer taraftan bak\u0131ld\u0131\u011f\u0131nda son y\u0131llardaki ileri teknoloji sayesinde iyi kalitede su &hellip; <a href=\"https:\/\/zetaskimya.com.tr\/index.php\/product\/tandem-tam-otomatik-su-yumusatma-cihazi\/\" class=\"more-link\">Continue reading <span class=\"screen-reader-text\">Tandem Tam Otomatik Su Yumu\u015fatma Cihaz\u0131<\/span><\/a><\/p>\n","protected":false},"featured_media":9560,"comment_status":"open","ping_status":"closed","template":"","meta":[],"product_cat":[191,171,226],"product_tag":[],"class_list":{"0":"post-9543","1":"product","2":"type-product","3":"status-publish","4":"has-post-thumbnail","6":"product_cat-filtrasyon-sistemleri","7":"product_cat-sanayi-tipi-su-aritma","8":"product_cat-su-yumusatma-sistemleri","9":"pa_boyut-inch-10-35","10":"pa_boyut-inch-10-54","11":"pa_boyut-inch-13-54","12":"pa_boyut-inch-14-65","13":"pa_boyut-inch-16-65","14":"pa_boyut-inch-18-65","15":"pa_boyut-inch-24-72","16":"pa_boyut-inch-30-72","17":"pa_debi-m3-saat-774","18":"pa_debi-m3-saat-775","19":"pa_debi-m3-saat-776","20":"pa_debi-m3-saat-777","21":"pa_debi-m3-saat-778","22":"pa_debi-m3-saat-779","23":"pa_debi-m3-saat-780","24":"pa_debi-m3-saat-781","25":"pa_debi-m3-saat-782","26":"pa_fr-sert-rej-1-200-000","27":"pa_fr-sert-rej-1-800-000","28":"pa_fr-sert-rej-2-400-000","29":"pa_fr-sert-rej-210-000","30":"pa_fr-sert-rej-300-000","31":"pa_fr-sert-rej-450-000","32":"pa_fr-sert-rej-600-000","33":"pa_fr-sert-rej-750-000","34":"pa_fr-sert-rej-900-000","35":"pa_recine-lt-783","36":"pa_recine-lt-784","37":"pa_recine-lt-785","38":"pa_recine-lt-786","39":"pa_recine-lt-787","40":"pa_recine-lt-789","41":"pa_recine-lt-790","42":"pa_recine-lt-791","43":"pa_recine-lt-792","46":"instock","47":"shipping-taxable","48":"purchasable","49":"product-type-variable"},"jetpack_sharing_enabled":true,"_links":{"self":[{"href":"https:\/\/zetaskimya.com.tr\/index.php\/wp-json\/wp\/v2\/product\/9543","targetHints":{"allow":["GET"]}}],"collection":[{"href":"https:\/\/zetaskimya.com.tr\/index.php\/wp-json\/wp\/v2\/product"}],"about":[{"href":"https:\/\/zetaskimya.com.tr\/index.php\/wp-json\/wp\/v2\/types\/product"}],"replies":[{"embeddable":true,"href":"https:\/\/zetaskimya.com.tr\/index.php\/wp-json\/wp\/v2\/comments?post=9543"}],"version-history":[{"count":0,"href":"https:\/\/zetaskimya.com.tr\/index.php\/wp-json\/wp\/v2\/product\/9543\/revisions"}],"wp:featuredmedia":[{"embeddable":true,"href":"https:\/\/zetaskimya.com.tr\/index.php\/wp-json\/wp\/v2\/media\/9560"}],"wp:attachment":[{"href":"https:\/\/zetaskimya.com.tr\/index.php\/wp-json\/wp\/v2\/media?parent=9543"}],"wp:term":[{"taxonomy":"product_cat","embeddable":true,"href":"https:\/\/zetaskimya.com.tr\/index.php\/wp-json\/wp\/v2\/product_cat?post=9543"},{"taxonomy":"product_tag","embeddable":true,"href":"https:\/\/zetaskimya.com.tr\/index.php\/wp-json\/wp\/v2\/product_tag?post=9543"}],"curies":[{"name":"wp","href":"https:\/\/api.w.org\/{rel}","templated":true}]}}