{"id":9571,"date":"2024-09-28T16:25:56","date_gmt":"2024-09-28T13:25:56","guid":{"rendered":"https:\/\/zetaskimya.com.tr\/?post_type=product&#038;p=9571"},"modified":"2024-09-28T16:26:10","modified_gmt":"2024-09-28T13:26:10","slug":"tankpro-basincli-denge-tanki","status":"publish","type":"product","link":"https:\/\/zetaskimya.com.tr\/index.php\/product\/tankpro-basincli-denge-tanki\/","title":{"rendered":"TANKPRO Bas\u0131n\u00e7l\u0131 Denge Tank\u0131"},"content":{"rendered":"<p>Not: Tank vanas\u0131 fiyata dahildir<\/p>\n","protected":false},"excerpt":{"rendered":"<p>Not: Tank vanas\u0131 fiyata dahildir<\/p>\n","protected":false},"featured_media":9594,"comment_status":"open","ping_status":"closed","template":"","meta":[],"product_cat":[225,168,151],"product_tag":[],"class_list":{"0":"post-9571","1":"product","2":"type-product","3":"status-publish","4":"has-post-thumbnail","6":"product_cat-basincli-denge-tanklari","7":"product_cat-ekipmanlar","8":"product_cat-ev-tipi-su-aritma","9":"pa_galon-11-galon","10":"pa_galon-2-2-galon","11":"pa_galon-20-galon","12":"pa_galon-3-2-galon","13":"pa_galon-6-5-galon","16":"instock","17":"shipping-taxable","18":"purchasable","19":"product-type-variable"},"jetpack_sharing_enabled":true,"_links":{"self":[{"href":"https:\/\/zetaskimya.com.tr\/index.php\/wp-json\/wp\/v2\/product\/9571","targetHints":{"allow":["GET"]}}],"collection":[{"href":"https:\/\/zetaskimya.com.tr\/index.php\/wp-json\/wp\/v2\/product"}],"about":[{"href":"https:\/\/zetaskimya.com.tr\/index.php\/wp-json\/wp\/v2\/types\/product"}],"replies":[{"embeddable":true,"href":"https:\/\/zetaskimya.com.tr\/index.php\/wp-json\/wp\/v2\/comments?post=9571"}],"version-history":[{"count":0,"href":"https:\/\/zetaskimya.com.tr\/index.php\/wp-json\/wp\/v2\/product\/9571\/revisions"}],"wp:featuredmedia":[{"embeddable":true,"href":"https:\/\/zetaskimya.com.tr\/index.php\/wp-json\/wp\/v2\/media\/9594"}],"wp:attachment":[{"href":"https:\/\/zetaskimya.com.tr\/index.php\/wp-json\/wp\/v2\/media?parent=9571"}],"wp:term":[{"taxonomy":"product_cat","embeddable":true,"href":"https:\/\/zetaskimya.com.tr\/index.php\/wp-json\/wp\/v2\/product_cat?post=9571"},{"taxonomy":"product_tag","embeddable":true,"href":"https:\/\/zetaskimya.com.tr\/index.php\/wp-json\/wp\/v2\/product_tag?post=9571"}],"curies":[{"name":"wp","href":"https:\/\/api.w.org\/{rel}","templated":true}]}}