{"id":9621,"date":"2024-09-28T16:26:14","date_gmt":"2024-09-28T13:26:14","guid":{"rendered":"https:\/\/zetaskimya.com.tr\/?post_type=product&#038;p=9621"},"modified":"2026-04-27T18:39:49","modified_gmt":"2026-04-27T15:39:49","slug":"toz-firin-boyali-moduler-su-depolari","status":"publish","type":"product","link":"https:\/\/zetaskimya.com.tr\/index.php\/product\/toz-firin-boyali-moduler-su-depolari\/","title":{"rendered":"Toz F\u0131r\u0131n Boyal\u0131 Mod\u00fcler Su Depolar\u0131"},"content":{"rendered":"<h2><b>Su Deposu<\/b><\/h2>\n<p>&nbsp;<\/p>\n<p>Su deposu suyu gerekti\u011fi zaman kullanmak \u00fczere tasarlanm\u0131\u015f olan depolar. Bu alanda betonarme, paslanmaz \u00e7elik, kagir, plastik ve fiberglas \u00e7e\u015fitleri vard\u0131r. Genelde \u00e7at\u0131da yer alan su depolar\u0131 \u015fehirdeki \u015febekelere ba\u011fl\u0131 olarak \u00e7al\u0131\u015f\u0131r. Su deposu \u015febeke suyuna herhangi bir zarar geldi\u011fi zaman devreye girer. Bu depolar arac\u0131l\u0131\u011f\u0131 ile temiz su ihtiyac\u0131 da kar\u015f\u0131lanm\u0131\u015f olur. Binalar\u0131n bodrum katlar\u0131nda genellikle beton yap\u0131l\u0131 su deposu kullan\u0131l\u0131r. Binan\u0131n mevcut olan tesisat sistemine ba\u011fl\u0131 olarak i\u015flev g\u00f6r\u00fcr. Bina suyu kesildi\u011fi zaman bu depo devreye girer. Belli bir sistem ile bina tesisat\u0131na suyu basar. Bu depo yang\u0131n \u00e7\u0131kmas\u0131 halinde de kullan\u0131m i\u00e7in devreye girer. Mod\u00fcler su deposu bir\u00e7ok alanda da kullan\u0131labilir ve dayan\u0131kl\u0131l\u0131\u011f\u0131 test edilmi\u015f olan bir su deposu \u00f6zelli\u011fini ta\u015f\u0131r. Kolayl\u0131kla d\u0131\u015f etmenlerden etkilenmez. Mod\u00fcl mod\u00fcl prizmatik bir g\u00f6r\u00fcn\u00fcm\u00fc vard\u0131r. Ancak depo alan\u0131nda olduk\u00e7a sa\u011fl\u0131kl\u0131 bir kullan\u0131m alan\u0131 yarat\u0131r. Temiz su ihtiyac\u0131n\u0131 da an\u0131nda kar\u015f\u0131lar.<\/p>\n<p>&nbsp;<\/p>\n<h2><b>Mod\u00fcler Su Deposu<\/b><\/h2>\n<p>&nbsp;<\/p>\n<p>Mod\u00fcler su deposu prizmatik bir g\u00f6r\u00fcn\u00fcme sahiptir. Dayan\u0131kl\u0131l\u0131\u011f\u0131 \u00fcst d\u00fczeyde olan bir depodur. Bir\u00e7ok alanda kurulum kolayl\u0131\u011f\u0131 vard\u0131r. Kullan\u0131lacak alana g\u00f6re ebat\u0131 de\u011fi\u015fir. Kimi alanlarda daha b\u00fcy\u00fck kimisinde ise daha k\u00fc\u00e7\u00fck ebatl\u0131 olanlar\u0131 devreye girer. Montaj\u0131 \u00e7ok h\u0131zl\u0131 ve \u00e7ok kolay olan bir depodur. Mod\u00fcler su deposu prizmatik oldu\u011fu i\u00e7in par\u00e7al\u0131 olarak i\u015flev g\u00f6r\u00fcr. Par\u00e7alar\u0131 kurulum yap\u0131lacak alana ta\u015f\u0131n\u0131r. Bu alanda par\u00e7alar bir c\u0131vata yard\u0131m\u0131 ile birle\u015fir. Civatalar esnek de\u011fildir. Bu y\u00fczden kolayl\u0131kla birbirinden ayr\u0131\u015fmas\u0131 gibi bir durum da s\u00f6z konusu olmaz. Esnek kurulum \u00f6zelli\u011fi ile i\u015flevsel bir hal alan ve ihtiyaca cevap veren bir depodur.<\/p>\n<p><b>Toz F\u0131r\u0131n Boyal\u0131 Mod\u00fcler Su Deposu<\/b><\/p>\n<p>Su deposu alan\u0131nda bu \u00fcr\u00fcn\u00fcm\u00fcz TSE ve ISO standartlar\u0131na uygun olarak \u00fcretilmi\u015ftir. Y\u00fcksek kimyasal dozajlamalar\u0131n oldu\u011fu sistemlerde ise AISI 316 oksidayonuna uygun bir \u00fcretim yap\u0131lm\u0131\u015ft\u0131r. Zeta\u015f firmas\u0131 olarak toz f\u0131r\u0131n boyal\u0131 mod\u00fcler su deposu alan\u0131nda ihtiyac\u0131n\u0131z\u0131 kar\u015f\u0131l\u0131yoruz. Su deposu alan\u0131nda \u00e7oklu se\u00e7enek imkan\u0131 ile h\u0131zl\u0131 kurulum ve montaj \u00f6zelli\u011fini sizlere sunuyoruz.<\/p>\n<p>Not: \u00c7ekimlerdeki \u0131\u015f\u0131k ve matl\u0131k ayarlar\u0131ndan \u00f6t\u00fcr\u00fc ton fark\u0131 olabilir. \u0130stedi\u011finiz renk kodlar\u0131n\u0131 bize g\u00f6ndererek f\u0131r\u0131n boyal\u0131 mod\u00fcler su depolar\u0131na sahip olabilirsiniz.<\/p>\n","protected":false},"excerpt":{"rendered":"<p>Su Deposu &nbsp; Su deposu suyu gerekti\u011fi zaman kullanmak \u00fczere tasarlanm\u0131\u015f olan depolar. Bu alanda betonarme, paslanmaz \u00e7elik, kagir, plastik ve fiberglas \u00e7e\u015fitleri vard\u0131r. Genelde \u00e7at\u0131da yer alan su depolar\u0131 \u015fehirdeki \u015febekelere ba\u011fl\u0131 olarak \u00e7al\u0131\u015f\u0131r. Su deposu \u015febeke suyuna herhangi bir zarar geldi\u011fi zaman devreye girer. Bu depolar arac\u0131l\u0131\u011f\u0131 ile temiz su ihtiyac\u0131 da kar\u015f\u0131lanm\u0131\u015f &hellip; <a href=\"https:\/\/zetaskimya.com.tr\/index.php\/product\/toz-firin-boyali-moduler-su-depolari\/\" class=\"more-link\">Continue reading <span class=\"screen-reader-text\">Toz F\u0131r\u0131n Boyal\u0131 Mod\u00fcler Su Depolar\u0131<\/span><\/a><\/p>\n","protected":false},"featured_media":9648,"comment_status":"open","ping_status":"closed","template":"","meta":[],"product_cat":[154],"product_tag":[],"class_list":{"0":"post-9621","1":"product","2":"type-product","3":"status-publish","4":"has-post-thumbnail","6":"product_cat-moduler-su-deposu","7":"pa_boy-mm-252","8":"pa_boy-mm-255","9":"pa_boy-mm-258","10":"pa_boy-mm-261","11":"pa_depo-kapasite-lt-527","12":"pa_depo-kapasite-lt-528","13":"pa_depo-kapasite-lt-533","14":"pa_depo-kapasite-lt-537","15":"pa_depo-kapasite-lt-541","16":"pa_depo-kapasite-lt-546","17":"pa_depo-kapasite-lt-623","18":"pa_depo-modul-sayisi-1-1-1","19":"pa_depo-modul-sayisi-1-2-1","20":"pa_depo-modul-sayisi-1-3-1","21":"pa_depo-modul-sayisi-1-5-1","22":"pa_depo-modul-sayisi-2-2-1","23":"pa_depo-modul-sayisi-2-2-2","24":"pa_depo-modul-sayisi-2-3-1","25":"pa_en-mm-551","26":"pa_en-mm-552","27":"pa_yukseklik-mm-560","28":"pa_yukseklik-mm-562","31":"instock","32":"sale","33":"shipping-taxable","34":"purchasable","35":"product-type-variable"},"jetpack_sharing_enabled":true,"_links":{"self":[{"href":"https:\/\/zetaskimya.com.tr\/index.php\/wp-json\/wp\/v2\/product\/9621","targetHints":{"allow":["GET"]}}],"collection":[{"href":"https:\/\/zetaskimya.com.tr\/index.php\/wp-json\/wp\/v2\/product"}],"about":[{"href":"https:\/\/zetaskimya.com.tr\/index.php\/wp-json\/wp\/v2\/types\/product"}],"replies":[{"embeddable":true,"href":"https:\/\/zetaskimya.com.tr\/index.php\/wp-json\/wp\/v2\/comments?post=9621"}],"version-history":[{"count":0,"href":"https:\/\/zetaskimya.com.tr\/index.php\/wp-json\/wp\/v2\/product\/9621\/revisions"}],"wp:featuredmedia":[{"embeddable":true,"href":"https:\/\/zetaskimya.com.tr\/index.php\/wp-json\/wp\/v2\/media\/9648"}],"wp:attachment":[{"href":"https:\/\/zetaskimya.com.tr\/index.php\/wp-json\/wp\/v2\/media?parent=9621"}],"wp:term":[{"taxonomy":"product_cat","embeddable":true,"href":"https:\/\/zetaskimya.com.tr\/index.php\/wp-json\/wp\/v2\/product_cat?post=9621"},{"taxonomy":"product_tag","embeddable":true,"href":"https:\/\/zetaskimya.com.tr\/index.php\/wp-json\/wp\/v2\/product_tag?post=9621"}],"curies":[{"name":"wp","href":"https:\/\/api.w.org\/{rel}","templated":true}]}}